{"id":378020,"date":"2025-08-18T10:56:57","date_gmt":"2025-08-18T13:56:57","guid":{"rendered":"https:\/\/raftingadventure.com\/product\/seguro-de-cancelacion-cancela-tu-excursion-sin-perder-todo-el-valor\/"},"modified":"2025-08-25T10:48:42","modified_gmt":"2025-08-25T13:48:42","slug":"seguro-de-cancelacion-cancela-tu-excursion-sin-perder-todo-el-valor","status":"publish","type":"product","link":"https:\/\/raftingadventure.com\/en\/product\/cancellation-insurance-cancel-your-tour-without-losing-all-the-value-of-the-tour\/","title":{"rendered":"Cancellation Insurance - Cancel your excursion without losing all the value of your trip"},"content":{"rendered":"<h3 data-start=\"200\" data-end=\"242\">The security you need in case of unforeseen events<\/h3>\n<p data-start=\"244\" data-end=\"516\">If for any reason you have to cancel your excursion, the Cancellation Insurance allows you to recover 80% of what you paid, as long as the cancellation is made until 7 pm the day before. It is an agile option, with no hassles and adapted so that your reservation is always covered.<\/p>\n<h3 data-start=\"523\" data-end=\"548\">What is included in the insurance?<\/h3>\n<ul data-start=\"550\" data-end=\"858\">\n<li data-start=\"550\" data-end=\"613\">\n<p data-start=\"552\" data-end=\"613\">Possibility to cancel the excursion until 7:00 p.m. the day before.<\/p>\n<\/li>\n<li data-start=\"614\" data-end=\"652\">\n<p data-start=\"616\" data-end=\"652\">Refund of 80% of the amount paid.<\/p>\n<\/li>\n<li data-start=\"653\" data-end=\"727\">\n<p data-start=\"655\" data-end=\"727\">Simple management: no need to explain the reasons for cancellation.<\/p>\n<\/li>\n<li data-start=\"728\" data-end=\"785\">\n<p data-start=\"730\" data-end=\"785\">It is purchased individually for each passenger and excursion.<\/p>\n<\/li>\n<li data-start=\"786\" data-end=\"858\">\n<p data-start=\"788\" data-end=\"858\">You can add the insurance up to 30 minutes after issuing your voucher.<\/p>\n<\/li>\n<\/ul>\n<h3 data-start=\"865\" data-end=\"892\">Key conditions<\/h3>\n<ul data-start=\"894\" data-end=\"1157\">\n<li data-start=\"894\" data-end=\"981\">\n<p data-start=\"896\" data-end=\"981\">The insurance is personal: it is contracted for each passenger and experience separately.<\/p>\n<\/li>\n<li data-start=\"982\" data-end=\"1080\">\n<p data-start=\"984\" data-end=\"1080\">Once the 30 minutes after obtaining the voucher have elapsed, it can no longer be added.<\/p>\n<\/li>\n<li data-start=\"1081\" data-end=\"1157\">\n<p data-start=\"1083\" data-end=\"1157\">Without this coverage, there is no possibility of reimbursement if you cancel.<\/p>\n<\/li>\n<\/ul>\n<h3 data-start=\"1164\" data-end=\"1188\">Typical questions<\/h3>\n<p data-start=\"1190\" data-end=\"1326\"><strong data-start=\"1190\" data-end=\"1243\">When can I purchase Cancellation Insurance?<\/strong><br data-start=\"1243\" data-end=\"1246\" \/>You can add it up to 30 minutes after receiving the tour voucher.<\/p>\n<p data-start=\"1328\" data-end=\"1451\"><strong data-start=\"1328\" data-end=\"1388\">Do I need to present justification to cancel?<\/strong><br data-start=\"1388\" data-end=\"1391\" \/>No. Management is direct and does not require a reason.<\/p>\n<p data-start=\"1453\" data-end=\"1575\"><strong data-start=\"1453\" data-end=\"1492\">Is the refund of the total amount?<\/strong><br data-start=\"1492\" data-end=\"1495\" \/>No. The reimbursement covers the 80% of the payment, as stipulated.<\/p>\n<p data-start=\"1577\" data-end=\"1711\"><strong data-start=\"1577\" data-end=\"1617\">Is it necessary to take out this insurance?<\/strong><br data-start=\"1617\" data-end=\"1620\" \/>It is not mandatory, although without insurance no refunds are made in the event of cancellation.<\/p>","protected":false},"excerpt":{"rendered":"<p class=\"ai-optimize-6\">Cancellation Coverage for tours in Bariloche. Get a refund of the 80% if you cancel up to 7 pm the day before. You can add it when booking your activity.<\/p>","protected":false},"featured_media":378175,"comment_status":"open","ping_status":"closed","template":"","meta":[],"product_brand":[],"product_cat":[38],"product_tag":[],"class_list":{"0":"post-378020","1":"product","2":"type-product","3":"status-publish","4":"has-post-thumbnail","6":"product_cat-otros","8":"first","9":"instock","10":"purchasable","11":"product-type-simple"},"booking_location":null,"booking_location_type":null,"booking_duration":null,"booking_duration_unit":null,"booking_buffer":null,"booking_cost":null,"booking_resources":null,"exclude_global_add_ons":[],"addons":[],"yoast_head":"<!-- This site is optimized with the Yoast SEO Premium plugin v25.2 (Yoast SEO v25.2) - https:\/\/yoast.com\/wordpress\/plugins\/seo\/ -->\n<title>Seguro de Cancelaci\u00f3n \u2013 Cancel\u00e1 tu excursi\u00f3n sin perder todo el valor - Rafting Adventure<\/title>\n<meta name=\"robots\" content=\"index, follow, max-snippet:-1, max-image-preview:large, max-video-preview:-1\" \/>\n<link rel=\"canonical\" href=\"https:\/\/raftingadventure.com\/en\/product\/cancellation-insurance-cancel-your-tour-without-losing-all-the-value-of-the-tour\/\" \/>\n<meta property=\"og:locale\" content=\"en_US\" \/>\n<meta property=\"og:type\" content=\"article\" \/>\n<meta property=\"og:title\" content=\"Seguro de Cancelaci\u00f3n \u2013 Cancel\u00e1 tu excursi\u00f3n sin perder todo el valor\" \/>\n<meta property=\"og:description\" content=\"Cobertura de Cancelaci\u00f3n para paseos en Bariloche. Obten\u00e9 el reintegro del 80% si anul\u00e1s hasta las 19 hs del d\u00eda previo. Pod\u00e9s sumarla al reservar tu actividad.\" \/>\n<meta property=\"og:url\" content=\"https:\/\/raftingadventure.com\/en\/product\/cancellation-insurance-cancel-your-tour-without-losing-all-the-value-of-the-tour\/\" \/>\n<meta property=\"og:site_name\" content=\"Rafting Adventure\" \/>\n<meta property=\"article:modified_time\" content=\"2025-08-25T13:48:42+00:00\" \/>\n<meta property=\"og:image\" content=\"https:\/\/raftingadventure.com\/wp-content\/uploads\/sites\/4\/2025\/08\/9-A-1.jpg\" \/>\n\t<meta property=\"og:image:width\" content=\"850\" \/>\n\t<meta property=\"og:image:height\" content=\"1133\" \/>\n\t<meta property=\"og:image:type\" content=\"image\/jpeg\" \/>\n<meta name=\"twitter:card\" content=\"summary_large_image\" \/>\n<meta name=\"twitter:label1\" content=\"Price\" \/>\n\t<meta name=\"twitter:data1\" content=\"&#036;15,000.00\" \/>\n\t<meta name=\"twitter:label2\" content=\"Availability\" \/>\n\t<meta name=\"twitter:data2\" content=\"In stock\" \/>\n<script type=\"application\/ld+json\" class=\"yoast-schema-graph\">{\"@context\":\"https:\/\/schema.org\",\"@graph\":[{\"@type\":\"WebPage\",\"@id\":\"https:\/\/raftingadventure.com\/product\/seguro-de-cancelacion-cancela-tu-excursion-sin-perder-todo-el-valor\/\",\"url\":\"https:\/\/raftingadventure.com\/product\/seguro-de-cancelacion-cancela-tu-excursion-sin-perder-todo-el-valor\/\",\"name\":\"Seguro de Cancelaci\u00f3n \u2013 Cancel\u00e1 tu excursi\u00f3n sin perder todo el valor - Rafting Adventure\",\"isPartOf\":{\"@id\":\"https:\/\/raftingadventure.com\/#website\"},\"primaryImageOfPage\":{\"@id\":\"https:\/\/raftingadventure.com\/product\/seguro-de-cancelacion-cancela-tu-excursion-sin-perder-todo-el-valor\/#primaryimage\"},\"image\":{\"@id\":\"https:\/\/raftingadventure.com\/product\/seguro-de-cancelacion-cancela-tu-excursion-sin-perder-todo-el-valor\/#primaryimage\"},\"thumbnailUrl\":\"https:\/\/raftingadventure.com\/wp-content\/uploads\/sites\/4\/2025\/08\/9-A-1.jpg\",\"datePublished\":\"2025-08-18T13:56:57+00:00\",\"dateModified\":\"2025-08-25T13:48:42+00:00\",\"breadcrumb\":{\"@id\":\"https:\/\/raftingadventure.com\/product\/seguro-de-cancelacion-cancela-tu-excursion-sin-perder-todo-el-valor\/#breadcrumb\"},\"inLanguage\":\"en-US\",\"potentialAction\":[{\"@type\":\"ReadAction\",\"target\":[\"https:\/\/raftingadventure.com\/product\/seguro-de-cancelacion-cancela-tu-excursion-sin-perder-todo-el-valor\/\"]}]},{\"@type\":\"ImageObject\",\"inLanguage\":\"en-US\",\"@id\":\"https:\/\/raftingadventure.com\/product\/seguro-de-cancelacion-cancela-tu-excursion-sin-perder-todo-el-valor\/#primaryimage\",\"url\":\"https:\/\/raftingadventure.com\/wp-content\/uploads\/sites\/4\/2025\/08\/9-A-1.jpg\",\"contentUrl\":\"https:\/\/raftingadventure.com\/wp-content\/uploads\/sites\/4\/2025\/08\/9-A-1.jpg\",\"width\":850,\"height\":1133},{\"@type\":\"BreadcrumbList\",\"@id\":\"https:\/\/raftingadventure.com\/product\/seguro-de-cancelacion-cancela-tu-excursion-sin-perder-todo-el-valor\/#breadcrumb\",\"itemListElement\":[{\"@type\":\"ListItem\",\"position\":1,\"name\":\"Inicio\",\"item\":\"https:\/\/raftingadventure.com\/\"},{\"@type\":\"ListItem\",\"position\":2,\"name\":\"Rafting Adventure desde 1993 pioneros en aventura.\",\"item\":\"https:\/\/raftingadventure.com\/shop\/\"},{\"@type\":\"ListItem\",\"position\":3,\"name\":\"Seguro de Cancelaci\u00f3n \u2013 Cancel\u00e1 tu excursi\u00f3n sin perder todo el valor\"}]},{\"@type\":\"WebSite\",\"@id\":\"https:\/\/raftingadventure.com\/#website\",\"url\":\"https:\/\/raftingadventure.com\/\",\"name\":\"Rafting Adventure\",\"description\":\"Desde 1993 lideres en Rafting\",\"publisher\":{\"@id\":\"https:\/\/raftingadventure.com\/#organization\"},\"potentialAction\":[{\"@type\":\"SearchAction\",\"target\":{\"@type\":\"EntryPoint\",\"urlTemplate\":\"https:\/\/raftingadventure.com\/?s={search_term_string}\"},\"query-input\":{\"@type\":\"PropertyValueSpecification\",\"valueRequired\":true,\"valueName\":\"search_term_string\"}}],\"inLanguage\":\"en-US\"},{\"@type\":\"Organization\",\"@id\":\"https:\/\/raftingadventure.com\/#organization\",\"name\":\"Rafting Adventure\",\"url\":\"https:\/\/raftingadventure.com\/\",\"logo\":{\"@type\":\"ImageObject\",\"inLanguage\":\"en-US\",\"@id\":\"https:\/\/raftingadventure.com\/#\/schema\/logo\/image\/\",\"url\":\"https:\/\/raftingadventure.com\/wp-content\/uploads\/sites\/4\/2025\/08\/512-x-512-rafting-adventure-out-color-1.svg\",\"contentUrl\":\"https:\/\/raftingadventure.com\/wp-content\/uploads\/sites\/4\/2025\/08\/512-x-512-rafting-adventure-out-color-1.svg\",\"width\":512,\"height\":512,\"caption\":\"Rafting Adventure\"},\"image\":{\"@id\":\"https:\/\/raftingadventure.com\/#\/schema\/logo\/image\/\"}}]}<\/script>\n<meta property=\"product:price:amount\" content=\"15000.00\" \/>\n<meta property=\"product:price:currency\" content=\"ARS\" \/>\n<meta property=\"og:availability\" content=\"instock\" \/>\n<meta property=\"product:availability\" content=\"instock\" \/>\n<meta property=\"product:condition\" content=\"new\" \/>\n<!-- \/ Yoast SEO Premium plugin. -->","yoast_head_json":{"title":"Cancellation Insurance - Cancel your excursion without losing all the value - Rafting Adventure","robots":{"index":"index","follow":"follow","max-snippet":"max-snippet:-1","max-image-preview":"max-image-preview:large","max-video-preview":"max-video-preview:-1"},"canonical":"https:\/\/raftingadventure.com\/en\/product\/cancellation-insurance-cancel-your-tour-without-losing-all-the-value-of-the-tour\/","og_locale":"en_US","og_type":"article","og_title":"Seguro de Cancelaci\u00f3n \u2013 Cancel\u00e1 tu excursi\u00f3n sin perder todo el valor","og_description":"Cobertura de Cancelaci\u00f3n para paseos en Bariloche. Obten\u00e9 el reintegro del 80% si anul\u00e1s hasta las 19 hs del d\u00eda previo. Pod\u00e9s sumarla al reservar tu actividad.","og_url":"https:\/\/raftingadventure.com\/en\/product\/cancellation-insurance-cancel-your-tour-without-losing-all-the-value-of-the-tour\/","og_site_name":"Rafting Adventure","article_modified_time":"2025-08-25T13:48:42+00:00","og_image":[{"width":850,"height":1133,"url":"https:\/\/raftingadventure.com\/wp-content\/uploads\/sites\/4\/2025\/08\/9-A-1.jpg","type":"image\/jpeg"}],"twitter_card":"summary_large_image","twitter_misc":{"Price":"&#36;15,000.00","Availability":"In stock"},"schema":{"@context":"https:\/\/schema.org","@graph":[{"@type":"WebPage","@id":"https:\/\/raftingadventure.com\/product\/seguro-de-cancelacion-cancela-tu-excursion-sin-perder-todo-el-valor\/","url":"https:\/\/raftingadventure.com\/product\/seguro-de-cancelacion-cancela-tu-excursion-sin-perder-todo-el-valor\/","name":"Cancellation Insurance - Cancel your excursion without losing all the value - Rafting Adventure","isPartOf":{"@id":"https:\/\/raftingadventure.com\/#website"},"primaryImageOfPage":{"@id":"https:\/\/raftingadventure.com\/product\/seguro-de-cancelacion-cancela-tu-excursion-sin-perder-todo-el-valor\/#primaryimage"},"image":{"@id":"https:\/\/raftingadventure.com\/product\/seguro-de-cancelacion-cancela-tu-excursion-sin-perder-todo-el-valor\/#primaryimage"},"thumbnailUrl":"https:\/\/raftingadventure.com\/wp-content\/uploads\/sites\/4\/2025\/08\/9-A-1.jpg","datePublished":"2025-08-18T13:56:57+00:00","dateModified":"2025-08-25T13:48:42+00:00","breadcrumb":{"@id":"https:\/\/raftingadventure.com\/product\/seguro-de-cancelacion-cancela-tu-excursion-sin-perder-todo-el-valor\/#breadcrumb"},"inLanguage":"en-US","potentialAction":[{"@type":"ReadAction","target":["https:\/\/raftingadventure.com\/product\/seguro-de-cancelacion-cancela-tu-excursion-sin-perder-todo-el-valor\/"]}]},{"@type":"ImageObject","inLanguage":"en-US","@id":"https:\/\/raftingadventure.com\/product\/seguro-de-cancelacion-cancela-tu-excursion-sin-perder-todo-el-valor\/#primaryimage","url":"https:\/\/raftingadventure.com\/wp-content\/uploads\/sites\/4\/2025\/08\/9-A-1.jpg","contentUrl":"https:\/\/raftingadventure.com\/wp-content\/uploads\/sites\/4\/2025\/08\/9-A-1.jpg","width":850,"height":1133},{"@type":"BreadcrumbList","@id":"https:\/\/raftingadventure.com\/product\/seguro-de-cancelacion-cancela-tu-excursion-sin-perder-todo-el-valor\/#breadcrumb","itemListElement":[{"@type":"ListItem","position":1,"name":"Inicio","item":"https:\/\/raftingadventure.com\/"},{"@type":"ListItem","position":2,"name":"Rafting Adventure desde 1993 pioneros en aventura.","item":"https:\/\/raftingadventure.com\/shop\/"},{"@type":"ListItem","position":3,"name":"Seguro de Cancelaci\u00f3n \u2013 Cancel\u00e1 tu excursi\u00f3n sin perder todo el valor"}]},{"@type":"WebSite","@id":"https:\/\/raftingadventure.com\/#website","url":"https:\/\/raftingadventure.com\/","name":"Rafting Adventure","description":"Since 1993 leaders in Rafting","publisher":{"@id":"https:\/\/raftingadventure.com\/#organization"},"potentialAction":[{"@type":"SearchAction","target":{"@type":"EntryPoint","urlTemplate":"https:\/\/raftingadventure.com\/?s={search_term_string}"},"query-input":{"@type":"PropertyValueSpecification","valueRequired":true,"valueName":"search_term_string"}}],"inLanguage":"en-US"},{"@type":"Organization","@id":"https:\/\/raftingadventure.com\/#organization","name":"Rafting Adventure","url":"https:\/\/raftingadventure.com\/","logo":{"@type":"ImageObject","inLanguage":"en-US","@id":"https:\/\/raftingadventure.com\/#\/schema\/logo\/image\/","url":"https:\/\/raftingadventure.com\/wp-content\/uploads\/sites\/4\/2025\/08\/512-x-512-rafting-adventure-out-color-1.svg","contentUrl":"https:\/\/raftingadventure.com\/wp-content\/uploads\/sites\/4\/2025\/08\/512-x-512-rafting-adventure-out-color-1.svg","width":512,"height":512,"caption":"Rafting Adventure"},"image":{"@id":"https:\/\/raftingadventure.com\/#\/schema\/logo\/image\/"}}]},"product_price_amount":"15000.00","product_price_currency":"ARS","og_availability":"instock","product_availability":"instock","product_condition":"new"},"_links":{"self":[{"href":"https:\/\/raftingadventure.com\/en\/wp-json\/wp\/v2\/product\/378020","targetHints":{"allow":["GET"]}}],"collection":[{"href":"https:\/\/raftingadventure.com\/en\/wp-json\/wp\/v2\/product"}],"about":[{"href":"https:\/\/raftingadventure.com\/en\/wp-json\/wp\/v2\/types\/product"}],"replies":[{"embeddable":true,"href":"https:\/\/raftingadventure.com\/en\/wp-json\/wp\/v2\/comments?post=378020"}],"wp:featuredmedia":[{"embeddable":true,"href":"https:\/\/raftingadventure.com\/en\/wp-json\/wp\/v2\/media\/378175"}],"wp:attachment":[{"href":"https:\/\/raftingadventure.com\/en\/wp-json\/wp\/v2\/media?parent=378020"}],"wp:term":[{"taxonomy":"product_brand","embeddable":true,"href":"https:\/\/raftingadventure.com\/en\/wp-json\/wp\/v2\/product_brand?post=378020"},{"taxonomy":"product_cat","embeddable":true,"href":"https:\/\/raftingadventure.com\/en\/wp-json\/wp\/v2\/product_cat?post=378020"},{"taxonomy":"product_tag","embeddable":true,"href":"https:\/\/raftingadventure.com\/en\/wp-json\/wp\/v2\/product_tag?post=378020"}],"curies":[{"name":"wp","href":"https:\/\/api.w.org\/{rel}","templated":true}]}}