{"id":378029,"date":"2025-08-18T10:59:25","date_gmt":"2025-08-18T13:59:25","guid":{"rendered":"https:\/\/raftingadventure.com\/product\/cerro-tronador-y-ventisquero-negro-exploracion-total-en-el-corazon-de-la-patagonia\/"},"modified":"2026-03-31T12:16:10","modified_gmt":"2026-03-31T15:16:10","slug":"cerro-tronador-y-ventisquero-negro","status":"publish","type":"product","link":"https:\/\/raftingadventure.com\/en\/product\/cerro-tronador-and-ventisquero-negro\/","title":{"rendered":"Cerro Tronador and Ventisquero Negro: full exploration in the heart of Patagonia"},"content":{"rendered":"<h3 class=\"ai-optimize-22\" data-start=\"470\" data-end=\"552\"><strong data-start=\"474\" data-end=\"552\">A getaway to the most amazing scenery of the Patagonian Andes<\/strong><\/h3>\n<p class=\"ai-optimize-23 ai-optimize-introduction\" data-start=\"554\" data-end=\"888\">This outing is the ideal opportunity to be amazed by one of the most fascinating corners of the Nahuel Huapi National Park. The <strong data-start=\"666\" data-end=\"684\">Cerro Tronador<\/strong>, famous for its snow-capped peaks and vibrant glaciers, represents a true emblem of Argentine Patagonia and promises unforgettable adventures for those in search of grandiose landscapes and full contact with nature.<\/p>\n<p class=\"ai-optimize-24\" data-start=\"890\" data-end=\"1248\">The itinerary starts at the meeting points in Bariloche (from downtown to km 8 of Bustillo Av. or Pioneros Av.), traveling along the scenic route next to the Gutierrez and Mascardi lakes. Along the way, we stop to take pictures in iconic places such as <strong data-start=\"1147\" data-end=\"1162\">Black Beach<\/strong> and the <strong data-start=\"1168\" data-end=\"1198\">viewpoint Isla Coraz\u00f3n<\/strong>, and a stop at Los R\u00e1pidos campsite.<\/p>\n<p class=\"ai-optimize-25\" data-start=\"1250\" data-end=\"1591\">The voyage progresses to the <strong data-start=\"1287\" data-end=\"1308\">Black Snowdrift<\/strong>, A moving glacier that falls majestically from Cerro Tronador. From there you will be able to contemplate the unmistakable combination between the dark ice and the whiteness of the mountains. At <strong data-start=\"1490\" data-end=\"1505\">Pampa Linda<\/strong>, You will have time to have lunch at the paradors in the area and relax surrounded by the scenery.<\/p>\n<p class=\"ai-optimize-26\" data-start=\"1593\" data-end=\"1835\">The experience runs from 9:00 am to 6:30 pm (approx.), with transfers, local guide in Spanish and careful stops for you to experience this breathtaking destination. Meals are not included, nor the entrance fee to the National Park, which is paid separately.<\/p>\n<h3 class=\"ai-optimize-27\" data-start=\"1842\" data-end=\"1870\"><strong data-start=\"1846\" data-end=\"1870\">Frequently Asked Questions<\/strong><\/h3>\n<p class=\"ai-optimize-28\" data-start=\"1872\" data-end=\"2010\"><strong data-start=\"1872\" data-end=\"1908\">Is physical preparation necessary?<\/strong><br data-start=\"1908\" data-end=\"1911\" \/>Not at all. The circuit is done by vehicle and there are only simple hikes at scenic stops. Ideal for all ages.<\/p>\n<p class=\"ai-optimize-29\" data-start=\"2012\" data-end=\"2124\"><strong data-start=\"2012\" data-end=\"2038\">Where to have lunch?<\/strong><br data-start=\"2038\" data-end=\"2041\" \/>In Pampa Linda you will find several inns with regional dishes and fresh drinks.<\/p>\n<p class=\"ai-optimize-30\" data-start=\"2126\" data-end=\"2290\"><strong data-start=\"2126\" data-end=\"2160\">What to bring?<\/strong><br data-start=\"2160\" data-end=\"2163\" \/>Comfortable clothing, coat, walking shoes, sunscreen, a bottle of water and cash for meals and entrance to the park.<\/p>\n<p class=\"ai-optimize-31\" data-start=\"2292\" data-end=\"2476\"><strong data-start=\"2292\" data-end=\"2322\">What is included?<\/strong><br data-start=\"2322\" data-end=\"2325\" \/>Round trip transportation from the meeting points, guide accompaniment and the complete circuit. Lunch and entrance fee to Nahuel Huapi National Park are not included.<\/p>","protected":false},"excerpt":{"rendered":"<p class=\"ai-optimize-6\">Live a unique experience exploring the Nahuel Huapi National Park, where you can marvel at the imposing presence of Cerro Tronador and the amazing Ventisquero Negro Glacier. Enjoy an ideal combination of natural landscapes, adventure and comfort.<\/p>","protected":false},"featured_media":378169,"comment_status":"open","ping_status":"closed","template":"","meta":[],"product_brand":[],"product_cat":[52,56,57,63,68,65,72],"product_tag":[],"class_list":{"0":"post-378029","1":"product","2":"type-product","3":"status-publish","4":"has-post-thumbnail","6":"product_cat-adultos","7":"product_cat-con-traslado","8":"product_cat-familia","9":"product_cat-ninos","10":"product_cat-sin-comida","11":"product_cat-terrestre","12":"product_cat-todo-el-ano","14":"first","15":"instock","16":"virtual","17":"sold-individually","18":"purchasable","19":"product-type-booking"},"booking_location":"","booking_location_type":"","booking_duration":1,"booking_duration_unit":"hour","booking_buffer":0,"booking_cost":0,"booking_resources":[],"exclude_global_add_ons":false,"addons":[{"name":"STD | Passengers","type":"input_multiplier","position":0,"required":false,"title_format":"label","default":"","description_enable":false,"description":"","placeholder_enable":false,"placeholder":"","display":"select","restrictions_type":"any_text","adjust_price":true,"price":"59400","price_type":"quantity_based","restrictions":false,"min":"0","max":"0","options":[],"id":1773237140}],"yoast_head":"<!-- This site is optimized with the Yoast SEO Premium plugin v25.2 (Yoast SEO v25.2) - https:\/\/yoast.com\/wordpress\/plugins\/seo\/ -->\n<title>Cerro Tronador y Ventisquero Negro: exploraci\u00f3n total en el coraz\u00f3n de la Patagonia - Rafting Adventure<\/title>\n<meta name=\"robots\" content=\"index, follow, max-snippet:-1, max-image-preview:large, max-video-preview:-1\" \/>\n<link rel=\"canonical\" href=\"https:\/\/raftingadventure.com\/en\/product\/cerro-tronador-and-ventisquero-negro\/\" \/>\n<meta property=\"og:locale\" content=\"en_US\" \/>\n<meta property=\"og:type\" content=\"article\" \/>\n<meta property=\"og:title\" content=\"Cerro Tronador y Ventisquero Negro: exploraci\u00f3n total en el coraz\u00f3n de la Patagonia\" \/>\n<meta property=\"og:description\" content=\"Viv\u00ed una experiencia \u00fanica explorando el Parque Nacional Nahuel Huapi, donde podr\u00e1s maravillarte con la imponente presencia del Cerro Tronador y el sorprendente Glaciar Ventisquero Negro. Disfrut\u00e1 de una combinaci\u00f3n ideal de paisajes naturales, aventura y comodidad.\" \/>\n<meta property=\"og:url\" content=\"https:\/\/raftingadventure.com\/en\/product\/cerro-tronador-and-ventisquero-negro\/\" \/>\n<meta property=\"og:site_name\" content=\"Rafting Adventure\" \/>\n<meta property=\"article:modified_time\" content=\"2026-03-31T15:16:10+00:00\" \/>\n<meta property=\"og:image\" content=\"https:\/\/raftingadventure.com\/wp-content\/uploads\/sites\/4\/2025\/08\/9-D-IMG_9143.jpg\" \/>\n\t<meta property=\"og:image:width\" content=\"850\" \/>\n\t<meta property=\"og:image:height\" content=\"1133\" \/>\n\t<meta property=\"og:image:type\" content=\"image\/jpeg\" \/>\n<meta name=\"twitter:card\" content=\"summary_large_image\" \/>\n<meta name=\"twitter:label1\" content=\"Price\" \/>\n\t<meta name=\"twitter:data1\" content=\"&#036;59,400.00\" \/>\n\t<meta name=\"twitter:label2\" content=\"Availability\" \/>\n\t<meta name=\"twitter:data2\" content=\"In stock\" \/>\n<script type=\"application\/ld+json\" class=\"yoast-schema-graph\">{\"@context\":\"https:\/\/schema.org\",\"@graph\":[{\"@type\":\"WebPage\",\"@id\":\"https:\/\/raftingadventure.com\/product\/cerro-tronador-y-ventisquero-negro\/\",\"url\":\"https:\/\/raftingadventure.com\/product\/cerro-tronador-y-ventisquero-negro\/\",\"name\":\"Cerro Tronador y Ventisquero Negro: exploraci\u00f3n total en el coraz\u00f3n de la Patagonia - Rafting Adventure\",\"isPartOf\":{\"@id\":\"https:\/\/raftingadventure.com\/#website\"},\"primaryImageOfPage\":{\"@id\":\"https:\/\/raftingadventure.com\/product\/cerro-tronador-y-ventisquero-negro\/#primaryimage\"},\"image\":{\"@id\":\"https:\/\/raftingadventure.com\/product\/cerro-tronador-y-ventisquero-negro\/#primaryimage\"},\"thumbnailUrl\":\"https:\/\/raftingadventure.com\/wp-content\/uploads\/sites\/4\/2025\/08\/9-D-IMG_9143.jpg\",\"datePublished\":\"2025-08-18T13:59:25+00:00\",\"dateModified\":\"2026-03-31T15:16:10+00:00\",\"breadcrumb\":{\"@id\":\"https:\/\/raftingadventure.com\/product\/cerro-tronador-y-ventisquero-negro\/#breadcrumb\"},\"inLanguage\":\"en-US\",\"potentialAction\":[{\"@type\":\"ReadAction\",\"target\":[\"https:\/\/raftingadventure.com\/product\/cerro-tronador-y-ventisquero-negro\/\"]}]},{\"@type\":\"ImageObject\",\"inLanguage\":\"en-US\",\"@id\":\"https:\/\/raftingadventure.com\/product\/cerro-tronador-y-ventisquero-negro\/#primaryimage\",\"url\":\"https:\/\/raftingadventure.com\/wp-content\/uploads\/sites\/4\/2025\/08\/9-D-IMG_9143.jpg\",\"contentUrl\":\"https:\/\/raftingadventure.com\/wp-content\/uploads\/sites\/4\/2025\/08\/9-D-IMG_9143.jpg\",\"width\":850,\"height\":1133},{\"@type\":\"BreadcrumbList\",\"@id\":\"https:\/\/raftingadventure.com\/product\/cerro-tronador-y-ventisquero-negro\/#breadcrumb\",\"itemListElement\":[{\"@type\":\"ListItem\",\"position\":1,\"name\":\"Inicio\",\"item\":\"https:\/\/raftingadventure.com\/\"},{\"@type\":\"ListItem\",\"position\":2,\"name\":\"Rafting Adventure desde 1993 pioneros en aventura.\",\"item\":\"https:\/\/raftingadventure.com\/shop\/\"},{\"@type\":\"ListItem\",\"position\":3,\"name\":\"Cerro Tronador y Ventisquero Negro: exploraci\u00f3n total en el coraz\u00f3n de la Patagonia\"}]},{\"@type\":\"WebSite\",\"@id\":\"https:\/\/raftingadventure.com\/#website\",\"url\":\"https:\/\/raftingadventure.com\/\",\"name\":\"Rafting Adventure\",\"description\":\"Desde 1993 lideres en Rafting\",\"publisher\":{\"@id\":\"https:\/\/raftingadventure.com\/#organization\"},\"potentialAction\":[{\"@type\":\"SearchAction\",\"target\":{\"@type\":\"EntryPoint\",\"urlTemplate\":\"https:\/\/raftingadventure.com\/?s={search_term_string}\"},\"query-input\":{\"@type\":\"PropertyValueSpecification\",\"valueRequired\":true,\"valueName\":\"search_term_string\"}}],\"inLanguage\":\"en-US\"},{\"@type\":\"Organization\",\"@id\":\"https:\/\/raftingadventure.com\/#organization\",\"name\":\"Rafting Adventure\",\"url\":\"https:\/\/raftingadventure.com\/\",\"logo\":{\"@type\":\"ImageObject\",\"inLanguage\":\"en-US\",\"@id\":\"https:\/\/raftingadventure.com\/#\/schema\/logo\/image\/\",\"url\":\"https:\/\/raftingadventure.com\/wp-content\/uploads\/sites\/4\/2025\/08\/512-x-512-rafting-adventure-out-color-1.svg\",\"contentUrl\":\"https:\/\/raftingadventure.com\/wp-content\/uploads\/sites\/4\/2025\/08\/512-x-512-rafting-adventure-out-color-1.svg\",\"width\":512,\"height\":512,\"caption\":\"Rafting Adventure\"},\"image\":{\"@id\":\"https:\/\/raftingadventure.com\/#\/schema\/logo\/image\/\"}}]}<\/script>\n<meta property=\"product:price:amount\" content=\"59400.00\" \/>\n<meta property=\"product:price:currency\" content=\"ARS\" \/>\n<meta property=\"og:availability\" content=\"instock\" \/>\n<meta property=\"product:availability\" content=\"instock\" \/>\n<meta property=\"product:retailer_item_id\" content=\"ADV2025CETRYVHMNO\" \/>\n<meta property=\"product:condition\" content=\"new\" \/>\n<!-- \/ Yoast SEO Premium plugin. -->","yoast_head_json":{"title":"Cerro Tronador and Ventisquero Negro: total exploration in the heart of Patagonia - Rafting Adventure","robots":{"index":"index","follow":"follow","max-snippet":"max-snippet:-1","max-image-preview":"max-image-preview:large","max-video-preview":"max-video-preview:-1"},"canonical":"https:\/\/raftingadventure.com\/en\/product\/cerro-tronador-and-ventisquero-negro\/","og_locale":"en_US","og_type":"article","og_title":"Cerro Tronador y Ventisquero Negro: exploraci\u00f3n total en el coraz\u00f3n de la Patagonia","og_description":"Viv\u00ed una experiencia \u00fanica explorando el Parque Nacional Nahuel Huapi, donde podr\u00e1s maravillarte con la imponente presencia del Cerro Tronador y el sorprendente Glaciar Ventisquero Negro. Disfrut\u00e1 de una combinaci\u00f3n ideal de paisajes naturales, aventura y comodidad.","og_url":"https:\/\/raftingadventure.com\/en\/product\/cerro-tronador-and-ventisquero-negro\/","og_site_name":"Rafting Adventure","article_modified_time":"2026-03-31T15:16:10+00:00","og_image":[{"width":850,"height":1133,"url":"https:\/\/raftingadventure.com\/wp-content\/uploads\/sites\/4\/2025\/08\/9-D-IMG_9143.jpg","type":"image\/jpeg"}],"twitter_card":"summary_large_image","twitter_misc":{"Price":"&#36;59,400.00","Availability":"In stock"},"schema":{"@context":"https:\/\/schema.org","@graph":[{"@type":"WebPage","@id":"https:\/\/raftingadventure.com\/product\/cerro-tronador-y-ventisquero-negro\/","url":"https:\/\/raftingadventure.com\/product\/cerro-tronador-y-ventisquero-negro\/","name":"Cerro Tronador and Ventisquero Negro: total exploration in the heart of Patagonia - Rafting Adventure","isPartOf":{"@id":"https:\/\/raftingadventure.com\/#website"},"primaryImageOfPage":{"@id":"https:\/\/raftingadventure.com\/product\/cerro-tronador-y-ventisquero-negro\/#primaryimage"},"image":{"@id":"https:\/\/raftingadventure.com\/product\/cerro-tronador-y-ventisquero-negro\/#primaryimage"},"thumbnailUrl":"https:\/\/raftingadventure.com\/wp-content\/uploads\/sites\/4\/2025\/08\/9-D-IMG_9143.jpg","datePublished":"2025-08-18T13:59:25+00:00","dateModified":"2026-03-31T15:16:10+00:00","breadcrumb":{"@id":"https:\/\/raftingadventure.com\/product\/cerro-tronador-y-ventisquero-negro\/#breadcrumb"},"inLanguage":"en-US","potentialAction":[{"@type":"ReadAction","target":["https:\/\/raftingadventure.com\/product\/cerro-tronador-y-ventisquero-negro\/"]}]},{"@type":"ImageObject","inLanguage":"en-US","@id":"https:\/\/raftingadventure.com\/product\/cerro-tronador-y-ventisquero-negro\/#primaryimage","url":"https:\/\/raftingadventure.com\/wp-content\/uploads\/sites\/4\/2025\/08\/9-D-IMG_9143.jpg","contentUrl":"https:\/\/raftingadventure.com\/wp-content\/uploads\/sites\/4\/2025\/08\/9-D-IMG_9143.jpg","width":850,"height":1133},{"@type":"BreadcrumbList","@id":"https:\/\/raftingadventure.com\/product\/cerro-tronador-y-ventisquero-negro\/#breadcrumb","itemListElement":[{"@type":"ListItem","position":1,"name":"Inicio","item":"https:\/\/raftingadventure.com\/"},{"@type":"ListItem","position":2,"name":"Rafting Adventure desde 1993 pioneros en aventura.","item":"https:\/\/raftingadventure.com\/shop\/"},{"@type":"ListItem","position":3,"name":"Cerro Tronador y Ventisquero Negro: exploraci\u00f3n total en el coraz\u00f3n de la Patagonia"}]},{"@type":"WebSite","@id":"https:\/\/raftingadventure.com\/#website","url":"https:\/\/raftingadventure.com\/","name":"Rafting Adventure","description":"Since 1993 leaders in Rafting","publisher":{"@id":"https:\/\/raftingadventure.com\/#organization"},"potentialAction":[{"@type":"SearchAction","target":{"@type":"EntryPoint","urlTemplate":"https:\/\/raftingadventure.com\/?s={search_term_string}"},"query-input":{"@type":"PropertyValueSpecification","valueRequired":true,"valueName":"search_term_string"}}],"inLanguage":"en-US"},{"@type":"Organization","@id":"https:\/\/raftingadventure.com\/#organization","name":"Rafting Adventure","url":"https:\/\/raftingadventure.com\/","logo":{"@type":"ImageObject","inLanguage":"en-US","@id":"https:\/\/raftingadventure.com\/#\/schema\/logo\/image\/","url":"https:\/\/raftingadventure.com\/wp-content\/uploads\/sites\/4\/2025\/08\/512-x-512-rafting-adventure-out-color-1.svg","contentUrl":"https:\/\/raftingadventure.com\/wp-content\/uploads\/sites\/4\/2025\/08\/512-x-512-rafting-adventure-out-color-1.svg","width":512,"height":512,"caption":"Rafting Adventure"},"image":{"@id":"https:\/\/raftingadventure.com\/#\/schema\/logo\/image\/"}}]},"product_price_amount":"59400.00","product_price_currency":"ARS","og_availability":"instock","product_availability":"instock","product_retailer_item_id":"ADV2025CETRYVHMNO","product_condition":"new"},"_links":{"self":[{"href":"https:\/\/raftingadventure.com\/en\/wp-json\/wp\/v2\/product\/378029","targetHints":{"allow":["GET"]}}],"collection":[{"href":"https:\/\/raftingadventure.com\/en\/wp-json\/wp\/v2\/product"}],"about":[{"href":"https:\/\/raftingadventure.com\/en\/wp-json\/wp\/v2\/types\/product"}],"replies":[{"embeddable":true,"href":"https:\/\/raftingadventure.com\/en\/wp-json\/wp\/v2\/comments?post=378029"}],"wp:featuredmedia":[{"embeddable":true,"href":"https:\/\/raftingadventure.com\/en\/wp-json\/wp\/v2\/media\/378169"}],"wp:attachment":[{"href":"https:\/\/raftingadventure.com\/en\/wp-json\/wp\/v2\/media?parent=378029"}],"wp:term":[{"taxonomy":"product_brand","embeddable":true,"href":"https:\/\/raftingadventure.com\/en\/wp-json\/wp\/v2\/product_brand?post=378029"},{"taxonomy":"product_cat","embeddable":true,"href":"https:\/\/raftingadventure.com\/en\/wp-json\/wp\/v2\/product_cat?post=378029"},{"taxonomy":"product_tag","embeddable":true,"href":"https:\/\/raftingadventure.com\/en\/wp-json\/wp\/v2\/product_tag?post=378029"}],"curies":[{"name":"wp","href":"https:\/\/api.w.org\/{rel}","templated":true}]}}