{"id":378030,"date":"2025-08-18T10:59:59","date_gmt":"2025-08-18T13:59:59","guid":{"rendered":"https:\/\/raftingadventure.com\/product\/san-martin-de-los-andes-por-los-7-lagos-naturaleza-miradores-y-postales-unicas-de-la-patagonia\/"},"modified":"2026-03-31T12:16:10","modified_gmt":"2026-03-31T15:16:10","slug":"san-martin-de-los-andes-por-7-lagos","status":"publish","type":"product","link":"https:\/\/raftingadventure.com\/en\/product\/san-martin-de-los-andes-by-7-lakes\/","title":{"rendered":"San Mart\u00edn de los Andes by the 7 Lakes: Nature, Viewpoints and Unique Postcards of Patagonia"},"content":{"rendered":"<h2 class=\"ai-optimize-22\">I discovered the fascinating journey to San Mart\u00edn de los Andes.<\/h2>\n<p class=\"ai-optimize-23 ai-optimize-introduction\">I lived an unforgettable experience from Bariloche to the charming San Mart\u00edn de los Andes. This road through the <strong>National Route 40<\/strong> immerses you in dreamlike sceneries, going through the <strong>Dina Huapi<\/strong>, across the river <strong>Limay<\/strong>, and into the marvel of the <strong>Nahuel Huapi National Park<\/strong>.<\/p>\n<h3 class=\"ai-optimize-24\">A landscape that leaves you speechless<\/h3>\n<p class=\"ai-optimize-25\">Throughout the excursion, you will contemplate the magical reflections of the <strong>lakes Espejo, Correntoso, Escondido, Villarino, Falkner, Mach\u00f3nico<\/strong> and the iconic <strong>Lake L\u00e1car<\/strong>, heart of the <strong>Lan\u00edn National Park<\/strong>. Each stop invites you to feel the pure energy of Patagonia and add moments that you will want to relive again and again.<\/p>\n<h3 class=\"ai-optimize-26\">The unforgettable charm of San Mart\u00edn de los Andes<\/h3>\n<p class=\"ai-optimize-27\">When you arrive in San Mart\u00edn de los Andes, a welcoming city surrounded by impressive hills and turquoise waters awaits you. Stroll through its charming little streets, explore artisan shops or enjoy a cup of coffee with a local <strong>incredible view<\/strong> to Lake L\u00e1car.<\/p>\n<h3 class=\"ai-optimize-28\">Information about the tour<\/h3>\n<ul>\n<li class=\"ai-optimize-29\"><strong>Route:<\/strong> It is done in a tourist vehicle with guide, including stops in Villa La Angostura and the Route of the 7 Lakes.<\/li>\n<li class=\"ai-optimize-30\"><strong>Duration:<\/strong> From 8:00 a.m. to 6:30 p.m. approximately.<\/li>\n<li class=\"ai-optimize-31\"><strong>Includes:<\/strong> Transfer and guide in Spanish (bilingual service is available upon request for an extra cost).<\/li>\n<li class=\"ai-optimize-32\"><strong>Does not include:<\/strong> Meals (there are stops along the way for lunch or snacks).<\/li>\n<\/ul>\n<p class=\"ai-optimize-33\">Don't miss this unrepeatable chance to connect with the authentic Patagonia and take home unique memories.<\/p>\n<h2 class=\"ai-optimize-34\">Frequently Asked Questions<\/h2>\n<ul>\n<li class=\"ai-optimize-35\"><strong>What happens if there is bad weather such as rain or snow during the ride?<\/strong><br \/>\nThe outing is the same whether it rains or snows, as they are part of the usual weather in the south.<\/li>\n<li class=\"ai-optimize-36\"><strong>Do you sail on any of the lakes?<\/strong><br \/>\nNo, the excursion is done by road by minibus, stopping to take pictures and walk around San Mart\u00edn de los Andes and Villa La Angostura.<\/li>\n<li class=\"ai-optimize-37\"><strong>Are stops made during the trip?<\/strong><br \/>\nOf course, there are several intermediate stops and a main stop in San Martin de los Andes so you can have lunch and get to know the city.<\/li>\n<li class=\"ai-optimize-38\"><strong>Can I finish the trip at another location?<\/strong><br \/>\nYes, you have the option of finishing in Villa La Angostura or San Mart\u00edn de los Andes, taking your luggage with you without any problem.<\/li>\n<li class=\"ai-optimize-39\"><strong>Is it possible to return the next day?<\/strong><br \/>\nThe entire excursion takes place during the day. If you want to extend your stay, you will have to coordinate and pay for the return transfer for another day.<\/li>\n<\/ul>","protected":false},"excerpt":{"rendered":"<h2 class=\"ai-optimize-6\">A memorable adventure awaits you<\/h2>\n<p class=\"ai-optimize-7\">Let the environment dazzle you as you walk along the <strong>route of the 7 lakes<\/strong> heading to San Mart\u00edn de los Andes. Discover amazing views and visit a captivating town, framed by a unique natural environment. Reserve your space and enjoy this unrepeatable experience!<\/p>","protected":false},"featured_media":378163,"comment_status":"open","ping_status":"closed","template":"","meta":[],"product_brand":[],"product_cat":[52,56,57,63,68,65,72],"product_tag":[],"class_list":{"0":"post-378030","1":"product","2":"type-product","3":"status-publish","4":"has-post-thumbnail","6":"product_cat-adultos","7":"product_cat-con-traslado","8":"product_cat-familia","9":"product_cat-ninos","10":"product_cat-sin-comida","11":"product_cat-terrestre","12":"product_cat-todo-el-ano","14":"first","15":"instock","16":"virtual","17":"sold-individually","18":"purchasable","19":"product-type-booking"},"booking_location":"","booking_location_type":"","booking_duration":1,"booking_duration_unit":"hour","booking_buffer":0,"booking_cost":0,"booking_resources":[],"exclude_global_add_ons":false,"addons":[{"name":"STD | Passengers","type":"input_multiplier","position":0,"required":false,"title_format":"label","default":"","description_enable":false,"description":"","placeholder_enable":false,"placeholder":"","display":"select","restrictions_type":"any_text","adjust_price":true,"price":"71400","price_type":"flat_fee","restrictions":false,"min":"0","max":"0","options":[],"id":1773237111}],"yoast_head":"<!-- This site is optimized with the Yoast SEO Premium plugin v25.2 (Yoast SEO v25.2) - https:\/\/yoast.com\/wordpress\/plugins\/seo\/ -->\n<title>San Mart\u00edn de los Andes por los 7 Lagos: Naturaleza, Miradores y Postales \u00danicas de la Patagonia - Rafting Adventure<\/title>\n<meta name=\"robots\" content=\"index, follow, max-snippet:-1, max-image-preview:large, max-video-preview:-1\" \/>\n<link rel=\"canonical\" href=\"https:\/\/raftingadventure.com\/en\/product\/san-martin-de-los-andes-by-7-lakes\/\" \/>\n<meta property=\"og:locale\" content=\"en_US\" \/>\n<meta property=\"og:type\" content=\"article\" \/>\n<meta property=\"og:title\" content=\"San Mart\u00edn de los Andes por los 7 Lagos: Naturaleza, Miradores y Postales \u00danicas de la Patagonia\" \/>\n<meta property=\"og:description\" content=\"Una aventura memorable te aguarda Permit\u00ed que el entorno te deslumbre mientras transit\u00e1s la ruta de los 7 lagos rumbo a San Mart\u00edn de los Andes. Descubr\u00ed vistas asombrosas y recorr\u00e9 una localidad cautivante, enmarcada por un entorno natural inigualable. \u00a1Reserv\u00e1 tu espacio y disfrut\u00e1 de esta vivencia irrepetible!\" \/>\n<meta property=\"og:url\" content=\"https:\/\/raftingadventure.com\/en\/product\/san-martin-de-los-andes-by-7-lakes\/\" \/>\n<meta property=\"og:site_name\" content=\"Rafting Adventure\" \/>\n<meta property=\"article:modified_time\" content=\"2026-03-31T15:16:10+00:00\" \/>\n<meta property=\"og:image\" content=\"https:\/\/raftingadventure.com\/wp-content\/uploads\/sites\/4\/2025\/08\/9-C-IMG_0877.jpg\" \/>\n\t<meta property=\"og:image:width\" content=\"850\" \/>\n\t<meta property=\"og:image:height\" content=\"1133\" \/>\n\t<meta property=\"og:image:type\" content=\"image\/jpeg\" \/>\n<meta name=\"twitter:card\" content=\"summary_large_image\" \/>\n<meta name=\"twitter:label1\" content=\"Price\" \/>\n\t<meta name=\"twitter:data1\" content=\"&#036;71,400.00\" \/>\n\t<meta name=\"twitter:label2\" content=\"Availability\" \/>\n\t<meta name=\"twitter:data2\" content=\"In stock\" \/>\n<script type=\"application\/ld+json\" class=\"yoast-schema-graph\">{\"@context\":\"https:\/\/schema.org\",\"@graph\":[{\"@type\":\"WebPage\",\"@id\":\"https:\/\/raftingadventure.com\/product\/san-martin-de-los-andes-por-7-lagos\/\",\"url\":\"https:\/\/raftingadventure.com\/product\/san-martin-de-los-andes-por-7-lagos\/\",\"name\":\"San Mart\u00edn de los Andes por los 7 Lagos: Naturaleza, Miradores y Postales \u00danicas de la Patagonia - Rafting Adventure\",\"isPartOf\":{\"@id\":\"https:\/\/raftingadventure.com\/#website\"},\"primaryImageOfPage\":{\"@id\":\"https:\/\/raftingadventure.com\/product\/san-martin-de-los-andes-por-7-lagos\/#primaryimage\"},\"image\":{\"@id\":\"https:\/\/raftingadventure.com\/product\/san-martin-de-los-andes-por-7-lagos\/#primaryimage\"},\"thumbnailUrl\":\"https:\/\/raftingadventure.com\/wp-content\/uploads\/sites\/4\/2025\/08\/9-C-IMG_0877.jpg\",\"datePublished\":\"2025-08-18T13:59:59+00:00\",\"dateModified\":\"2026-03-31T15:16:10+00:00\",\"breadcrumb\":{\"@id\":\"https:\/\/raftingadventure.com\/product\/san-martin-de-los-andes-por-7-lagos\/#breadcrumb\"},\"inLanguage\":\"en-US\",\"potentialAction\":[{\"@type\":\"ReadAction\",\"target\":[\"https:\/\/raftingadventure.com\/product\/san-martin-de-los-andes-por-7-lagos\/\"]}]},{\"@type\":\"ImageObject\",\"inLanguage\":\"en-US\",\"@id\":\"https:\/\/raftingadventure.com\/product\/san-martin-de-los-andes-por-7-lagos\/#primaryimage\",\"url\":\"https:\/\/raftingadventure.com\/wp-content\/uploads\/sites\/4\/2025\/08\/9-C-IMG_0877.jpg\",\"contentUrl\":\"https:\/\/raftingadventure.com\/wp-content\/uploads\/sites\/4\/2025\/08\/9-C-IMG_0877.jpg\",\"width\":850,\"height\":1133},{\"@type\":\"BreadcrumbList\",\"@id\":\"https:\/\/raftingadventure.com\/product\/san-martin-de-los-andes-por-7-lagos\/#breadcrumb\",\"itemListElement\":[{\"@type\":\"ListItem\",\"position\":1,\"name\":\"Inicio\",\"item\":\"https:\/\/raftingadventure.com\/\"},{\"@type\":\"ListItem\",\"position\":2,\"name\":\"Rafting Adventure desde 1993 pioneros en aventura.\",\"item\":\"https:\/\/raftingadventure.com\/shop\/\"},{\"@type\":\"ListItem\",\"position\":3,\"name\":\"San Mart\u00edn de los Andes por los 7 Lagos: Naturaleza, Miradores y Postales \u00danicas de la Patagonia\"}]},{\"@type\":\"WebSite\",\"@id\":\"https:\/\/raftingadventure.com\/#website\",\"url\":\"https:\/\/raftingadventure.com\/\",\"name\":\"Rafting Adventure\",\"description\":\"Desde 1993 lideres en Rafting\",\"publisher\":{\"@id\":\"https:\/\/raftingadventure.com\/#organization\"},\"potentialAction\":[{\"@type\":\"SearchAction\",\"target\":{\"@type\":\"EntryPoint\",\"urlTemplate\":\"https:\/\/raftingadventure.com\/?s={search_term_string}\"},\"query-input\":{\"@type\":\"PropertyValueSpecification\",\"valueRequired\":true,\"valueName\":\"search_term_string\"}}],\"inLanguage\":\"en-US\"},{\"@type\":\"Organization\",\"@id\":\"https:\/\/raftingadventure.com\/#organization\",\"name\":\"Rafting Adventure\",\"url\":\"https:\/\/raftingadventure.com\/\",\"logo\":{\"@type\":\"ImageObject\",\"inLanguage\":\"en-US\",\"@id\":\"https:\/\/raftingadventure.com\/#\/schema\/logo\/image\/\",\"url\":\"https:\/\/raftingadventure.com\/wp-content\/uploads\/sites\/4\/2025\/08\/512-x-512-rafting-adventure-out-color-1.svg\",\"contentUrl\":\"https:\/\/raftingadventure.com\/wp-content\/uploads\/sites\/4\/2025\/08\/512-x-512-rafting-adventure-out-color-1.svg\",\"width\":512,\"height\":512,\"caption\":\"Rafting Adventure\"},\"image\":{\"@id\":\"https:\/\/raftingadventure.com\/#\/schema\/logo\/image\/\"}}]}<\/script>\n<meta property=\"product:price:amount\" content=\"71400.00\" \/>\n<meta property=\"product:price:currency\" content=\"ARS\" \/>\n<meta property=\"og:availability\" content=\"instock\" \/>\n<meta property=\"product:availability\" content=\"instock\" \/>\n<meta property=\"product:retailer_item_id\" content=\"ADV2025SAMADEQ219\" \/>\n<meta property=\"product:condition\" content=\"new\" \/>\n<!-- \/ Yoast SEO Premium plugin. -->","yoast_head_json":{"title":"San Mart\u00edn de los Andes by the 7 Lakes: Nature, Viewpoints and Unique Postcards of Patagonia - Rafting Adventure","robots":{"index":"index","follow":"follow","max-snippet":"max-snippet:-1","max-image-preview":"max-image-preview:large","max-video-preview":"max-video-preview:-1"},"canonical":"https:\/\/raftingadventure.com\/en\/product\/san-martin-de-los-andes-by-7-lakes\/","og_locale":"en_US","og_type":"article","og_title":"San Mart\u00edn de los Andes por los 7 Lagos: Naturaleza, Miradores y Postales \u00danicas de la Patagonia","og_description":"Una aventura memorable te aguarda Permit\u00ed que el entorno te deslumbre mientras transit\u00e1s la ruta de los 7 lagos rumbo a San Mart\u00edn de los Andes. Descubr\u00ed vistas asombrosas y recorr\u00e9 una localidad cautivante, enmarcada por un entorno natural inigualable. \u00a1Reserv\u00e1 tu espacio y disfrut\u00e1 de esta vivencia irrepetible!","og_url":"https:\/\/raftingadventure.com\/en\/product\/san-martin-de-los-andes-by-7-lakes\/","og_site_name":"Rafting Adventure","article_modified_time":"2026-03-31T15:16:10+00:00","og_image":[{"width":850,"height":1133,"url":"https:\/\/raftingadventure.com\/wp-content\/uploads\/sites\/4\/2025\/08\/9-C-IMG_0877.jpg","type":"image\/jpeg"}],"twitter_card":"summary_large_image","twitter_misc":{"Price":"&#36;71,400.00","Availability":"In stock"},"schema":{"@context":"https:\/\/schema.org","@graph":[{"@type":"WebPage","@id":"https:\/\/raftingadventure.com\/product\/san-martin-de-los-andes-por-7-lagos\/","url":"https:\/\/raftingadventure.com\/product\/san-martin-de-los-andes-por-7-lagos\/","name":"San Mart\u00edn de los Andes by the 7 Lakes: Nature, Viewpoints and Unique Postcards of Patagonia - Rafting Adventure","isPartOf":{"@id":"https:\/\/raftingadventure.com\/#website"},"primaryImageOfPage":{"@id":"https:\/\/raftingadventure.com\/product\/san-martin-de-los-andes-por-7-lagos\/#primaryimage"},"image":{"@id":"https:\/\/raftingadventure.com\/product\/san-martin-de-los-andes-por-7-lagos\/#primaryimage"},"thumbnailUrl":"https:\/\/raftingadventure.com\/wp-content\/uploads\/sites\/4\/2025\/08\/9-C-IMG_0877.jpg","datePublished":"2025-08-18T13:59:59+00:00","dateModified":"2026-03-31T15:16:10+00:00","breadcrumb":{"@id":"https:\/\/raftingadventure.com\/product\/san-martin-de-los-andes-por-7-lagos\/#breadcrumb"},"inLanguage":"en-US","potentialAction":[{"@type":"ReadAction","target":["https:\/\/raftingadventure.com\/product\/san-martin-de-los-andes-por-7-lagos\/"]}]},{"@type":"ImageObject","inLanguage":"en-US","@id":"https:\/\/raftingadventure.com\/product\/san-martin-de-los-andes-por-7-lagos\/#primaryimage","url":"https:\/\/raftingadventure.com\/wp-content\/uploads\/sites\/4\/2025\/08\/9-C-IMG_0877.jpg","contentUrl":"https:\/\/raftingadventure.com\/wp-content\/uploads\/sites\/4\/2025\/08\/9-C-IMG_0877.jpg","width":850,"height":1133},{"@type":"BreadcrumbList","@id":"https:\/\/raftingadventure.com\/product\/san-martin-de-los-andes-por-7-lagos\/#breadcrumb","itemListElement":[{"@type":"ListItem","position":1,"name":"Inicio","item":"https:\/\/raftingadventure.com\/"},{"@type":"ListItem","position":2,"name":"Rafting Adventure desde 1993 pioneros en aventura.","item":"https:\/\/raftingadventure.com\/shop\/"},{"@type":"ListItem","position":3,"name":"San Mart\u00edn de los Andes por los 7 Lagos: Naturaleza, Miradores y Postales \u00danicas de la Patagonia"}]},{"@type":"WebSite","@id":"https:\/\/raftingadventure.com\/#website","url":"https:\/\/raftingadventure.com\/","name":"Rafting Adventure","description":"Since 1993 leaders in Rafting","publisher":{"@id":"https:\/\/raftingadventure.com\/#organization"},"potentialAction":[{"@type":"SearchAction","target":{"@type":"EntryPoint","urlTemplate":"https:\/\/raftingadventure.com\/?s={search_term_string}"},"query-input":{"@type":"PropertyValueSpecification","valueRequired":true,"valueName":"search_term_string"}}],"inLanguage":"en-US"},{"@type":"Organization","@id":"https:\/\/raftingadventure.com\/#organization","name":"Rafting Adventure","url":"https:\/\/raftingadventure.com\/","logo":{"@type":"ImageObject","inLanguage":"en-US","@id":"https:\/\/raftingadventure.com\/#\/schema\/logo\/image\/","url":"https:\/\/raftingadventure.com\/wp-content\/uploads\/sites\/4\/2025\/08\/512-x-512-rafting-adventure-out-color-1.svg","contentUrl":"https:\/\/raftingadventure.com\/wp-content\/uploads\/sites\/4\/2025\/08\/512-x-512-rafting-adventure-out-color-1.svg","width":512,"height":512,"caption":"Rafting Adventure"},"image":{"@id":"https:\/\/raftingadventure.com\/#\/schema\/logo\/image\/"}}]},"product_price_amount":"71400.00","product_price_currency":"ARS","og_availability":"instock","product_availability":"instock","product_retailer_item_id":"ADV2025SAMADEQ219","product_condition":"new"},"_links":{"self":[{"href":"https:\/\/raftingadventure.com\/en\/wp-json\/wp\/v2\/product\/378030","targetHints":{"allow":["GET"]}}],"collection":[{"href":"https:\/\/raftingadventure.com\/en\/wp-json\/wp\/v2\/product"}],"about":[{"href":"https:\/\/raftingadventure.com\/en\/wp-json\/wp\/v2\/types\/product"}],"replies":[{"embeddable":true,"href":"https:\/\/raftingadventure.com\/en\/wp-json\/wp\/v2\/comments?post=378030"}],"wp:featuredmedia":[{"embeddable":true,"href":"https:\/\/raftingadventure.com\/en\/wp-json\/wp\/v2\/media\/378163"}],"wp:attachment":[{"href":"https:\/\/raftingadventure.com\/en\/wp-json\/wp\/v2\/media?parent=378030"}],"wp:term":[{"taxonomy":"product_brand","embeddable":true,"href":"https:\/\/raftingadventure.com\/en\/wp-json\/wp\/v2\/product_brand?post=378030"},{"taxonomy":"product_cat","embeddable":true,"href":"https:\/\/raftingadventure.com\/en\/wp-json\/wp\/v2\/product_cat?post=378030"},{"taxonomy":"product_tag","embeddable":true,"href":"https:\/\/raftingadventure.com\/en\/wp-json\/wp\/v2\/product_tag?post=378030"}],"curies":[{"name":"wp","href":"https:\/\/api.w.org\/{rel}","templated":true}]}}