{"id":378031,"date":"2025-08-18T11:00:48","date_gmt":"2025-08-18T14:00:48","guid":{"rendered":"https:\/\/raftingadventure.com\/product\/circuito-chico-y-cerro-campanario-explora-bariloche-como-nunca-antes\/"},"modified":"2026-03-31T12:16:10","modified_gmt":"2026-03-31T15:16:10","slug":"circuito-chico-cerro-campanario","status":"publish","type":"product","link":"https:\/\/raftingadventure.com\/en\/product\/cerro-campanario-small-circuit\/","title":{"rendered":"Circuito Chico and Cerro Campanario: explore Bariloche like never before"},"content":{"rendered":"<h3 class=\"ai-optimize-22\" data-start=\"417\" data-end=\"500\"><strong data-start=\"421\" data-end=\"500\">Breathtaking landscapes, emblematic routes and postcards that will thrill you.<\/strong><\/h3>\n<p class=\"ai-optimize-23 ai-optimize-introduction\" data-start=\"502\" data-end=\"756\">Experience the best of Bariloche in a few hours with this outing designed for those looking to combine natural surroundings, local history and unforgettable views. The <strong data-start=\"677\" data-end=\"695\">Small Circuit<\/strong> is the perfect choice to start your experience in the city.<\/p>\n<p class=\"ai-optimize-24\" data-start=\"758\" data-end=\"1088\">The adventure starts from meeting points between downtown and km 8 of Bustillo Av. or Pioneros Av. You will border the <strong data-start=\"910\" data-end=\"931\">Nahuel Huapi Lake<\/strong>, marvel at the majestic <strong data-start=\"957\" data-end=\"976\">Hotel Llao Llao<\/strong>, admire the charming <strong data-start=\"993\" data-end=\"1016\">St. Edward's Chapel<\/strong> and tour the <strong data-start=\"1022\" data-end=\"1040\">Puerto Pa\u00f1uelo<\/strong>, departure from the lake tours.<\/p>\n<p class=\"ai-optimize-25\" data-start=\"1090\" data-end=\"1241\">You can also visit places such as <strong data-start=\"1125\" data-end=\"1140\">Villa Tacul<\/strong>, the <strong data-start=\"1145\" data-end=\"1163\">Hidden Lake<\/strong> and the <strong data-start=\"1169\" data-end=\"1184\">Cerro Lopez<\/strong>, taking advantage of the stops to take pictures and breathe fresh air.<\/p>\n<p class=\"ai-optimize-26\" data-start=\"1243\" data-end=\"1484\">The closing is in the <strong data-start=\"1272\" data-end=\"1292\">Cerro Campanario<\/strong>, where you have the opportunity to go up in a chairlift and discover one of the most impressive viewpoints on the planet. From the top, the landscapes of hills, water mirrors and valleys will leave you speechless.<\/p>\n<p class=\"ai-optimize-27\" data-start=\"1486\" data-end=\"1665\">The tour operates from 8:30 am to 12:30 pm or from 2:30 pm to 7:00 pm. Includes transfer and accredited guide in Spanish (ask for bilingual option). It does not include the chairlift or meals.<\/p>\n<h3 class=\"ai-optimize-28\" data-start=\"1672\" data-end=\"1700\"><strong data-start=\"1676\" data-end=\"1700\">Frequently asked questions<\/strong><\/h3>\n<p class=\"ai-optimize-29\" data-start=\"1702\" data-end=\"1844\"><strong data-start=\"1702\" data-end=\"1746\">Is it possible to add another excursion?<\/strong><br data-start=\"1746\" data-end=\"1749\" \/>Yes! It's ideal to combine with a trip to the <strong data-start=\"1787\" data-end=\"1805\">Cerro Catedral<\/strong> or visit the <strong data-start=\"1813\" data-end=\"1830\">Victoria Island<\/strong> in the afternoon.<\/p>\n<p class=\"ai-optimize-30\" data-start=\"1846\" data-end=\"1951\"><strong data-start=\"1846\" data-end=\"1878\">Is the chairlift contemplated?<\/strong><br data-start=\"1878\" data-end=\"1881\" \/>No, the ascent to Cerro Campanario is optional and is paid on site.<\/p>\n<p class=\"ai-optimize-31\" data-start=\"1953\" data-end=\"2056\"><strong data-start=\"1953\" data-end=\"1986\">How do I enter the Llao Llao Llao Hotel?<\/strong><br data-start=\"1986\" data-end=\"1989\" \/>No. The tour contemplates the exterior visual and its natural scenery.<\/p>\n<p class=\"ai-optimize-32\" data-start=\"2058\" data-end=\"2192\"><strong data-start=\"2058\" data-end=\"2082\">Do I have to walk or exert myself?<\/strong><br data-start=\"2082\" data-end=\"2085\" \/>It does not require physical activity. It is suitable for everyone and highly recommended if it is your first time in Bariloche.<\/p>","protected":false},"excerpt":{"rendered":"<p class=\"ai-optimize-6\">Experience Bariloche with the traditional Circuito Chico and the climb to Cerro Campanario. Stroll along the picturesque Bustillo Avenue, contemplate the majesty of the Llao Llao Llao Hotel and climb the Cerro Campanario to enjoy unbeatable panoramic views. An excursion that combines landscapes, comfort and adventure in a unique tour.<\/p>","protected":false},"featured_media":378157,"comment_status":"open","ping_status":"closed","template":"","meta":[],"product_brand":[],"product_cat":[52,56,57,63,68,65,72],"product_tag":[],"class_list":{"0":"post-378031","1":"product","2":"type-product","3":"status-publish","4":"has-post-thumbnail","6":"product_cat-adultos","7":"product_cat-con-traslado","8":"product_cat-familia","9":"product_cat-ninos","10":"product_cat-sin-comida","11":"product_cat-terrestre","12":"product_cat-todo-el-ano","14":"first","15":"instock","16":"virtual","17":"sold-individually","18":"purchasable","19":"product-type-booking"},"booking_location":"","booking_location_type":"","booking_duration":1,"booking_duration_unit":"hour","booking_buffer":0,"booking_cost":0,"booking_resources":[],"exclude_global_add_ons":false,"addons":[{"name":"STD | Passengers","type":"input_multiplier","position":0,"required":false,"title_format":"label","default":"","description_enable":false,"description":"","placeholder_enable":false,"placeholder":"","display":"select","restrictions_type":"any_text","adjust_price":true,"price":"23400","price_type":"flat_fee","restrictions":false,"min":"0","max":"0","options":[],"id":1773236982}],"yoast_head":"<!-- This site is optimized with the Yoast SEO Premium plugin v25.2 (Yoast SEO v25.2) - https:\/\/yoast.com\/wordpress\/plugins\/seo\/ -->\n<title>Circuito Chico y Cerro Campanario - Rafting Adventure<\/title>\n<meta name=\"description\" content=\"Descubr\u00ed Circuito Chico y Cerro Campanario en Bariloche. Vistas 360\u00b0, Punto Panor\u00e1mico y paisajes \u00fanicos en una excursi\u00f3n imperdible de medio d\u00eda.\" \/>\n<meta name=\"robots\" content=\"index, follow, max-snippet:-1, max-image-preview:large, max-video-preview:-1\" \/>\n<link rel=\"canonical\" href=\"https:\/\/raftingadventure.com\/en\/product\/cerro-campanario-small-circuit\/\" \/>\n<meta property=\"og:locale\" content=\"en_US\" \/>\n<meta property=\"og:type\" content=\"article\" \/>\n<meta property=\"og:title\" content=\"Circuito Chico y Cerro Campanario: explor\u00e1 Bariloche como nunca antes\" \/>\n<meta property=\"og:description\" content=\"Descubr\u00ed Circuito Chico y Cerro Campanario en Bariloche. Vistas 360\u00b0, Punto Panor\u00e1mico y paisajes \u00fanicos en una excursi\u00f3n imperdible de medio d\u00eda.\" \/>\n<meta property=\"og:url\" content=\"https:\/\/raftingadventure.com\/en\/product\/cerro-campanario-small-circuit\/\" \/>\n<meta property=\"og:site_name\" content=\"Rafting Adventure\" \/>\n<meta property=\"article:modified_time\" content=\"2026-03-31T15:16:10+00:00\" \/>\n<meta property=\"og:image\" content=\"https:\/\/raftingadventure.com\/wp-content\/uploads\/sites\/4\/2025\/08\/9-A-DSC_0073.jpg\" \/>\n\t<meta property=\"og:image:width\" content=\"850\" \/>\n\t<meta property=\"og:image:height\" content=\"1133\" \/>\n\t<meta property=\"og:image:type\" content=\"image\/jpeg\" \/>\n<meta name=\"twitter:card\" content=\"summary_large_image\" \/>\n<meta name=\"twitter:label1\" content=\"Price\" \/>\n\t<meta name=\"twitter:data1\" content=\"&#036;23,400.00\" \/>\n\t<meta name=\"twitter:label2\" content=\"Availability\" \/>\n\t<meta name=\"twitter:data2\" content=\"In stock\" \/>\n<script type=\"application\/ld+json\" class=\"yoast-schema-graph\">{\"@context\":\"https:\/\/schema.org\",\"@graph\":[{\"@type\":\"WebPage\",\"@id\":\"https:\/\/raftingadventure.com\/product\/circuito-chico-cerro-campanario\/\",\"url\":\"https:\/\/raftingadventure.com\/product\/circuito-chico-cerro-campanario\/\",\"name\":\"Circuito Chico y Cerro Campanario - Rafting Adventure\",\"isPartOf\":{\"@id\":\"https:\/\/raftingadventure.com\/#website\"},\"primaryImageOfPage\":{\"@id\":\"https:\/\/raftingadventure.com\/product\/circuito-chico-cerro-campanario\/#primaryimage\"},\"image\":{\"@id\":\"https:\/\/raftingadventure.com\/product\/circuito-chico-cerro-campanario\/#primaryimage\"},\"thumbnailUrl\":\"https:\/\/raftingadventure.com\/wp-content\/uploads\/sites\/4\/2025\/08\/9-A-DSC_0073.jpg\",\"datePublished\":\"2025-08-18T14:00:48+00:00\",\"dateModified\":\"2026-03-31T15:16:10+00:00\",\"description\":\"Descubr\u00ed Circuito Chico y Cerro Campanario en Bariloche. Vistas 360\u00b0, Punto Panor\u00e1mico y paisajes \u00fanicos en una excursi\u00f3n imperdible de medio d\u00eda.\",\"breadcrumb\":{\"@id\":\"https:\/\/raftingadventure.com\/product\/circuito-chico-cerro-campanario\/#breadcrumb\"},\"inLanguage\":\"en-US\",\"potentialAction\":[{\"@type\":\"ReadAction\",\"target\":[\"https:\/\/raftingadventure.com\/product\/circuito-chico-cerro-campanario\/\"]}]},{\"@type\":\"ImageObject\",\"inLanguage\":\"en-US\",\"@id\":\"https:\/\/raftingadventure.com\/product\/circuito-chico-cerro-campanario\/#primaryimage\",\"url\":\"https:\/\/raftingadventure.com\/wp-content\/uploads\/sites\/4\/2025\/08\/9-A-DSC_0073.jpg\",\"contentUrl\":\"https:\/\/raftingadventure.com\/wp-content\/uploads\/sites\/4\/2025\/08\/9-A-DSC_0073.jpg\",\"width\":850,\"height\":1133},{\"@type\":\"BreadcrumbList\",\"@id\":\"https:\/\/raftingadventure.com\/product\/circuito-chico-cerro-campanario\/#breadcrumb\",\"itemListElement\":[{\"@type\":\"ListItem\",\"position\":1,\"name\":\"Inicio\",\"item\":\"https:\/\/raftingadventure.com\/\"},{\"@type\":\"ListItem\",\"position\":2,\"name\":\"Rafting Adventure desde 1993 pioneros en aventura.\",\"item\":\"https:\/\/raftingadventure.com\/shop\/\"},{\"@type\":\"ListItem\",\"position\":3,\"name\":\"Circuito Chico y Cerro Campanario: explor\u00e1 Bariloche como nunca antes\"}]},{\"@type\":\"WebSite\",\"@id\":\"https:\/\/raftingadventure.com\/#website\",\"url\":\"https:\/\/raftingadventure.com\/\",\"name\":\"Rafting Adventure\",\"description\":\"Desde 1993 lideres en Rafting\",\"publisher\":{\"@id\":\"https:\/\/raftingadventure.com\/#organization\"},\"potentialAction\":[{\"@type\":\"SearchAction\",\"target\":{\"@type\":\"EntryPoint\",\"urlTemplate\":\"https:\/\/raftingadventure.com\/?s={search_term_string}\"},\"query-input\":{\"@type\":\"PropertyValueSpecification\",\"valueRequired\":true,\"valueName\":\"search_term_string\"}}],\"inLanguage\":\"en-US\"},{\"@type\":\"Organization\",\"@id\":\"https:\/\/raftingadventure.com\/#organization\",\"name\":\"Rafting Adventure\",\"url\":\"https:\/\/raftingadventure.com\/\",\"logo\":{\"@type\":\"ImageObject\",\"inLanguage\":\"en-US\",\"@id\":\"https:\/\/raftingadventure.com\/#\/schema\/logo\/image\/\",\"url\":\"https:\/\/raftingadventure.com\/wp-content\/uploads\/sites\/4\/2025\/08\/512-x-512-rafting-adventure-out-color-1.svg\",\"contentUrl\":\"https:\/\/raftingadventure.com\/wp-content\/uploads\/sites\/4\/2025\/08\/512-x-512-rafting-adventure-out-color-1.svg\",\"width\":512,\"height\":512,\"caption\":\"Rafting Adventure\"},\"image\":{\"@id\":\"https:\/\/raftingadventure.com\/#\/schema\/logo\/image\/\"}}]}<\/script>\n<meta property=\"product:price:amount\" content=\"23400.00\" \/>\n<meta property=\"product:price:currency\" content=\"ARS\" \/>\n<meta property=\"og:availability\" content=\"instock\" \/>\n<meta property=\"product:availability\" content=\"instock\" \/>\n<meta property=\"product:retailer_item_id\" content=\"ADV2025CICHYC1KOR\" \/>\n<meta property=\"product:condition\" content=\"new\" \/>\n<!-- \/ Yoast SEO Premium plugin. -->","yoast_head_json":{"title":"Circuito Chico and Cerro Campanario - Rafting Adventure","description":"Discover Circuito Chico and Cerro Campanario in Bariloche. 360\u00b0 views, Panoramic Point and unique landscapes in a half day excursion not to be missed.","robots":{"index":"index","follow":"follow","max-snippet":"max-snippet:-1","max-image-preview":"max-image-preview:large","max-video-preview":"max-video-preview:-1"},"canonical":"https:\/\/raftingadventure.com\/en\/product\/cerro-campanario-small-circuit\/","og_locale":"en_US","og_type":"article","og_title":"Circuito Chico y Cerro Campanario: explor\u00e1 Bariloche como nunca antes","og_description":"Descubr\u00ed Circuito Chico y Cerro Campanario en Bariloche. Vistas 360\u00b0, Punto Panor\u00e1mico y paisajes \u00fanicos en una excursi\u00f3n imperdible de medio d\u00eda.","og_url":"https:\/\/raftingadventure.com\/en\/product\/cerro-campanario-small-circuit\/","og_site_name":"Rafting Adventure","article_modified_time":"2026-03-31T15:16:10+00:00","og_image":[{"width":850,"height":1133,"url":"https:\/\/raftingadventure.com\/wp-content\/uploads\/sites\/4\/2025\/08\/9-A-DSC_0073.jpg","type":"image\/jpeg"}],"twitter_card":"summary_large_image","twitter_misc":{"Price":"&#36;23,400.00","Availability":"In stock"},"schema":{"@context":"https:\/\/schema.org","@graph":[{"@type":"WebPage","@id":"https:\/\/raftingadventure.com\/product\/circuito-chico-cerro-campanario\/","url":"https:\/\/raftingadventure.com\/product\/circuito-chico-cerro-campanario\/","name":"Circuito Chico and Cerro Campanario - Rafting Adventure","isPartOf":{"@id":"https:\/\/raftingadventure.com\/#website"},"primaryImageOfPage":{"@id":"https:\/\/raftingadventure.com\/product\/circuito-chico-cerro-campanario\/#primaryimage"},"image":{"@id":"https:\/\/raftingadventure.com\/product\/circuito-chico-cerro-campanario\/#primaryimage"},"thumbnailUrl":"https:\/\/raftingadventure.com\/wp-content\/uploads\/sites\/4\/2025\/08\/9-A-DSC_0073.jpg","datePublished":"2025-08-18T14:00:48+00:00","dateModified":"2026-03-31T15:16:10+00:00","description":"Discover Circuito Chico and Cerro Campanario in Bariloche. 360\u00b0 views, Panoramic Point and unique landscapes in a half day excursion not to be missed.","breadcrumb":{"@id":"https:\/\/raftingadventure.com\/product\/circuito-chico-cerro-campanario\/#breadcrumb"},"inLanguage":"en-US","potentialAction":[{"@type":"ReadAction","target":["https:\/\/raftingadventure.com\/product\/circuito-chico-cerro-campanario\/"]}]},{"@type":"ImageObject","inLanguage":"en-US","@id":"https:\/\/raftingadventure.com\/product\/circuito-chico-cerro-campanario\/#primaryimage","url":"https:\/\/raftingadventure.com\/wp-content\/uploads\/sites\/4\/2025\/08\/9-A-DSC_0073.jpg","contentUrl":"https:\/\/raftingadventure.com\/wp-content\/uploads\/sites\/4\/2025\/08\/9-A-DSC_0073.jpg","width":850,"height":1133},{"@type":"BreadcrumbList","@id":"https:\/\/raftingadventure.com\/product\/circuito-chico-cerro-campanario\/#breadcrumb","itemListElement":[{"@type":"ListItem","position":1,"name":"Inicio","item":"https:\/\/raftingadventure.com\/"},{"@type":"ListItem","position":2,"name":"Rafting Adventure desde 1993 pioneros en aventura.","item":"https:\/\/raftingadventure.com\/shop\/"},{"@type":"ListItem","position":3,"name":"Circuito Chico y Cerro Campanario: explor\u00e1 Bariloche como nunca antes"}]},{"@type":"WebSite","@id":"https:\/\/raftingadventure.com\/#website","url":"https:\/\/raftingadventure.com\/","name":"Rafting Adventure","description":"Since 1993 leaders in Rafting","publisher":{"@id":"https:\/\/raftingadventure.com\/#organization"},"potentialAction":[{"@type":"SearchAction","target":{"@type":"EntryPoint","urlTemplate":"https:\/\/raftingadventure.com\/?s={search_term_string}"},"query-input":{"@type":"PropertyValueSpecification","valueRequired":true,"valueName":"search_term_string"}}],"inLanguage":"en-US"},{"@type":"Organization","@id":"https:\/\/raftingadventure.com\/#organization","name":"Rafting Adventure","url":"https:\/\/raftingadventure.com\/","logo":{"@type":"ImageObject","inLanguage":"en-US","@id":"https:\/\/raftingadventure.com\/#\/schema\/logo\/image\/","url":"https:\/\/raftingadventure.com\/wp-content\/uploads\/sites\/4\/2025\/08\/512-x-512-rafting-adventure-out-color-1.svg","contentUrl":"https:\/\/raftingadventure.com\/wp-content\/uploads\/sites\/4\/2025\/08\/512-x-512-rafting-adventure-out-color-1.svg","width":512,"height":512,"caption":"Rafting Adventure"},"image":{"@id":"https:\/\/raftingadventure.com\/#\/schema\/logo\/image\/"}}]},"product_price_amount":"23400.00","product_price_currency":"ARS","og_availability":"instock","product_availability":"instock","product_retailer_item_id":"ADV2025CICHYC1KOR","product_condition":"new"},"_links":{"self":[{"href":"https:\/\/raftingadventure.com\/en\/wp-json\/wp\/v2\/product\/378031","targetHints":{"allow":["GET"]}}],"collection":[{"href":"https:\/\/raftingadventure.com\/en\/wp-json\/wp\/v2\/product"}],"about":[{"href":"https:\/\/raftingadventure.com\/en\/wp-json\/wp\/v2\/types\/product"}],"replies":[{"embeddable":true,"href":"https:\/\/raftingadventure.com\/en\/wp-json\/wp\/v2\/comments?post=378031"}],"wp:featuredmedia":[{"embeddable":true,"href":"https:\/\/raftingadventure.com\/en\/wp-json\/wp\/v2\/media\/378157"}],"wp:attachment":[{"href":"https:\/\/raftingadventure.com\/en\/wp-json\/wp\/v2\/media?parent=378031"}],"wp:term":[{"taxonomy":"product_brand","embeddable":true,"href":"https:\/\/raftingadventure.com\/en\/wp-json\/wp\/v2\/product_brand?post=378031"},{"taxonomy":"product_cat","embeddable":true,"href":"https:\/\/raftingadventure.com\/en\/wp-json\/wp\/v2\/product_cat?post=378031"},{"taxonomy":"product_tag","embeddable":true,"href":"https:\/\/raftingadventure.com\/en\/wp-json\/wp\/v2\/product_tag?post=378031"}],"curies":[{"name":"wp","href":"https:\/\/api.w.org\/{rel}","templated":true}]}}