{"id":378035,"date":"2025-08-18T11:02:36","date_gmt":"2025-08-18T14:02:36","guid":{"rendered":"https:\/\/raftingadventure.com\/product\/rafting-al-limite-con-chile-sin-traslado\/"},"modified":"2026-03-31T12:16:09","modified_gmt":"2026-03-31T15:16:09","slug":"rafting-al-limite-chile","status":"publish","type":"product","link":"https:\/\/raftingadventure.com\/en\/product\/rafting-to-the-limit-chile\/","title":{"rendered":"Rafting to the border with Chile No transfer"},"content":{"rendered":"<h2 class=\"ai-optimize-6\">Manso River Crossing: Andean Border with Chile<\/h2>\n<p class=\"ai-optimize-7 ai-optimize-introduction\">Get a feel for the <strong>unique rafting experience<\/strong> that immerses you in the Patagonian nature like never before. This trip brings to the forefront the immensity of the Manso River, with vertiginous rapids of the highest level. <strong>3 y 4<\/strong>, guiding the adventure to the border crossing with Chile.<\/p>\n<h3 class=\"ai-optimize-8\">Start of the Adventure<\/h3>\n<p class=\"ai-optimize-9\">The day starts at our usual meeting point. Our professional guides will provide you with the necessary equipment: wetsuits, helmets and vests, ensuring protection at all times.<\/p>\n<h3 class=\"ai-optimize-10\">Paddling on the Manso<\/h3>\n<ul>\n<li class=\"ai-optimize-11\"><strong>Route:<\/strong> An aquatic tour of <strong>10 km<\/strong> sailing the Manso, with an estimated time of <strong>2 hours<\/strong>.<\/li>\n<li class=\"ai-optimize-12\"><strong>Challenge:<\/strong> Descend down exciting class rapids <strong>III\/IV<\/strong>.<\/li>\n<li class=\"ai-optimize-13\">Once at the border with Chile, we coordinate the safe transfer back to the beginning of the trip.<\/li>\n<\/ul>\n<h3 class=\"ai-optimize-14\">Lunch Options<\/h3>\n<p class=\"ai-optimize-15\">At the end of the trip, you have the possibility to have lunch at our hostel. Lunch is not included in the rate, but you can choose between <strong>roasted<\/strong>, <strong>pasta<\/strong> o <strong>salad<\/strong>, by paying an extra fee.<\/p>\n<h3 class=\"ai-optimize-16\">Recommendations for Participants<\/h3>\n<ul>\n<li class=\"ai-optimize-17\">Activity designed for <strong>youth and adults<\/strong> from <strong>14 years<\/strong> onwards.<\/li>\n<li class=\"ai-optimize-18\">It is convenient to bring <strong>towel<\/strong> and change of clothes for comfort upon return.<\/li>\n<\/ul>\n<h3 class=\"ai-optimize-19\">Facts about the No Relocation Option<\/h3>\n<p class=\"ai-optimize-20\">If you prefer the modality without transfer, you will find us directly in our parador, located in the <strong data-start=\"372\" data-end=\"389\">Villegas Base<\/strong>, on the <strong data-start=\"400\" data-end=\"417\">Route 83, Km 1, San Carlos de Bariloche, R\u00edo Negro.\u00a0<\/strong>.<br data-start=\"418\" data-end=\"421\" \/>\ud83d\udccdExact location on Google Maps: <a class=\"\" href=\"https:\/\/maps.app.goo.gl\/NqbsUN6VB5Fnt7hVA\" target=\"_new\" rel=\"noopener\" data-start=\"449\" data-end=\"535\">https:\/\/maps.app.goo.gl\/NqbsUN6VB5Fnt7hVA<\/a><\/p>\n<h3 class=\"ai-optimize-21\">Key Facts to Decide<\/h3>\n<ul>\n<li class=\"ai-optimize-22\"><strong>Total duration:<\/strong> From <strong>9:00 a.m. to 6:00 p.m.<\/strong> approximately.<\/li>\n<li class=\"ai-optimize-23\"><strong>Included:<\/strong> Rafting, full breakfast and equipment (neoprene, vest, waterproof jacket, neoprene shoes, paddle and helmet).<\/li>\n<li class=\"ai-optimize-24\"><strong>Not included:<\/strong> Transfers, lodging search, lunch and breakfast.<\/li>\n<\/ul>\n<h2 class=\"ai-optimize-25\">Common Inquiries<\/h2>\n<ul>\n<li class=\"ai-optimize-26\"><strong>What is the minimum age to join?<\/strong><br \/>\nThe activity is designed for people over 14 years of age.<\/li>\n<li class=\"ai-optimize-27\"><strong>What equipment is provided?<\/strong><br \/>\nWe provide complete equipment: wetsuits, life jackets, helmets, boots and paddles.<\/li>\n<li class=\"ai-optimize-28\"><strong>Is lunch part of the fee?<\/strong><br \/>\nNo, lunch is not included; however, you can choose your favorite menu for an extra charge.<\/li>\n<li class=\"ai-optimize-29\"><strong>Where exactly are we located?<\/strong><br \/>\nIf you select the option without transfer, you must go to the <strong data-start=\"372\" data-end=\"389\">Villegas Base<\/strong>, located in the <strong data-start=\"400\" data-end=\"417\">Route 83, Km 1, San Carlos de Bariloche, R\u00edo Negro.<br \/>\nLocation link on Google Maps: <a class=\"\" href=\"https:\/\/maps.app.goo.gl\/NqbsUN6VB5Fnt7hVA\" target=\"_new\" rel=\"noopener\" data-start=\"449\" data-end=\"535\">https:\/\/maps.app.goo.gl\/NqbsUN6VB5Fnt7hVA<\/a><br \/>\n<\/strong><\/li>\n<\/ul>","protected":false},"excerpt":{"rendered":"<p class=\"ai-optimize-6\">Discover the adventure of running the Manso River without worrying about transfers. Immerse yourself in level III\/IV rapids. Perfect for people over 14 years old, this experience combines excitement, incredible landscapes and pure adrenaline.<\/p>","protected":false},"featured_media":378384,"comment_status":"open","ping_status":"closed","template":"","meta":[],"product_brand":[],"product_cat":[52,54,57,66,68,69,73],"product_tag":[],"class_list":{"0":"post-378035","1":"product","2":"type-product","3":"status-publish","4":"has-post-thumbnail","6":"product_cat-adultos","7":"product_cat-aventura","8":"product_cat-familia","9":"product_cat-primavera","10":"product_cat-sin-comida","11":"product_cat-sin-traslado","12":"product_cat-verano","14":"first","15":"instock","16":"virtual","17":"sold-individually","18":"purchasable","19":"product-type-booking"},"booking_location":"","booking_location_type":"","booking_duration":1,"booking_duration_unit":"hour","booking_buffer":0,"booking_cost":0,"booking_resources":[],"exclude_global_add_ons":false,"addons":[{"name":"ADU | Adult","type":"input_multiplier","position":0,"required":false,"title_format":"label","default":"","description_enable":false,"description":"","placeholder_enable":false,"placeholder":"","display":"select","restrictions_type":"any_text","adjust_price":true,"price":"140400","price_type":"quantity_based","restrictions":false,"min":"0","max":"0","options":[],"id":1773236380},{"name":"EXTRA | Companion","type":"input_multiplier","position":1,"required":false,"title_format":"label","default":"","description_enable":false,"description":"","placeholder_enable":false,"placeholder":"","display":"select","restrictions_type":"any_text","adjust_price":true,"price":"70200","price_type":"quantity_based","restrictions":false,"min":"0","max":"0","options":[],"id":1773236381},{"name":"MEN1418 | from 14 to 18","type":"input_multiplier","position":2,"required":false,"title_format":"label","default":"","description_enable":false,"description":"","placeholder_enable":false,"placeholder":"","display":"select","restrictions_type":"any_text","adjust_price":true,"price":"140400","price_type":"quantity_based","restrictions":false,"min":"0","max":"0","options":[],"id":1773236382}],"yoast_head":"<!-- This site is optimized with the Yoast SEO Premium plugin v25.2 (Yoast SEO v25.2) - https:\/\/yoast.com\/wordpress\/plugins\/seo\/ -->\n<title>Rafting al l\u00edmite en Chile - Bariloche - Rafting Adventure<\/title>\n<meta name=\"description\" content=\"Viv\u00ed la adrenalina del rafting al l\u00edmite con Chile sin traslado. Aventura \u00fanica desde Bariloche entre r\u00e1pidos, naturaleza y pura emoci\u00f3n.\" \/>\n<meta name=\"robots\" content=\"index, follow, max-snippet:-1, max-image-preview:large, max-video-preview:-1\" \/>\n<link rel=\"canonical\" href=\"https:\/\/raftingadventure.com\/en\/product\/rafting-to-the-limit-chile\/\" \/>\n<meta property=\"og:locale\" content=\"en_US\" \/>\n<meta property=\"og:type\" content=\"article\" \/>\n<meta property=\"og:title\" content=\"Rafting al l\u00edmite con Chile Sin traslado\" \/>\n<meta property=\"og:description\" content=\"Viv\u00ed la adrenalina del rafting al l\u00edmite con Chile sin traslado. Aventura \u00fanica desde Bariloche entre r\u00e1pidos, naturaleza y pura emoci\u00f3n.\" \/>\n<meta property=\"og:url\" content=\"https:\/\/raftingadventure.com\/en\/product\/rafting-to-the-limit-chile\/\" \/>\n<meta property=\"og:site_name\" content=\"Rafting Adventure\" \/>\n<meta property=\"article:modified_time\" content=\"2026-03-31T15:16:09+00:00\" \/>\n<meta property=\"og:image\" content=\"https:\/\/raftingadventure.com\/wp-content\/uploads\/sites\/4\/2025\/08\/9-B-animate-a-hacer-rafting.jpg\" \/>\n\t<meta property=\"og:image:width\" content=\"850\" \/>\n\t<meta property=\"og:image:height\" content=\"1133\" \/>\n\t<meta property=\"og:image:type\" content=\"image\/jpeg\" \/>\n<meta name=\"twitter:card\" content=\"summary_large_image\" \/>\n<meta name=\"twitter:label1\" content=\"Price\" \/>\n\t<meta name=\"twitter:data1\" content=\"&#036;140,400.00\" \/>\n\t<meta name=\"twitter:label2\" content=\"Availability\" \/>\n\t<meta name=\"twitter:data2\" content=\"In stock\" \/>\n<script type=\"application\/ld+json\" class=\"yoast-schema-graph\">{\"@context\":\"https:\/\/schema.org\",\"@graph\":[{\"@type\":\"WebPage\",\"@id\":\"https:\/\/raftingadventure.com\/product\/rafting-al-limite-chile\/\",\"url\":\"https:\/\/raftingadventure.com\/product\/rafting-al-limite-chile\/\",\"name\":\"Rafting al l\u00edmite en Chile - Bariloche - Rafting Adventure\",\"isPartOf\":{\"@id\":\"https:\/\/raftingadventure.com\/#website\"},\"primaryImageOfPage\":{\"@id\":\"https:\/\/raftingadventure.com\/product\/rafting-al-limite-chile\/#primaryimage\"},\"image\":{\"@id\":\"https:\/\/raftingadventure.com\/product\/rafting-al-limite-chile\/#primaryimage\"},\"thumbnailUrl\":\"https:\/\/raftingadventure.com\/wp-content\/uploads\/sites\/4\/2025\/08\/9-D-GOPR1043-1-scaled.jpg\",\"datePublished\":\"2025-08-18T14:02:36+00:00\",\"dateModified\":\"2026-03-31T15:16:09+00:00\",\"description\":\"Viv\u00ed la adrenalina del rafting al l\u00edmite con Chile sin traslado. Aventura \u00fanica desde Bariloche entre r\u00e1pidos, naturaleza y pura emoci\u00f3n.\",\"breadcrumb\":{\"@id\":\"https:\/\/raftingadventure.com\/product\/rafting-al-limite-chile\/#breadcrumb\"},\"inLanguage\":\"en-US\",\"potentialAction\":[{\"@type\":\"ReadAction\",\"target\":[\"https:\/\/raftingadventure.com\/product\/rafting-al-limite-chile\/\"]}]},{\"@type\":\"ImageObject\",\"inLanguage\":\"en-US\",\"@id\":\"https:\/\/raftingadventure.com\/product\/rafting-al-limite-chile\/#primaryimage\",\"url\":\"https:\/\/raftingadventure.com\/wp-content\/uploads\/sites\/4\/2025\/08\/9-D-GOPR1043-1-scaled.jpg\",\"contentUrl\":\"https:\/\/raftingadventure.com\/wp-content\/uploads\/sites\/4\/2025\/08\/9-D-GOPR1043-1-scaled.jpg\",\"width\":1920,\"height\":2560},{\"@type\":\"BreadcrumbList\",\"@id\":\"https:\/\/raftingadventure.com\/product\/rafting-al-limite-chile\/#breadcrumb\",\"itemListElement\":[{\"@type\":\"ListItem\",\"position\":1,\"name\":\"Inicio\",\"item\":\"https:\/\/raftingadventure.com\/\"},{\"@type\":\"ListItem\",\"position\":2,\"name\":\"Rafting Adventure desde 1993 pioneros en aventura.\",\"item\":\"https:\/\/raftingadventure.com\/shop\/\"},{\"@type\":\"ListItem\",\"position\":3,\"name\":\"Rafting al l\u00edmite con Chile Sin traslado\"}]},{\"@type\":\"WebSite\",\"@id\":\"https:\/\/raftingadventure.com\/#website\",\"url\":\"https:\/\/raftingadventure.com\/\",\"name\":\"Rafting Adventure\",\"description\":\"Desde 1993 lideres en Rafting\",\"publisher\":{\"@id\":\"https:\/\/raftingadventure.com\/#organization\"},\"potentialAction\":[{\"@type\":\"SearchAction\",\"target\":{\"@type\":\"EntryPoint\",\"urlTemplate\":\"https:\/\/raftingadventure.com\/?s={search_term_string}\"},\"query-input\":{\"@type\":\"PropertyValueSpecification\",\"valueRequired\":true,\"valueName\":\"search_term_string\"}}],\"inLanguage\":\"en-US\"},{\"@type\":\"Organization\",\"@id\":\"https:\/\/raftingadventure.com\/#organization\",\"name\":\"Rafting Adventure\",\"url\":\"https:\/\/raftingadventure.com\/\",\"logo\":{\"@type\":\"ImageObject\",\"inLanguage\":\"en-US\",\"@id\":\"https:\/\/raftingadventure.com\/#\/schema\/logo\/image\/\",\"url\":\"https:\/\/raftingadventure.com\/wp-content\/uploads\/sites\/4\/2025\/08\/512-x-512-rafting-adventure-out-color-1.svg\",\"contentUrl\":\"https:\/\/raftingadventure.com\/wp-content\/uploads\/sites\/4\/2025\/08\/512-x-512-rafting-adventure-out-color-1.svg\",\"width\":512,\"height\":512,\"caption\":\"Rafting Adventure\"},\"image\":{\"@id\":\"https:\/\/raftingadventure.com\/#\/schema\/logo\/image\/\"}}]}<\/script>\n<meta property=\"product:price:amount\" content=\"140400.00\" \/>\n<meta property=\"product:price:currency\" content=\"ARS\" \/>\n<meta property=\"og:availability\" content=\"instock\" \/>\n<meta property=\"product:availability\" content=\"instock\" \/>\n<meta property=\"product:retailer_item_id\" content=\"ADV2025RAALL\u00cd530P\" \/>\n<meta property=\"product:condition\" content=\"new\" \/>\n<!-- \/ Yoast SEO Premium plugin. -->","yoast_head_json":{"title":"Rafting to the limit in Chile - Bariloche - Rafting Adventure","description":"Experience the adrenaline of rafting at the border with Chile without transfer. A unique adventure from Bariloche among rapids, nature and pure emotion.","robots":{"index":"index","follow":"follow","max-snippet":"max-snippet:-1","max-image-preview":"max-image-preview:large","max-video-preview":"max-video-preview:-1"},"canonical":"https:\/\/raftingadventure.com\/en\/product\/rafting-to-the-limit-chile\/","og_locale":"en_US","og_type":"article","og_title":"Rafting al l\u00edmite con Chile Sin traslado","og_description":"Viv\u00ed la adrenalina del rafting al l\u00edmite con Chile sin traslado. Aventura \u00fanica desde Bariloche entre r\u00e1pidos, naturaleza y pura emoci\u00f3n.","og_url":"https:\/\/raftingadventure.com\/en\/product\/rafting-to-the-limit-chile\/","og_site_name":"Rafting Adventure","article_modified_time":"2026-03-31T15:16:09+00:00","og_image":[{"width":850,"height":1133,"url":"https:\/\/raftingadventure.com\/wp-content\/uploads\/sites\/4\/2025\/08\/9-B-animate-a-hacer-rafting.jpg","type":"image\/jpeg"}],"twitter_card":"summary_large_image","twitter_misc":{"Price":"&#36;140,400.00","Availability":"In stock"},"schema":{"@context":"https:\/\/schema.org","@graph":[{"@type":"WebPage","@id":"https:\/\/raftingadventure.com\/product\/rafting-al-limite-chile\/","url":"https:\/\/raftingadventure.com\/product\/rafting-al-limite-chile\/","name":"Rafting to the limit in Chile - Bariloche - Rafting Adventure","isPartOf":{"@id":"https:\/\/raftingadventure.com\/#website"},"primaryImageOfPage":{"@id":"https:\/\/raftingadventure.com\/product\/rafting-al-limite-chile\/#primaryimage"},"image":{"@id":"https:\/\/raftingadventure.com\/product\/rafting-al-limite-chile\/#primaryimage"},"thumbnailUrl":"https:\/\/raftingadventure.com\/wp-content\/uploads\/sites\/4\/2025\/08\/9-D-GOPR1043-1-scaled.jpg","datePublished":"2025-08-18T14:02:36+00:00","dateModified":"2026-03-31T15:16:09+00:00","description":"Experience the adrenaline of rafting at the border with Chile without transfer. A unique adventure from Bariloche among rapids, nature and pure emotion.","breadcrumb":{"@id":"https:\/\/raftingadventure.com\/product\/rafting-al-limite-chile\/#breadcrumb"},"inLanguage":"en-US","potentialAction":[{"@type":"ReadAction","target":["https:\/\/raftingadventure.com\/product\/rafting-al-limite-chile\/"]}]},{"@type":"ImageObject","inLanguage":"en-US","@id":"https:\/\/raftingadventure.com\/product\/rafting-al-limite-chile\/#primaryimage","url":"https:\/\/raftingadventure.com\/wp-content\/uploads\/sites\/4\/2025\/08\/9-D-GOPR1043-1-scaled.jpg","contentUrl":"https:\/\/raftingadventure.com\/wp-content\/uploads\/sites\/4\/2025\/08\/9-D-GOPR1043-1-scaled.jpg","width":1920,"height":2560},{"@type":"BreadcrumbList","@id":"https:\/\/raftingadventure.com\/product\/rafting-al-limite-chile\/#breadcrumb","itemListElement":[{"@type":"ListItem","position":1,"name":"Inicio","item":"https:\/\/raftingadventure.com\/"},{"@type":"ListItem","position":2,"name":"Rafting Adventure desde 1993 pioneros en aventura.","item":"https:\/\/raftingadventure.com\/shop\/"},{"@type":"ListItem","position":3,"name":"Rafting al l\u00edmite con Chile Sin traslado"}]},{"@type":"WebSite","@id":"https:\/\/raftingadventure.com\/#website","url":"https:\/\/raftingadventure.com\/","name":"Rafting Adventure","description":"Since 1993 leaders in Rafting","publisher":{"@id":"https:\/\/raftingadventure.com\/#organization"},"potentialAction":[{"@type":"SearchAction","target":{"@type":"EntryPoint","urlTemplate":"https:\/\/raftingadventure.com\/?s={search_term_string}"},"query-input":{"@type":"PropertyValueSpecification","valueRequired":true,"valueName":"search_term_string"}}],"inLanguage":"en-US"},{"@type":"Organization","@id":"https:\/\/raftingadventure.com\/#organization","name":"Rafting Adventure","url":"https:\/\/raftingadventure.com\/","logo":{"@type":"ImageObject","inLanguage":"en-US","@id":"https:\/\/raftingadventure.com\/#\/schema\/logo\/image\/","url":"https:\/\/raftingadventure.com\/wp-content\/uploads\/sites\/4\/2025\/08\/512-x-512-rafting-adventure-out-color-1.svg","contentUrl":"https:\/\/raftingadventure.com\/wp-content\/uploads\/sites\/4\/2025\/08\/512-x-512-rafting-adventure-out-color-1.svg","width":512,"height":512,"caption":"Rafting Adventure"},"image":{"@id":"https:\/\/raftingadventure.com\/#\/schema\/logo\/image\/"}}]},"product_price_amount":"140400.00","product_price_currency":"ARS","og_availability":"instock","product_availability":"instock","product_retailer_item_id":"ADV2025RAALL\u00cd530P","product_condition":"new"},"_links":{"self":[{"href":"https:\/\/raftingadventure.com\/en\/wp-json\/wp\/v2\/product\/378035","targetHints":{"allow":["GET"]}}],"collection":[{"href":"https:\/\/raftingadventure.com\/en\/wp-json\/wp\/v2\/product"}],"about":[{"href":"https:\/\/raftingadventure.com\/en\/wp-json\/wp\/v2\/types\/product"}],"replies":[{"embeddable":true,"href":"https:\/\/raftingadventure.com\/en\/wp-json\/wp\/v2\/comments?post=378035"}],"wp:featuredmedia":[{"embeddable":true,"href":"https:\/\/raftingadventure.com\/en\/wp-json\/wp\/v2\/media\/378384"}],"wp:attachment":[{"href":"https:\/\/raftingadventure.com\/en\/wp-json\/wp\/v2\/media?parent=378035"}],"wp:term":[{"taxonomy":"product_brand","embeddable":true,"href":"https:\/\/raftingadventure.com\/en\/wp-json\/wp\/v2\/product_brand?post=378035"},{"taxonomy":"product_cat","embeddable":true,"href":"https:\/\/raftingadventure.com\/en\/wp-json\/wp\/v2\/product_cat?post=378035"},{"taxonomy":"product_tag","embeddable":true,"href":"https:\/\/raftingadventure.com\/en\/wp-json\/wp\/v2\/product_tag?post=378035"}],"curies":[{"name":"wp","href":"https:\/\/api.w.org\/{rel}","templated":true}]}}