{"id":378039,"date":"2025-08-18T11:04:17","date_gmt":"2025-08-18T14:04:17","guid":{"rendered":"https:\/\/raftingadventure.com\/product\/cabalgata-por-coihues-paseo-a-caballo-en-medio-de-la-naturaleza-patagonica\/"},"modified":"2026-03-31T12:16:09","modified_gmt":"2026-03-31T15:16:09","slug":"cabalgata-cerro-lopez-bariloche","status":"publish","type":"product","link":"https:\/\/raftingadventure.com\/en\/product\/horseback-riding-cerro-lopez-bariloche\/","title":{"rendered":"Horseback riding with a view of Cerro Lopez - Adventure among the forests and viewpoints of the Circuito Chico."},"content":{"rendered":"<h2 class=\"ai-optimize-6\">Horseback riding with views of Cerro Lopez. Nature, fresh air and adventure in the heart of Patagonia.<\/h2>\n<p class=\"ai-optimize-25 ai-optimize-introduction\" data-start=\"852\" data-end=\"1152\">This horseback ride takes you through mountain trails with <strong data-start=\"1037\" data-end=\"1077\">spectacular views of Cerro Lopez<\/strong>, in an environment where the energy of nature can be felt at every step.<\/p>\n<p class=\"ai-optimize-26\" data-start=\"1154\" data-end=\"1466\">The tour begins with a transfer from downtown Bariloche to the mountain camp. There, local guides prepare the horses according to the level of each participant.<br data-start=\"1330\" data-end=\"1333\" \/>During the walk, the trails open up between meadows and natural viewpoints, with unique postcards of the <strong>Moreno Lake<\/strong> and the <strong>Nahuel Huapi.<\/strong><\/p>\n<p class=\"ai-optimize-27\" data-start=\"1468\" data-end=\"1681\">The day ends in a rural inn, with the aroma of firewood and homemade fried cakes, a classic Patagonian flavor.<br data-start=\"1579\" data-end=\"1582\" \/>A perfect activity for those who enjoy the outdoors, the scenery and the spirit of adventure.<\/p>\n<p class=\"ai-optimize-28\" data-start=\"1683\" data-end=\"1841\"><strong data-start=\"1683\" data-end=\"1695\">Includes:<\/strong> Guided horseback riding, equipment and transfers from downtown Bariloche.<br data-start=\"1768\" data-end=\"1771\" \/><strong data-start=\"1771\" data-end=\"1786\">Does not include:<\/strong> Meals and beverages (optional at the rural inn).<\/p>\n<p class=\"ai-optimize-29\" data-start=\"1843\" data-end=\"1974\"><strong data-start=\"1843\" data-end=\"1867\">Frequently Asked Questions<\/strong><br data-start=\"1867\" data-end=\"1870\" \/><strong>Do I need previous experience?<\/strong><br data-start=\"1899\" data-end=\"1902\" \/>No, the horses are gentle and the course is suitable for beginners.<\/p>\n<p class=\"ai-optimize-30\" data-start=\"1976\" data-end=\"2077\"><strong>What should I bring?<\/strong><br data-start=\"1993\" data-end=\"1996\" \/>Comfortable clothes, long pants, closed shoes, light coat and sunscreen.<\/p>\n<p class=\"ai-optimize-31\" data-start=\"2079\" data-end=\"2149\"><strong>Can children attend?<\/strong><br data-start=\"2096\" data-end=\"2099\" \/>Yes, from 5 years old, accompanied by an adult.<\/p>","protected":false},"excerpt":{"rendered":"<p class=\"ai-optimize-6\">Horseback riding with views of Cerro Lopez. Nature, fresh air and adventure in the heart of Patagonia.<\/p>","protected":false},"featured_media":378142,"comment_status":"open","ping_status":"closed","template":"","meta":[],"product_brand":[],"product_cat":[52,54,56,57,63,68,72],"product_tag":[],"class_list":{"0":"post-378039","1":"product","2":"type-product","3":"status-publish","4":"has-post-thumbnail","6":"product_cat-adultos","7":"product_cat-aventura","8":"product_cat-con-traslado","9":"product_cat-familia","10":"product_cat-ninos","11":"product_cat-sin-comida","12":"product_cat-todo-el-ano","14":"first","15":"instock","16":"virtual","17":"sold-individually","18":"purchasable","19":"product-type-booking"},"booking_location":"","booking_location_type":"","booking_duration":1,"booking_duration_unit":"hour","booking_buffer":0,"booking_cost":0,"booking_resources":[],"exclude_global_add_ons":false,"addons":[{"name":"STD | Passengers","type":"input_multiplier","position":0,"required":false,"title_format":"label","default":"","description_enable":false,"description":"","placeholder_enable":false,"placeholder":"","display":"select","restrictions_type":"any_text","adjust_price":true,"price":"119400","price_type":"quantity_based","restrictions":false,"min":"0","max":"0","options":[],"id":1773235029},{"name":"EXTRA | Companion","type":"input_multiplier","position":1,"required":false,"title_format":"label","default":"","description_enable":false,"description":"","placeholder_enable":false,"placeholder":"","display":"select","restrictions_type":"any_text","adjust_price":true,"price":"65700","price_type":"quantity_based","restrictions":false,"min":"0","max":"0","options":[],"id":1773235030}],"yoast_head":"<!-- This site is optimized with the Yoast SEO Premium plugin v25.2 (Yoast SEO v25.2) - https:\/\/yoast.com\/wordpress\/plugins\/seo\/ -->\n<title>Otra aventura: Cabalgata al Cerro L\u00f3pez | Bariloche Rafting Adventure<\/title>\n<meta name=\"description\" content=\"Sum\u00e1 otra aventura: cabalgata con vista al Cerro L\u00f3pez en Bariloche. Bosques, miradores y Circuito Chico. Gu\u00edas, cascos y seguridad total. Para tu viaje.\" \/>\n<meta name=\"robots\" content=\"index, follow, max-snippet:-1, max-image-preview:large, max-video-preview:-1\" \/>\n<link rel=\"canonical\" href=\"https:\/\/raftingadventure.com\/en\/product\/horseback-riding-cerro-lopez-bariloche\/\" \/>\n<meta property=\"og:locale\" content=\"en_US\" \/>\n<meta property=\"og:type\" content=\"article\" \/>\n<meta property=\"og:title\" content=\"Cabalgata con vista al Cerro L\u00f3pez - Aventura entre bosques y miradores del Circuito Chico\" \/>\n<meta property=\"og:description\" content=\"Sum\u00e1 otra aventura: cabalgata con vista al Cerro L\u00f3pez en Bariloche. Bosques, miradores y Circuito Chico. Gu\u00edas, cascos y seguridad total. Para tu viaje.\" \/>\n<meta property=\"og:url\" content=\"https:\/\/raftingadventure.com\/en\/product\/horseback-riding-cerro-lopez-bariloche\/\" \/>\n<meta property=\"og:site_name\" content=\"Rafting Adventure\" \/>\n<meta property=\"article:modified_time\" content=\"2026-03-31T15:16:09+00:00\" \/>\n<meta property=\"og:image\" content=\"https:\/\/raftingadventure.com\/wp-content\/uploads\/sites\/4\/2025\/08\/9-B-480464456_18468284425064189_2796921838361633146_n.jpg\" \/>\n\t<meta property=\"og:image:width\" content=\"850\" \/>\n\t<meta property=\"og:image:height\" content=\"1133\" \/>\n\t<meta property=\"og:image:type\" content=\"image\/jpeg\" \/>\n<meta name=\"twitter:card\" content=\"summary_large_image\" \/>\n<meta name=\"twitter:label1\" content=\"Price\" \/>\n\t<meta name=\"twitter:data1\" content=\"&#036;119,400.00\" \/>\n\t<meta name=\"twitter:label2\" content=\"Availability\" \/>\n\t<meta name=\"twitter:data2\" content=\"In stock\" \/>\n<script type=\"application\/ld+json\" class=\"yoast-schema-graph\">{\"@context\":\"https:\/\/schema.org\",\"@graph\":[{\"@type\":\"WebPage\",\"@id\":\"https:\/\/raftingadventure.com\/product\/cabalgata-cerro-lopez-bariloche\/\",\"url\":\"https:\/\/raftingadventure.com\/product\/cabalgata-cerro-lopez-bariloche\/\",\"name\":\"Otra aventura: Cabalgata al Cerro L\u00f3pez | Bariloche Rafting Adventure\",\"isPartOf\":{\"@id\":\"https:\/\/raftingadventure.com\/#website\"},\"primaryImageOfPage\":{\"@id\":\"https:\/\/raftingadventure.com\/product\/cabalgata-cerro-lopez-bariloche\/#primaryimage\"},\"image\":{\"@id\":\"https:\/\/raftingadventure.com\/product\/cabalgata-cerro-lopez-bariloche\/#primaryimage\"},\"thumbnailUrl\":\"https:\/\/raftingadventure.com\/wp-content\/uploads\/sites\/4\/2025\/08\/9-B-480464456_18468284425064189_2796921838361633146_n.jpg\",\"datePublished\":\"2025-08-18T14:04:17+00:00\",\"dateModified\":\"2026-03-31T15:16:09+00:00\",\"description\":\"Sum\u00e1 otra aventura: cabalgata con vista al Cerro L\u00f3pez en Bariloche. Bosques, miradores y Circuito Chico. Gu\u00edas, cascos y seguridad total. Para tu viaje.\",\"breadcrumb\":{\"@id\":\"https:\/\/raftingadventure.com\/product\/cabalgata-cerro-lopez-bariloche\/#breadcrumb\"},\"inLanguage\":\"en-US\",\"potentialAction\":[{\"@type\":\"ReadAction\",\"target\":[\"https:\/\/raftingadventure.com\/product\/cabalgata-cerro-lopez-bariloche\/\"]}]},{\"@type\":\"ImageObject\",\"inLanguage\":\"en-US\",\"@id\":\"https:\/\/raftingadventure.com\/product\/cabalgata-cerro-lopez-bariloche\/#primaryimage\",\"url\":\"https:\/\/raftingadventure.com\/wp-content\/uploads\/sites\/4\/2025\/08\/9-B-480464456_18468284425064189_2796921838361633146_n.jpg\",\"contentUrl\":\"https:\/\/raftingadventure.com\/wp-content\/uploads\/sites\/4\/2025\/08\/9-B-480464456_18468284425064189_2796921838361633146_n.jpg\",\"width\":850,\"height\":1133},{\"@type\":\"BreadcrumbList\",\"@id\":\"https:\/\/raftingadventure.com\/product\/cabalgata-cerro-lopez-bariloche\/#breadcrumb\",\"itemListElement\":[{\"@type\":\"ListItem\",\"position\":1,\"name\":\"Inicio\",\"item\":\"https:\/\/raftingadventure.com\/\"},{\"@type\":\"ListItem\",\"position\":2,\"name\":\"Rafting Adventure desde 1993 pioneros en aventura.\",\"item\":\"https:\/\/raftingadventure.com\/shop\/\"},{\"@type\":\"ListItem\",\"position\":3,\"name\":\"Cabalgata con vista al Cerro L\u00f3pez &#8211; Aventura entre bosques y miradores del Circuito Chico\"}]},{\"@type\":\"WebSite\",\"@id\":\"https:\/\/raftingadventure.com\/#website\",\"url\":\"https:\/\/raftingadventure.com\/\",\"name\":\"Rafting Adventure\",\"description\":\"Desde 1993 lideres en Rafting\",\"publisher\":{\"@id\":\"https:\/\/raftingadventure.com\/#organization\"},\"potentialAction\":[{\"@type\":\"SearchAction\",\"target\":{\"@type\":\"EntryPoint\",\"urlTemplate\":\"https:\/\/raftingadventure.com\/?s={search_term_string}\"},\"query-input\":{\"@type\":\"PropertyValueSpecification\",\"valueRequired\":true,\"valueName\":\"search_term_string\"}}],\"inLanguage\":\"en-US\"},{\"@type\":\"Organization\",\"@id\":\"https:\/\/raftingadventure.com\/#organization\",\"name\":\"Rafting Adventure\",\"url\":\"https:\/\/raftingadventure.com\/\",\"logo\":{\"@type\":\"ImageObject\",\"inLanguage\":\"en-US\",\"@id\":\"https:\/\/raftingadventure.com\/#\/schema\/logo\/image\/\",\"url\":\"https:\/\/raftingadventure.com\/wp-content\/uploads\/sites\/4\/2025\/08\/512-x-512-rafting-adventure-out-color-1.svg\",\"contentUrl\":\"https:\/\/raftingadventure.com\/wp-content\/uploads\/sites\/4\/2025\/08\/512-x-512-rafting-adventure-out-color-1.svg\",\"width\":512,\"height\":512,\"caption\":\"Rafting Adventure\"},\"image\":{\"@id\":\"https:\/\/raftingadventure.com\/#\/schema\/logo\/image\/\"}}]}<\/script>\n<meta property=\"product:price:amount\" content=\"119400.00\" \/>\n<meta property=\"product:price:currency\" content=\"ARS\" \/>\n<meta property=\"og:availability\" content=\"instock\" \/>\n<meta property=\"product:availability\" content=\"instock\" \/>\n<meta property=\"product:retailer_item_id\" content=\"ADV2025CAPOELTVE7\" \/>\n<meta property=\"product:condition\" content=\"new\" \/>\n<!-- \/ Yoast SEO Premium plugin. -->","yoast_head_json":{"title":"Another adventure: Horseback riding to Cerro L\u00f3pez | Bariloche Rafting Adventure","description":"Add another adventure: horseback riding with a view of Cerro Lopez in Bariloche. Forests, viewpoints and Circuito Chico. Guides, helmets and total security. For your trip.","robots":{"index":"index","follow":"follow","max-snippet":"max-snippet:-1","max-image-preview":"max-image-preview:large","max-video-preview":"max-video-preview:-1"},"canonical":"https:\/\/raftingadventure.com\/en\/product\/horseback-riding-cerro-lopez-bariloche\/","og_locale":"en_US","og_type":"article","og_title":"Cabalgata con vista al Cerro L\u00f3pez - Aventura entre bosques y miradores del Circuito Chico","og_description":"Sum\u00e1 otra aventura: cabalgata con vista al Cerro L\u00f3pez en Bariloche. Bosques, miradores y Circuito Chico. Gu\u00edas, cascos y seguridad total. Para tu viaje.","og_url":"https:\/\/raftingadventure.com\/en\/product\/horseback-riding-cerro-lopez-bariloche\/","og_site_name":"Rafting Adventure","article_modified_time":"2026-03-31T15:16:09+00:00","og_image":[{"width":850,"height":1133,"url":"https:\/\/raftingadventure.com\/wp-content\/uploads\/sites\/4\/2025\/08\/9-B-480464456_18468284425064189_2796921838361633146_n.jpg","type":"image\/jpeg"}],"twitter_card":"summary_large_image","twitter_misc":{"Price":"&#36;119,400.00","Availability":"In stock"},"schema":{"@context":"https:\/\/schema.org","@graph":[{"@type":"WebPage","@id":"https:\/\/raftingadventure.com\/product\/cabalgata-cerro-lopez-bariloche\/","url":"https:\/\/raftingadventure.com\/product\/cabalgata-cerro-lopez-bariloche\/","name":"Another adventure: Horseback riding to Cerro L\u00f3pez | Bariloche Rafting Adventure","isPartOf":{"@id":"https:\/\/raftingadventure.com\/#website"},"primaryImageOfPage":{"@id":"https:\/\/raftingadventure.com\/product\/cabalgata-cerro-lopez-bariloche\/#primaryimage"},"image":{"@id":"https:\/\/raftingadventure.com\/product\/cabalgata-cerro-lopez-bariloche\/#primaryimage"},"thumbnailUrl":"https:\/\/raftingadventure.com\/wp-content\/uploads\/sites\/4\/2025\/08\/9-B-480464456_18468284425064189_2796921838361633146_n.jpg","datePublished":"2025-08-18T14:04:17+00:00","dateModified":"2026-03-31T15:16:09+00:00","description":"Add another adventure: horseback riding with a view of Cerro Lopez in Bariloche. Forests, viewpoints and Circuito Chico. Guides, helmets and total security. For your trip.","breadcrumb":{"@id":"https:\/\/raftingadventure.com\/product\/cabalgata-cerro-lopez-bariloche\/#breadcrumb"},"inLanguage":"en-US","potentialAction":[{"@type":"ReadAction","target":["https:\/\/raftingadventure.com\/product\/cabalgata-cerro-lopez-bariloche\/"]}]},{"@type":"ImageObject","inLanguage":"en-US","@id":"https:\/\/raftingadventure.com\/product\/cabalgata-cerro-lopez-bariloche\/#primaryimage","url":"https:\/\/raftingadventure.com\/wp-content\/uploads\/sites\/4\/2025\/08\/9-B-480464456_18468284425064189_2796921838361633146_n.jpg","contentUrl":"https:\/\/raftingadventure.com\/wp-content\/uploads\/sites\/4\/2025\/08\/9-B-480464456_18468284425064189_2796921838361633146_n.jpg","width":850,"height":1133},{"@type":"BreadcrumbList","@id":"https:\/\/raftingadventure.com\/product\/cabalgata-cerro-lopez-bariloche\/#breadcrumb","itemListElement":[{"@type":"ListItem","position":1,"name":"Inicio","item":"https:\/\/raftingadventure.com\/"},{"@type":"ListItem","position":2,"name":"Rafting Adventure desde 1993 pioneros en aventura.","item":"https:\/\/raftingadventure.com\/shop\/"},{"@type":"ListItem","position":3,"name":"Cabalgata con vista al Cerro L\u00f3pez &#8211; Aventura entre bosques y miradores del Circuito Chico"}]},{"@type":"WebSite","@id":"https:\/\/raftingadventure.com\/#website","url":"https:\/\/raftingadventure.com\/","name":"Rafting Adventure","description":"Since 1993 leaders in Rafting","publisher":{"@id":"https:\/\/raftingadventure.com\/#organization"},"potentialAction":[{"@type":"SearchAction","target":{"@type":"EntryPoint","urlTemplate":"https:\/\/raftingadventure.com\/?s={search_term_string}"},"query-input":{"@type":"PropertyValueSpecification","valueRequired":true,"valueName":"search_term_string"}}],"inLanguage":"en-US"},{"@type":"Organization","@id":"https:\/\/raftingadventure.com\/#organization","name":"Rafting Adventure","url":"https:\/\/raftingadventure.com\/","logo":{"@type":"ImageObject","inLanguage":"en-US","@id":"https:\/\/raftingadventure.com\/#\/schema\/logo\/image\/","url":"https:\/\/raftingadventure.com\/wp-content\/uploads\/sites\/4\/2025\/08\/512-x-512-rafting-adventure-out-color-1.svg","contentUrl":"https:\/\/raftingadventure.com\/wp-content\/uploads\/sites\/4\/2025\/08\/512-x-512-rafting-adventure-out-color-1.svg","width":512,"height":512,"caption":"Rafting Adventure"},"image":{"@id":"https:\/\/raftingadventure.com\/#\/schema\/logo\/image\/"}}]},"product_price_amount":"119400.00","product_price_currency":"ARS","og_availability":"instock","product_availability":"instock","product_retailer_item_id":"ADV2025CAPOELTVE7","product_condition":"new"},"_links":{"self":[{"href":"https:\/\/raftingadventure.com\/en\/wp-json\/wp\/v2\/product\/378039","targetHints":{"allow":["GET"]}}],"collection":[{"href":"https:\/\/raftingadventure.com\/en\/wp-json\/wp\/v2\/product"}],"about":[{"href":"https:\/\/raftingadventure.com\/en\/wp-json\/wp\/v2\/types\/product"}],"replies":[{"embeddable":true,"href":"https:\/\/raftingadventure.com\/en\/wp-json\/wp\/v2\/comments?post=378039"}],"wp:featuredmedia":[{"embeddable":true,"href":"https:\/\/raftingadventure.com\/en\/wp-json\/wp\/v2\/media\/378142"}],"wp:attachment":[{"href":"https:\/\/raftingadventure.com\/en\/wp-json\/wp\/v2\/media?parent=378039"}],"wp:term":[{"taxonomy":"product_brand","embeddable":true,"href":"https:\/\/raftingadventure.com\/en\/wp-json\/wp\/v2\/product_brand?post=378039"},{"taxonomy":"product_cat","embeddable":true,"href":"https:\/\/raftingadventure.com\/en\/wp-json\/wp\/v2\/product_cat?post=378039"},{"taxonomy":"product_tag","embeddable":true,"href":"https:\/\/raftingadventure.com\/en\/wp-json\/wp\/v2\/product_tag?post=378039"}],"curies":[{"name":"wp","href":"https:\/\/api.w.org\/{rel}","templated":true}]}}