{"id":378043,"date":"2025-08-18T11:05:19","date_gmt":"2025-08-18T14:05:19","guid":{"rendered":"https:\/\/raftingadventure.com\/product\/puerto-blest-y-cascada-los-cantaros-con-traslado\/"},"modified":"2026-04-06T09:54:17","modified_gmt":"2026-04-06T12:54:17","slug":"puerto-blest-cascada-los-cantaros-traslado","status":"publish","type":"product","link":"https:\/\/raftingadventure.com\/en\/product\/puerto-blest-waterfall-los-cantaros-transfer\/","title":{"rendered":"Puerto Blest and \u201cLos Cantaros\u201d Waterfall with transfer"},"content":{"rendered":"<h2 class=\"ai-optimize-6\">Live the unique experience of Puerto Blest and the \u201cLos C\u00e1ntaros\u201d waterfall.\u201d<\/h2>\n<p class=\"ai-optimize-7 ai-optimize-introduction\">Let yourself be surprised by a different adventure in the Argentine Patagonia. When you choose your transfer, you will depart from the heart of Bariloche towards the emblematic Puerto Pa\u00f1uelo, just 25 km from downtown. Along the way, marvel at the astonishing beauty of the Andean landscape and the calm of the southern lakes.<\/p>\n<h3 class=\"ai-optimize-8\">A Journey That Remains in Memory<\/h3>\n<p class=\"ai-optimize-9\">Embark on a catamaran and get ready for a navigation of approximately one hour, ideal to relax and connect with nature. Visit the Centinela islet, a historical corner where the remains of the beloved Perito Moreno rest. The crossing ends at the footbridges to the impressive <strong>Los C\u00e1ntaros Waterfall<\/strong>, framed by majestic granite walls carved by ancient glaciers, showing the pure strength of the environment.<\/p>\n<h3 class=\"ai-optimize-10\">Puerto Blest and Its Wonders<\/h3>\n<ul>\n<li class=\"ai-optimize-11\"><strong>Bah\u00eda de Ensue\u00f1o:<\/strong> Delight yourself with the imposing landscapes of the bay and the unique green color of Lake Frias, fed by the thaws of the imposing Cerro Tronador.<\/li>\n<li class=\"ai-optimize-12\"><strong>Trails in the Valdivian Rainforest:<\/strong> As you walk through its ravines, you will be immersed in the heart of an incomparable biodiversity.<\/li>\n<\/ul>\n<h3 class=\"ai-optimize-13\">A Walk to Remember Forever<\/h3>\n<p class=\"ai-optimize-14\">The excursion closes with the return trip along the Blest Arm, while Cerro Tronador says goodbye in the rays of the sunset and gives you unforgettable postcards.<\/p>\n<h3 class=\"ai-optimize-15\">Relevant Information<\/h3>\n<ul>\n<li class=\"ai-optimize-16\"><strong>Schedule:<\/strong> From 9:00 to 17:00 approximately.<\/li>\n<li class=\"ai-optimize-17\"><strong>Includes:<\/strong> Transfer in and out, guided catamaran ride and guided walking tours through the forest.<\/li>\n<li class=\"ai-optimize-18\"><strong>Does not include:<\/strong> Meals (there is a variety to choose from during the day), entrance fees to National Parks and boarding fees.<\/li>\n<\/ul>\n<h3 class=\"ai-optimize-19\">Common Questions<\/h3>\n<h4 class=\"ai-optimize-20\">Is the excursion suitable for children and adults?<\/h4>\n<p class=\"ai-optimize-21\">Of course, it is a proposal designed for those who want to enjoy without age limits.<\/p>\n<h4 class=\"ai-optimize-22\">What clothing should I wear?<\/h4>\n<p class=\"ai-optimize-23\">The ideal is to dress comfortably and with safe footwear for walking, adding a jacket to be prepared for any weather.<\/p>\n<h4 class=\"ai-optimize-24\">Is access to the \u201cLos C\u00e1ntaros\u201d waterfall available all year round?<\/h4>\n<p class=\"ai-optimize-25\">In general, the excursion operates during all twelve months, although in winter it is suggested to check availability beforehand.<\/p>","protected":false},"excerpt":{"rendered":"<p class=\"ai-optimize-6\">Experience Puerto Blest and Los C\u00e1ntaros Waterfall with catamaran navigation and trails in the Valdivian rainforest. A unique experience in Patagonia.<\/p>","protected":false},"featured_media":378182,"comment_status":"open","ping_status":"closed","template":"","meta":[],"product_brand":[],"product_cat":[52,56,57,60,61,63,68,72],"product_tag":[],"class_list":{"0":"post-378043","1":"product","2":"type-product","3":"status-publish","4":"has-post-thumbnail","6":"product_cat-adultos","7":"product_cat-con-traslado","8":"product_cat-familia","9":"product_cat-jubilados","10":"product_cat-lacustre","11":"product_cat-ninos","12":"product_cat-sin-comida","13":"product_cat-todo-el-ano","15":"first","16":"instock","17":"virtual","18":"sold-individually","19":"purchasable","20":"product-type-booking"},"booking_location":"","booking_location_type":"","booking_duration":60,"booking_duration_unit":"minute","booking_buffer":0,"booking_cost":0,"booking_resources":[],"exclude_global_add_ons":false,"addons":[{"name":"ADU | Adult","type":"input_multiplier","position":0,"required":false,"title_format":"label","default":"","description_enable":false,"description":"","placeholder_enable":false,"placeholder":"","display":"select","restrictions_type":"any_text","adjust_price":true,"price":"158000","price_type":"quantity_based","restrictions":false,"min":"0","max":"0","options":[],"id":1773234438},{"name":"MEN512 | from 5 to 12","type":"input_multiplier","position":1,"required":false,"title_format":"label","default":"","description_enable":false,"description":"","placeholder_enable":false,"placeholder":"","display":"select","restrictions_type":"any_text","adjust_price":true,"price":"92000","price_type":"quantity_based","restrictions":false,"min":"0","max":"0","options":[],"id":1773234439},{"name":"ADUJ : Retired","type":"input_multiplier","position":2,"required":false,"title_format":"label","default":"","description_enable":false,"description":"","placeholder_enable":false,"placeholder":"","display":"select","restrictions_type":"any_text","adjust_price":true,"price":"92000","price_type":"quantity_based","restrictions":false,"min":"0","max":"0","options":[],"id":1773234440}],"yoast_head":"<!-- This site is optimized with the Yoast SEO Premium plugin v25.2 (Yoast SEO v25.2) - https:\/\/yoast.com\/wordpress\/plugins\/seo\/ -->\n<title>Puerto Blest y Cascada Los C\u00e1ntaros con traslado \u2013 Bariloche - Rafting Adventure<\/title>\n<meta name=\"description\" content=\"Excursi\u00f3n a Puerto Blest y Cascada Los C\u00e1ntaros. Navegaci\u00f3n y caminata en la selva valdiviana, una experiencia patag\u00f3nica inolvidable.\" \/>\n<meta name=\"robots\" content=\"index, follow, max-snippet:-1, max-image-preview:large, max-video-preview:-1\" \/>\n<link rel=\"canonical\" href=\"https:\/\/raftingadventure.com\/en\/product\/puerto-blest-waterfall-los-cantaros-transfer\/\" \/>\n<meta property=\"og:locale\" content=\"en_US\" \/>\n<meta property=\"og:type\" content=\"article\" \/>\n<meta property=\"og:title\" content=\"Puerto Blest y Cascada &quot;Los Cantaros&quot; con traslado\" \/>\n<meta property=\"og:description\" content=\"Excursi\u00f3n a Puerto Blest y Cascada Los C\u00e1ntaros. Navegaci\u00f3n y caminata en la selva valdiviana, una experiencia patag\u00f3nica inolvidable.\" \/>\n<meta property=\"og:url\" content=\"https:\/\/raftingadventure.com\/en\/product\/puerto-blest-waterfall-los-cantaros-transfer\/\" \/>\n<meta property=\"og:site_name\" content=\"Rafting Adventure\" \/>\n<meta property=\"article:modified_time\" content=\"2026-04-06T12:54:17+00:00\" \/>\n<meta property=\"og:image\" content=\"https:\/\/raftingadventure.com\/wp-content\/uploads\/sites\/4\/2025\/08\/9-B-cascada-de-los-cantaros-scaled-1.jpg\" \/>\n\t<meta property=\"og:image:width\" content=\"850\" \/>\n\t<meta property=\"og:image:height\" content=\"1133\" \/>\n\t<meta property=\"og:image:type\" content=\"image\/jpeg\" \/>\n<meta name=\"twitter:card\" content=\"summary_large_image\" \/>\n<meta name=\"twitter:label1\" content=\"Price\" \/>\n\t<meta name=\"twitter:data1\" content=\"&#036;158,000.00\" \/>\n\t<meta name=\"twitter:label2\" content=\"Availability\" \/>\n\t<meta name=\"twitter:data2\" content=\"In stock\" \/>\n<script type=\"application\/ld+json\" class=\"yoast-schema-graph\">{\"@context\":\"https:\/\/schema.org\",\"@graph\":[{\"@type\":\"WebPage\",\"@id\":\"https:\/\/raftingadventure.com\/product\/puerto-blest-cascada-los-cantaros-traslado\/\",\"url\":\"https:\/\/raftingadventure.com\/product\/puerto-blest-cascada-los-cantaros-traslado\/\",\"name\":\"Puerto Blest y Cascada Los C\u00e1ntaros con traslado \u2013 Bariloche - Rafting Adventure\",\"isPartOf\":{\"@id\":\"https:\/\/raftingadventure.com\/#website\"},\"primaryImageOfPage\":{\"@id\":\"https:\/\/raftingadventure.com\/product\/puerto-blest-cascada-los-cantaros-traslado\/#primaryimage\"},\"image\":{\"@id\":\"https:\/\/raftingadventure.com\/product\/puerto-blest-cascada-los-cantaros-traslado\/#primaryimage\"},\"thumbnailUrl\":\"https:\/\/raftingadventure.com\/wp-content\/uploads\/sites\/4\/2025\/08\/9-B-cascada-de-los-cantaros-scaled-1.jpg\",\"datePublished\":\"2025-08-18T14:05:19+00:00\",\"dateModified\":\"2026-04-06T12:54:17+00:00\",\"description\":\"Excursi\u00f3n a Puerto Blest y Cascada Los C\u00e1ntaros. Navegaci\u00f3n y caminata en la selva valdiviana, una experiencia patag\u00f3nica inolvidable.\",\"breadcrumb\":{\"@id\":\"https:\/\/raftingadventure.com\/product\/puerto-blest-cascada-los-cantaros-traslado\/#breadcrumb\"},\"inLanguage\":\"en-US\",\"potentialAction\":[{\"@type\":\"ReadAction\",\"target\":[\"https:\/\/raftingadventure.com\/product\/puerto-blest-cascada-los-cantaros-traslado\/\"]}]},{\"@type\":\"ImageObject\",\"inLanguage\":\"en-US\",\"@id\":\"https:\/\/raftingadventure.com\/product\/puerto-blest-cascada-los-cantaros-traslado\/#primaryimage\",\"url\":\"https:\/\/raftingadventure.com\/wp-content\/uploads\/sites\/4\/2025\/08\/9-B-cascada-de-los-cantaros-scaled-1.jpg\",\"contentUrl\":\"https:\/\/raftingadventure.com\/wp-content\/uploads\/sites\/4\/2025\/08\/9-B-cascada-de-los-cantaros-scaled-1.jpg\",\"width\":850,\"height\":1133},{\"@type\":\"BreadcrumbList\",\"@id\":\"https:\/\/raftingadventure.com\/product\/puerto-blest-cascada-los-cantaros-traslado\/#breadcrumb\",\"itemListElement\":[{\"@type\":\"ListItem\",\"position\":1,\"name\":\"Inicio\",\"item\":\"https:\/\/raftingadventure.com\/\"},{\"@type\":\"ListItem\",\"position\":2,\"name\":\"Rafting Adventure desde 1993 pioneros en aventura.\",\"item\":\"https:\/\/raftingadventure.com\/shop\/\"},{\"@type\":\"ListItem\",\"position\":3,\"name\":\"Puerto Blest y Cascada \u00abLos Cantaros\u00bb con traslado\"}]},{\"@type\":\"WebSite\",\"@id\":\"https:\/\/raftingadventure.com\/#website\",\"url\":\"https:\/\/raftingadventure.com\/\",\"name\":\"Rafting Adventure\",\"description\":\"Desde 1993 lideres en Rafting\",\"publisher\":{\"@id\":\"https:\/\/raftingadventure.com\/#organization\"},\"potentialAction\":[{\"@type\":\"SearchAction\",\"target\":{\"@type\":\"EntryPoint\",\"urlTemplate\":\"https:\/\/raftingadventure.com\/?s={search_term_string}\"},\"query-input\":{\"@type\":\"PropertyValueSpecification\",\"valueRequired\":true,\"valueName\":\"search_term_string\"}}],\"inLanguage\":\"en-US\"},{\"@type\":\"Organization\",\"@id\":\"https:\/\/raftingadventure.com\/#organization\",\"name\":\"Rafting Adventure\",\"url\":\"https:\/\/raftingadventure.com\/\",\"logo\":{\"@type\":\"ImageObject\",\"inLanguage\":\"en-US\",\"@id\":\"https:\/\/raftingadventure.com\/#\/schema\/logo\/image\/\",\"url\":\"https:\/\/raftingadventure.com\/wp-content\/uploads\/sites\/4\/2025\/08\/512-x-512-rafting-adventure-out-color-1.svg\",\"contentUrl\":\"https:\/\/raftingadventure.com\/wp-content\/uploads\/sites\/4\/2025\/08\/512-x-512-rafting-adventure-out-color-1.svg\",\"width\":512,\"height\":512,\"caption\":\"Rafting Adventure\"},\"image\":{\"@id\":\"https:\/\/raftingadventure.com\/#\/schema\/logo\/image\/\"}}]}<\/script>\n<meta property=\"product:price:amount\" content=\"158000.00\" \/>\n<meta property=\"product:price:currency\" content=\"ARS\" \/>\n<meta property=\"og:availability\" content=\"instock\" \/>\n<meta property=\"product:availability\" content=\"instock\" \/>\n<meta property=\"product:retailer_item_id\" content=\"ADV2025PUBLYCO2Q8\" \/>\n<meta property=\"product:condition\" content=\"new\" \/>\n<!-- \/ Yoast SEO Premium plugin. -->","yoast_head_json":{"title":"Puerto Blest and Los C\u00e1ntaros Waterfall with transfer - Bariloche - Rafting Adventure","description":"Excursion to Puerto Blest and Los C\u00e1ntaros waterfall. Sailing and hiking in the Valdivian rainforest, an unforgettable Patagonian experience.","robots":{"index":"index","follow":"follow","max-snippet":"max-snippet:-1","max-image-preview":"max-image-preview:large","max-video-preview":"max-video-preview:-1"},"canonical":"https:\/\/raftingadventure.com\/en\/product\/puerto-blest-waterfall-los-cantaros-transfer\/","og_locale":"en_US","og_type":"article","og_title":"Puerto Blest y Cascada \"Los Cantaros\" con traslado","og_description":"Excursi\u00f3n a Puerto Blest y Cascada Los C\u00e1ntaros. Navegaci\u00f3n y caminata en la selva valdiviana, una experiencia patag\u00f3nica inolvidable.","og_url":"https:\/\/raftingadventure.com\/en\/product\/puerto-blest-waterfall-los-cantaros-transfer\/","og_site_name":"Rafting Adventure","article_modified_time":"2026-04-06T12:54:17+00:00","og_image":[{"width":850,"height":1133,"url":"https:\/\/raftingadventure.com\/wp-content\/uploads\/sites\/4\/2025\/08\/9-B-cascada-de-los-cantaros-scaled-1.jpg","type":"image\/jpeg"}],"twitter_card":"summary_large_image","twitter_misc":{"Price":"&#36;158,000.00","Availability":"In stock"},"schema":{"@context":"https:\/\/schema.org","@graph":[{"@type":"WebPage","@id":"https:\/\/raftingadventure.com\/product\/puerto-blest-cascada-los-cantaros-traslado\/","url":"https:\/\/raftingadventure.com\/product\/puerto-blest-cascada-los-cantaros-traslado\/","name":"Puerto Blest and Los C\u00e1ntaros Waterfall with transfer - Bariloche - Rafting Adventure","isPartOf":{"@id":"https:\/\/raftingadventure.com\/#website"},"primaryImageOfPage":{"@id":"https:\/\/raftingadventure.com\/product\/puerto-blest-cascada-los-cantaros-traslado\/#primaryimage"},"image":{"@id":"https:\/\/raftingadventure.com\/product\/puerto-blest-cascada-los-cantaros-traslado\/#primaryimage"},"thumbnailUrl":"https:\/\/raftingadventure.com\/wp-content\/uploads\/sites\/4\/2025\/08\/9-B-cascada-de-los-cantaros-scaled-1.jpg","datePublished":"2025-08-18T14:05:19+00:00","dateModified":"2026-04-06T12:54:17+00:00","description":"Excursion to Puerto Blest and Los C\u00e1ntaros waterfall. Sailing and hiking in the Valdivian rainforest, an unforgettable Patagonian experience.","breadcrumb":{"@id":"https:\/\/raftingadventure.com\/product\/puerto-blest-cascada-los-cantaros-traslado\/#breadcrumb"},"inLanguage":"en-US","potentialAction":[{"@type":"ReadAction","target":["https:\/\/raftingadventure.com\/product\/puerto-blest-cascada-los-cantaros-traslado\/"]}]},{"@type":"ImageObject","inLanguage":"en-US","@id":"https:\/\/raftingadventure.com\/product\/puerto-blest-cascada-los-cantaros-traslado\/#primaryimage","url":"https:\/\/raftingadventure.com\/wp-content\/uploads\/sites\/4\/2025\/08\/9-B-cascada-de-los-cantaros-scaled-1.jpg","contentUrl":"https:\/\/raftingadventure.com\/wp-content\/uploads\/sites\/4\/2025\/08\/9-B-cascada-de-los-cantaros-scaled-1.jpg","width":850,"height":1133},{"@type":"BreadcrumbList","@id":"https:\/\/raftingadventure.com\/product\/puerto-blest-cascada-los-cantaros-traslado\/#breadcrumb","itemListElement":[{"@type":"ListItem","position":1,"name":"Inicio","item":"https:\/\/raftingadventure.com\/"},{"@type":"ListItem","position":2,"name":"Rafting Adventure desde 1993 pioneros en aventura.","item":"https:\/\/raftingadventure.com\/shop\/"},{"@type":"ListItem","position":3,"name":"Puerto Blest y Cascada \u00abLos Cantaros\u00bb con traslado"}]},{"@type":"WebSite","@id":"https:\/\/raftingadventure.com\/#website","url":"https:\/\/raftingadventure.com\/","name":"Rafting Adventure","description":"Since 1993 leaders in Rafting","publisher":{"@id":"https:\/\/raftingadventure.com\/#organization"},"potentialAction":[{"@type":"SearchAction","target":{"@type":"EntryPoint","urlTemplate":"https:\/\/raftingadventure.com\/?s={search_term_string}"},"query-input":{"@type":"PropertyValueSpecification","valueRequired":true,"valueName":"search_term_string"}}],"inLanguage":"en-US"},{"@type":"Organization","@id":"https:\/\/raftingadventure.com\/#organization","name":"Rafting Adventure","url":"https:\/\/raftingadventure.com\/","logo":{"@type":"ImageObject","inLanguage":"en-US","@id":"https:\/\/raftingadventure.com\/#\/schema\/logo\/image\/","url":"https:\/\/raftingadventure.com\/wp-content\/uploads\/sites\/4\/2025\/08\/512-x-512-rafting-adventure-out-color-1.svg","contentUrl":"https:\/\/raftingadventure.com\/wp-content\/uploads\/sites\/4\/2025\/08\/512-x-512-rafting-adventure-out-color-1.svg","width":512,"height":512,"caption":"Rafting Adventure"},"image":{"@id":"https:\/\/raftingadventure.com\/#\/schema\/logo\/image\/"}}]},"product_price_amount":"158000.00","product_price_currency":"ARS","og_availability":"instock","product_availability":"instock","product_retailer_item_id":"ADV2025PUBLYCO2Q8","product_condition":"new"},"_links":{"self":[{"href":"https:\/\/raftingadventure.com\/en\/wp-json\/wp\/v2\/product\/378043","targetHints":{"allow":["GET"]}}],"collection":[{"href":"https:\/\/raftingadventure.com\/en\/wp-json\/wp\/v2\/product"}],"about":[{"href":"https:\/\/raftingadventure.com\/en\/wp-json\/wp\/v2\/types\/product"}],"replies":[{"embeddable":true,"href":"https:\/\/raftingadventure.com\/en\/wp-json\/wp\/v2\/comments?post=378043"}],"wp:featuredmedia":[{"embeddable":true,"href":"https:\/\/raftingadventure.com\/en\/wp-json\/wp\/v2\/media\/378182"}],"wp:attachment":[{"href":"https:\/\/raftingadventure.com\/en\/wp-json\/wp\/v2\/media?parent=378043"}],"wp:term":[{"taxonomy":"product_brand","embeddable":true,"href":"https:\/\/raftingadventure.com\/en\/wp-json\/wp\/v2\/product_brand?post=378043"},{"taxonomy":"product_cat","embeddable":true,"href":"https:\/\/raftingadventure.com\/en\/wp-json\/wp\/v2\/product_cat?post=378043"},{"taxonomy":"product_tag","embeddable":true,"href":"https:\/\/raftingadventure.com\/en\/wp-json\/wp\/v2\/product_tag?post=378043"}],"curies":[{"name":"wp","href":"https:\/\/api.w.org\/{rel}","templated":true}]}}