{"id":378044,"date":"2025-08-18T11:05:50","date_gmt":"2025-08-18T14:05:50","guid":{"rendered":"https:\/\/raftingadventure.com\/product\/excursion-a-puerto-blest-y-lago-frias-con-traslado\/"},"modified":"2026-03-31T12:16:08","modified_gmt":"2026-03-31T15:16:08","slug":"puerto-blest-lago-frias-con-traslado","status":"publish","type":"product","link":"https:\/\/raftingadventure.com\/en\/product\/puerto-blest-lake-frias-with-transfer\/","title":{"rendered":"Excursion to Puerto Blest and Lake Frias with transfer"},"content":{"rendered":"<h2 class=\"ai-optimize-22\">Experience the Greatness of Puerto Blest and the \u201cLos C\u00e1ntaros\u201d waterfall.\u201d<\/h2>\n<p class=\"ai-optimize-23 ai-optimize-introduction\">Come and discover a unique experience starting from the enchanting <strong>Puerto Pa\u00f1uelo<\/strong>, located a stone's throw from downtown San Carlos de Bariloche. In a boat trip that lasts about sixty minutes, you will access the famous <strong>Sentinel Islet<\/strong>, where the renowned Perito Moreno, a key figure in our history, lies.<\/p>\n<p class=\"ai-optimize-24\">Afterwards, we continue towards a network of footbridges that will allow you to enjoy a unique perspective over the imposing <strong>Los C\u00e1ntaros Waterfall<\/strong>. This natural spectacle is surrounded by imposing rock formations and hides a thousand-year-old larch, silent witness of more than 1500 years.<\/p>\n<h3 class=\"ai-optimize-25\">Panoramic Navigation on the Lake<\/h3>\n<p class=\"ai-optimize-26\">Get on board a state-of-the-art catamaran and delight yourself with <strong>unique views of Nahuel Huapi lake<\/strong> the formidable peaks of the <strong>Andes mountain range<\/strong>. Feel the magic of the islands and the unique scenarios that invite you to daydream.<\/p>\n<h2 class=\"ai-optimize-27\">Discover Lake Frias: A Hidden Treasure<\/h2>\n<p class=\"ai-optimize-28\">When you arrive in Puerto Blest, chosen by travelers from around the world, you will be amazed by the enigmatic beauty of the <strong>Lake Frias<\/strong>, with its emerald green color, the result of the sediments dragged by the glacier of Cerro Tronador.<\/p>\n<p class=\"ai-optimize-29\">If you want to stretch out the adventure, a short 3 km bus ride takes you to <strong>Puerto Alegre<\/strong>, where you will embark to get even closer to its hypnotic waters.<\/p>\n<h3 class=\"ai-optimize-30\">Diverse Options for your Fun<\/h3>\n<ul>\n<li class=\"ai-optimize-31\">Guided walking tours through the Valdivian rainforest: a paradise of living nature and dazzling diversity.<\/li>\n<li class=\"ai-optimize-32\">Catamaran rides on the peaceful Frias Lake, discovering incredible postcards at every moment.<\/li>\n<\/ul>\n<h2 class=\"ai-optimize-33\">Key Details of the Excursion<\/h2>\n<ul>\n<li class=\"ai-optimize-34\"><strong>Duration:<\/strong> From 9:00 to 17:00 approximately.<\/li>\n<li class=\"ai-optimize-35\"><strong>Includes:<\/strong> Round trip transfers, guides specialized in navigation and trekking.<\/li>\n<li class=\"ai-optimize-36\"><strong>Does not include:<\/strong> Meals (available at local inns) and entrance to National Parks.<\/li>\n<\/ul>\n<h2 class=\"ai-optimize-37\">Frequently Asked Questions<\/h2>\n<ul>\n<li class=\"ai-optimize-38\"><strong>How do I pay for access to National Parks?<\/strong><br \/>\nThe cost is payable the same day of the excursion in Puerto Pa\u00f1uelo, only in cash and Argentine pesos. Locals and children under five years old are eligible for benefits.<\/li>\n<li class=\"ai-optimize-39\"><strong>Are there bonuses for foreign retirees?<\/strong><br \/>\nNo, discounts are only granted to Argentine retirees with a valid ID card when boarding.<\/li>\n<li class=\"ai-optimize-40\"><strong>Is it possible to bring food from home?<\/strong><br \/>\nYes, you are allowed to bring your own food or buy food both on board and in the destinations you visit.<\/li>\n<li class=\"ai-optimize-41\"><strong>Which vessel performs the tour?<\/strong><br \/>\nThe historic Modesta Victoria is generally used, but may change without notice depending on availability or conditions.<\/li>\n<li class=\"ai-optimize-42\"><strong>Is it possible to add other excursions?<\/strong><br \/>\nYes, especially if your reservation is in the afternoon. It is highly recommended to complement it with the Circuito Chico and make the most of the day.<\/li>\n<\/ul>","protected":false},"excerpt":{"rendered":"<p class=\"ai-optimize-6\">Enjoy a unique experience in Puerto Blest and the \u201cLos C\u00e1ntaros\u201d waterfall. Go on a nautical excursion and marvel at the unique scenery of Lake Frias. Get your ticket now and connect with nature in its maximum splendor.<\/p>","protected":false},"featured_media":378186,"comment_status":"open","ping_status":"closed","template":"","meta":[],"product_brand":[],"product_cat":[52,56,57,60,61,63,68,72],"product_tag":[],"class_list":{"0":"post-378044","1":"product","2":"type-product","3":"status-publish","4":"has-post-thumbnail","6":"product_cat-adultos","7":"product_cat-con-traslado","8":"product_cat-familia","9":"product_cat-jubilados","10":"product_cat-lacustre","11":"product_cat-ninos","12":"product_cat-sin-comida","13":"product_cat-todo-el-ano","15":"first","16":"instock","17":"virtual","18":"sold-individually","19":"purchasable","20":"product-type-booking"},"booking_location":"","booking_location_type":"","booking_duration":60,"booking_duration_unit":"minute","booking_buffer":0,"booking_cost":0,"booking_resources":[],"exclude_global_add_ons":false,"addons":[{"name":"ADU | Adult","type":"input_multiplier","position":0,"required":true,"title_format":"label","default":"","description_enable":false,"description":"","placeholder_enable":false,"placeholder":"","display":"select","restrictions_type":"any_text","adjust_price":true,"price":"212000","price_type":"quantity_based","restrictions":false,"min":"0","max":"0","options":[],"id":1773233993},{"name":"MEN512 | from 5 to 12","type":"input_multiplier","position":1,"required":false,"title_format":"label","default":"","description_enable":false,"description":"","placeholder_enable":false,"placeholder":"","display":"select","restrictions_type":"any_text","adjust_price":true,"price":"119000","price_type":"quantity_based","restrictions":false,"min":"0","max":"0","options":[],"id":1773233994},{"name":"ADUJ : Retired","type":"input_multiplier","position":2,"required":false,"title_format":"label","default":"","description_enable":false,"description":"","placeholder_enable":false,"placeholder":"","display":"select","restrictions_type":"any_text","adjust_price":true,"price":"119000","price_type":"quantity_based","restrictions":false,"min":"0","max":"0","options":[],"id":1773233995}],"yoast_head":"<!-- This site is optimized with the Yoast SEO Premium plugin v25.2 (Yoast SEO v25.2) - https:\/\/yoast.com\/wordpress\/plugins\/seo\/ -->\n<title>Excursi\u00f3n a Puerto Blest y Lago Fr\u00edas con traslado - Rafting Adventure<\/title>\n<meta name=\"description\" content=\"Excursi\u00f3n a Puerto Blest y Lago Fr\u00edas con traslado desde Bariloche. Incluye navegaci\u00f3n, gu\u00eda y paisajes \u00fanicos de la Patagonia. \u00a1Reserv\u00e1 hoy!\" \/>\n<meta name=\"robots\" content=\"index, follow, max-snippet:-1, max-image-preview:large, max-video-preview:-1\" \/>\n<link rel=\"canonical\" href=\"https:\/\/raftingadventure.com\/en\/product\/puerto-blest-lake-frias-with-transfer\/\" \/>\n<meta property=\"og:locale\" content=\"en_US\" \/>\n<meta property=\"og:type\" content=\"article\" \/>\n<meta property=\"og:title\" content=\"Excursi\u00f3n a Puerto Blest y Lago Fr\u00edas con traslado\" \/>\n<meta property=\"og:description\" content=\"Excursi\u00f3n a Puerto Blest y Lago Fr\u00edas con traslado desde Bariloche. Incluye navegaci\u00f3n, gu\u00eda y paisajes \u00fanicos de la Patagonia. \u00a1Reserv\u00e1 hoy!\" \/>\n<meta property=\"og:url\" content=\"https:\/\/raftingadventure.com\/en\/product\/puerto-blest-lake-frias-with-transfer\/\" \/>\n<meta property=\"og:site_name\" content=\"Rafting Adventure\" \/>\n<meta property=\"article:modified_time\" content=\"2026-03-31T15:16:08+00:00\" \/>\n<meta property=\"og:image\" content=\"https:\/\/raftingadventure.com\/wp-content\/uploads\/sites\/4\/2025\/08\/9-C-489276124_1119847133506473_8724781286453759920_n.jpg\" \/>\n\t<meta property=\"og:image:width\" content=\"850\" \/>\n\t<meta property=\"og:image:height\" content=\"1133\" \/>\n\t<meta property=\"og:image:type\" content=\"image\/jpeg\" \/>\n<meta name=\"twitter:card\" content=\"summary_large_image\" \/>\n<meta name=\"twitter:label1\" content=\"Price\" \/>\n\t<meta name=\"twitter:data1\" content=\"&#036;212,000.00\" \/>\n\t<meta name=\"twitter:label2\" content=\"Availability\" \/>\n\t<meta name=\"twitter:data2\" content=\"In stock\" \/>\n<script type=\"application\/ld+json\" class=\"yoast-schema-graph\">{\"@context\":\"https:\/\/schema.org\",\"@graph\":[{\"@type\":\"WebPage\",\"@id\":\"https:\/\/raftingadventure.com\/product\/puerto-blest-lago-frias-con-traslado\/\",\"url\":\"https:\/\/raftingadventure.com\/product\/puerto-blest-lago-frias-con-traslado\/\",\"name\":\"Excursi\u00f3n a Puerto Blest y Lago Fr\u00edas con traslado - Rafting Adventure\",\"isPartOf\":{\"@id\":\"https:\/\/raftingadventure.com\/#website\"},\"primaryImageOfPage\":{\"@id\":\"https:\/\/raftingadventure.com\/product\/puerto-blest-lago-frias-con-traslado\/#primaryimage\"},\"image\":{\"@id\":\"https:\/\/raftingadventure.com\/product\/puerto-blest-lago-frias-con-traslado\/#primaryimage\"},\"thumbnailUrl\":\"https:\/\/raftingadventure.com\/wp-content\/uploads\/sites\/4\/2025\/08\/9-C-489276124_1119847133506473_8724781286453759920_n.jpg\",\"datePublished\":\"2025-08-18T14:05:50+00:00\",\"dateModified\":\"2026-03-31T15:16:08+00:00\",\"description\":\"Excursi\u00f3n a Puerto Blest y Lago Fr\u00edas con traslado desde Bariloche. Incluye navegaci\u00f3n, gu\u00eda y paisajes \u00fanicos de la Patagonia. \u00a1Reserv\u00e1 hoy!\",\"breadcrumb\":{\"@id\":\"https:\/\/raftingadventure.com\/product\/puerto-blest-lago-frias-con-traslado\/#breadcrumb\"},\"inLanguage\":\"en-US\",\"potentialAction\":[{\"@type\":\"ReadAction\",\"target\":[\"https:\/\/raftingadventure.com\/product\/puerto-blest-lago-frias-con-traslado\/\"]}]},{\"@type\":\"ImageObject\",\"inLanguage\":\"en-US\",\"@id\":\"https:\/\/raftingadventure.com\/product\/puerto-blest-lago-frias-con-traslado\/#primaryimage\",\"url\":\"https:\/\/raftingadventure.com\/wp-content\/uploads\/sites\/4\/2025\/08\/9-C-489276124_1119847133506473_8724781286453759920_n.jpg\",\"contentUrl\":\"https:\/\/raftingadventure.com\/wp-content\/uploads\/sites\/4\/2025\/08\/9-C-489276124_1119847133506473_8724781286453759920_n.jpg\",\"width\":850,\"height\":1133},{\"@type\":\"BreadcrumbList\",\"@id\":\"https:\/\/raftingadventure.com\/product\/puerto-blest-lago-frias-con-traslado\/#breadcrumb\",\"itemListElement\":[{\"@type\":\"ListItem\",\"position\":1,\"name\":\"Inicio\",\"item\":\"https:\/\/raftingadventure.com\/\"},{\"@type\":\"ListItem\",\"position\":2,\"name\":\"Rafting Adventure desde 1993 pioneros en aventura.\",\"item\":\"https:\/\/raftingadventure.com\/shop\/\"},{\"@type\":\"ListItem\",\"position\":3,\"name\":\"Excursi\u00f3n a Puerto Blest y Lago Fr\u00edas con traslado\"}]},{\"@type\":\"WebSite\",\"@id\":\"https:\/\/raftingadventure.com\/#website\",\"url\":\"https:\/\/raftingadventure.com\/\",\"name\":\"Rafting Adventure\",\"description\":\"Desde 1993 lideres en Rafting\",\"publisher\":{\"@id\":\"https:\/\/raftingadventure.com\/#organization\"},\"potentialAction\":[{\"@type\":\"SearchAction\",\"target\":{\"@type\":\"EntryPoint\",\"urlTemplate\":\"https:\/\/raftingadventure.com\/?s={search_term_string}\"},\"query-input\":{\"@type\":\"PropertyValueSpecification\",\"valueRequired\":true,\"valueName\":\"search_term_string\"}}],\"inLanguage\":\"en-US\"},{\"@type\":\"Organization\",\"@id\":\"https:\/\/raftingadventure.com\/#organization\",\"name\":\"Rafting Adventure\",\"url\":\"https:\/\/raftingadventure.com\/\",\"logo\":{\"@type\":\"ImageObject\",\"inLanguage\":\"en-US\",\"@id\":\"https:\/\/raftingadventure.com\/#\/schema\/logo\/image\/\",\"url\":\"https:\/\/raftingadventure.com\/wp-content\/uploads\/sites\/4\/2025\/08\/512-x-512-rafting-adventure-out-color-1.svg\",\"contentUrl\":\"https:\/\/raftingadventure.com\/wp-content\/uploads\/sites\/4\/2025\/08\/512-x-512-rafting-adventure-out-color-1.svg\",\"width\":512,\"height\":512,\"caption\":\"Rafting Adventure\"},\"image\":{\"@id\":\"https:\/\/raftingadventure.com\/#\/schema\/logo\/image\/\"}}]}<\/script>\n<meta property=\"product:price:amount\" content=\"212000.00\" \/>\n<meta property=\"product:price:currency\" content=\"ARS\" \/>\n<meta property=\"og:availability\" content=\"instock\" \/>\n<meta property=\"product:availability\" content=\"instock\" \/>\n<meta property=\"product:retailer_item_id\" content=\"ADV2025PUBLYC9CR1\" \/>\n<meta property=\"product:condition\" content=\"new\" \/>\n<!-- \/ Yoast SEO Premium plugin. -->","yoast_head_json":{"title":"Excursion to Puerto Blest and Frias Lake with transfer - Rafting Adventure","description":"Excursion to Puerto Blest and Frias Lake with transfer from Bariloche. Includes navigation, guide and unique landscapes of Patagonia, book today!","robots":{"index":"index","follow":"follow","max-snippet":"max-snippet:-1","max-image-preview":"max-image-preview:large","max-video-preview":"max-video-preview:-1"},"canonical":"https:\/\/raftingadventure.com\/en\/product\/puerto-blest-lake-frias-with-transfer\/","og_locale":"en_US","og_type":"article","og_title":"Excursi\u00f3n a Puerto Blest y Lago Fr\u00edas con traslado","og_description":"Excursi\u00f3n a Puerto Blest y Lago Fr\u00edas con traslado desde Bariloche. Incluye navegaci\u00f3n, gu\u00eda y paisajes \u00fanicos de la Patagonia. \u00a1Reserv\u00e1 hoy!","og_url":"https:\/\/raftingadventure.com\/en\/product\/puerto-blest-lake-frias-with-transfer\/","og_site_name":"Rafting Adventure","article_modified_time":"2026-03-31T15:16:08+00:00","og_image":[{"width":850,"height":1133,"url":"https:\/\/raftingadventure.com\/wp-content\/uploads\/sites\/4\/2025\/08\/9-C-489276124_1119847133506473_8724781286453759920_n.jpg","type":"image\/jpeg"}],"twitter_card":"summary_large_image","twitter_misc":{"Price":"&#36;212,000.00","Availability":"In stock"},"schema":{"@context":"https:\/\/schema.org","@graph":[{"@type":"WebPage","@id":"https:\/\/raftingadventure.com\/product\/puerto-blest-lago-frias-con-traslado\/","url":"https:\/\/raftingadventure.com\/product\/puerto-blest-lago-frias-con-traslado\/","name":"Excursion to Puerto Blest and Frias Lake with transfer - Rafting Adventure","isPartOf":{"@id":"https:\/\/raftingadventure.com\/#website"},"primaryImageOfPage":{"@id":"https:\/\/raftingadventure.com\/product\/puerto-blest-lago-frias-con-traslado\/#primaryimage"},"image":{"@id":"https:\/\/raftingadventure.com\/product\/puerto-blest-lago-frias-con-traslado\/#primaryimage"},"thumbnailUrl":"https:\/\/raftingadventure.com\/wp-content\/uploads\/sites\/4\/2025\/08\/9-C-489276124_1119847133506473_8724781286453759920_n.jpg","datePublished":"2025-08-18T14:05:50+00:00","dateModified":"2026-03-31T15:16:08+00:00","description":"Excursion to Puerto Blest and Frias Lake with transfer from Bariloche. Includes navigation, guide and unique landscapes of Patagonia, book today!","breadcrumb":{"@id":"https:\/\/raftingadventure.com\/product\/puerto-blest-lago-frias-con-traslado\/#breadcrumb"},"inLanguage":"en-US","potentialAction":[{"@type":"ReadAction","target":["https:\/\/raftingadventure.com\/product\/puerto-blest-lago-frias-con-traslado\/"]}]},{"@type":"ImageObject","inLanguage":"en-US","@id":"https:\/\/raftingadventure.com\/product\/puerto-blest-lago-frias-con-traslado\/#primaryimage","url":"https:\/\/raftingadventure.com\/wp-content\/uploads\/sites\/4\/2025\/08\/9-C-489276124_1119847133506473_8724781286453759920_n.jpg","contentUrl":"https:\/\/raftingadventure.com\/wp-content\/uploads\/sites\/4\/2025\/08\/9-C-489276124_1119847133506473_8724781286453759920_n.jpg","width":850,"height":1133},{"@type":"BreadcrumbList","@id":"https:\/\/raftingadventure.com\/product\/puerto-blest-lago-frias-con-traslado\/#breadcrumb","itemListElement":[{"@type":"ListItem","position":1,"name":"Inicio","item":"https:\/\/raftingadventure.com\/"},{"@type":"ListItem","position":2,"name":"Rafting Adventure desde 1993 pioneros en aventura.","item":"https:\/\/raftingadventure.com\/shop\/"},{"@type":"ListItem","position":3,"name":"Excursi\u00f3n a Puerto Blest y Lago Fr\u00edas con traslado"}]},{"@type":"WebSite","@id":"https:\/\/raftingadventure.com\/#website","url":"https:\/\/raftingadventure.com\/","name":"Rafting Adventure","description":"Since 1993 leaders in Rafting","publisher":{"@id":"https:\/\/raftingadventure.com\/#organization"},"potentialAction":[{"@type":"SearchAction","target":{"@type":"EntryPoint","urlTemplate":"https:\/\/raftingadventure.com\/?s={search_term_string}"},"query-input":{"@type":"PropertyValueSpecification","valueRequired":true,"valueName":"search_term_string"}}],"inLanguage":"en-US"},{"@type":"Organization","@id":"https:\/\/raftingadventure.com\/#organization","name":"Rafting Adventure","url":"https:\/\/raftingadventure.com\/","logo":{"@type":"ImageObject","inLanguage":"en-US","@id":"https:\/\/raftingadventure.com\/#\/schema\/logo\/image\/","url":"https:\/\/raftingadventure.com\/wp-content\/uploads\/sites\/4\/2025\/08\/512-x-512-rafting-adventure-out-color-1.svg","contentUrl":"https:\/\/raftingadventure.com\/wp-content\/uploads\/sites\/4\/2025\/08\/512-x-512-rafting-adventure-out-color-1.svg","width":512,"height":512,"caption":"Rafting Adventure"},"image":{"@id":"https:\/\/raftingadventure.com\/#\/schema\/logo\/image\/"}}]},"product_price_amount":"212000.00","product_price_currency":"ARS","og_availability":"instock","product_availability":"instock","product_retailer_item_id":"ADV2025PUBLYC9CR1","product_condition":"new"},"_links":{"self":[{"href":"https:\/\/raftingadventure.com\/en\/wp-json\/wp\/v2\/product\/378044","targetHints":{"allow":["GET"]}}],"collection":[{"href":"https:\/\/raftingadventure.com\/en\/wp-json\/wp\/v2\/product"}],"about":[{"href":"https:\/\/raftingadventure.com\/en\/wp-json\/wp\/v2\/types\/product"}],"replies":[{"embeddable":true,"href":"https:\/\/raftingadventure.com\/en\/wp-json\/wp\/v2\/comments?post=378044"}],"wp:featuredmedia":[{"embeddable":true,"href":"https:\/\/raftingadventure.com\/en\/wp-json\/wp\/v2\/media\/378186"}],"wp:attachment":[{"href":"https:\/\/raftingadventure.com\/en\/wp-json\/wp\/v2\/media?parent=378044"}],"wp:term":[{"taxonomy":"product_brand","embeddable":true,"href":"https:\/\/raftingadventure.com\/en\/wp-json\/wp\/v2\/product_brand?post=378044"},{"taxonomy":"product_cat","embeddable":true,"href":"https:\/\/raftingadventure.com\/en\/wp-json\/wp\/v2\/product_cat?post=378044"},{"taxonomy":"product_tag","embeddable":true,"href":"https:\/\/raftingadventure.com\/en\/wp-json\/wp\/v2\/product_tag?post=378044"}],"curies":[{"name":"wp","href":"https:\/\/api.w.org\/{rel}","templated":true}]}}