{"id":378045,"date":"2025-08-18T11:06:13","date_gmt":"2025-08-18T14:06:13","guid":{"rendered":"https:\/\/raftingadventure.com\/product\/navegacion-por-nahuel-huapi-isla-victoria-y-bosque-de-arrayanes-sin-traslado\/"},"modified":"2026-04-06T09:54:07","modified_gmt":"2026-04-06T12:54:07","slug":"isla-victoria-bosque-arrayanes-bariloche","status":"publish","type":"product","link":"https:\/\/raftingadventure.com\/en\/product\/victoria-island-myrtle-forest-bariloche\/","title":{"rendered":"Nahuel Huapi Navigation: Victoria Island and Arrayanes Forest without transfer"},"content":{"rendered":"<h3 class=\"ai-optimize-22\" data-start=\"304\" data-end=\"381\">A Patagonian must-do, with the guarantee of Bariloche Excursiones.<\/h3>\n<p class=\"ai-optimize-23 ai-optimize-introduction\" data-start=\"383\" data-end=\"761\">Set sail on the waters of the Nahuel Huapi and let yourself be surprised by two iconic stops: the spectacular Victoria Island and the legendary Arrayanes Forest. Choose this alternative if you are already settled in Bariloche and prefer to arrive independently to Puerto Pa\u00f1uelo; you will be sure to live the experience at your own pace and with the support of our experienced team.<\/p>\n<h3 class=\"ai-optimize-24\" data-start=\"763\" data-end=\"808\">Itinerary and highlights<\/h3>\n<p class=\"ai-optimize-25\" data-start=\"810\" data-end=\"1136\">The starting point is <strong data-start=\"832\" data-end=\"850\">Puerto Pa\u00f1uelo<\/strong>, at km 25 of Bustillo Avenue. There you board a catamaran with ample views, and begin the lake adventure. First, you visit the <strong data-start=\"1006\" data-end=\"1032\">Quetrihu\u00e9 Peninsula<\/strong>, where you walk along well-kept trails in the only myrtle forest that exists on the planet.<\/p>\n<p class=\"ai-optimize-26\" data-start=\"1138\" data-end=\"1365\">The trip continues to <strong data-start=\"1166\" data-end=\"1183\">Victoria Island<\/strong>, an incomparable environment with trails that lead to the <strong data-start=\"1246\" data-end=\"1264\">El Toro Beach<\/strong>, A different place with volcanic sand and traces of ancestral cultures, such as cave paintings.<\/p>\n<h3 class=\"ai-optimize-27\" data-start=\"1367\" data-end=\"1387\">Key data<\/h3>\n<ul data-start=\"1389\" data-end=\"1663\">\n<li class=\"ai-optimize-28\" data-start=\"1389\" data-end=\"1435\">\n<p class=\"ai-optimize-29\" data-start=\"1391\" data-end=\"1435\"><strong data-start=\"1391\" data-end=\"1412\">Estimated time<\/strong>from 13:00 to 19:00 hs.<\/p>\n<\/li>\n<li class=\"ai-optimize-30\" data-start=\"1436\" data-end=\"1521\">\n<p class=\"ai-optimize-31\" data-start=\"1438\" data-end=\"1521\"><strong data-start=\"1438\" data-end=\"1449\">Includes<\/strong>Catamaran trip and specialized guide accompaniment throughout the day<\/p>\n<\/li>\n<li class=\"ai-optimize-32\" data-start=\"1522\" data-end=\"1663\">\n<p class=\"ai-optimize-33\" data-start=\"1524\" data-end=\"1663\"><strong data-start=\"1524\" data-end=\"1538\">Does not include<\/strong>Transfer to Puerto Pa\u00f1uelo, port fees and access to the National Park, lunch (alternatives are available on board and on the island).<\/p>\n<\/li>\n<\/ul>\n<h3 class=\"ai-optimize-34\" data-start=\"1665\" data-end=\"1694\">Get there easy on your own<\/h3>\n<p class=\"ai-optimize-35\" data-start=\"1696\" data-end=\"1943\">Puerto Pa\u00f1uelo is only half an hour from downtown Bariloche, on km 25 of Bustillo Avenue. You can get there by car, ask for a taxi or take a local bus. When you make your reservation, we will give you all the directions so that you can get there easily and without any hassle.<\/p>\n<h3 class=\"ai-optimize-36\" data-start=\"1950\" data-end=\"1974\">Frequently Asked Questions<\/h3>\n<p class=\"ai-optimize-37\" data-start=\"1976\" data-end=\"2212\"><strong data-start=\"1976\" data-end=\"2028\">How and where are the boarding and Park fees paid?<\/strong><br data-start=\"2028\" data-end=\"2031\" \/>Payment in cash on the same day when you arrive at Puerto Pa\u00f1uelo. Residents of Bariloche, people with disabilities, children under 6 years old and national retirees do not pay.<\/p>\n<p class=\"ai-optimize-38\" data-start=\"2214\" data-end=\"2368\"><strong data-start=\"2214\" data-end=\"2260\">Are there any discounts for foreign tourists?<\/strong><br data-start=\"2260\" data-end=\"2263\" \/>No. The rate bonuses apply only to Argentine residents with the corresponding receipt.<\/p>\n<p class=\"ai-optimize-39\" data-start=\"2370\" data-end=\"2524\"><strong data-start=\"2370\" data-end=\"2402\">What type of vessel is used?<\/strong><br data-start=\"2402\" data-end=\"2405\" \/>You almost always sail on the emblematic <strong data-start=\"2457\" data-end=\"2477\">Modesta Victoria<\/strong>, The price could be modified according to operational availability.<\/p>\n<p class=\"ai-optimize-40\" data-start=\"2526\" data-end=\"2689\"><strong data-start=\"2526\" data-end=\"2587\">Are you allowed to bring food or are there options during the trip?<\/strong><br data-start=\"2587\" data-end=\"2590\" \/>You can bring your own lunch, or buy food and drinks on the catamaran or on Victoria Island.<\/p>","protected":false},"excerpt":{"rendered":"<p class=\"ai-optimize-6\">I lived an unparalleled experience touring the <strong>Victoria Island<\/strong> and the <strong>Arrayanes Forest<\/strong>, located in the heart of the imposing Patagonia. Enjoy the immensity of the <strong>Nahuel Huapi Lake<\/strong> while you walk along trails surrounded by native vegetation and discover traces of ancient cultures. A must-see tour in a fascinating environment.<\/p>","protected":false},"featured_media":378190,"comment_status":"open","ping_status":"closed","template":"","meta":[],"product_brand":[],"product_cat":[52,57,60,61,63,68,69,72],"product_tag":[],"class_list":{"0":"post-378045","1":"product","2":"type-product","3":"status-publish","4":"has-post-thumbnail","6":"product_cat-adultos","7":"product_cat-familia","8":"product_cat-jubilados","9":"product_cat-lacustre","10":"product_cat-ninos","11":"product_cat-sin-comida","12":"product_cat-sin-traslado","13":"product_cat-todo-el-ano","15":"first","16":"instock","17":"virtual","18":"sold-individually","19":"purchasable","20":"product-type-booking"},"booking_location":"","booking_location_type":"","booking_duration":60,"booking_duration_unit":"minute","booking_buffer":0,"booking_cost":0,"booking_resources":[],"exclude_global_add_ons":false,"addons":[{"name":"ADU | Adult","type":"input_multiplier","position":0,"required":false,"title_format":"label","default":"","description_enable":false,"description":"","placeholder_enable":false,"placeholder":"","display":"select","restrictions_type":"any_text","adjust_price":true,"price":"136000","price_type":"quantity_based","restrictions":false,"min":"0","max":"0","options":[],"id":1773233738},{"name":"MEN512 | from 5 to 12","type":"input_multiplier","position":1,"required":false,"title_format":"label","default":"","description_enable":false,"description":"","placeholder_enable":false,"placeholder":"","display":"select","restrictions_type":"any_text","adjust_price":true,"price":"70000","price_type":"quantity_based","restrictions":false,"min":"0","max":"0","options":[],"id":1773233739},{"name":"ADUJ : Retired","type":"input_multiplier","position":2,"required":false,"title_format":"label","default":"","description_enable":false,"description":"","placeholder_enable":false,"placeholder":"","display":"select","restrictions_type":"any_text","adjust_price":true,"price":"70000","price_type":"quantity_based","restrictions":false,"min":"0","max":"0","options":[],"id":1773233740}],"yoast_head":"<!-- This site is optimized with the Yoast SEO Premium plugin v25.2 (Yoast SEO v25.2) - https:\/\/yoast.com\/wordpress\/plugins\/seo\/ -->\n<title>Isla Victoria y Bosque Arrayanes desde Bariloche - Rafting Adventure<\/title>\n<meta name=\"description\" content=\"Excursi\u00f3n a Isla Victoria y Bosque de Arrayanes sin traslado desde Bariloche. Navegaci\u00f3n y senderos \u00fanicos en plena Patagonia. \u00a1Reserv\u00e1 ahora!\" \/>\n<meta name=\"robots\" content=\"index, follow, max-snippet:-1, max-image-preview:large, max-video-preview:-1\" \/>\n<link rel=\"canonical\" href=\"https:\/\/raftingadventure.com\/en\/product\/victoria-island-myrtle-forest-bariloche\/\" \/>\n<meta property=\"og:locale\" content=\"en_US\" \/>\n<meta property=\"og:type\" content=\"article\" \/>\n<meta property=\"og:title\" content=\"Navegaci\u00f3n por Nahuel Huapi: Isla Victoria y Bosque de Arrayanes sin traslado\" \/>\n<meta property=\"og:description\" content=\"Excursi\u00f3n a Isla Victoria y Bosque de Arrayanes sin traslado desde Bariloche. Navegaci\u00f3n y senderos \u00fanicos en plena Patagonia. \u00a1Reserv\u00e1 ahora!\" \/>\n<meta property=\"og:url\" content=\"https:\/\/raftingadventure.com\/en\/product\/victoria-island-myrtle-forest-bariloche\/\" \/>\n<meta property=\"og:site_name\" content=\"Rafting Adventure\" \/>\n<meta property=\"article:modified_time\" content=\"2026-04-06T12:54:07+00:00\" \/>\n<meta property=\"og:image\" content=\"https:\/\/raftingadventure.com\/wp-content\/uploads\/sites\/4\/2025\/08\/9-B-489048470_1119847023506484_2989099910789193877_n.jpg\" \/>\n\t<meta property=\"og:image:width\" content=\"850\" \/>\n\t<meta property=\"og:image:height\" content=\"1133\" \/>\n\t<meta property=\"og:image:type\" content=\"image\/jpeg\" \/>\n<meta name=\"twitter:card\" content=\"summary_large_image\" \/>\n<meta name=\"twitter:label1\" content=\"Price\" \/>\n\t<meta name=\"twitter:data1\" content=\"&#036;163,200.00\" \/>\n\t<meta name=\"twitter:label2\" content=\"Availability\" \/>\n\t<meta name=\"twitter:data2\" content=\"In stock\" \/>\n<script type=\"application\/ld+json\" class=\"yoast-schema-graph\">{\"@context\":\"https:\/\/schema.org\",\"@graph\":[{\"@type\":\"WebPage\",\"@id\":\"https:\/\/raftingadventure.com\/product\/isla-victoria-bosque-arrayanes-bariloche\/\",\"url\":\"https:\/\/raftingadventure.com\/product\/isla-victoria-bosque-arrayanes-bariloche\/\",\"name\":\"Isla Victoria y Bosque Arrayanes desde Bariloche - Rafting Adventure\",\"isPartOf\":{\"@id\":\"https:\/\/raftingadventure.com\/#website\"},\"primaryImageOfPage\":{\"@id\":\"https:\/\/raftingadventure.com\/product\/isla-victoria-bosque-arrayanes-bariloche\/#primaryimage\"},\"image\":{\"@id\":\"https:\/\/raftingadventure.com\/product\/isla-victoria-bosque-arrayanes-bariloche\/#primaryimage\"},\"thumbnailUrl\":\"https:\/\/raftingadventure.com\/wp-content\/uploads\/sites\/4\/2025\/08\/9-B-489048470_1119847023506484_2989099910789193877_n.jpg\",\"datePublished\":\"2025-08-18T14:06:13+00:00\",\"dateModified\":\"2026-04-06T12:54:07+00:00\",\"description\":\"Excursi\u00f3n a Isla Victoria y Bosque de Arrayanes sin traslado desde Bariloche. Navegaci\u00f3n y senderos \u00fanicos en plena Patagonia. \u00a1Reserv\u00e1 ahora!\",\"breadcrumb\":{\"@id\":\"https:\/\/raftingadventure.com\/product\/isla-victoria-bosque-arrayanes-bariloche\/#breadcrumb\"},\"inLanguage\":\"en-US\",\"potentialAction\":[{\"@type\":\"ReadAction\",\"target\":[\"https:\/\/raftingadventure.com\/product\/isla-victoria-bosque-arrayanes-bariloche\/\"]}]},{\"@type\":\"ImageObject\",\"inLanguage\":\"en-US\",\"@id\":\"https:\/\/raftingadventure.com\/product\/isla-victoria-bosque-arrayanes-bariloche\/#primaryimage\",\"url\":\"https:\/\/raftingadventure.com\/wp-content\/uploads\/sites\/4\/2025\/08\/9-B-489048470_1119847023506484_2989099910789193877_n.jpg\",\"contentUrl\":\"https:\/\/raftingadventure.com\/wp-content\/uploads\/sites\/4\/2025\/08\/9-B-489048470_1119847023506484_2989099910789193877_n.jpg\",\"width\":850,\"height\":1133},{\"@type\":\"BreadcrumbList\",\"@id\":\"https:\/\/raftingadventure.com\/product\/isla-victoria-bosque-arrayanes-bariloche\/#breadcrumb\",\"itemListElement\":[{\"@type\":\"ListItem\",\"position\":1,\"name\":\"Inicio\",\"item\":\"https:\/\/raftingadventure.com\/\"},{\"@type\":\"ListItem\",\"position\":2,\"name\":\"Rafting Adventure desde 1993 pioneros en aventura.\",\"item\":\"https:\/\/raftingadventure.com\/shop\/\"},{\"@type\":\"ListItem\",\"position\":3,\"name\":\"Navegaci\u00f3n por Nahuel Huapi: Isla Victoria y Bosque de Arrayanes sin traslado\"}]},{\"@type\":\"WebSite\",\"@id\":\"https:\/\/raftingadventure.com\/#website\",\"url\":\"https:\/\/raftingadventure.com\/\",\"name\":\"Rafting Adventure\",\"description\":\"Desde 1993 lideres en Rafting\",\"publisher\":{\"@id\":\"https:\/\/raftingadventure.com\/#organization\"},\"potentialAction\":[{\"@type\":\"SearchAction\",\"target\":{\"@type\":\"EntryPoint\",\"urlTemplate\":\"https:\/\/raftingadventure.com\/?s={search_term_string}\"},\"query-input\":{\"@type\":\"PropertyValueSpecification\",\"valueRequired\":true,\"valueName\":\"search_term_string\"}}],\"inLanguage\":\"en-US\"},{\"@type\":\"Organization\",\"@id\":\"https:\/\/raftingadventure.com\/#organization\",\"name\":\"Rafting Adventure\",\"url\":\"https:\/\/raftingadventure.com\/\",\"logo\":{\"@type\":\"ImageObject\",\"inLanguage\":\"en-US\",\"@id\":\"https:\/\/raftingadventure.com\/#\/schema\/logo\/image\/\",\"url\":\"https:\/\/raftingadventure.com\/wp-content\/uploads\/sites\/4\/2025\/08\/512-x-512-rafting-adventure-out-color-1.svg\",\"contentUrl\":\"https:\/\/raftingadventure.com\/wp-content\/uploads\/sites\/4\/2025\/08\/512-x-512-rafting-adventure-out-color-1.svg\",\"width\":512,\"height\":512,\"caption\":\"Rafting Adventure\"},\"image\":{\"@id\":\"https:\/\/raftingadventure.com\/#\/schema\/logo\/image\/\"}}]}<\/script>\n<meta property=\"product:price:amount\" content=\"163200.00\" \/>\n<meta property=\"product:price:currency\" content=\"ARS\" \/>\n<meta property=\"og:availability\" content=\"instock\" \/>\n<meta property=\"product:availability\" content=\"instock\" \/>\n<meta property=\"product:retailer_item_id\" content=\"ADV2025ISVIYB4A10\" \/>\n<meta property=\"product:condition\" content=\"new\" \/>\n<!-- \/ Yoast SEO Premium plugin. -->","yoast_head_json":{"title":"Victoria Island and Arrayanes Forest from Bariloche - Rafting Adventure","description":"Excursion to Victoria Island and Arrayanes Forest without transfer from Bariloche. Navigation and unique trails in the heart of Patagonia, book now!","robots":{"index":"index","follow":"follow","max-snippet":"max-snippet:-1","max-image-preview":"max-image-preview:large","max-video-preview":"max-video-preview:-1"},"canonical":"https:\/\/raftingadventure.com\/en\/product\/victoria-island-myrtle-forest-bariloche\/","og_locale":"en_US","og_type":"article","og_title":"Navegaci\u00f3n por Nahuel Huapi: Isla Victoria y Bosque de Arrayanes sin traslado","og_description":"Excursi\u00f3n a Isla Victoria y Bosque de Arrayanes sin traslado desde Bariloche. Navegaci\u00f3n y senderos \u00fanicos en plena Patagonia. \u00a1Reserv\u00e1 ahora!","og_url":"https:\/\/raftingadventure.com\/en\/product\/victoria-island-myrtle-forest-bariloche\/","og_site_name":"Rafting Adventure","article_modified_time":"2026-04-06T12:54:07+00:00","og_image":[{"width":850,"height":1133,"url":"https:\/\/raftingadventure.com\/wp-content\/uploads\/sites\/4\/2025\/08\/9-B-489048470_1119847023506484_2989099910789193877_n.jpg","type":"image\/jpeg"}],"twitter_card":"summary_large_image","twitter_misc":{"Price":"&#36;163,200.00","Availability":"In stock"},"schema":{"@context":"https:\/\/schema.org","@graph":[{"@type":"WebPage","@id":"https:\/\/raftingadventure.com\/product\/isla-victoria-bosque-arrayanes-bariloche\/","url":"https:\/\/raftingadventure.com\/product\/isla-victoria-bosque-arrayanes-bariloche\/","name":"Victoria Island and Arrayanes Forest from Bariloche - Rafting Adventure","isPartOf":{"@id":"https:\/\/raftingadventure.com\/#website"},"primaryImageOfPage":{"@id":"https:\/\/raftingadventure.com\/product\/isla-victoria-bosque-arrayanes-bariloche\/#primaryimage"},"image":{"@id":"https:\/\/raftingadventure.com\/product\/isla-victoria-bosque-arrayanes-bariloche\/#primaryimage"},"thumbnailUrl":"https:\/\/raftingadventure.com\/wp-content\/uploads\/sites\/4\/2025\/08\/9-B-489048470_1119847023506484_2989099910789193877_n.jpg","datePublished":"2025-08-18T14:06:13+00:00","dateModified":"2026-04-06T12:54:07+00:00","description":"Excursion to Victoria Island and Arrayanes Forest without transfer from Bariloche. Navigation and unique trails in the heart of Patagonia, book now!","breadcrumb":{"@id":"https:\/\/raftingadventure.com\/product\/isla-victoria-bosque-arrayanes-bariloche\/#breadcrumb"},"inLanguage":"en-US","potentialAction":[{"@type":"ReadAction","target":["https:\/\/raftingadventure.com\/product\/isla-victoria-bosque-arrayanes-bariloche\/"]}]},{"@type":"ImageObject","inLanguage":"en-US","@id":"https:\/\/raftingadventure.com\/product\/isla-victoria-bosque-arrayanes-bariloche\/#primaryimage","url":"https:\/\/raftingadventure.com\/wp-content\/uploads\/sites\/4\/2025\/08\/9-B-489048470_1119847023506484_2989099910789193877_n.jpg","contentUrl":"https:\/\/raftingadventure.com\/wp-content\/uploads\/sites\/4\/2025\/08\/9-B-489048470_1119847023506484_2989099910789193877_n.jpg","width":850,"height":1133},{"@type":"BreadcrumbList","@id":"https:\/\/raftingadventure.com\/product\/isla-victoria-bosque-arrayanes-bariloche\/#breadcrumb","itemListElement":[{"@type":"ListItem","position":1,"name":"Inicio","item":"https:\/\/raftingadventure.com\/"},{"@type":"ListItem","position":2,"name":"Rafting Adventure desde 1993 pioneros en aventura.","item":"https:\/\/raftingadventure.com\/shop\/"},{"@type":"ListItem","position":3,"name":"Navegaci\u00f3n por Nahuel Huapi: Isla Victoria y Bosque de Arrayanes sin traslado"}]},{"@type":"WebSite","@id":"https:\/\/raftingadventure.com\/#website","url":"https:\/\/raftingadventure.com\/","name":"Rafting Adventure","description":"Since 1993 leaders in Rafting","publisher":{"@id":"https:\/\/raftingadventure.com\/#organization"},"potentialAction":[{"@type":"SearchAction","target":{"@type":"EntryPoint","urlTemplate":"https:\/\/raftingadventure.com\/?s={search_term_string}"},"query-input":{"@type":"PropertyValueSpecification","valueRequired":true,"valueName":"search_term_string"}}],"inLanguage":"en-US"},{"@type":"Organization","@id":"https:\/\/raftingadventure.com\/#organization","name":"Rafting Adventure","url":"https:\/\/raftingadventure.com\/","logo":{"@type":"ImageObject","inLanguage":"en-US","@id":"https:\/\/raftingadventure.com\/#\/schema\/logo\/image\/","url":"https:\/\/raftingadventure.com\/wp-content\/uploads\/sites\/4\/2025\/08\/512-x-512-rafting-adventure-out-color-1.svg","contentUrl":"https:\/\/raftingadventure.com\/wp-content\/uploads\/sites\/4\/2025\/08\/512-x-512-rafting-adventure-out-color-1.svg","width":512,"height":512,"caption":"Rafting Adventure"},"image":{"@id":"https:\/\/raftingadventure.com\/#\/schema\/logo\/image\/"}}]},"product_price_amount":"163200.00","product_price_currency":"ARS","og_availability":"instock","product_availability":"instock","product_retailer_item_id":"ADV2025ISVIYB4A10","product_condition":"new"},"_links":{"self":[{"href":"https:\/\/raftingadventure.com\/en\/wp-json\/wp\/v2\/product\/378045","targetHints":{"allow":["GET"]}}],"collection":[{"href":"https:\/\/raftingadventure.com\/en\/wp-json\/wp\/v2\/product"}],"about":[{"href":"https:\/\/raftingadventure.com\/en\/wp-json\/wp\/v2\/types\/product"}],"replies":[{"embeddable":true,"href":"https:\/\/raftingadventure.com\/en\/wp-json\/wp\/v2\/comments?post=378045"}],"wp:featuredmedia":[{"embeddable":true,"href":"https:\/\/raftingadventure.com\/en\/wp-json\/wp\/v2\/media\/378190"}],"wp:attachment":[{"href":"https:\/\/raftingadventure.com\/en\/wp-json\/wp\/v2\/media?parent=378045"}],"wp:term":[{"taxonomy":"product_brand","embeddable":true,"href":"https:\/\/raftingadventure.com\/en\/wp-json\/wp\/v2\/product_brand?post=378045"},{"taxonomy":"product_cat","embeddable":true,"href":"https:\/\/raftingadventure.com\/en\/wp-json\/wp\/v2\/product_cat?post=378045"},{"taxonomy":"product_tag","embeddable":true,"href":"https:\/\/raftingadventure.com\/en\/wp-json\/wp\/v2\/product_tag?post=378045"}],"curies":[{"name":"wp","href":"https:\/\/api.w.org\/{rel}","templated":true}]}}