{"id":378046,"date":"2025-08-18T11:06:32","date_gmt":"2025-08-18T14:06:32","guid":{"rendered":"https:\/\/raftingadventure.com\/product\/puerto-blest-y-cascada-los-cantaros-sin-traslado\/"},"modified":"2026-04-06T09:54:01","modified_gmt":"2026-04-06T12:54:01","slug":"puerto-blest-cascada-los-cantaros","status":"publish","type":"product","link":"https:\/\/raftingadventure.com\/en\/product\/puerto-blest-los-cantaros-waterfall\/","title":{"rendered":"Puerto Blest and \u201cLos Cantaros\u201d Waterfall No Transfer"},"content":{"rendered":"<h2 class=\"ai-optimize-22\">Experience the Untouched Magic of Puerto Blest<\/h2>\n<p class=\"ai-optimize-23 ai-optimize-introduction\">Immerse yourself in an unforgettable adventure by touring <strong>Puerto Blest<\/strong> and the impressive <strong>Los C\u00e1ntaros Waterfall<\/strong>, a scenery where nature is breathed in every corner. This excursion, without transfer included, is perfect for those who choose to go on their own to <strong>Puerto Pa\u00f1uelo<\/strong>, located at <strong>Bustillo Avenue, Kilometer 25, San Carlos de Bariloche<\/strong>.<\/p>\n<h3 class=\"ai-optimize-24\">The Tour<\/h3>\n<ul>\n<li class=\"ai-optimize-25\"><strong>Catamaran ride:<\/strong> Navigate on the calm <strong>Nahuel Huapi Lake<\/strong>, surrounded by dreamed islands and unique landscapes, sheet after sheet guarded by the majestic <strong>Andes Mountains<\/strong>.<\/li>\n<li class=\"ai-optimize-26\"><strong>Exploration at Los C\u00e1ntaros Waterfall:<\/strong> Enjoy a special arrival to this incredible waterfall and be amazed by the granite walls, shaped for centuries by glaciers.<\/li>\n<li class=\"ai-optimize-27\"><strong>Accompanied walks:<\/strong> Take guided trails to discover the astonishing biodiversity of the <strong>valdivian forest<\/strong> in the environment of <strong>Puerto Blest<\/strong>.<\/li>\n<\/ul>\n<h3 class=\"ai-optimize-28\">Information and Schedules<\/h3>\n<p class=\"ai-optimize-29\">The output takes place between <strong>9:00 a.m. and 5:30 p.m.<\/strong>, giving you a whole day to absorb the purity of the landscape and take away indelible memories.<\/p>\n<ul>\n<li class=\"ai-optimize-30\"><strong>Includes:<\/strong> Guide during the lake crossing and explanation during the walks through the forest.<\/li>\n<li class=\"ai-optimize-31\"><strong>Does not include:<\/strong> Transfers to Puerto Pa\u00f1uelo, meals and access to national parks.<\/li>\n<\/ul>\n<h3 class=\"ai-optimize-32\">A Shocking Ending<\/h3>\n<p class=\"ai-optimize-33\">The closing of the excursion is an emotional navigation on the <strong>Blest Arm<\/strong>, with the imposing silhouette of the <strong>Cerro Tronador<\/strong> background, a unique moment that is engraved in your memory and invites you to come back.<\/p>\n<h3 class=\"ai-optimize-34\">Frequently Asked Questions<\/h3>\n<ul>\n<li class=\"ai-optimize-35\"><strong>How do I get to Puerto Pa\u00f1uelo?<\/strong><br \/>\nYou have to go straight along Bustillo Avenue to Kilometer 25. The best way to get there is to use your car or ask for a cab.<\/li>\n<li class=\"ai-optimize-36\"><strong>What clothing is recommended?<\/strong><br \/>\nDress in layers, add comfortable shoes and extra warm clothes; the Patagonian weather may surprise you.<\/li>\n<li class=\"ai-optimize-37\"><strong>Can I bring something to eat?<\/strong><br \/>\nYou are allowed to bring your own food, and there are options available in the area if you prefer to shop there.<\/li>\n<\/ul>","protected":false},"excerpt":{"rendered":"<p class=\"ai-optimize-6\">Live an unforgettable adventure exploring Puerto Blest and the imposing Cascada de Los C\u00e1ntaros. Take advantage of a catamaran ride and walking tours through the Valdivian rainforest, enjoying unique days in the heart of the Argentine Patagonia.<\/p>","protected":false},"featured_media":378181,"comment_status":"open","ping_status":"closed","template":"","meta":[],"product_brand":[],"product_cat":[52,57,60,61,63,68,69,72],"product_tag":[],"class_list":{"0":"post-378046","1":"product","2":"type-product","3":"status-publish","4":"has-post-thumbnail","6":"product_cat-adultos","7":"product_cat-familia","8":"product_cat-jubilados","9":"product_cat-lacustre","10":"product_cat-ninos","11":"product_cat-sin-comida","12":"product_cat-sin-traslado","13":"product_cat-todo-el-ano","15":"first","16":"instock","17":"virtual","18":"sold-individually","19":"purchasable","20":"product-type-booking"},"booking_location":"","booking_location_type":"","booking_duration":60,"booking_duration_unit":"minute","booking_buffer":0,"booking_cost":0,"booking_resources":[],"exclude_global_add_ons":false,"addons":[{"name":"ADU | Adult","type":"input_multiplier","position":0,"required":false,"title_format":"label","default":"","description_enable":false,"description":"","placeholder_enable":false,"placeholder":"","display":"select","restrictions_type":"any_text","adjust_price":true,"price":"136000","price_type":"quantity_based","restrictions":false,"min":"0","max":"0","options":[],"id":1773233626},{"name":"MEN512 | from 5 to 12","type":"input_multiplier","position":1,"required":false,"title_format":"label","default":"","description_enable":false,"description":"","placeholder_enable":false,"placeholder":"","display":"select","restrictions_type":"any_text","adjust_price":true,"price":"70000","price_type":"quantity_based","restrictions":false,"min":"0","max":"0","options":[],"id":1773233627},{"name":"ADUJ : Retired","type":"input_multiplier","position":2,"required":false,"title_format":"label","default":"","description_enable":false,"description":"","placeholder_enable":false,"placeholder":"","display":"select","restrictions_type":"any_text","adjust_price":true,"price":"70000","price_type":"quantity_based","restrictions":false,"min":"0","max":"0","options":[],"id":1773233628}],"yoast_head":"<!-- This site is optimized with the Yoast SEO Premium plugin v25.2 (Yoast SEO v25.2) - https:\/\/yoast.com\/wordpress\/plugins\/seo\/ -->\n<title>Excursi\u00f3n Puerto Blest y Los C\u00e1ntaros - Rafting Adventure<\/title>\n<meta name=\"description\" content=\"Excursi\u00f3n a Puerto Blest y Cascada Los C\u00e1ntaros sin traslado desde Bariloche. Navegaci\u00f3n y caminata guiada en plena Patagonia. \u00a1Reserv\u00e1 ahora!\" \/>\n<meta name=\"robots\" content=\"index, follow, max-snippet:-1, max-image-preview:large, max-video-preview:-1\" \/>\n<link rel=\"canonical\" href=\"https:\/\/raftingadventure.com\/en\/product\/puerto-blest-los-cantaros-waterfall\/\" \/>\n<meta property=\"og:locale\" content=\"en_US\" \/>\n<meta property=\"og:type\" content=\"article\" \/>\n<meta property=\"og:title\" content=\"Puerto Blest y Cascada \u201cLos Cantaros\u201d Sin Traslado\" \/>\n<meta property=\"og:description\" content=\"Excursi\u00f3n a Puerto Blest y Cascada Los C\u00e1ntaros sin traslado desde Bariloche. Navegaci\u00f3n y caminata guiada en plena Patagonia. \u00a1Reserv\u00e1 ahora!\" \/>\n<meta property=\"og:url\" content=\"https:\/\/raftingadventure.com\/en\/product\/puerto-blest-los-cantaros-waterfall\/\" \/>\n<meta property=\"og:site_name\" content=\"Rafting Adventure\" \/>\n<meta property=\"article:modified_time\" content=\"2026-04-06T12:54:01+00:00\" \/>\n<meta property=\"og:image\" content=\"https:\/\/raftingadventure.com\/wp-content\/uploads\/sites\/4\/2025\/08\/9-A-491665491_1127476279410225_4654101585102817664_n.jpg\" \/>\n\t<meta property=\"og:image:width\" content=\"850\" \/>\n\t<meta property=\"og:image:height\" content=\"1133\" \/>\n\t<meta property=\"og:image:type\" content=\"image\/jpeg\" \/>\n<meta name=\"twitter:card\" content=\"summary_large_image\" \/>\n<meta name=\"twitter:label1\" content=\"Price\" \/>\n\t<meta name=\"twitter:data1\" content=\"&#036;136,000.00\" \/>\n\t<meta name=\"twitter:label2\" content=\"Availability\" \/>\n\t<meta name=\"twitter:data2\" content=\"In stock\" \/>\n<script type=\"application\/ld+json\" class=\"yoast-schema-graph\">{\"@context\":\"https:\/\/schema.org\",\"@graph\":[{\"@type\":\"WebPage\",\"@id\":\"https:\/\/raftingadventure.com\/product\/puerto-blest-cascada-los-cantaros\/\",\"url\":\"https:\/\/raftingadventure.com\/product\/puerto-blest-cascada-los-cantaros\/\",\"name\":\"Excursi\u00f3n Puerto Blest y Los C\u00e1ntaros - Rafting Adventure\",\"isPartOf\":{\"@id\":\"https:\/\/raftingadventure.com\/#website\"},\"primaryImageOfPage\":{\"@id\":\"https:\/\/raftingadventure.com\/product\/puerto-blest-cascada-los-cantaros\/#primaryimage\"},\"image\":{\"@id\":\"https:\/\/raftingadventure.com\/product\/puerto-blest-cascada-los-cantaros\/#primaryimage\"},\"thumbnailUrl\":\"https:\/\/raftingadventure.com\/wp-content\/uploads\/sites\/4\/2025\/08\/9-A-491665491_1127476279410225_4654101585102817664_n.jpg\",\"datePublished\":\"2025-08-18T14:06:32+00:00\",\"dateModified\":\"2026-04-06T12:54:01+00:00\",\"description\":\"Excursi\u00f3n a Puerto Blest y Cascada Los C\u00e1ntaros sin traslado desde Bariloche. Navegaci\u00f3n y caminata guiada en plena Patagonia. \u00a1Reserv\u00e1 ahora!\",\"breadcrumb\":{\"@id\":\"https:\/\/raftingadventure.com\/product\/puerto-blest-cascada-los-cantaros\/#breadcrumb\"},\"inLanguage\":\"en-US\",\"potentialAction\":[{\"@type\":\"ReadAction\",\"target\":[\"https:\/\/raftingadventure.com\/product\/puerto-blest-cascada-los-cantaros\/\"]}]},{\"@type\":\"ImageObject\",\"inLanguage\":\"en-US\",\"@id\":\"https:\/\/raftingadventure.com\/product\/puerto-blest-cascada-los-cantaros\/#primaryimage\",\"url\":\"https:\/\/raftingadventure.com\/wp-content\/uploads\/sites\/4\/2025\/08\/9-A-491665491_1127476279410225_4654101585102817664_n.jpg\",\"contentUrl\":\"https:\/\/raftingadventure.com\/wp-content\/uploads\/sites\/4\/2025\/08\/9-A-491665491_1127476279410225_4654101585102817664_n.jpg\",\"width\":850,\"height\":1133},{\"@type\":\"BreadcrumbList\",\"@id\":\"https:\/\/raftingadventure.com\/product\/puerto-blest-cascada-los-cantaros\/#breadcrumb\",\"itemListElement\":[{\"@type\":\"ListItem\",\"position\":1,\"name\":\"Inicio\",\"item\":\"https:\/\/raftingadventure.com\/\"},{\"@type\":\"ListItem\",\"position\":2,\"name\":\"Rafting Adventure desde 1993 pioneros en aventura.\",\"item\":\"https:\/\/raftingadventure.com\/shop\/\"},{\"@type\":\"ListItem\",\"position\":3,\"name\":\"Puerto Blest y Cascada \u201cLos Cantaros\u201d Sin Traslado\"}]},{\"@type\":\"WebSite\",\"@id\":\"https:\/\/raftingadventure.com\/#website\",\"url\":\"https:\/\/raftingadventure.com\/\",\"name\":\"Rafting Adventure\",\"description\":\"Desde 1993 lideres en Rafting\",\"publisher\":{\"@id\":\"https:\/\/raftingadventure.com\/#organization\"},\"potentialAction\":[{\"@type\":\"SearchAction\",\"target\":{\"@type\":\"EntryPoint\",\"urlTemplate\":\"https:\/\/raftingadventure.com\/?s={search_term_string}\"},\"query-input\":{\"@type\":\"PropertyValueSpecification\",\"valueRequired\":true,\"valueName\":\"search_term_string\"}}],\"inLanguage\":\"en-US\"},{\"@type\":\"Organization\",\"@id\":\"https:\/\/raftingadventure.com\/#organization\",\"name\":\"Rafting Adventure\",\"url\":\"https:\/\/raftingadventure.com\/\",\"logo\":{\"@type\":\"ImageObject\",\"inLanguage\":\"en-US\",\"@id\":\"https:\/\/raftingadventure.com\/#\/schema\/logo\/image\/\",\"url\":\"https:\/\/raftingadventure.com\/wp-content\/uploads\/sites\/4\/2025\/08\/512-x-512-rafting-adventure-out-color-1.svg\",\"contentUrl\":\"https:\/\/raftingadventure.com\/wp-content\/uploads\/sites\/4\/2025\/08\/512-x-512-rafting-adventure-out-color-1.svg\",\"width\":512,\"height\":512,\"caption\":\"Rafting Adventure\"},\"image\":{\"@id\":\"https:\/\/raftingadventure.com\/#\/schema\/logo\/image\/\"}}]}<\/script>\n<meta property=\"product:price:amount\" content=\"136000.00\" \/>\n<meta property=\"product:price:currency\" content=\"ARS\" \/>\n<meta property=\"og:availability\" content=\"instock\" \/>\n<meta property=\"product:availability\" content=\"instock\" \/>\n<meta property=\"product:retailer_item_id\" content=\"ADV2025PUBLYC297O\" \/>\n<meta property=\"product:condition\" content=\"new\" \/>\n<!-- \/ Yoast SEO Premium plugin. -->","yoast_head_json":{"title":"Puerto Blest and Los C\u00e1ntaros Excursion - Rafting Adventure","description":"Excursion to Puerto Blest and Los C\u00e1ntaros Waterfall without transfer from Bariloche. Navigation and guided hike in the heart of Patagonia, book now!","robots":{"index":"index","follow":"follow","max-snippet":"max-snippet:-1","max-image-preview":"max-image-preview:large","max-video-preview":"max-video-preview:-1"},"canonical":"https:\/\/raftingadventure.com\/en\/product\/puerto-blest-los-cantaros-waterfall\/","og_locale":"en_US","og_type":"article","og_title":"Puerto Blest y Cascada \u201cLos Cantaros\u201d Sin Traslado","og_description":"Excursi\u00f3n a Puerto Blest y Cascada Los C\u00e1ntaros sin traslado desde Bariloche. Navegaci\u00f3n y caminata guiada en plena Patagonia. \u00a1Reserv\u00e1 ahora!","og_url":"https:\/\/raftingadventure.com\/en\/product\/puerto-blest-los-cantaros-waterfall\/","og_site_name":"Rafting Adventure","article_modified_time":"2026-04-06T12:54:01+00:00","og_image":[{"width":850,"height":1133,"url":"https:\/\/raftingadventure.com\/wp-content\/uploads\/sites\/4\/2025\/08\/9-A-491665491_1127476279410225_4654101585102817664_n.jpg","type":"image\/jpeg"}],"twitter_card":"summary_large_image","twitter_misc":{"Price":"&#36;136,000.00","Availability":"In stock"},"schema":{"@context":"https:\/\/schema.org","@graph":[{"@type":"WebPage","@id":"https:\/\/raftingadventure.com\/product\/puerto-blest-cascada-los-cantaros\/","url":"https:\/\/raftingadventure.com\/product\/puerto-blest-cascada-los-cantaros\/","name":"Puerto Blest and Los C\u00e1ntaros Excursion - Rafting Adventure","isPartOf":{"@id":"https:\/\/raftingadventure.com\/#website"},"primaryImageOfPage":{"@id":"https:\/\/raftingadventure.com\/product\/puerto-blest-cascada-los-cantaros\/#primaryimage"},"image":{"@id":"https:\/\/raftingadventure.com\/product\/puerto-blest-cascada-los-cantaros\/#primaryimage"},"thumbnailUrl":"https:\/\/raftingadventure.com\/wp-content\/uploads\/sites\/4\/2025\/08\/9-A-491665491_1127476279410225_4654101585102817664_n.jpg","datePublished":"2025-08-18T14:06:32+00:00","dateModified":"2026-04-06T12:54:01+00:00","description":"Excursion to Puerto Blest and Los C\u00e1ntaros Waterfall without transfer from Bariloche. Navigation and guided hike in the heart of Patagonia, book now!","breadcrumb":{"@id":"https:\/\/raftingadventure.com\/product\/puerto-blest-cascada-los-cantaros\/#breadcrumb"},"inLanguage":"en-US","potentialAction":[{"@type":"ReadAction","target":["https:\/\/raftingadventure.com\/product\/puerto-blest-cascada-los-cantaros\/"]}]},{"@type":"ImageObject","inLanguage":"en-US","@id":"https:\/\/raftingadventure.com\/product\/puerto-blest-cascada-los-cantaros\/#primaryimage","url":"https:\/\/raftingadventure.com\/wp-content\/uploads\/sites\/4\/2025\/08\/9-A-491665491_1127476279410225_4654101585102817664_n.jpg","contentUrl":"https:\/\/raftingadventure.com\/wp-content\/uploads\/sites\/4\/2025\/08\/9-A-491665491_1127476279410225_4654101585102817664_n.jpg","width":850,"height":1133},{"@type":"BreadcrumbList","@id":"https:\/\/raftingadventure.com\/product\/puerto-blest-cascada-los-cantaros\/#breadcrumb","itemListElement":[{"@type":"ListItem","position":1,"name":"Inicio","item":"https:\/\/raftingadventure.com\/"},{"@type":"ListItem","position":2,"name":"Rafting Adventure desde 1993 pioneros en aventura.","item":"https:\/\/raftingadventure.com\/shop\/"},{"@type":"ListItem","position":3,"name":"Puerto Blest y Cascada \u201cLos Cantaros\u201d Sin Traslado"}]},{"@type":"WebSite","@id":"https:\/\/raftingadventure.com\/#website","url":"https:\/\/raftingadventure.com\/","name":"Rafting Adventure","description":"Since 1993 leaders in Rafting","publisher":{"@id":"https:\/\/raftingadventure.com\/#organization"},"potentialAction":[{"@type":"SearchAction","target":{"@type":"EntryPoint","urlTemplate":"https:\/\/raftingadventure.com\/?s={search_term_string}"},"query-input":{"@type":"PropertyValueSpecification","valueRequired":true,"valueName":"search_term_string"}}],"inLanguage":"en-US"},{"@type":"Organization","@id":"https:\/\/raftingadventure.com\/#organization","name":"Rafting Adventure","url":"https:\/\/raftingadventure.com\/","logo":{"@type":"ImageObject","inLanguage":"en-US","@id":"https:\/\/raftingadventure.com\/#\/schema\/logo\/image\/","url":"https:\/\/raftingadventure.com\/wp-content\/uploads\/sites\/4\/2025\/08\/512-x-512-rafting-adventure-out-color-1.svg","contentUrl":"https:\/\/raftingadventure.com\/wp-content\/uploads\/sites\/4\/2025\/08\/512-x-512-rafting-adventure-out-color-1.svg","width":512,"height":512,"caption":"Rafting Adventure"},"image":{"@id":"https:\/\/raftingadventure.com\/#\/schema\/logo\/image\/"}}]},"product_price_amount":"136000.00","product_price_currency":"ARS","og_availability":"instock","product_availability":"instock","product_retailer_item_id":"ADV2025PUBLYC297O","product_condition":"new"},"_links":{"self":[{"href":"https:\/\/raftingadventure.com\/en\/wp-json\/wp\/v2\/product\/378046","targetHints":{"allow":["GET"]}}],"collection":[{"href":"https:\/\/raftingadventure.com\/en\/wp-json\/wp\/v2\/product"}],"about":[{"href":"https:\/\/raftingadventure.com\/en\/wp-json\/wp\/v2\/types\/product"}],"replies":[{"embeddable":true,"href":"https:\/\/raftingadventure.com\/en\/wp-json\/wp\/v2\/comments?post=378046"}],"wp:featuredmedia":[{"embeddable":true,"href":"https:\/\/raftingadventure.com\/en\/wp-json\/wp\/v2\/media\/378181"}],"wp:attachment":[{"href":"https:\/\/raftingadventure.com\/en\/wp-json\/wp\/v2\/media?parent=378046"}],"wp:term":[{"taxonomy":"product_brand","embeddable":true,"href":"https:\/\/raftingadventure.com\/en\/wp-json\/wp\/v2\/product_brand?post=378046"},{"taxonomy":"product_cat","embeddable":true,"href":"https:\/\/raftingadventure.com\/en\/wp-json\/wp\/v2\/product_cat?post=378046"},{"taxonomy":"product_tag","embeddable":true,"href":"https:\/\/raftingadventure.com\/en\/wp-json\/wp\/v2\/product_tag?post=378046"}],"curies":[{"name":"wp","href":"https:\/\/api.w.org\/{rel}","templated":true}]}}