{"id":378047,"date":"2025-08-18T11:07:00","date_gmt":"2025-08-18T14:07:00","guid":{"rendered":"https:\/\/raftingadventure.com\/product\/puerto-blest-y-cascada-los-cantaros-lago-frias-sin-traslado\/"},"modified":"2026-04-06T09:53:53","modified_gmt":"2026-04-06T12:53:53","slug":"puerto-blest-cascada-cantaros-lago-frias","status":"publish","type":"product","link":"https:\/\/raftingadventure.com\/en\/product\/puerto-blest-cantaros-waterfall-frias-lake\/","title":{"rendered":"Puerto Blest and \u201cLos Cantaros\u201d Waterfall + Lake Frias without Transfer"},"content":{"rendered":"<h2 class=\"ai-optimize-22\">Let yourself be carried away by the tranquility of Puerto Blest and the Cascada de los C\u00e1ntaros.<\/h2>\n<p class=\"ai-optimize-23 ai-optimize-introduction\">I left from <strong>Puerto Pa\u00f1uelo<\/strong>, located only 25 km from <strong>San Carlos de Bariloche<\/strong>, and discover the unique charm that gives you the gift of the <strong>Nahuel Huapi Lake<\/strong>. During the voyage, marvel at the <strong>Sentinel Islet<\/strong>, where the legendary <strong>Perito Moreno<\/strong>, and walk along enchanting walkways until you reach the impressive <strong>Los C\u00e1ntaros Waterfall<\/strong>, embraced by majestic granite walls.<\/p>\n<h3 class=\"ai-optimize-24\">Explore Nature and Feel the Adventure<\/h3>\n<p class=\"ai-optimize-25\">While you sail, unleash your senses with the breathtaking postcards of the <strong>Andes mountain range<\/strong> and the islands of the region. At <strong>Puerto Blest<\/strong>, immersed in the calm of the <strong>Bay<\/strong> and admire the intense green of the <strong>Lake Frias<\/strong>, colored by the millenarian ice of the <strong>Cerro Tronador<\/strong>.<\/p>\n<h3 class=\"ai-optimize-26\">Memorable Experiences<\/h3>\n<ul>\n<li class=\"ai-optimize-27\"><strong>Conducted walks<\/strong> through the incredible Valdivian rainforest, a refuge of nature and wildlife.<\/li>\n<li class=\"ai-optimize-28\"><strong>Trails<\/strong> that adjust to different levels, so you can explore at your own pace and without rushing.<\/li>\n<\/ul>\n<h2 class=\"ai-optimize-29\">Ride Options and Services<\/h2>\n<p class=\"ai-optimize-30\">The return to <strong>Puerto Pa\u00f1uelo<\/strong> invites you to navigate the <strong>Blest Arm<\/strong>, while the <strong>Cerro Tronador<\/strong> offers an unforgettable sunset. If you choose the extension to the <strong>Lake Frias<\/strong>, you will add a short bus ride of 3 km to <strong>Puerto Alegre<\/strong>, where you will continue on a modern ship to enjoy this unmissable lake.<\/p>\n<h3 class=\"ai-optimize-31\">Important Information<\/h3>\n<ul>\n<li class=\"ai-optimize-32\"><strong>Schedule:<\/strong> From 9:00 am to 5:00 pm.<\/li>\n<li class=\"ai-optimize-33\"><strong>Includes:<\/strong> Guided boat ride, hiking in the forest, sailing on Lake Frias.<\/li>\n<li class=\"ai-optimize-34\"><strong>Does not include:<\/strong> Transfer to <strong>Puerto Pa\u00f1uelo<\/strong>, food (food stands are available) and entrance fees to the National Park.<\/li>\n<\/ul>\n<h2 class=\"ai-optimize-35\">Frequently Asked Questions<\/h2>\n<ul>\n<li class=\"ai-optimize-36\"><strong>Where do I pay the National Park entrance and boarding fee?<\/strong><br \/>\nBoth fees are paid directly at <strong>Puerto Pa\u00f1uelo<\/strong>, The price is paid in cash and in Argentine pesos on the same day of the tour. Residents of the following are exempt <strong>San Carlos de Bariloche<\/strong>, people with disabilities, children under five years of age and retirees.<\/li>\n<li class=\"ai-optimize-37\"><strong>Is the benefit for retirees only for Argentines?<\/strong><br \/>\nThat's right, the reduced fare is only for Argentine retirees, who must show their ID card at the time of boarding.<\/li>\n<li class=\"ai-optimize-38\"><strong>How long are the walks?<\/strong><br \/>\nThe routes in <strong>Puerto Blest<\/strong> have different levels of demand. The visit to the <strong>Los C\u00e1ntaros Waterfall<\/strong> It has about 700 steps, viewpoints and perfect stops to catch your breath and continue enjoying without haste.<\/li>\n<\/ul>\n<p>&nbsp;<\/p>","protected":false},"excerpt":{"rendered":"<h2 class=\"ai-optimize-6\"><\/h2>\n<p class=\"ai-optimize-22\">Tour of Puerto Blest and Los C\u00e1ntaros Waterfall<\/p>\n<p class=\"ai-optimize-7\">Start your trip from <strong>Puerto Pa\u00f1uelo<\/strong> enjoying an unforgettable excursion to the <strong>Los C\u00e1ntaros Waterfall<\/strong>, sailing the calm waters of the <strong>Nahuel Huapi Lake<\/strong>. Marvel at the mysterious <strong>Lake Frias<\/strong> and explore the paths of <strong>valdivian forest<\/strong> at the foot of the spectacular <strong>Andes mountain range<\/strong>.<\/p>","protected":false},"featured_media":378187,"comment_status":"open","ping_status":"closed","template":"","meta":[],"product_brand":[],"product_cat":[52,57,60,61,63,68,69,72],"product_tag":[],"class_list":{"0":"post-378047","1":"product","2":"type-product","3":"status-publish","4":"has-post-thumbnail","6":"product_cat-adultos","7":"product_cat-familia","8":"product_cat-jubilados","9":"product_cat-lacustre","10":"product_cat-ninos","11":"product_cat-sin-comida","12":"product_cat-sin-traslado","13":"product_cat-todo-el-ano","15":"first","16":"instock","17":"virtual","18":"sold-individually","19":"purchasable","20":"product-type-booking"},"booking_location":"","booking_location_type":"","booking_duration":60,"booking_duration_unit":"minute","booking_buffer":0,"booking_cost":0,"booking_resources":[],"exclude_global_add_ons":false,"addons":[{"name":"ADU | Adult","type":"input_multiplier","position":0,"required":false,"title_format":"label","default":"","description_enable":false,"description":"","placeholder_enable":false,"placeholder":"","display":"select","restrictions_type":"any_text","adjust_price":true,"price":"190000","price_type":"quantity_based","restrictions":false,"min":"0","max":"0","options":[],"id":1773233364},{"name":"MEN512 | from 5 to 12","type":"input_multiplier","position":1,"required":false,"title_format":"label","default":"","description_enable":false,"description":"","placeholder_enable":false,"placeholder":"","display":"select","restrictions_type":"any_text","adjust_price":true,"price":"97000","price_type":"quantity_based","restrictions":false,"min":"0","max":"0","options":[],"id":1773233365},{"name":"ADUJ : Retired","type":"input_multiplier","position":2,"required":false,"title_format":"label","default":"","description_enable":false,"description":"","placeholder_enable":false,"placeholder":"","display":"select","restrictions_type":"any_text","adjust_price":true,"price":"97000","price_type":"quantity_based","restrictions":false,"min":"0","max":"0","options":[],"id":1773233366}],"yoast_head":"<!-- This site is optimized with the Yoast SEO Premium plugin v25.2 (Yoast SEO v25.2) - https:\/\/yoast.com\/wordpress\/plugins\/seo\/ -->\n<title>Puerto Blest, Cascada Los C\u00e1ntaros y Lago Fr\u00edas - Rafting Adventure<\/title>\n<meta name=\"description\" content=\"Excursi\u00f3n a Puerto Blest, Cascada Los C\u00e1ntaros y Lago Fr\u00edas sin traslado. Navegaci\u00f3n y paisajes \u00fanicos desde Bariloche. \u00a1Reserva tu lugar hoy!\" \/>\n<meta name=\"robots\" content=\"index, follow, max-snippet:-1, max-image-preview:large, max-video-preview:-1\" \/>\n<link rel=\"canonical\" href=\"https:\/\/raftingadventure.com\/en\/product\/puerto-blest-cantaros-waterfall-frias-lake\/\" \/>\n<meta property=\"og:locale\" content=\"en_US\" \/>\n<meta property=\"og:type\" content=\"article\" \/>\n<meta property=\"og:title\" content=\"Puerto Blest y Cascada \u201cLos Cantaros\u201d + Lago Frias sin Traslado\" \/>\n<meta property=\"og:description\" content=\"Excursi\u00f3n a Puerto Blest, Cascada Los C\u00e1ntaros y Lago Fr\u00edas sin traslado. Navegaci\u00f3n y paisajes \u00fanicos desde Bariloche. \u00a1Reserva tu lugar hoy!\" \/>\n<meta property=\"og:url\" content=\"https:\/\/raftingadventure.com\/en\/product\/puerto-blest-cantaros-waterfall-frias-lake\/\" \/>\n<meta property=\"og:site_name\" content=\"Rafting Adventure\" \/>\n<meta property=\"article:modified_time\" content=\"2026-04-06T12:53:53+00:00\" \/>\n<meta property=\"og:image\" content=\"https:\/\/raftingadventure.com\/wp-content\/uploads\/sites\/4\/2025\/08\/9-D-489420160_1343774833574760_6698911191477701960_n.jpg\" \/>\n\t<meta property=\"og:image:width\" content=\"850\" \/>\n\t<meta property=\"og:image:height\" content=\"1133\" \/>\n\t<meta property=\"og:image:type\" content=\"image\/jpeg\" \/>\n<meta name=\"twitter:card\" content=\"summary_large_image\" \/>\n<meta name=\"twitter:label1\" content=\"Price\" \/>\n\t<meta name=\"twitter:data1\" content=\"&#036;190,000.00\" \/>\n\t<meta name=\"twitter:label2\" content=\"Availability\" \/>\n\t<meta name=\"twitter:data2\" content=\"In stock\" \/>\n<script type=\"application\/ld+json\" class=\"yoast-schema-graph\">{\"@context\":\"https:\/\/schema.org\",\"@graph\":[{\"@type\":\"WebPage\",\"@id\":\"https:\/\/raftingadventure.com\/product\/puerto-blest-cascada-cantaros-lago-frias\/\",\"url\":\"https:\/\/raftingadventure.com\/product\/puerto-blest-cascada-cantaros-lago-frias\/\",\"name\":\"Puerto Blest, Cascada Los C\u00e1ntaros y Lago Fr\u00edas - Rafting Adventure\",\"isPartOf\":{\"@id\":\"https:\/\/raftingadventure.com\/#website\"},\"primaryImageOfPage\":{\"@id\":\"https:\/\/raftingadventure.com\/product\/puerto-blest-cascada-cantaros-lago-frias\/#primaryimage\"},\"image\":{\"@id\":\"https:\/\/raftingadventure.com\/product\/puerto-blest-cascada-cantaros-lago-frias\/#primaryimage\"},\"thumbnailUrl\":\"https:\/\/raftingadventure.com\/wp-content\/uploads\/sites\/4\/2025\/08\/9-D-489420160_1343774833574760_6698911191477701960_n.jpg\",\"datePublished\":\"2025-08-18T14:07:00+00:00\",\"dateModified\":\"2026-04-06T12:53:53+00:00\",\"description\":\"Excursi\u00f3n a Puerto Blest, Cascada Los C\u00e1ntaros y Lago Fr\u00edas sin traslado. Navegaci\u00f3n y paisajes \u00fanicos desde Bariloche. \u00a1Reserva tu lugar hoy!\",\"breadcrumb\":{\"@id\":\"https:\/\/raftingadventure.com\/product\/puerto-blest-cascada-cantaros-lago-frias\/#breadcrumb\"},\"inLanguage\":\"en-US\",\"potentialAction\":[{\"@type\":\"ReadAction\",\"target\":[\"https:\/\/raftingadventure.com\/product\/puerto-blest-cascada-cantaros-lago-frias\/\"]}]},{\"@type\":\"ImageObject\",\"inLanguage\":\"en-US\",\"@id\":\"https:\/\/raftingadventure.com\/product\/puerto-blest-cascada-cantaros-lago-frias\/#primaryimage\",\"url\":\"https:\/\/raftingadventure.com\/wp-content\/uploads\/sites\/4\/2025\/08\/9-D-489420160_1343774833574760_6698911191477701960_n.jpg\",\"contentUrl\":\"https:\/\/raftingadventure.com\/wp-content\/uploads\/sites\/4\/2025\/08\/9-D-489420160_1343774833574760_6698911191477701960_n.jpg\",\"width\":850,\"height\":1133},{\"@type\":\"BreadcrumbList\",\"@id\":\"https:\/\/raftingadventure.com\/product\/puerto-blest-cascada-cantaros-lago-frias\/#breadcrumb\",\"itemListElement\":[{\"@type\":\"ListItem\",\"position\":1,\"name\":\"Inicio\",\"item\":\"https:\/\/raftingadventure.com\/\"},{\"@type\":\"ListItem\",\"position\":2,\"name\":\"Rafting Adventure desde 1993 pioneros en aventura.\",\"item\":\"https:\/\/raftingadventure.com\/shop\/\"},{\"@type\":\"ListItem\",\"position\":3,\"name\":\"Puerto Blest y Cascada \u201cLos Cantaros\u201d + Lago Frias sin Traslado\"}]},{\"@type\":\"WebSite\",\"@id\":\"https:\/\/raftingadventure.com\/#website\",\"url\":\"https:\/\/raftingadventure.com\/\",\"name\":\"Rafting Adventure\",\"description\":\"Desde 1993 lideres en Rafting\",\"publisher\":{\"@id\":\"https:\/\/raftingadventure.com\/#organization\"},\"potentialAction\":[{\"@type\":\"SearchAction\",\"target\":{\"@type\":\"EntryPoint\",\"urlTemplate\":\"https:\/\/raftingadventure.com\/?s={search_term_string}\"},\"query-input\":{\"@type\":\"PropertyValueSpecification\",\"valueRequired\":true,\"valueName\":\"search_term_string\"}}],\"inLanguage\":\"en-US\"},{\"@type\":\"Organization\",\"@id\":\"https:\/\/raftingadventure.com\/#organization\",\"name\":\"Rafting Adventure\",\"url\":\"https:\/\/raftingadventure.com\/\",\"logo\":{\"@type\":\"ImageObject\",\"inLanguage\":\"en-US\",\"@id\":\"https:\/\/raftingadventure.com\/#\/schema\/logo\/image\/\",\"url\":\"https:\/\/raftingadventure.com\/wp-content\/uploads\/sites\/4\/2025\/08\/512-x-512-rafting-adventure-out-color-1.svg\",\"contentUrl\":\"https:\/\/raftingadventure.com\/wp-content\/uploads\/sites\/4\/2025\/08\/512-x-512-rafting-adventure-out-color-1.svg\",\"width\":512,\"height\":512,\"caption\":\"Rafting Adventure\"},\"image\":{\"@id\":\"https:\/\/raftingadventure.com\/#\/schema\/logo\/image\/\"}}]}<\/script>\n<meta property=\"product:price:amount\" content=\"190000.00\" \/>\n<meta property=\"product:price:currency\" content=\"ARS\" \/>\n<meta property=\"og:availability\" content=\"instock\" \/>\n<meta property=\"product:availability\" content=\"instock\" \/>\n<meta property=\"product:retailer_item_id\" content=\"ADV2025PUBLYC33V7\" \/>\n<meta property=\"product:condition\" content=\"new\" \/>\n<!-- \/ Yoast SEO Premium plugin. -->","yoast_head_json":{"title":"Puerto Blest, Los C\u00e1ntaros Waterfall and Frias Lake - Rafting Adventure","description":"Excursion to Puerto Blest, Los Cantaros Waterfall and Frias Lake without transfer. Navigation and unique landscapes from Bariloche, book your place today!","robots":{"index":"index","follow":"follow","max-snippet":"max-snippet:-1","max-image-preview":"max-image-preview:large","max-video-preview":"max-video-preview:-1"},"canonical":"https:\/\/raftingadventure.com\/en\/product\/puerto-blest-cantaros-waterfall-frias-lake\/","og_locale":"en_US","og_type":"article","og_title":"Puerto Blest y Cascada \u201cLos Cantaros\u201d + Lago Frias sin Traslado","og_description":"Excursi\u00f3n a Puerto Blest, Cascada Los C\u00e1ntaros y Lago Fr\u00edas sin traslado. Navegaci\u00f3n y paisajes \u00fanicos desde Bariloche. \u00a1Reserva tu lugar hoy!","og_url":"https:\/\/raftingadventure.com\/en\/product\/puerto-blest-cantaros-waterfall-frias-lake\/","og_site_name":"Rafting Adventure","article_modified_time":"2026-04-06T12:53:53+00:00","og_image":[{"width":850,"height":1133,"url":"https:\/\/raftingadventure.com\/wp-content\/uploads\/sites\/4\/2025\/08\/9-D-489420160_1343774833574760_6698911191477701960_n.jpg","type":"image\/jpeg"}],"twitter_card":"summary_large_image","twitter_misc":{"Price":"&#36;190,000.00","Availability":"In stock"},"schema":{"@context":"https:\/\/schema.org","@graph":[{"@type":"WebPage","@id":"https:\/\/raftingadventure.com\/product\/puerto-blest-cascada-cantaros-lago-frias\/","url":"https:\/\/raftingadventure.com\/product\/puerto-blest-cascada-cantaros-lago-frias\/","name":"Puerto Blest, Los C\u00e1ntaros Waterfall and Frias Lake - Rafting Adventure","isPartOf":{"@id":"https:\/\/raftingadventure.com\/#website"},"primaryImageOfPage":{"@id":"https:\/\/raftingadventure.com\/product\/puerto-blest-cascada-cantaros-lago-frias\/#primaryimage"},"image":{"@id":"https:\/\/raftingadventure.com\/product\/puerto-blest-cascada-cantaros-lago-frias\/#primaryimage"},"thumbnailUrl":"https:\/\/raftingadventure.com\/wp-content\/uploads\/sites\/4\/2025\/08\/9-D-489420160_1343774833574760_6698911191477701960_n.jpg","datePublished":"2025-08-18T14:07:00+00:00","dateModified":"2026-04-06T12:53:53+00:00","description":"Excursion to Puerto Blest, Los Cantaros Waterfall and Frias Lake without transfer. Navigation and unique landscapes from Bariloche, book your place today!","breadcrumb":{"@id":"https:\/\/raftingadventure.com\/product\/puerto-blest-cascada-cantaros-lago-frias\/#breadcrumb"},"inLanguage":"en-US","potentialAction":[{"@type":"ReadAction","target":["https:\/\/raftingadventure.com\/product\/puerto-blest-cascada-cantaros-lago-frias\/"]}]},{"@type":"ImageObject","inLanguage":"en-US","@id":"https:\/\/raftingadventure.com\/product\/puerto-blest-cascada-cantaros-lago-frias\/#primaryimage","url":"https:\/\/raftingadventure.com\/wp-content\/uploads\/sites\/4\/2025\/08\/9-D-489420160_1343774833574760_6698911191477701960_n.jpg","contentUrl":"https:\/\/raftingadventure.com\/wp-content\/uploads\/sites\/4\/2025\/08\/9-D-489420160_1343774833574760_6698911191477701960_n.jpg","width":850,"height":1133},{"@type":"BreadcrumbList","@id":"https:\/\/raftingadventure.com\/product\/puerto-blest-cascada-cantaros-lago-frias\/#breadcrumb","itemListElement":[{"@type":"ListItem","position":1,"name":"Inicio","item":"https:\/\/raftingadventure.com\/"},{"@type":"ListItem","position":2,"name":"Rafting Adventure desde 1993 pioneros en aventura.","item":"https:\/\/raftingadventure.com\/shop\/"},{"@type":"ListItem","position":3,"name":"Puerto Blest y Cascada \u201cLos Cantaros\u201d + Lago Frias sin Traslado"}]},{"@type":"WebSite","@id":"https:\/\/raftingadventure.com\/#website","url":"https:\/\/raftingadventure.com\/","name":"Rafting Adventure","description":"Since 1993 leaders in Rafting","publisher":{"@id":"https:\/\/raftingadventure.com\/#organization"},"potentialAction":[{"@type":"SearchAction","target":{"@type":"EntryPoint","urlTemplate":"https:\/\/raftingadventure.com\/?s={search_term_string}"},"query-input":{"@type":"PropertyValueSpecification","valueRequired":true,"valueName":"search_term_string"}}],"inLanguage":"en-US"},{"@type":"Organization","@id":"https:\/\/raftingadventure.com\/#organization","name":"Rafting Adventure","url":"https:\/\/raftingadventure.com\/","logo":{"@type":"ImageObject","inLanguage":"en-US","@id":"https:\/\/raftingadventure.com\/#\/schema\/logo\/image\/","url":"https:\/\/raftingadventure.com\/wp-content\/uploads\/sites\/4\/2025\/08\/512-x-512-rafting-adventure-out-color-1.svg","contentUrl":"https:\/\/raftingadventure.com\/wp-content\/uploads\/sites\/4\/2025\/08\/512-x-512-rafting-adventure-out-color-1.svg","width":512,"height":512,"caption":"Rafting Adventure"},"image":{"@id":"https:\/\/raftingadventure.com\/#\/schema\/logo\/image\/"}}]},"product_price_amount":"190000.00","product_price_currency":"ARS","og_availability":"instock","product_availability":"instock","product_retailer_item_id":"ADV2025PUBLYC33V7","product_condition":"new"},"_links":{"self":[{"href":"https:\/\/raftingadventure.com\/en\/wp-json\/wp\/v2\/product\/378047","targetHints":{"allow":["GET"]}}],"collection":[{"href":"https:\/\/raftingadventure.com\/en\/wp-json\/wp\/v2\/product"}],"about":[{"href":"https:\/\/raftingadventure.com\/en\/wp-json\/wp\/v2\/types\/product"}],"replies":[{"embeddable":true,"href":"https:\/\/raftingadventure.com\/en\/wp-json\/wp\/v2\/comments?post=378047"}],"wp:featuredmedia":[{"embeddable":true,"href":"https:\/\/raftingadventure.com\/en\/wp-json\/wp\/v2\/media\/378187"}],"wp:attachment":[{"href":"https:\/\/raftingadventure.com\/en\/wp-json\/wp\/v2\/media?parent=378047"}],"wp:term":[{"taxonomy":"product_brand","embeddable":true,"href":"https:\/\/raftingadventure.com\/en\/wp-json\/wp\/v2\/product_brand?post=378047"},{"taxonomy":"product_cat","embeddable":true,"href":"https:\/\/raftingadventure.com\/en\/wp-json\/wp\/v2\/product_cat?post=378047"},{"taxonomy":"product_tag","embeddable":true,"href":"https:\/\/raftingadventure.com\/en\/wp-json\/wp\/v2\/product_tag?post=378047"}],"curies":[{"name":"wp","href":"https:\/\/api.w.org\/{rel}","templated":true}]}}