{"id":378018,"date":"2025-08-18T10:56:43","date_gmt":"2025-08-18T13:56:43","guid":{"rendered":"https:\/\/raftingadventure.com\/product\/pack-de-reserva-flexible-viaja-con-tranquilidad-y-sin-preocupaciones\/"},"modified":"2025-08-25T10:52:14","modified_gmt":"2025-08-25T13:52:14","slug":"pack-de-reserva-flexible-viaja-con-tranquilidad-y-sin-preocupaciones","status":"publish","type":"product","link":"https:\/\/raftingadventure.com\/pt\/product\/pacote-de-reservas-flexivel-viaje-com-tranquilidade-e-sem-preocupacoes\/","title":{"rendered":"Pacote de reservas flex\u00edveis - Viaje com tranquilidade e sem preocupa\u00e7\u00f5es"},"content":{"rendered":"<h3 class=\"ai-optimize-6\" data-start=\"232\" data-end=\"273\">Adapte sua viagem quando precisar<\/h3>\n<p class=\"ai-optimize-7\" data-start=\"275\" data-end=\"620\">O Pacote de Reserva Flex\u00edvel permite que voc\u00ea organize suas atividades em Bariloche sabendo que, em caso de qualquer contratempo, voc\u00ea pode facilmente modificar ou cancelar sua excurs\u00e3o. Esse servi\u00e7o combina os privil\u00e9gios do Seguro de Reagendamento e do Seguro de Cancelamento, dando-lhe mais liberdade em uma \u00fanica escolha.<\/p>\n<h3 class=\"ai-optimize-8\" data-start=\"627\" data-end=\"652\">O que o pacote cobre?<\/h3>\n<ul data-start=\"654\" data-end=\"1014\">\n<li class=\"ai-optimize-9\" data-start=\"654\" data-end=\"726\">\n<p class=\"ai-optimize-10\" data-start=\"656\" data-end=\"726\">Altere a data de sua viagem sem sobretaxas at\u00e9 o dia anterior \u00e0 partida.<\/p>\n<\/li>\n<li class=\"ai-optimize-11\" data-start=\"727\" data-end=\"797\">\n<p class=\"ai-optimize-12\" data-start=\"729\" data-end=\"797\">Cancelamento com reembolso parcial dispon\u00edvel at\u00e9 as 19h do dia anterior.<\/p>\n<\/li>\n<li class=\"ai-optimize-13\" data-start=\"798\" data-end=\"870\">\n<p class=\"ai-optimize-14\" data-start=\"800\" data-end=\"870\">Voc\u00ea pode contrat\u00e1-lo at\u00e9 30 minutos ap\u00f3s receber seu voucher.<\/p>\n<\/li>\n<li class=\"ai-optimize-15\" data-start=\"871\" data-end=\"930\">\n<p class=\"ai-optimize-16\" data-start=\"873\" data-end=\"930\">O pacote \u00e9 comprado <strong data-start=\"893\" data-end=\"929\">por passageiro e por excurs\u00e3o<\/strong>.<\/p>\n<\/li>\n<li class=\"ai-optimize-17\" data-start=\"931\" data-end=\"1014\">\n<p class=\"ai-optimize-18\" data-start=\"933\" data-end=\"1014\">Perfeito para uma viagem tranquila, mesmo em caso de imprevistos de \u00faltima hora.<\/p>\n<\/li>\n<\/ul>\n<h3 class=\"ai-optimize-19\" data-start=\"1021\" data-end=\"1048\">Dados a serem levados em conta<\/h3>\n<ul data-start=\"1050\" data-end=\"1393\">\n<li class=\"ai-optimize-20\" data-start=\"1050\" data-end=\"1134\">\n<p class=\"ai-optimize-21\" data-start=\"1052\" data-end=\"1134\">O pacote \u00e9 pessoal: corresponde a cada participante e a cada atividade escolhida.<\/p>\n<\/li>\n<li class=\"ai-optimize-22\" data-start=\"1135\" data-end=\"1236\">\n<p class=\"ai-optimize-23\" data-start=\"1137\" data-end=\"1236\">A ser adicionado no momento da reserva ou em at\u00e9 30 minutos ap\u00f3s a emiss\u00e3o do voucher.<\/p>\n<\/li>\n<li class=\"ai-optimize-24\" data-start=\"1237\" data-end=\"1317\">\n<p class=\"ai-optimize-25\" data-start=\"1239\" data-end=\"1317\">Ele est\u00e1 dispon\u00edvel para quase todas as excurs\u00f5es (consulte as condi\u00e7\u00f5es espec\u00edficas).<\/p>\n<\/li>\n<li class=\"ai-optimize-26\" data-start=\"1318\" data-end=\"1393\">\n<p class=\"ai-optimize-27\" data-start=\"1320\" data-end=\"1393\">Os reembolsos parciais por cancelamento s\u00e3o feitos de acordo com as pol\u00edticas em vigor.<\/p>\n<\/li>\n<\/ul>\n<h3 class=\"ai-optimize-28\" data-start=\"1400\" data-end=\"1424\">Perguntas frequentes<\/h3>\n<p class=\"ai-optimize-29\" data-start=\"1426\" data-end=\"1565\"><strong data-start=\"1426\" data-end=\"1475\">Posso adicion\u00e1-lo ap\u00f3s a reserva?<\/strong><br data-start=\"1475\" data-end=\"1478\" \/>Sim, voc\u00ea tem at\u00e9 30 minutos ap\u00f3s receber seu voucher para adicion\u00e1-lo \u00e0 sua compra.<\/p>\n<p class=\"ai-optimize-30\" data-start=\"1567\" data-end=\"1731\"><strong data-start=\"1567\" data-end=\"1610\">Posso cancelar sem explica\u00e7\u00e3o?<\/strong><br data-start=\"1610\" data-end=\"1613\" \/>\u00c9 claro que voc\u00ea pode. Voc\u00ea pode cancelar at\u00e9 as 19 horas do dia anterior com reembolso parcial, sem necessidade de justificativa.<\/p>\n<p class=\"ai-optimize-31\" data-start=\"1733\" data-end=\"1866\"><strong data-start=\"1733\" data-end=\"1781\">O pacote permite altera\u00e7\u00f5es sem pagar a mais?<\/strong><br data-start=\"1781\" data-end=\"1784\" \/>Sim, voc\u00ea tem a op\u00e7\u00e3o de remarcar o passeio at\u00e9 o dia anterior, sujeito \u00e0 disponibilidade.<\/p>\n<p class=\"ai-optimize-32\" data-start=\"1868\" data-end=\"2032\"><strong data-start=\"1868\" data-end=\"1910\">Ele \u00e9 adequado para qualquer excurs\u00e3o?<\/strong><br data-start=\"1910\" data-end=\"1913\" \/>Ele \u00e9 v\u00e1lido para quase todas as excurs\u00f5es, com exce\u00e7\u00f5es que ser\u00e3o esclarecidas no momento da compra.<\/p>","protected":false},"excerpt":{"rendered":"<p class=\"ai-optimize-33\">Reserva flex\u00edvel: altera\u00e7\u00e3o ou cancelamento por pessoa e por experi\u00eancia, com reembolso parcial at\u00e9 o dia anterior. Mais tranquilidade para sua viagem a Bariloche.<\/p>","protected":false},"featured_media":378176,"comment_status":"open","ping_status":"closed","template":"","meta":[],"product_brand":[],"product_cat":[38],"product_tag":[],"class_list":{"0":"post-378018","1":"product","2":"type-product","3":"status-publish","4":"has-post-thumbnail","6":"product_cat-otros","8":"first","9":"instock","10":"sale","11":"purchasable","12":"product-type-simple"},"booking_location":null,"booking_location_type":null,"booking_duration":null,"booking_duration_unit":null,"booking_buffer":null,"booking_cost":null,"booking_resources":null,"exclude_global_add_ons":[],"addons":[],"yoast_head":"<!-- This site is optimized with the Yoast SEO Premium plugin v25.2 (Yoast SEO v25.2) - https:\/\/yoast.com\/wordpress\/plugins\/seo\/ -->\n<title>Pack de Reserva Flexible \u2013 Viaj\u00e1 con tranquilidad y sin preocupaciones - Rafting Adventure<\/title>\n<meta name=\"robots\" content=\"index, follow, max-snippet:-1, max-image-preview:large, max-video-preview:-1\" \/>\n<link rel=\"canonical\" href=\"https:\/\/raftingadventure.com\/pt\/product\/pacote-de-reservas-flexivel-viaje-com-tranquilidade-e-sem-preocupacoes\/\" \/>\n<meta property=\"og:locale\" content=\"pt_BR\" \/>\n<meta property=\"og:type\" content=\"article\" \/>\n<meta property=\"og:title\" content=\"Pack de Reserva Flexible \u2013 Viaj\u00e1 con tranquilidad y sin preocupaciones\" \/>\n<meta property=\"og:description\" content=\"Reserva Flexible: cambialo o anulalo por persona y por experiencia, con reembolso parcial hasta el d\u00eda previo. M\u00e1s tranquilidad para tu viaje a Bariloche.\" \/>\n<meta property=\"og:url\" content=\"https:\/\/raftingadventure.com\/pt\/product\/pacote-de-reservas-flexivel-viaje-com-tranquilidade-e-sem-preocupacoes\/\" \/>\n<meta property=\"og:site_name\" content=\"Rafting Adventure\" \/>\n<meta property=\"article:modified_time\" content=\"2025-08-25T13:52:14+00:00\" \/>\n<meta property=\"og:image\" content=\"https:\/\/raftingadventure.com\/wp-content\/uploads\/sites\/4\/2025\/08\/9-A-2.jpg\" \/>\n\t<meta property=\"og:image:width\" content=\"850\" \/>\n\t<meta property=\"og:image:height\" content=\"1133\" \/>\n\t<meta property=\"og:image:type\" content=\"image\/jpeg\" \/>\n<meta name=\"twitter:card\" content=\"summary_large_image\" \/>\n<meta name=\"twitter:label1\" content=\"Pre\u00e7o\" \/>\n\t<meta name=\"twitter:data1\" content=\"&#036;25,000.00\" \/>\n\t<meta name=\"twitter:label2\" content=\"Disponibilidade\" \/>\n\t<meta name=\"twitter:data2\" content=\"Em Estoque\" \/>\n<script type=\"application\/ld+json\" class=\"yoast-schema-graph\">{\"@context\":\"https:\/\/schema.org\",\"@graph\":[{\"@type\":\"WebPage\",\"@id\":\"https:\/\/raftingadventure.com\/product\/pack-de-reserva-flexible-viaja-con-tranquilidad-y-sin-preocupaciones\/\",\"url\":\"https:\/\/raftingadventure.com\/product\/pack-de-reserva-flexible-viaja-con-tranquilidad-y-sin-preocupaciones\/\",\"name\":\"Pack de Reserva Flexible \u2013 Viaj\u00e1 con tranquilidad y sin preocupaciones - Rafting Adventure\",\"isPartOf\":{\"@id\":\"https:\/\/raftingadventure.com\/#website\"},\"primaryImageOfPage\":{\"@id\":\"https:\/\/raftingadventure.com\/product\/pack-de-reserva-flexible-viaja-con-tranquilidad-y-sin-preocupaciones\/#primaryimage\"},\"image\":{\"@id\":\"https:\/\/raftingadventure.com\/product\/pack-de-reserva-flexible-viaja-con-tranquilidad-y-sin-preocupaciones\/#primaryimage\"},\"thumbnailUrl\":\"https:\/\/raftingadventure.com\/wp-content\/uploads\/sites\/4\/2025\/08\/9-A-2.jpg\",\"datePublished\":\"2025-08-18T13:56:43+00:00\",\"dateModified\":\"2025-08-25T13:52:14+00:00\",\"breadcrumb\":{\"@id\":\"https:\/\/raftingadventure.com\/product\/pack-de-reserva-flexible-viaja-con-tranquilidad-y-sin-preocupaciones\/#breadcrumb\"},\"inLanguage\":\"pt-BR\",\"potentialAction\":[{\"@type\":\"ReadAction\",\"target\":[\"https:\/\/raftingadventure.com\/product\/pack-de-reserva-flexible-viaja-con-tranquilidad-y-sin-preocupaciones\/\"]}]},{\"@type\":\"ImageObject\",\"inLanguage\":\"pt-BR\",\"@id\":\"https:\/\/raftingadventure.com\/product\/pack-de-reserva-flexible-viaja-con-tranquilidad-y-sin-preocupaciones\/#primaryimage\",\"url\":\"https:\/\/raftingadventure.com\/wp-content\/uploads\/sites\/4\/2025\/08\/9-A-2.jpg\",\"contentUrl\":\"https:\/\/raftingadventure.com\/wp-content\/uploads\/sites\/4\/2025\/08\/9-A-2.jpg\",\"width\":850,\"height\":1133},{\"@type\":\"BreadcrumbList\",\"@id\":\"https:\/\/raftingadventure.com\/product\/pack-de-reserva-flexible-viaja-con-tranquilidad-y-sin-preocupaciones\/#breadcrumb\",\"itemListElement\":[{\"@type\":\"ListItem\",\"position\":1,\"name\":\"Inicio\",\"item\":\"https:\/\/raftingadventure.com\/\"},{\"@type\":\"ListItem\",\"position\":2,\"name\":\"Rafting Adventure desde 1993 pioneros en aventura.\",\"item\":\"https:\/\/raftingadventure.com\/shop\/\"},{\"@type\":\"ListItem\",\"position\":3,\"name\":\"Pack de Reserva Flexible \u2013 Viaj\u00e1 con tranquilidad y sin preocupaciones\"}]},{\"@type\":\"WebSite\",\"@id\":\"https:\/\/raftingadventure.com\/#website\",\"url\":\"https:\/\/raftingadventure.com\/\",\"name\":\"Rafting Adventure\",\"description\":\"Desde 1993 lideres en Rafting\",\"publisher\":{\"@id\":\"https:\/\/raftingadventure.com\/#organization\"},\"potentialAction\":[{\"@type\":\"SearchAction\",\"target\":{\"@type\":\"EntryPoint\",\"urlTemplate\":\"https:\/\/raftingadventure.com\/?s={search_term_string}\"},\"query-input\":{\"@type\":\"PropertyValueSpecification\",\"valueRequired\":true,\"valueName\":\"search_term_string\"}}],\"inLanguage\":\"pt-BR\"},{\"@type\":\"Organization\",\"@id\":\"https:\/\/raftingadventure.com\/#organization\",\"name\":\"Rafting Adventure\",\"url\":\"https:\/\/raftingadventure.com\/\",\"logo\":{\"@type\":\"ImageObject\",\"inLanguage\":\"pt-BR\",\"@id\":\"https:\/\/raftingadventure.com\/#\/schema\/logo\/image\/\",\"url\":\"https:\/\/raftingadventure.com\/wp-content\/uploads\/sites\/4\/2025\/08\/512-x-512-rafting-adventure-out-color-1.svg\",\"contentUrl\":\"https:\/\/raftingadventure.com\/wp-content\/uploads\/sites\/4\/2025\/08\/512-x-512-rafting-adventure-out-color-1.svg\",\"width\":512,\"height\":512,\"caption\":\"Rafting Adventure\"},\"image\":{\"@id\":\"https:\/\/raftingadventure.com\/#\/schema\/logo\/image\/\"}}]}<\/script>\n<meta property=\"product:price:amount\" content=\"25000.00\" \/>\n<meta property=\"product:price:currency\" content=\"ARS\" \/>\n<meta property=\"og:availability\" content=\"instock\" \/>\n<meta property=\"product:availability\" content=\"instock\" \/>\n<meta property=\"product:condition\" content=\"new\" \/>\n<!-- \/ Yoast SEO Premium plugin. -->","yoast_head_json":{"title":"Pacote de reservas flex\u00edveis - Viaje com tranquilidade - Rafting Adventure","robots":{"index":"index","follow":"follow","max-snippet":"max-snippet:-1","max-image-preview":"max-image-preview:large","max-video-preview":"max-video-preview:-1"},"canonical":"https:\/\/raftingadventure.com\/pt\/product\/pacote-de-reservas-flexivel-viaje-com-tranquilidade-e-sem-preocupacoes\/","og_locale":"pt_BR","og_type":"article","og_title":"Pack de Reserva Flexible \u2013 Viaj\u00e1 con tranquilidad y sin preocupaciones","og_description":"Reserva Flexible: cambialo o anulalo por persona y por experiencia, con reembolso parcial hasta el d\u00eda previo. M\u00e1s tranquilidad para tu viaje a Bariloche.","og_url":"https:\/\/raftingadventure.com\/pt\/product\/pacote-de-reservas-flexivel-viaje-com-tranquilidade-e-sem-preocupacoes\/","og_site_name":"Rafting Adventure","article_modified_time":"2025-08-25T13:52:14+00:00","og_image":[{"width":850,"height":1133,"url":"https:\/\/raftingadventure.com\/wp-content\/uploads\/sites\/4\/2025\/08\/9-A-2.jpg","type":"image\/jpeg"}],"twitter_card":"summary_large_image","twitter_misc":{"Pre\u00e7o":"&#36;25,000.00","Disponibilidade":"Em Estoque"},"schema":{"@context":"https:\/\/schema.org","@graph":[{"@type":"WebPage","@id":"https:\/\/raftingadventure.com\/product\/pack-de-reserva-flexible-viaja-con-tranquilidad-y-sin-preocupaciones\/","url":"https:\/\/raftingadventure.com\/product\/pack-de-reserva-flexible-viaja-con-tranquilidad-y-sin-preocupaciones\/","name":"Pacote de reservas flex\u00edveis - Viaje com tranquilidade - Rafting Adventure","isPartOf":{"@id":"https:\/\/raftingadventure.com\/#website"},"primaryImageOfPage":{"@id":"https:\/\/raftingadventure.com\/product\/pack-de-reserva-flexible-viaja-con-tranquilidad-y-sin-preocupaciones\/#primaryimage"},"image":{"@id":"https:\/\/raftingadventure.com\/product\/pack-de-reserva-flexible-viaja-con-tranquilidad-y-sin-preocupaciones\/#primaryimage"},"thumbnailUrl":"https:\/\/raftingadventure.com\/wp-content\/uploads\/sites\/4\/2025\/08\/9-A-2.jpg","datePublished":"2025-08-18T13:56:43+00:00","dateModified":"2025-08-25T13:52:14+00:00","breadcrumb":{"@id":"https:\/\/raftingadventure.com\/product\/pack-de-reserva-flexible-viaja-con-tranquilidad-y-sin-preocupaciones\/#breadcrumb"},"inLanguage":"pt-BR","potentialAction":[{"@type":"ReadAction","target":["https:\/\/raftingadventure.com\/product\/pack-de-reserva-flexible-viaja-con-tranquilidad-y-sin-preocupaciones\/"]}]},{"@type":"ImageObject","inLanguage":"pt-BR","@id":"https:\/\/raftingadventure.com\/product\/pack-de-reserva-flexible-viaja-con-tranquilidad-y-sin-preocupaciones\/#primaryimage","url":"https:\/\/raftingadventure.com\/wp-content\/uploads\/sites\/4\/2025\/08\/9-A-2.jpg","contentUrl":"https:\/\/raftingadventure.com\/wp-content\/uploads\/sites\/4\/2025\/08\/9-A-2.jpg","width":850,"height":1133},{"@type":"BreadcrumbList","@id":"https:\/\/raftingadventure.com\/product\/pack-de-reserva-flexible-viaja-con-tranquilidad-y-sin-preocupaciones\/#breadcrumb","itemListElement":[{"@type":"ListItem","position":1,"name":"Inicio","item":"https:\/\/raftingadventure.com\/"},{"@type":"ListItem","position":2,"name":"Rafting Adventure desde 1993 pioneros en aventura.","item":"https:\/\/raftingadventure.com\/shop\/"},{"@type":"ListItem","position":3,"name":"Pack de Reserva Flexible \u2013 Viaj\u00e1 con tranquilidad y sin preocupaciones"}]},{"@type":"WebSite","@id":"https:\/\/raftingadventure.com\/#website","url":"https:\/\/raftingadventure.com\/","name":"Aventura de Rafting","description":"L\u00edderes em Rafting desde 1993","publisher":{"@id":"https:\/\/raftingadventure.com\/#organization"},"potentialAction":[{"@type":"SearchAction","target":{"@type":"EntryPoint","urlTemplate":"https:\/\/raftingadventure.com\/?s={search_term_string}"},"query-input":{"@type":"PropertyValueSpecification","valueRequired":true,"valueName":"search_term_string"}}],"inLanguage":"pt-BR"},{"@type":"Organization","@id":"https:\/\/raftingadventure.com\/#organization","name":"Aventura de Rafting","url":"https:\/\/raftingadventure.com\/","logo":{"@type":"ImageObject","inLanguage":"pt-BR","@id":"https:\/\/raftingadventure.com\/#\/schema\/logo\/image\/","url":"https:\/\/raftingadventure.com\/wp-content\/uploads\/sites\/4\/2025\/08\/512-x-512-rafting-adventure-out-color-1.svg","contentUrl":"https:\/\/raftingadventure.com\/wp-content\/uploads\/sites\/4\/2025\/08\/512-x-512-rafting-adventure-out-color-1.svg","width":512,"height":512,"caption":"Rafting Adventure"},"image":{"@id":"https:\/\/raftingadventure.com\/#\/schema\/logo\/image\/"}}]},"product_price_amount":"25000.00","product_price_currency":"ARS","og_availability":"instock","product_availability":"instock","product_condition":"new"},"_links":{"self":[{"href":"https:\/\/raftingadventure.com\/pt\/wp-json\/wp\/v2\/product\/378018","targetHints":{"allow":["GET"]}}],"collection":[{"href":"https:\/\/raftingadventure.com\/pt\/wp-json\/wp\/v2\/product"}],"about":[{"href":"https:\/\/raftingadventure.com\/pt\/wp-json\/wp\/v2\/types\/product"}],"replies":[{"embeddable":true,"href":"https:\/\/raftingadventure.com\/pt\/wp-json\/wp\/v2\/comments?post=378018"}],"wp:featuredmedia":[{"embeddable":true,"href":"https:\/\/raftingadventure.com\/pt\/wp-json\/wp\/v2\/media\/378176"}],"wp:attachment":[{"href":"https:\/\/raftingadventure.com\/pt\/wp-json\/wp\/v2\/media?parent=378018"}],"wp:term":[{"taxonomy":"product_brand","embeddable":true,"href":"https:\/\/raftingadventure.com\/pt\/wp-json\/wp\/v2\/product_brand?post=378018"},{"taxonomy":"product_cat","embeddable":true,"href":"https:\/\/raftingadventure.com\/pt\/wp-json\/wp\/v2\/product_cat?post=378018"},{"taxonomy":"product_tag","embeddable":true,"href":"https:\/\/raftingadventure.com\/pt\/wp-json\/wp\/v2\/product_tag?post=378018"}],"curies":[{"name":"wp","href":"https:\/\/api.w.org\/{rel}","templated":true}]}}