{"id":378030,"date":"2025-08-18T10:59:59","date_gmt":"2025-08-18T13:59:59","guid":{"rendered":"https:\/\/raftingadventure.com\/product\/san-martin-de-los-andes-por-los-7-lagos-naturaleza-miradores-y-postales-unicas-de-la-patagonia\/"},"modified":"2026-03-31T12:16:10","modified_gmt":"2026-03-31T15:16:10","slug":"san-martin-de-los-andes-por-7-lagos","status":"publish","type":"product","link":"https:\/\/raftingadventure.com\/pt\/product\/san-martin-de-los-andes-por-7-lagos\/","title":{"rendered":"San Mart\u00edn de los Andes pelos 7 lagos: natureza, pontos de vista e cart\u00f5es postais \u00fanicos da Patag\u00f4nia"},"content":{"rendered":"<h2 class=\"ai-optimize-22\">Descubra a fascinante viagem a San Mart\u00edn de los Andes<\/h2>\n<p class=\"ai-optimize-23 ai-optimize-introduction\">Uma experi\u00eancia inesquec\u00edvel de Bariloche at\u00e9 a encantadora San Martin de los Andes. Essa estrada que atravessa a <strong>Rota Nacional 40<\/strong> mergulha voc\u00ea em cen\u00e1rios de sonho, por meio da cativante <strong>Dina Huapi<\/strong>, do outro lado do rio <strong>Limay<\/strong>, e para a maravilha do <strong>Parque Nacional Nahuel Huapi<\/strong>.<\/p>\n<h3 class=\"ai-optimize-24\">Uma paisagem que deixa voc\u00ea sem palavras<\/h3>\n<p class=\"ai-optimize-25\">Durante a excurs\u00e3o, voc\u00ea contemplar\u00e1 os reflexos m\u00e1gicos do <strong>lagos Espejo, Correntoso, Escondido, Villarino, Falkner, Mach\u00f4nico<\/strong> e o ic\u00f4nico <strong>Lago L\u00e1car<\/strong>, cora\u00e7\u00e3o do <strong>Parque Nacional Lan\u00edn<\/strong>. Cada parada o convida a sentir a energia pura da Patag\u00f4nia e a acrescentar momentos que voc\u00ea vai querer reviver v\u00e1rias vezes.<\/p>\n<h3 class=\"ai-optimize-26\">O charme inesquec\u00edvel de San Mart\u00edn de los Andes<\/h3>\n<p class=\"ai-optimize-27\">Ao chegar a San Martin de los Andes, uma cidade acolhedora cercada por colinas deslumbrantes e \u00e1guas azul-turquesa espera por voc\u00ea. Passeie por suas ruas charmosas, explore as lojas de artesanato ou desfrute de uma x\u00edcara de caf\u00e9 com um morador local. <strong>vista incr\u00edvel<\/strong> at\u00e9 o Lago L\u00e1car.<\/p>\n<h3 class=\"ai-optimize-28\">Informa\u00e7\u00f5es sobre a caminhada<\/h3>\n<ul>\n<li class=\"ai-optimize-29\"><strong>Viagem:<\/strong> \u00c9 feito em um ve\u00edculo tur\u00edstico com guia, incluindo paradas em Villa La Angostura e na Rota dos 7 Lagos.<\/li>\n<li class=\"ai-optimize-30\"><strong>Dura\u00e7\u00e3o:<\/strong> Das 8:00 \u00e0s 18:30 hs, aproximadamente.<\/li>\n<li class=\"ai-optimize-31\"><strong>Ele inclui:<\/strong> Traslado e guia em espanhol (servi\u00e7o bil\u00edngue dispon\u00edvel mediante solicita\u00e7\u00e3o e por um custo adicional).<\/li>\n<li class=\"ai-optimize-32\"><strong>N\u00e3o inclu\u00eddo:<\/strong> Refei\u00e7\u00f5es (h\u00e1 paradas ao longo do caminho para almo\u00e7o ou lanches).<\/li>\n<\/ul>\n<p class=\"ai-optimize-33\">N\u00e3o perca essa chance irrepet\u00edvel de se conectar com a aut\u00eantica Patag\u00f4nia e levar para casa mem\u00f3rias \u00fanicas.<\/p>\n<h2 class=\"ai-optimize-34\">Perguntas frequentes<\/h2>\n<ul>\n<li class=\"ai-optimize-35\"><strong>O que acontece se houver mau tempo, como chuva ou neve, durante a caminhada?<\/strong><br \/>\nA viagem \u00e9 realizada mesmo com chuva ou neve, pois essas s\u00e3o condi\u00e7\u00f5es clim\u00e1ticas comuns no sul.<\/li>\n<li class=\"ai-optimize-36\"><strong>Voc\u00ea navega em algum dos lagos?<\/strong><br \/>\nN\u00e3o, a excurs\u00e3o \u00e9 feita por estrada em um micro\u00f4nibus, parando para tirar fotos e caminhar por San Mart\u00edn de los Andes e Villa La Angostura.<\/li>\n<li class=\"ai-optimize-37\"><strong>S\u00e3o feitas paradas durante a viagem?<\/strong><br \/>\nObviamente, h\u00e1 v\u00e1rias paradas intermedi\u00e1rias e uma parada principal em San Martin de los Andes para que voc\u00ea possa almo\u00e7ar e conhecer a cidade.<\/li>\n<li class=\"ai-optimize-38\"><strong>Posso terminar a viagem em outro local?<\/strong><br \/>\nSim, voc\u00ea tem a op\u00e7\u00e3o de terminar em Villa La Angostura ou San Martin de los Andes, levando sua bagagem com voc\u00ea sem nenhum problema.<\/li>\n<li class=\"ai-optimize-39\"><strong>\u00c9 poss\u00edvel retornar no dia seguinte?<\/strong><br \/>\nToda a excurs\u00e3o \u00e9 realizada durante o dia. Se quiser prolongar sua estadia, voc\u00ea ter\u00e1 que coordenar e pagar pelo traslado de volta para outro dia.<\/li>\n<\/ul>","protected":false},"excerpt":{"rendered":"<h2 class=\"ai-optimize-6\">Uma aventura memor\u00e1vel espera por voc\u00ea<\/h2>\n<p class=\"ai-optimize-7\">Deixe que o ambiente o deslumbre ao caminhar pelo <strong>rota dos 7 lagos<\/strong> rumo a San Mart\u00edn de los Andes. Descubra vistas incr\u00edveis e visite uma cidade cativante, emoldurada por um ambiente natural \u00fanico. Reserve seu espa\u00e7o e aproveite essa experi\u00eancia irrepet\u00edvel!<\/p>","protected":false},"featured_media":378163,"comment_status":"open","ping_status":"closed","template":"","meta":[],"product_brand":[],"product_cat":[52,56,57,63,68,65,72],"product_tag":[],"class_list":{"0":"post-378030","1":"product","2":"type-product","3":"status-publish","4":"has-post-thumbnail","6":"product_cat-adultos","7":"product_cat-con-traslado","8":"product_cat-familia","9":"product_cat-ninos","10":"product_cat-sin-comida","11":"product_cat-terrestre","12":"product_cat-todo-el-ano","14":"first","15":"instock","16":"virtual","17":"sold-individually","18":"purchasable","19":"product-type-booking"},"booking_location":"","booking_location_type":"","booking_duration":1,"booking_duration_unit":"hour","booking_buffer":0,"booking_cost":0,"booking_resources":[],"exclude_global_add_ons":false,"addons":[{"name":"STD: Passageiros","type":"input_multiplier","position":0,"required":false,"title_format":"label","default":"","description_enable":false,"description":"","placeholder_enable":false,"placeholder":"","display":"select","restrictions_type":"any_text","adjust_price":true,"price":"71400","price_type":"flat_fee","restrictions":false,"min":"0","max":"0","options":[],"id":1773237111}],"yoast_head":"<!-- This site is optimized with the Yoast SEO Premium plugin v25.2 (Yoast SEO v25.2) - https:\/\/yoast.com\/wordpress\/plugins\/seo\/ -->\n<title>San Mart\u00edn de los Andes por los 7 Lagos: Naturaleza, Miradores y Postales \u00danicas de la Patagonia - Rafting Adventure<\/title>\n<meta name=\"robots\" content=\"index, follow, max-snippet:-1, max-image-preview:large, max-video-preview:-1\" \/>\n<link rel=\"canonical\" href=\"https:\/\/raftingadventure.com\/pt\/product\/san-martin-de-los-andes-por-7-lagos\/\" \/>\n<meta property=\"og:locale\" content=\"pt_BR\" \/>\n<meta property=\"og:type\" content=\"article\" \/>\n<meta property=\"og:title\" content=\"San Mart\u00edn de los Andes por los 7 Lagos: Naturaleza, Miradores y Postales \u00danicas de la Patagonia\" \/>\n<meta property=\"og:description\" content=\"Una aventura memorable te aguarda Permit\u00ed que el entorno te deslumbre mientras transit\u00e1s la ruta de los 7 lagos rumbo a San Mart\u00edn de los Andes. Descubr\u00ed vistas asombrosas y recorr\u00e9 una localidad cautivante, enmarcada por un entorno natural inigualable. \u00a1Reserv\u00e1 tu espacio y disfrut\u00e1 de esta vivencia irrepetible!\" \/>\n<meta property=\"og:url\" content=\"https:\/\/raftingadventure.com\/pt\/product\/san-martin-de-los-andes-por-7-lagos\/\" \/>\n<meta property=\"og:site_name\" content=\"Rafting Adventure\" \/>\n<meta property=\"article:modified_time\" content=\"2026-03-31T15:16:10+00:00\" \/>\n<meta property=\"og:image\" content=\"https:\/\/raftingadventure.com\/wp-content\/uploads\/sites\/4\/2025\/08\/9-C-IMG_0877.jpg\" \/>\n\t<meta property=\"og:image:width\" content=\"850\" \/>\n\t<meta property=\"og:image:height\" content=\"1133\" \/>\n\t<meta property=\"og:image:type\" content=\"image\/jpeg\" \/>\n<meta name=\"twitter:card\" content=\"summary_large_image\" \/>\n<meta name=\"twitter:label1\" content=\"Pre\u00e7o\" \/>\n\t<meta name=\"twitter:data1\" content=\"&#036;71,400.00\" \/>\n\t<meta name=\"twitter:label2\" content=\"Disponibilidade\" \/>\n\t<meta name=\"twitter:data2\" content=\"Em Estoque\" \/>\n<script type=\"application\/ld+json\" class=\"yoast-schema-graph\">{\"@context\":\"https:\/\/schema.org\",\"@graph\":[{\"@type\":\"WebPage\",\"@id\":\"https:\/\/raftingadventure.com\/product\/san-martin-de-los-andes-por-7-lagos\/\",\"url\":\"https:\/\/raftingadventure.com\/product\/san-martin-de-los-andes-por-7-lagos\/\",\"name\":\"San Mart\u00edn de los Andes por los 7 Lagos: Naturaleza, Miradores y Postales \u00danicas de la Patagonia - Rafting Adventure\",\"isPartOf\":{\"@id\":\"https:\/\/raftingadventure.com\/#website\"},\"primaryImageOfPage\":{\"@id\":\"https:\/\/raftingadventure.com\/product\/san-martin-de-los-andes-por-7-lagos\/#primaryimage\"},\"image\":{\"@id\":\"https:\/\/raftingadventure.com\/product\/san-martin-de-los-andes-por-7-lagos\/#primaryimage\"},\"thumbnailUrl\":\"https:\/\/raftingadventure.com\/wp-content\/uploads\/sites\/4\/2025\/08\/9-C-IMG_0877.jpg\",\"datePublished\":\"2025-08-18T13:59:59+00:00\",\"dateModified\":\"2026-03-31T15:16:10+00:00\",\"breadcrumb\":{\"@id\":\"https:\/\/raftingadventure.com\/product\/san-martin-de-los-andes-por-7-lagos\/#breadcrumb\"},\"inLanguage\":\"pt-BR\",\"potentialAction\":[{\"@type\":\"ReadAction\",\"target\":[\"https:\/\/raftingadventure.com\/product\/san-martin-de-los-andes-por-7-lagos\/\"]}]},{\"@type\":\"ImageObject\",\"inLanguage\":\"pt-BR\",\"@id\":\"https:\/\/raftingadventure.com\/product\/san-martin-de-los-andes-por-7-lagos\/#primaryimage\",\"url\":\"https:\/\/raftingadventure.com\/wp-content\/uploads\/sites\/4\/2025\/08\/9-C-IMG_0877.jpg\",\"contentUrl\":\"https:\/\/raftingadventure.com\/wp-content\/uploads\/sites\/4\/2025\/08\/9-C-IMG_0877.jpg\",\"width\":850,\"height\":1133},{\"@type\":\"BreadcrumbList\",\"@id\":\"https:\/\/raftingadventure.com\/product\/san-martin-de-los-andes-por-7-lagos\/#breadcrumb\",\"itemListElement\":[{\"@type\":\"ListItem\",\"position\":1,\"name\":\"Inicio\",\"item\":\"https:\/\/raftingadventure.com\/\"},{\"@type\":\"ListItem\",\"position\":2,\"name\":\"Rafting Adventure desde 1993 pioneros en aventura.\",\"item\":\"https:\/\/raftingadventure.com\/shop\/\"},{\"@type\":\"ListItem\",\"position\":3,\"name\":\"San Mart\u00edn de los Andes por los 7 Lagos: Naturaleza, Miradores y Postales \u00danicas de la Patagonia\"}]},{\"@type\":\"WebSite\",\"@id\":\"https:\/\/raftingadventure.com\/#website\",\"url\":\"https:\/\/raftingadventure.com\/\",\"name\":\"Rafting Adventure\",\"description\":\"Desde 1993 lideres en Rafting\",\"publisher\":{\"@id\":\"https:\/\/raftingadventure.com\/#organization\"},\"potentialAction\":[{\"@type\":\"SearchAction\",\"target\":{\"@type\":\"EntryPoint\",\"urlTemplate\":\"https:\/\/raftingadventure.com\/?s={search_term_string}\"},\"query-input\":{\"@type\":\"PropertyValueSpecification\",\"valueRequired\":true,\"valueName\":\"search_term_string\"}}],\"inLanguage\":\"pt-BR\"},{\"@type\":\"Organization\",\"@id\":\"https:\/\/raftingadventure.com\/#organization\",\"name\":\"Rafting Adventure\",\"url\":\"https:\/\/raftingadventure.com\/\",\"logo\":{\"@type\":\"ImageObject\",\"inLanguage\":\"pt-BR\",\"@id\":\"https:\/\/raftingadventure.com\/#\/schema\/logo\/image\/\",\"url\":\"https:\/\/raftingadventure.com\/wp-content\/uploads\/sites\/4\/2025\/08\/512-x-512-rafting-adventure-out-color-1.svg\",\"contentUrl\":\"https:\/\/raftingadventure.com\/wp-content\/uploads\/sites\/4\/2025\/08\/512-x-512-rafting-adventure-out-color-1.svg\",\"width\":512,\"height\":512,\"caption\":\"Rafting Adventure\"},\"image\":{\"@id\":\"https:\/\/raftingadventure.com\/#\/schema\/logo\/image\/\"}}]}<\/script>\n<meta property=\"product:price:amount\" content=\"71400.00\" \/>\n<meta property=\"product:price:currency\" content=\"ARS\" \/>\n<meta property=\"og:availability\" content=\"instock\" \/>\n<meta property=\"product:availability\" content=\"instock\" \/>\n<meta property=\"product:retailer_item_id\" content=\"ADV2025SAMADEQ219\" \/>\n<meta property=\"product:condition\" content=\"new\" \/>\n<!-- \/ Yoast SEO Premium plugin. -->","yoast_head_json":{"title":"San Mart\u00edn de los Andes pelos 7 Lagos: Natureza, mirantes e cart\u00f5es postais \u00fanicos da Patag\u00f4nia - Aventura de Rafting","robots":{"index":"index","follow":"follow","max-snippet":"max-snippet:-1","max-image-preview":"max-image-preview:large","max-video-preview":"max-video-preview:-1"},"canonical":"https:\/\/raftingadventure.com\/pt\/product\/san-martin-de-los-andes-por-7-lagos\/","og_locale":"pt_BR","og_type":"article","og_title":"San Mart\u00edn de los Andes por los 7 Lagos: Naturaleza, Miradores y Postales \u00danicas de la Patagonia","og_description":"Una aventura memorable te aguarda Permit\u00ed que el entorno te deslumbre mientras transit\u00e1s la ruta de los 7 lagos rumbo a San Mart\u00edn de los Andes. Descubr\u00ed vistas asombrosas y recorr\u00e9 una localidad cautivante, enmarcada por un entorno natural inigualable. \u00a1Reserv\u00e1 tu espacio y disfrut\u00e1 de esta vivencia irrepetible!","og_url":"https:\/\/raftingadventure.com\/pt\/product\/san-martin-de-los-andes-por-7-lagos\/","og_site_name":"Rafting Adventure","article_modified_time":"2026-03-31T15:16:10+00:00","og_image":[{"width":850,"height":1133,"url":"https:\/\/raftingadventure.com\/wp-content\/uploads\/sites\/4\/2025\/08\/9-C-IMG_0877.jpg","type":"image\/jpeg"}],"twitter_card":"summary_large_image","twitter_misc":{"Pre\u00e7o":"&#36;71,400.00","Disponibilidade":"Em Estoque"},"schema":{"@context":"https:\/\/schema.org","@graph":[{"@type":"WebPage","@id":"https:\/\/raftingadventure.com\/product\/san-martin-de-los-andes-por-7-lagos\/","url":"https:\/\/raftingadventure.com\/product\/san-martin-de-los-andes-por-7-lagos\/","name":"San Mart\u00edn de los Andes pelos 7 Lagos: Natureza, mirantes e cart\u00f5es postais \u00fanicos da Patag\u00f4nia - Aventura de Rafting","isPartOf":{"@id":"https:\/\/raftingadventure.com\/#website"},"primaryImageOfPage":{"@id":"https:\/\/raftingadventure.com\/product\/san-martin-de-los-andes-por-7-lagos\/#primaryimage"},"image":{"@id":"https:\/\/raftingadventure.com\/product\/san-martin-de-los-andes-por-7-lagos\/#primaryimage"},"thumbnailUrl":"https:\/\/raftingadventure.com\/wp-content\/uploads\/sites\/4\/2025\/08\/9-C-IMG_0877.jpg","datePublished":"2025-08-18T13:59:59+00:00","dateModified":"2026-03-31T15:16:10+00:00","breadcrumb":{"@id":"https:\/\/raftingadventure.com\/product\/san-martin-de-los-andes-por-7-lagos\/#breadcrumb"},"inLanguage":"pt-BR","potentialAction":[{"@type":"ReadAction","target":["https:\/\/raftingadventure.com\/product\/san-martin-de-los-andes-por-7-lagos\/"]}]},{"@type":"ImageObject","inLanguage":"pt-BR","@id":"https:\/\/raftingadventure.com\/product\/san-martin-de-los-andes-por-7-lagos\/#primaryimage","url":"https:\/\/raftingadventure.com\/wp-content\/uploads\/sites\/4\/2025\/08\/9-C-IMG_0877.jpg","contentUrl":"https:\/\/raftingadventure.com\/wp-content\/uploads\/sites\/4\/2025\/08\/9-C-IMG_0877.jpg","width":850,"height":1133},{"@type":"BreadcrumbList","@id":"https:\/\/raftingadventure.com\/product\/san-martin-de-los-andes-por-7-lagos\/#breadcrumb","itemListElement":[{"@type":"ListItem","position":1,"name":"Inicio","item":"https:\/\/raftingadventure.com\/"},{"@type":"ListItem","position":2,"name":"Rafting Adventure desde 1993 pioneros en aventura.","item":"https:\/\/raftingadventure.com\/shop\/"},{"@type":"ListItem","position":3,"name":"San Mart\u00edn de los Andes por los 7 Lagos: Naturaleza, Miradores y Postales \u00danicas de la Patagonia"}]},{"@type":"WebSite","@id":"https:\/\/raftingadventure.com\/#website","url":"https:\/\/raftingadventure.com\/","name":"Aventura de Rafting","description":"L\u00edderes em Rafting desde 1993","publisher":{"@id":"https:\/\/raftingadventure.com\/#organization"},"potentialAction":[{"@type":"SearchAction","target":{"@type":"EntryPoint","urlTemplate":"https:\/\/raftingadventure.com\/?s={search_term_string}"},"query-input":{"@type":"PropertyValueSpecification","valueRequired":true,"valueName":"search_term_string"}}],"inLanguage":"pt-BR"},{"@type":"Organization","@id":"https:\/\/raftingadventure.com\/#organization","name":"Aventura de Rafting","url":"https:\/\/raftingadventure.com\/","logo":{"@type":"ImageObject","inLanguage":"pt-BR","@id":"https:\/\/raftingadventure.com\/#\/schema\/logo\/image\/","url":"https:\/\/raftingadventure.com\/wp-content\/uploads\/sites\/4\/2025\/08\/512-x-512-rafting-adventure-out-color-1.svg","contentUrl":"https:\/\/raftingadventure.com\/wp-content\/uploads\/sites\/4\/2025\/08\/512-x-512-rafting-adventure-out-color-1.svg","width":512,"height":512,"caption":"Rafting Adventure"},"image":{"@id":"https:\/\/raftingadventure.com\/#\/schema\/logo\/image\/"}}]},"product_price_amount":"71400.00","product_price_currency":"ARS","og_availability":"instock","product_availability":"instock","product_retailer_item_id":"ADV2025SAMADEQ219","product_condition":"new"},"_links":{"self":[{"href":"https:\/\/raftingadventure.com\/pt\/wp-json\/wp\/v2\/product\/378030","targetHints":{"allow":["GET"]}}],"collection":[{"href":"https:\/\/raftingadventure.com\/pt\/wp-json\/wp\/v2\/product"}],"about":[{"href":"https:\/\/raftingadventure.com\/pt\/wp-json\/wp\/v2\/types\/product"}],"replies":[{"embeddable":true,"href":"https:\/\/raftingadventure.com\/pt\/wp-json\/wp\/v2\/comments?post=378030"}],"wp:featuredmedia":[{"embeddable":true,"href":"https:\/\/raftingadventure.com\/pt\/wp-json\/wp\/v2\/media\/378163"}],"wp:attachment":[{"href":"https:\/\/raftingadventure.com\/pt\/wp-json\/wp\/v2\/media?parent=378030"}],"wp:term":[{"taxonomy":"product_brand","embeddable":true,"href":"https:\/\/raftingadventure.com\/pt\/wp-json\/wp\/v2\/product_brand?post=378030"},{"taxonomy":"product_cat","embeddable":true,"href":"https:\/\/raftingadventure.com\/pt\/wp-json\/wp\/v2\/product_cat?post=378030"},{"taxonomy":"product_tag","embeddable":true,"href":"https:\/\/raftingadventure.com\/pt\/wp-json\/wp\/v2\/product_tag?post=378030"}],"curies":[{"name":"wp","href":"https:\/\/api.w.org\/{rel}","templated":true}]}}