{"id":378031,"date":"2025-08-18T11:00:48","date_gmt":"2025-08-18T14:00:48","guid":{"rendered":"https:\/\/raftingadventure.com\/product\/circuito-chico-y-cerro-campanario-explora-bariloche-como-nunca-antes\/"},"modified":"2026-03-31T12:16:10","modified_gmt":"2026-03-31T15:16:10","slug":"circuito-chico-cerro-campanario","status":"publish","type":"product","link":"https:\/\/raftingadventure.com\/pt\/product\/cerro-campanario-small-circuit\/","title":{"rendered":"Circuito Chico e Cerro Campanario: explore Bariloche como nunca antes"},"content":{"rendered":"<h3 class=\"ai-optimize-22\" data-start=\"417\" data-end=\"500\"><strong data-start=\"421\" data-end=\"500\">Paisagens de tirar o f\u00f4lego, rotas emblem\u00e1ticas e cart\u00f5es postais que v\u00e3o emocion\u00e1-lo.<\/strong><\/h3>\n<p class=\"ai-optimize-23 ai-optimize-introduction\" data-start=\"502\" data-end=\"756\">Experimente o melhor de Bariloche em apenas algumas horas com este passeio projetado para aqueles que procuram combinar ambientes naturais, hist\u00f3ria local e vistas inesquec\u00edveis. O <strong data-start=\"677\" data-end=\"695\">Circuito pequeno<\/strong> \u00e9 a escolha perfeita para dar in\u00edcio \u00e0 sua experi\u00eancia na cidade.<\/p>\n<p class=\"ai-optimize-24\" data-start=\"758\" data-end=\"1088\">A aventura come\u00e7a nos pontos de encontro entre o centro e o km 8 da Av. Bustillo ou Av. Pioneros. Voc\u00ea far\u00e1 fronteira com a <strong data-start=\"910\" data-end=\"931\">Lago Nahuel Huapi<\/strong>, maravilhar-se com o majestoso <strong data-start=\"957\" data-end=\"976\">Hotel Llao Llao<\/strong>, admirar o charme <strong data-start=\"993\" data-end=\"1016\">Capela de S\u00e3o Eduardo<\/strong> e fa\u00e7a um tour pelo <strong data-start=\"1022\" data-end=\"1040\">Puerto Pa\u00f1uelo<\/strong>, sa\u00edda dos cal\u00e7ad\u00f5es \u00e0 beira do lago.<\/p>\n<p class=\"ai-optimize-25\" data-start=\"1090\" data-end=\"1241\">Voc\u00ea tamb\u00e9m pode visitar lugares como <strong data-start=\"1125\" data-end=\"1140\">Vila Tacul<\/strong>, o <strong data-start=\"1145\" data-end=\"1163\">Lago escondido<\/strong> e o <strong data-start=\"1169\" data-end=\"1184\">Cerro L\u00f3pez<\/strong>, Aproveitamos as paradas para tirar fotos e respirar ar puro.<\/p>\n<p class=\"ai-optimize-26\" data-start=\"1243\" data-end=\"1484\">O fechamento est\u00e1 no <strong data-start=\"1272\" data-end=\"1292\">Cerro Campanario<\/strong>, Voc\u00ea ter\u00e1 a oportunidade de subir em um telef\u00e9rico e descobrir um dos pontos de vista mais impressionantes do planeta. Do alto, as paisagens de colinas, espelhos d'\u00e1gua e vales o deixar\u00e3o sem palavras.<\/p>\n<p class=\"ai-optimize-27\" data-start=\"1486\" data-end=\"1665\">O passeio funciona das 8h30min \u00e0s 12h30min ou das 14h30min \u00e0s 19h00min. Inclui traslado e guia credenciado em espanhol (solicite a op\u00e7\u00e3o bil\u00edngue). N\u00e3o inclui o telef\u00e9rico nem as refei\u00e7\u00f5es.<\/p>\n<h3 class=\"ai-optimize-28\" data-start=\"1672\" data-end=\"1700\"><strong data-start=\"1676\" data-end=\"1700\">Perguntas frequentes<\/strong><\/h3>\n<p class=\"ai-optimize-29\" data-start=\"1702\" data-end=\"1844\"><strong data-start=\"1702\" data-end=\"1746\">\u00c9 poss\u00edvel adicionar outra excurs\u00e3o?<\/strong><br data-start=\"1746\" data-end=\"1749\" \/>Sim! \u00c9 ideal para combinar com uma viagem ao <strong data-start=\"1787\" data-end=\"1805\">Cerro Catedral<\/strong> ou visite o site <strong data-start=\"1813\" data-end=\"1830\">Ilha Victoria<\/strong> \u00e0 tarde.<\/p>\n<p class=\"ai-optimize-30\" data-start=\"1846\" data-end=\"1951\"><strong data-start=\"1846\" data-end=\"1878\">O telef\u00e9rico est\u00e1 planejado?<\/strong><br data-start=\"1878\" data-end=\"1881\" \/>N\u00e3o, a subida ao Cerro Campanario \u00e9 opcional e voc\u00ea paga por ela no local.<\/p>\n<p class=\"ai-optimize-31\" data-start=\"1953\" data-end=\"2056\"><strong data-start=\"1953\" data-end=\"1986\">Como fa\u00e7o para entrar no Llao Llao Llao Hotel?<\/strong><br data-start=\"1986\" data-end=\"1989\" \/>N\u00e3o. O passeio contempla o visual externo e o cen\u00e1rio natural.<\/p>\n<p class=\"ai-optimize-32\" data-start=\"2058\" data-end=\"2192\"><strong data-start=\"2058\" data-end=\"2082\">Voc\u00ea precisa caminhar ou se esfor\u00e7ar?<\/strong><br data-start=\"2082\" data-end=\"2085\" \/>N\u00e3o \u00e9 necess\u00e1ria nenhuma atividade f\u00edsica. \u00c9 adequado para todos e altamente recomendado se for sua primeira vez em Bariloche.<\/p>","protected":false},"excerpt":{"rendered":"<p class=\"ai-optimize-6\">Conhe\u00e7a Bariloche com o tradicional Circuito Chico e a subida ao Cerro Campanario. Passeie pela pitoresca Avenida Bustillo, contemple a impon\u00eancia do Hotel Llao Llao Llao e suba o Cerro Campanario para ter uma vista panor\u00e2mica inigual\u00e1vel. Uma excurs\u00e3o que combina paisagens, conforto e aventura em um passeio \u00fanico.<\/p>","protected":false},"featured_media":378157,"comment_status":"open","ping_status":"closed","template":"","meta":[],"product_brand":[],"product_cat":[52,56,57,63,68,65,72],"product_tag":[],"class_list":{"0":"post-378031","1":"product","2":"type-product","3":"status-publish","4":"has-post-thumbnail","6":"product_cat-adultos","7":"product_cat-con-traslado","8":"product_cat-familia","9":"product_cat-ninos","10":"product_cat-sin-comida","11":"product_cat-terrestre","12":"product_cat-todo-el-ano","14":"first","15":"instock","16":"virtual","17":"sold-individually","18":"purchasable","19":"product-type-booking"},"booking_location":"","booking_location_type":"","booking_duration":1,"booking_duration_unit":"hour","booking_buffer":0,"booking_cost":0,"booking_resources":[],"exclude_global_add_ons":false,"addons":[{"name":"STD: Passageiros","type":"input_multiplier","position":0,"required":false,"title_format":"label","default":"","description_enable":false,"description":"","placeholder_enable":false,"placeholder":"","display":"select","restrictions_type":"any_text","adjust_price":true,"price":"23400","price_type":"flat_fee","restrictions":false,"min":"0","max":"0","options":[],"id":1773236982}],"yoast_head":"<!-- This site is optimized with the Yoast SEO Premium plugin v25.2 (Yoast SEO v25.2) - https:\/\/yoast.com\/wordpress\/plugins\/seo\/ -->\n<title>Circuito Chico y Cerro Campanario - Rafting Adventure<\/title>\n<meta name=\"description\" content=\"Descubr\u00ed Circuito Chico y Cerro Campanario en Bariloche. Vistas 360\u00b0, Punto Panor\u00e1mico y paisajes \u00fanicos en una excursi\u00f3n imperdible de medio d\u00eda.\" \/>\n<meta name=\"robots\" content=\"index, follow, max-snippet:-1, max-image-preview:large, max-video-preview:-1\" \/>\n<link rel=\"canonical\" href=\"https:\/\/raftingadventure.com\/pt\/product\/cerro-campanario-small-circuit\/\" \/>\n<meta property=\"og:locale\" content=\"pt_BR\" \/>\n<meta property=\"og:type\" content=\"article\" \/>\n<meta property=\"og:title\" content=\"Circuito Chico y Cerro Campanario: explor\u00e1 Bariloche como nunca antes\" \/>\n<meta property=\"og:description\" content=\"Descubr\u00ed Circuito Chico y Cerro Campanario en Bariloche. Vistas 360\u00b0, Punto Panor\u00e1mico y paisajes \u00fanicos en una excursi\u00f3n imperdible de medio d\u00eda.\" \/>\n<meta property=\"og:url\" content=\"https:\/\/raftingadventure.com\/pt\/product\/cerro-campanario-small-circuit\/\" \/>\n<meta property=\"og:site_name\" content=\"Rafting Adventure\" \/>\n<meta property=\"article:modified_time\" content=\"2026-03-31T15:16:10+00:00\" \/>\n<meta property=\"og:image\" content=\"https:\/\/raftingadventure.com\/wp-content\/uploads\/sites\/4\/2025\/08\/9-A-DSC_0073.jpg\" \/>\n\t<meta property=\"og:image:width\" content=\"850\" \/>\n\t<meta property=\"og:image:height\" content=\"1133\" \/>\n\t<meta property=\"og:image:type\" content=\"image\/jpeg\" \/>\n<meta name=\"twitter:card\" content=\"summary_large_image\" \/>\n<meta name=\"twitter:label1\" content=\"Pre\u00e7o\" \/>\n\t<meta name=\"twitter:data1\" content=\"&#036;23,400.00\" \/>\n\t<meta name=\"twitter:label2\" content=\"Disponibilidade\" \/>\n\t<meta name=\"twitter:data2\" content=\"Em Estoque\" \/>\n<script type=\"application\/ld+json\" class=\"yoast-schema-graph\">{\"@context\":\"https:\/\/schema.org\",\"@graph\":[{\"@type\":\"WebPage\",\"@id\":\"https:\/\/raftingadventure.com\/product\/circuito-chico-cerro-campanario\/\",\"url\":\"https:\/\/raftingadventure.com\/product\/circuito-chico-cerro-campanario\/\",\"name\":\"Circuito Chico y Cerro Campanario - Rafting Adventure\",\"isPartOf\":{\"@id\":\"https:\/\/raftingadventure.com\/#website\"},\"primaryImageOfPage\":{\"@id\":\"https:\/\/raftingadventure.com\/product\/circuito-chico-cerro-campanario\/#primaryimage\"},\"image\":{\"@id\":\"https:\/\/raftingadventure.com\/product\/circuito-chico-cerro-campanario\/#primaryimage\"},\"thumbnailUrl\":\"https:\/\/raftingadventure.com\/wp-content\/uploads\/sites\/4\/2025\/08\/9-A-DSC_0073.jpg\",\"datePublished\":\"2025-08-18T14:00:48+00:00\",\"dateModified\":\"2026-03-31T15:16:10+00:00\",\"description\":\"Descubr\u00ed Circuito Chico y Cerro Campanario en Bariloche. Vistas 360\u00b0, Punto Panor\u00e1mico y paisajes \u00fanicos en una excursi\u00f3n imperdible de medio d\u00eda.\",\"breadcrumb\":{\"@id\":\"https:\/\/raftingadventure.com\/product\/circuito-chico-cerro-campanario\/#breadcrumb\"},\"inLanguage\":\"pt-BR\",\"potentialAction\":[{\"@type\":\"ReadAction\",\"target\":[\"https:\/\/raftingadventure.com\/product\/circuito-chico-cerro-campanario\/\"]}]},{\"@type\":\"ImageObject\",\"inLanguage\":\"pt-BR\",\"@id\":\"https:\/\/raftingadventure.com\/product\/circuito-chico-cerro-campanario\/#primaryimage\",\"url\":\"https:\/\/raftingadventure.com\/wp-content\/uploads\/sites\/4\/2025\/08\/9-A-DSC_0073.jpg\",\"contentUrl\":\"https:\/\/raftingadventure.com\/wp-content\/uploads\/sites\/4\/2025\/08\/9-A-DSC_0073.jpg\",\"width\":850,\"height\":1133},{\"@type\":\"BreadcrumbList\",\"@id\":\"https:\/\/raftingadventure.com\/product\/circuito-chico-cerro-campanario\/#breadcrumb\",\"itemListElement\":[{\"@type\":\"ListItem\",\"position\":1,\"name\":\"Inicio\",\"item\":\"https:\/\/raftingadventure.com\/\"},{\"@type\":\"ListItem\",\"position\":2,\"name\":\"Rafting Adventure desde 1993 pioneros en aventura.\",\"item\":\"https:\/\/raftingadventure.com\/shop\/\"},{\"@type\":\"ListItem\",\"position\":3,\"name\":\"Circuito Chico y Cerro Campanario: explor\u00e1 Bariloche como nunca antes\"}]},{\"@type\":\"WebSite\",\"@id\":\"https:\/\/raftingadventure.com\/#website\",\"url\":\"https:\/\/raftingadventure.com\/\",\"name\":\"Rafting Adventure\",\"description\":\"Desde 1993 lideres en Rafting\",\"publisher\":{\"@id\":\"https:\/\/raftingadventure.com\/#organization\"},\"potentialAction\":[{\"@type\":\"SearchAction\",\"target\":{\"@type\":\"EntryPoint\",\"urlTemplate\":\"https:\/\/raftingadventure.com\/?s={search_term_string}\"},\"query-input\":{\"@type\":\"PropertyValueSpecification\",\"valueRequired\":true,\"valueName\":\"search_term_string\"}}],\"inLanguage\":\"pt-BR\"},{\"@type\":\"Organization\",\"@id\":\"https:\/\/raftingadventure.com\/#organization\",\"name\":\"Rafting Adventure\",\"url\":\"https:\/\/raftingadventure.com\/\",\"logo\":{\"@type\":\"ImageObject\",\"inLanguage\":\"pt-BR\",\"@id\":\"https:\/\/raftingadventure.com\/#\/schema\/logo\/image\/\",\"url\":\"https:\/\/raftingadventure.com\/wp-content\/uploads\/sites\/4\/2025\/08\/512-x-512-rafting-adventure-out-color-1.svg\",\"contentUrl\":\"https:\/\/raftingadventure.com\/wp-content\/uploads\/sites\/4\/2025\/08\/512-x-512-rafting-adventure-out-color-1.svg\",\"width\":512,\"height\":512,\"caption\":\"Rafting Adventure\"},\"image\":{\"@id\":\"https:\/\/raftingadventure.com\/#\/schema\/logo\/image\/\"}}]}<\/script>\n<meta property=\"product:price:amount\" content=\"23400.00\" \/>\n<meta property=\"product:price:currency\" content=\"ARS\" \/>\n<meta property=\"og:availability\" content=\"instock\" \/>\n<meta property=\"product:availability\" content=\"instock\" \/>\n<meta property=\"product:retailer_item_id\" content=\"ADV2025CICHYC1KOR\" \/>\n<meta property=\"product:condition\" content=\"new\" \/>\n<!-- \/ Yoast SEO Premium plugin. -->","yoast_head_json":{"title":"Circuito Chico e Cerro Campanario - Aventura de Rafting","description":"Descubra o Circuito Chico e o Cerro Campanario em Bariloche. Vistas de 360\u00b0, ponto panor\u00e2mico e paisagens \u00fanicas em uma excurs\u00e3o imperd\u00edvel de meio dia.","robots":{"index":"index","follow":"follow","max-snippet":"max-snippet:-1","max-image-preview":"max-image-preview:large","max-video-preview":"max-video-preview:-1"},"canonical":"https:\/\/raftingadventure.com\/pt\/product\/cerro-campanario-small-circuit\/","og_locale":"pt_BR","og_type":"article","og_title":"Circuito Chico y Cerro Campanario: explor\u00e1 Bariloche como nunca antes","og_description":"Descubr\u00ed Circuito Chico y Cerro Campanario en Bariloche. Vistas 360\u00b0, Punto Panor\u00e1mico y paisajes \u00fanicos en una excursi\u00f3n imperdible de medio d\u00eda.","og_url":"https:\/\/raftingadventure.com\/pt\/product\/cerro-campanario-small-circuit\/","og_site_name":"Rafting Adventure","article_modified_time":"2026-03-31T15:16:10+00:00","og_image":[{"width":850,"height":1133,"url":"https:\/\/raftingadventure.com\/wp-content\/uploads\/sites\/4\/2025\/08\/9-A-DSC_0073.jpg","type":"image\/jpeg"}],"twitter_card":"summary_large_image","twitter_misc":{"Pre\u00e7o":"&#36;23,400.00","Disponibilidade":"Em Estoque"},"schema":{"@context":"https:\/\/schema.org","@graph":[{"@type":"WebPage","@id":"https:\/\/raftingadventure.com\/product\/circuito-chico-cerro-campanario\/","url":"https:\/\/raftingadventure.com\/product\/circuito-chico-cerro-campanario\/","name":"Circuito Chico e Cerro Campanario - Aventura de Rafting","isPartOf":{"@id":"https:\/\/raftingadventure.com\/#website"},"primaryImageOfPage":{"@id":"https:\/\/raftingadventure.com\/product\/circuito-chico-cerro-campanario\/#primaryimage"},"image":{"@id":"https:\/\/raftingadventure.com\/product\/circuito-chico-cerro-campanario\/#primaryimage"},"thumbnailUrl":"https:\/\/raftingadventure.com\/wp-content\/uploads\/sites\/4\/2025\/08\/9-A-DSC_0073.jpg","datePublished":"2025-08-18T14:00:48+00:00","dateModified":"2026-03-31T15:16:10+00:00","description":"Descubra o Circuito Chico e o Cerro Campanario em Bariloche. Vistas de 360\u00b0, ponto panor\u00e2mico e paisagens \u00fanicas em uma excurs\u00e3o imperd\u00edvel de meio dia.","breadcrumb":{"@id":"https:\/\/raftingadventure.com\/product\/circuito-chico-cerro-campanario\/#breadcrumb"},"inLanguage":"pt-BR","potentialAction":[{"@type":"ReadAction","target":["https:\/\/raftingadventure.com\/product\/circuito-chico-cerro-campanario\/"]}]},{"@type":"ImageObject","inLanguage":"pt-BR","@id":"https:\/\/raftingadventure.com\/product\/circuito-chico-cerro-campanario\/#primaryimage","url":"https:\/\/raftingadventure.com\/wp-content\/uploads\/sites\/4\/2025\/08\/9-A-DSC_0073.jpg","contentUrl":"https:\/\/raftingadventure.com\/wp-content\/uploads\/sites\/4\/2025\/08\/9-A-DSC_0073.jpg","width":850,"height":1133},{"@type":"BreadcrumbList","@id":"https:\/\/raftingadventure.com\/product\/circuito-chico-cerro-campanario\/#breadcrumb","itemListElement":[{"@type":"ListItem","position":1,"name":"Inicio","item":"https:\/\/raftingadventure.com\/"},{"@type":"ListItem","position":2,"name":"Rafting Adventure desde 1993 pioneros en aventura.","item":"https:\/\/raftingadventure.com\/shop\/"},{"@type":"ListItem","position":3,"name":"Circuito Chico y Cerro Campanario: explor\u00e1 Bariloche como nunca antes"}]},{"@type":"WebSite","@id":"https:\/\/raftingadventure.com\/#website","url":"https:\/\/raftingadventure.com\/","name":"Aventura de Rafting","description":"L\u00edderes em Rafting desde 1993","publisher":{"@id":"https:\/\/raftingadventure.com\/#organization"},"potentialAction":[{"@type":"SearchAction","target":{"@type":"EntryPoint","urlTemplate":"https:\/\/raftingadventure.com\/?s={search_term_string}"},"query-input":{"@type":"PropertyValueSpecification","valueRequired":true,"valueName":"search_term_string"}}],"inLanguage":"pt-BR"},{"@type":"Organization","@id":"https:\/\/raftingadventure.com\/#organization","name":"Aventura de Rafting","url":"https:\/\/raftingadventure.com\/","logo":{"@type":"ImageObject","inLanguage":"pt-BR","@id":"https:\/\/raftingadventure.com\/#\/schema\/logo\/image\/","url":"https:\/\/raftingadventure.com\/wp-content\/uploads\/sites\/4\/2025\/08\/512-x-512-rafting-adventure-out-color-1.svg","contentUrl":"https:\/\/raftingadventure.com\/wp-content\/uploads\/sites\/4\/2025\/08\/512-x-512-rafting-adventure-out-color-1.svg","width":512,"height":512,"caption":"Rafting Adventure"},"image":{"@id":"https:\/\/raftingadventure.com\/#\/schema\/logo\/image\/"}}]},"product_price_amount":"23400.00","product_price_currency":"ARS","og_availability":"instock","product_availability":"instock","product_retailer_item_id":"ADV2025CICHYC1KOR","product_condition":"new"},"_links":{"self":[{"href":"https:\/\/raftingadventure.com\/pt\/wp-json\/wp\/v2\/product\/378031","targetHints":{"allow":["GET"]}}],"collection":[{"href":"https:\/\/raftingadventure.com\/pt\/wp-json\/wp\/v2\/product"}],"about":[{"href":"https:\/\/raftingadventure.com\/pt\/wp-json\/wp\/v2\/types\/product"}],"replies":[{"embeddable":true,"href":"https:\/\/raftingadventure.com\/pt\/wp-json\/wp\/v2\/comments?post=378031"}],"wp:featuredmedia":[{"embeddable":true,"href":"https:\/\/raftingadventure.com\/pt\/wp-json\/wp\/v2\/media\/378157"}],"wp:attachment":[{"href":"https:\/\/raftingadventure.com\/pt\/wp-json\/wp\/v2\/media?parent=378031"}],"wp:term":[{"taxonomy":"product_brand","embeddable":true,"href":"https:\/\/raftingadventure.com\/pt\/wp-json\/wp\/v2\/product_brand?post=378031"},{"taxonomy":"product_cat","embeddable":true,"href":"https:\/\/raftingadventure.com\/pt\/wp-json\/wp\/v2\/product_cat?post=378031"},{"taxonomy":"product_tag","embeddable":true,"href":"https:\/\/raftingadventure.com\/pt\/wp-json\/wp\/v2\/product_tag?post=378031"}],"curies":[{"name":"wp","href":"https:\/\/api.w.org\/{rel}","templated":true}]}}