{"id":378033,"date":"2025-08-18T11:01:51","date_gmt":"2025-08-18T14:01:51","guid":{"rendered":"https:\/\/raftingadventure.com\/product\/rafting-light-en-el-rio-manso-sin-traslado\/"},"modified":"2026-03-31T12:16:10","modified_gmt":"2026-03-31T15:16:10","slug":"rafting-light-en-el-rio-manso-sin-traslado","status":"publish","type":"product","link":"https:\/\/raftingadventure.com\/pt\/product\/rafting-leve-no-rio-manso-sem-traslado\/","title":{"rendered":"Rafting Light no Rio Manso sem traslado"},"content":{"rendered":"<h2 class=\"ai-optimize-6\">Experi\u00eancia familiar no rio Manso<\/h2>\n<p class=\"ai-optimize-7 ai-optimize-introduction\">Viva um dia irrepet\u00edvel com nossa proposta de <strong>rafting leve no rio Manso<\/strong>, projetado inteiramente para fam\u00edlias. Esse passeio aqu\u00e1tico \u00e9 f\u00e1cil, seguro e recomendado para crian\u00e7as a partir de 5 anos de idade. Desfrute de corredeiras calmas de n\u00edvel 1 e 2, que proporcionam a dose certa de adrenalina em um ambiente protegido: o plano certo para quem quer experimentar esse esporte e tamb\u00e9m para quem procura relaxamento cercado por paisagens naturais.<\/p>\n<h3 class=\"ai-optimize-8\">Detalhes da partida<\/h3>\n<ul>\n<li class=\"ai-optimize-9\"><strong>Dura\u00e7\u00e3o:<\/strong> Aproximadamente 90 minutos cheios de emo\u00e7\u00e3o e divers\u00e3o garantida.<\/li>\n<li class=\"ai-optimize-10\"><strong>Rastro:<\/strong> Ele percorre 40 km de paisagens \u00fanicas e corredeiras suaves para uma experi\u00eancia memor\u00e1vel.<\/li>\n<li class=\"ai-optimize-11\"><strong>Material inclu\u00eddo:<\/strong> Voc\u00ea recebe um kit de seguran\u00e7a completo: neoprene, capacete e colete salva-vidas.<\/li>\n<\/ul>\n<h3 class=\"ai-optimize-12\" data-start=\"1\" data-end=\"2\">In\u00edcio da aventura<\/h3>\n<p class=\"ai-optimize-13\">Assim que voc\u00ea chegar ao ponto de encontro, nossa equipe especializada lhe dar\u00e1 as boas-vindas e explicar\u00e1 de forma clara e simples as no\u00e7\u00f5es b\u00e1sicas para o manuseio da balsa. Essa atividade foi projetada para que voc\u00ea relaxe e se divirta, sem necessidade de experi\u00eancia pr\u00e9via.<\/p>\n<h3 class=\"ai-optimize-14\">Sugest\u00f5es<\/h3>\n<p class=\"ai-optimize-15\">Recomendamos que voc\u00ea traga:<\/p>\n<ul>\n<li class=\"ai-optimize-16\">Toalha pr\u00f3pria.<\/li>\n<li class=\"ai-optimize-17\">Roupas sobressalentes para depois da excurs\u00e3o.<\/li>\n<li class=\"ai-optimize-18\">Cal\u00e7ados confort\u00e1veis e \u00e0 prova d'\u00e1gua.<\/li>\n<\/ul>\n<h3 class=\"ai-optimize-19\">Renda de trabalho aut\u00f4nomo<\/h3>\n<p class=\"ai-optimize-20\">Se preferir vir por seus pr\u00f3prios meios, o ponto de encontro \u00e9 no <strong>Base Villegas <\/strong>no<strong> Rota 83 Km 1.<\/strong>\u00a0 \u00c0s 13h40, partimos todos juntos para nosso acampamento no rio Villegas.<\/p>\n<h3 class=\"ai-optimize-21\">O que est\u00e1 inclu\u00eddo e o que n\u00e3o est\u00e1<\/h3>\n<ul>\n<li class=\"ai-optimize-22\"><strong>Ele inclui:<\/strong> O passeio de rafting e todo o equipamento necess\u00e1rio: neoprene, colete salva-vidas, botas de neoprene, remos e capacete.<\/li>\n<li class=\"ai-optimize-23\"><strong>N\u00e3o inclu\u00eddo:<\/strong> Traslados e refei\u00e7\u00f5es (caf\u00e9 da manh\u00e3, almo\u00e7o ou lanche).<\/li>\n<\/ul>\n<h3 class=\"ai-optimize-24\">Hor\u00e1rio da caminhada<\/h3>\n<p class=\"ai-optimize-25\">A primeira atividade ocorre em<strong> Das 9h30min \u00e0s 18h30min.<\/strong>.<\/p>\n<h2 class=\"ai-optimize-26\">Perguntas frequentes<\/h2>\n<h3 class=\"ai-optimize-27\">Como \u00e9 a organiza\u00e7\u00e3o se eu reservar sem um traslado?<\/h3>\n<p class=\"ai-optimize-28\" data-pm-slice=\"1 1 []\">Se voc\u00ea optar pela op\u00e7\u00e3o sem traslado, dever\u00e1 estar presente em nossa parada de excurs\u00e3o de rafting na Base de Villegas, Rota 83 Km 1. N\u00e3o se esque\u00e7a de levar uma toalha, uma muda de roupa e cal\u00e7ados que possam ser molhados.<\/p>\n<p class=\"ai-optimize-29\"><a class=\"theme markdown__link\" href=\"https:\/\/maps.app.goo.gl\/NqbsUN6VB5Fnt7hVA\" target=\"_blank\" rel=\"noopener noreferrer\">https:\/\/maps.app.goo.gl\/NqbsUN6VB5Fnt7hVA<\/a> este \u00e9 o link para a localiza\u00e7\u00e3o do parador.<\/p>\n<h3 class=\"ai-optimize-30\">\u00c9 poss\u00edvel participar com algu\u00e9m que n\u00e3o fa\u00e7a o rafting?<\/h3>\n<p class=\"ai-optimize-31\">\u00c9 claro que voc\u00ea pode trazer um acompanhante, que ter\u00e1 de pagar a taxa de <strong>50% do valor<\/strong> da excurs\u00e3o.<\/p>","protected":false},"excerpt":{"rendered":"<p class=\"ai-optimize-6\">Experimente a aventura do rafting no rio Manso<\/p>\n<p class=\"ai-optimize-7\">Passe um dia \u00fanico com nosso rafting suave no Rio Manso, especialmente projetado para grupos familiares e crian\u00e7as a partir de 5 anos de idade. Conecte-se com a serenidade e o ambiente natural enquanto rema por corredeiras de n\u00edvel 1 e 2. E se voc\u00ea chegar por conta pr\u00f3pria, n\u00f3s o encontraremos na esta\u00e7\u00e3o YPF-ACA. N\u00e3o perca essa experi\u00eancia!<\/p>","protected":false},"featured_media":378153,"comment_status":"open","ping_status":"closed","template":"","meta":[],"product_brand":[],"product_cat":[52,54,57,63,66,68,69,73],"product_tag":[],"class_list":{"0":"post-378033","1":"product","2":"type-product","3":"status-publish","4":"has-post-thumbnail","6":"product_cat-adultos","7":"product_cat-aventura","8":"product_cat-familia","9":"product_cat-ninos","10":"product_cat-primavera","11":"product_cat-sin-comida","12":"product_cat-sin-traslado","13":"product_cat-verano","15":"first","16":"instock","17":"virtual","18":"sold-individually","19":"purchasable","20":"product-type-booking"},"booking_location":"","booking_location_type":"","booking_duration":1,"booking_duration_unit":"hour","booking_buffer":0,"booking_cost":0,"booking_resources":[],"exclude_global_add_ons":false,"addons":[{"name":"ADU: Adulto","type":"input_multiplier","position":0,"required":false,"title_format":"label","default":"","description_enable":false,"description":"","placeholder_enable":false,"placeholder":"","display":"select","restrictions_type":"any_text","adjust_price":true,"price":"75000","price_type":"quantity_based","restrictions":false,"min":"0","max":"0","options":[],"id":1773079069},{"name":"EXTRA: acompanhante","type":"input_multiplier","position":1,"required":false,"title_format":"label","default":"","description_enable":false,"description":"","placeholder_enable":false,"placeholder":"","display":"select","restrictions_type":"any_text","adjust_price":true,"price":"37500","price_type":"quantity_based","restrictions":false,"min":"0","max":"0","options":[],"id":1773079070},{"name":"MEN512 | 5 a 12","type":"input_multiplier","position":2,"required":false,"title_format":"label","default":"","description_enable":false,"description":"","placeholder_enable":false,"placeholder":"","display":"select","restrictions_type":"any_text","adjust_price":true,"price":"75000","price_type":"quantity_based","restrictions":false,"min":"0","max":"0","options":[],"id":1773079071}],"yoast_head":"<!-- This site is optimized with the Yoast SEO Premium plugin v25.2 (Yoast SEO v25.2) - https:\/\/yoast.com\/wordpress\/plugins\/seo\/ -->\n<title>Rafting Light en el R\u00edo Manso sin Traslado - Rafting Adventure<\/title>\n<meta name=\"description\" content=\"Viv\u00ed la experiencia de rafting en el R\u00edo Manso sin traslado desde Bariloche. Una aventura tranquila entre paisajes naturales \u00fanicos, ideal para familias.\" \/>\n<meta name=\"robots\" content=\"index, follow, max-snippet:-1, max-image-preview:large, max-video-preview:-1\" \/>\n<link rel=\"canonical\" href=\"https:\/\/raftingadventure.com\/pt\/product\/rafting-leve-no-rio-manso-sem-traslado\/\" \/>\n<meta property=\"og:locale\" content=\"pt_BR\" \/>\n<meta property=\"og:type\" content=\"article\" \/>\n<meta property=\"og:title\" content=\"Rafting Light en el R\u00edo Manso sin Traslado\" \/>\n<meta property=\"og:description\" content=\"Viv\u00ed la experiencia de rafting en el R\u00edo Manso sin traslado desde Bariloche. Una aventura tranquila entre paisajes naturales \u00fanicos, ideal para familias.\" \/>\n<meta property=\"og:url\" content=\"https:\/\/raftingadventure.com\/pt\/product\/rafting-leve-no-rio-manso-sem-traslado\/\" \/>\n<meta property=\"og:site_name\" content=\"Rafting Adventure\" \/>\n<meta property=\"article:modified_time\" content=\"2026-03-31T15:16:10+00:00\" \/>\n<meta property=\"og:image\" content=\"https:\/\/raftingadventure.com\/wp-content\/uploads\/sites\/4\/2025\/08\/9-A-GOPR9298.jpg\" \/>\n\t<meta property=\"og:image:width\" content=\"850\" \/>\n\t<meta property=\"og:image:height\" content=\"1133\" \/>\n\t<meta property=\"og:image:type\" content=\"image\/jpeg\" \/>\n<meta name=\"twitter:card\" content=\"summary_large_image\" \/>\n<meta name=\"twitter:label1\" content=\"Pre\u00e7o\" \/>\n\t<meta name=\"twitter:data1\" content=\"&#036;75,000.00\" \/>\n\t<meta name=\"twitter:label2\" content=\"Disponibilidade\" \/>\n\t<meta name=\"twitter:data2\" content=\"Em Estoque\" \/>\n<script type=\"application\/ld+json\" class=\"yoast-schema-graph\">{\"@context\":\"https:\/\/schema.org\",\"@graph\":[{\"@type\":\"WebPage\",\"@id\":\"https:\/\/raftingadventure.com\/product\/rafting-light-en-el-rio-manso-sin-traslado\/\",\"url\":\"https:\/\/raftingadventure.com\/product\/rafting-light-en-el-rio-manso-sin-traslado\/\",\"name\":\"Rafting Light en el R\u00edo Manso sin Traslado - Rafting Adventure\",\"isPartOf\":{\"@id\":\"https:\/\/raftingadventure.com\/#website\"},\"primaryImageOfPage\":{\"@id\":\"https:\/\/raftingadventure.com\/product\/rafting-light-en-el-rio-manso-sin-traslado\/#primaryimage\"},\"image\":{\"@id\":\"https:\/\/raftingadventure.com\/product\/rafting-light-en-el-rio-manso-sin-traslado\/#primaryimage\"},\"thumbnailUrl\":\"https:\/\/raftingadventure.com\/wp-content\/uploads\/sites\/4\/2025\/08\/9-A-GOPR9298.jpg\",\"datePublished\":\"2025-08-18T14:01:51+00:00\",\"dateModified\":\"2026-03-31T15:16:10+00:00\",\"description\":\"Viv\u00ed la experiencia de rafting en el R\u00edo Manso sin traslado desde Bariloche. Una aventura tranquila entre paisajes naturales \u00fanicos, ideal para familias.\",\"breadcrumb\":{\"@id\":\"https:\/\/raftingadventure.com\/product\/rafting-light-en-el-rio-manso-sin-traslado\/#breadcrumb\"},\"inLanguage\":\"pt-BR\",\"potentialAction\":[{\"@type\":\"ReadAction\",\"target\":[\"https:\/\/raftingadventure.com\/product\/rafting-light-en-el-rio-manso-sin-traslado\/\"]}]},{\"@type\":\"ImageObject\",\"inLanguage\":\"pt-BR\",\"@id\":\"https:\/\/raftingadventure.com\/product\/rafting-light-en-el-rio-manso-sin-traslado\/#primaryimage\",\"url\":\"https:\/\/raftingadventure.com\/wp-content\/uploads\/sites\/4\/2025\/08\/9-A-GOPR9298.jpg\",\"contentUrl\":\"https:\/\/raftingadventure.com\/wp-content\/uploads\/sites\/4\/2025\/08\/9-A-GOPR9298.jpg\",\"width\":850,\"height\":1133,\"caption\":\"DCIM100GOPROGOPR9298.JPG\"},{\"@type\":\"BreadcrumbList\",\"@id\":\"https:\/\/raftingadventure.com\/product\/rafting-light-en-el-rio-manso-sin-traslado\/#breadcrumb\",\"itemListElement\":[{\"@type\":\"ListItem\",\"position\":1,\"name\":\"Inicio\",\"item\":\"https:\/\/raftingadventure.com\/\"},{\"@type\":\"ListItem\",\"position\":2,\"name\":\"Rafting Adventure desde 1993 pioneros en aventura.\",\"item\":\"https:\/\/raftingadventure.com\/shop\/\"},{\"@type\":\"ListItem\",\"position\":3,\"name\":\"Rafting Light en el R\u00edo Manso sin Traslado\"}]},{\"@type\":\"WebSite\",\"@id\":\"https:\/\/raftingadventure.com\/#website\",\"url\":\"https:\/\/raftingadventure.com\/\",\"name\":\"Rafting Adventure\",\"description\":\"Desde 1993 lideres en Rafting\",\"publisher\":{\"@id\":\"https:\/\/raftingadventure.com\/#organization\"},\"potentialAction\":[{\"@type\":\"SearchAction\",\"target\":{\"@type\":\"EntryPoint\",\"urlTemplate\":\"https:\/\/raftingadventure.com\/?s={search_term_string}\"},\"query-input\":{\"@type\":\"PropertyValueSpecification\",\"valueRequired\":true,\"valueName\":\"search_term_string\"}}],\"inLanguage\":\"pt-BR\"},{\"@type\":\"Organization\",\"@id\":\"https:\/\/raftingadventure.com\/#organization\",\"name\":\"Rafting Adventure\",\"url\":\"https:\/\/raftingadventure.com\/\",\"logo\":{\"@type\":\"ImageObject\",\"inLanguage\":\"pt-BR\",\"@id\":\"https:\/\/raftingadventure.com\/#\/schema\/logo\/image\/\",\"url\":\"https:\/\/raftingadventure.com\/wp-content\/uploads\/sites\/4\/2025\/08\/512-x-512-rafting-adventure-out-color-1.svg\",\"contentUrl\":\"https:\/\/raftingadventure.com\/wp-content\/uploads\/sites\/4\/2025\/08\/512-x-512-rafting-adventure-out-color-1.svg\",\"width\":512,\"height\":512,\"caption\":\"Rafting Adventure\"},\"image\":{\"@id\":\"https:\/\/raftingadventure.com\/#\/schema\/logo\/image\/\"}}]}<\/script>\n<meta property=\"product:price:amount\" content=\"75000.00\" \/>\n<meta property=\"product:price:currency\" content=\"ARS\" \/>\n<meta property=\"og:availability\" content=\"instock\" \/>\n<meta property=\"product:availability\" content=\"instock\" \/>\n<meta property=\"product:retailer_item_id\" content=\"ADV2025RALIENTUFA\" \/>\n<meta property=\"product:condition\" content=\"new\" \/>\n<!-- \/ Yoast SEO Premium plugin. -->","yoast_head_json":{"title":"Rafting Light no Rio Manso sem traslado - Rafting Adventure","description":"Experimente o rafting no Rio Manso sem traslado de Bariloche. Uma aventura tranquila em meio a paisagens naturais \u00fanicas, ideal para fam\u00edlias.","robots":{"index":"index","follow":"follow","max-snippet":"max-snippet:-1","max-image-preview":"max-image-preview:large","max-video-preview":"max-video-preview:-1"},"canonical":"https:\/\/raftingadventure.com\/pt\/product\/rafting-leve-no-rio-manso-sem-traslado\/","og_locale":"pt_BR","og_type":"article","og_title":"Rafting Light en el R\u00edo Manso sin Traslado","og_description":"Viv\u00ed la experiencia de rafting en el R\u00edo Manso sin traslado desde Bariloche. Una aventura tranquila entre paisajes naturales \u00fanicos, ideal para familias.","og_url":"https:\/\/raftingadventure.com\/pt\/product\/rafting-leve-no-rio-manso-sem-traslado\/","og_site_name":"Rafting Adventure","article_modified_time":"2026-03-31T15:16:10+00:00","og_image":[{"width":850,"height":1133,"url":"https:\/\/raftingadventure.com\/wp-content\/uploads\/sites\/4\/2025\/08\/9-A-GOPR9298.jpg","type":"image\/jpeg"}],"twitter_card":"summary_large_image","twitter_misc":{"Pre\u00e7o":"&#36;75,000.00","Disponibilidade":"Em Estoque"},"schema":{"@context":"https:\/\/schema.org","@graph":[{"@type":"WebPage","@id":"https:\/\/raftingadventure.com\/product\/rafting-light-en-el-rio-manso-sin-traslado\/","url":"https:\/\/raftingadventure.com\/product\/rafting-light-en-el-rio-manso-sin-traslado\/","name":"Rafting Light no Rio Manso sem traslado - Rafting Adventure","isPartOf":{"@id":"https:\/\/raftingadventure.com\/#website"},"primaryImageOfPage":{"@id":"https:\/\/raftingadventure.com\/product\/rafting-light-en-el-rio-manso-sin-traslado\/#primaryimage"},"image":{"@id":"https:\/\/raftingadventure.com\/product\/rafting-light-en-el-rio-manso-sin-traslado\/#primaryimage"},"thumbnailUrl":"https:\/\/raftingadventure.com\/wp-content\/uploads\/sites\/4\/2025\/08\/9-A-GOPR9298.jpg","datePublished":"2025-08-18T14:01:51+00:00","dateModified":"2026-03-31T15:16:10+00:00","description":"Experimente o rafting no Rio Manso sem traslado de Bariloche. Uma aventura tranquila em meio a paisagens naturais \u00fanicas, ideal para fam\u00edlias.","breadcrumb":{"@id":"https:\/\/raftingadventure.com\/product\/rafting-light-en-el-rio-manso-sin-traslado\/#breadcrumb"},"inLanguage":"pt-BR","potentialAction":[{"@type":"ReadAction","target":["https:\/\/raftingadventure.com\/product\/rafting-light-en-el-rio-manso-sin-traslado\/"]}]},{"@type":"ImageObject","inLanguage":"pt-BR","@id":"https:\/\/raftingadventure.com\/product\/rafting-light-en-el-rio-manso-sin-traslado\/#primaryimage","url":"https:\/\/raftingadventure.com\/wp-content\/uploads\/sites\/4\/2025\/08\/9-A-GOPR9298.jpg","contentUrl":"https:\/\/raftingadventure.com\/wp-content\/uploads\/sites\/4\/2025\/08\/9-A-GOPR9298.jpg","width":850,"height":1133,"caption":"DCIM100GOPROGOPR9298.JPG"},{"@type":"BreadcrumbList","@id":"https:\/\/raftingadventure.com\/product\/rafting-light-en-el-rio-manso-sin-traslado\/#breadcrumb","itemListElement":[{"@type":"ListItem","position":1,"name":"Inicio","item":"https:\/\/raftingadventure.com\/"},{"@type":"ListItem","position":2,"name":"Rafting Adventure desde 1993 pioneros en aventura.","item":"https:\/\/raftingadventure.com\/shop\/"},{"@type":"ListItem","position":3,"name":"Rafting Light en el R\u00edo Manso sin Traslado"}]},{"@type":"WebSite","@id":"https:\/\/raftingadventure.com\/#website","url":"https:\/\/raftingadventure.com\/","name":"Aventura de Rafting","description":"L\u00edderes em Rafting desde 1993","publisher":{"@id":"https:\/\/raftingadventure.com\/#organization"},"potentialAction":[{"@type":"SearchAction","target":{"@type":"EntryPoint","urlTemplate":"https:\/\/raftingadventure.com\/?s={search_term_string}"},"query-input":{"@type":"PropertyValueSpecification","valueRequired":true,"valueName":"search_term_string"}}],"inLanguage":"pt-BR"},{"@type":"Organization","@id":"https:\/\/raftingadventure.com\/#organization","name":"Aventura de Rafting","url":"https:\/\/raftingadventure.com\/","logo":{"@type":"ImageObject","inLanguage":"pt-BR","@id":"https:\/\/raftingadventure.com\/#\/schema\/logo\/image\/","url":"https:\/\/raftingadventure.com\/wp-content\/uploads\/sites\/4\/2025\/08\/512-x-512-rafting-adventure-out-color-1.svg","contentUrl":"https:\/\/raftingadventure.com\/wp-content\/uploads\/sites\/4\/2025\/08\/512-x-512-rafting-adventure-out-color-1.svg","width":512,"height":512,"caption":"Rafting Adventure"},"image":{"@id":"https:\/\/raftingadventure.com\/#\/schema\/logo\/image\/"}}]},"product_price_amount":"75000.00","product_price_currency":"ARS","og_availability":"instock","product_availability":"instock","product_retailer_item_id":"ADV2025RALIENTUFA","product_condition":"new"},"_links":{"self":[{"href":"https:\/\/raftingadventure.com\/pt\/wp-json\/wp\/v2\/product\/378033","targetHints":{"allow":["GET"]}}],"collection":[{"href":"https:\/\/raftingadventure.com\/pt\/wp-json\/wp\/v2\/product"}],"about":[{"href":"https:\/\/raftingadventure.com\/pt\/wp-json\/wp\/v2\/types\/product"}],"replies":[{"embeddable":true,"href":"https:\/\/raftingadventure.com\/pt\/wp-json\/wp\/v2\/comments?post=378033"}],"wp:featuredmedia":[{"embeddable":true,"href":"https:\/\/raftingadventure.com\/pt\/wp-json\/wp\/v2\/media\/378153"}],"wp:attachment":[{"href":"https:\/\/raftingadventure.com\/pt\/wp-json\/wp\/v2\/media?parent=378033"}],"wp:term":[{"taxonomy":"product_brand","embeddable":true,"href":"https:\/\/raftingadventure.com\/pt\/wp-json\/wp\/v2\/product_brand?post=378033"},{"taxonomy":"product_cat","embeddable":true,"href":"https:\/\/raftingadventure.com\/pt\/wp-json\/wp\/v2\/product_cat?post=378033"},{"taxonomy":"product_tag","embeddable":true,"href":"https:\/\/raftingadventure.com\/pt\/wp-json\/wp\/v2\/product_tag?post=378033"}],"curies":[{"name":"wp","href":"https:\/\/api.w.org\/{rel}","templated":true}]}}