{"id":378034,"date":"2025-08-18T11:02:16","date_gmt":"2025-08-18T14:02:16","guid":{"rendered":"https:\/\/raftingadventure.com\/product\/rafting-al-limite-con-chile-con-traslado\/"},"modified":"2026-03-31T12:16:10","modified_gmt":"2026-03-31T15:16:10","slug":"rafting-al-limite-con-chile-con-traslado","status":"publish","type":"product","link":"https:\/\/raftingadventure.com\/pt\/product\/rafting-ate-a-fronteira-do-chile-com-traslado\/","title":{"rendered":"Rafting at\u00e9 a fronteira com o Chile com traslado"},"content":{"rendered":"<h2 class=\"ai-optimize-6\">Experimente o rafting mais impressionante do Rio Manso<\/h2>\n<p class=\"ai-optimize-7 ai-optimize-introduction\">Ser incentivado a <strong>sinta a adrenalina do rafting<\/strong> ao longo do majestoso rio Manso, um cen\u00e1rio repleto de <strong>paisagens de tirar o f\u00f4lego<\/strong> e desafios \u00fanicos. Esse circuito de rafting, com corredeiras de graus 3 e 4, termina no <strong>fronteira com o Chile<\/strong>, Essa \u00e9 uma experi\u00eancia irrepet\u00edvel, cheia de vertigem, natureza e emo\u00e7\u00e3o.<\/p>\n<h3 class=\"ai-optimize-8\">Itiner\u00e1rio de aventura<\/h3>\n<ul>\n<li class=\"ai-optimize-9\"><strong>In\u00edcio do dia:<\/strong> A sa\u00edda \u00e9 \u00e0s 8:00 horas do centro de San Carlos de Bariloche.<\/li>\n<li class=\"ai-optimize-11\"><strong>Entrega de elementos:<\/strong> Nossos guias o equipam com roupas de mergulho, coletes de seguran\u00e7a e capacetes para que voc\u00ea possa se concentrar apenas em se divertir.<\/li>\n<li class=\"ai-optimize-12\"><strong>Extens\u00e3o e dura\u00e7\u00e3o:<\/strong> Enfrente as corredeiras por 11 km, um passeio de 2 horas de pura divers\u00e3o.<\/li>\n<li class=\"ai-optimize-13\"><strong>Almo\u00e7o opcional:<\/strong> Ap\u00f3s o t\u00e9rmino da aventura, voc\u00ea tem a chance de saborear um churrasco ou v\u00e1rias saladas por uma taxa adicional.<\/li>\n<li class=\"ai-optimize-14\"><strong>Seguran\u00e7a m\u00e1xima:<\/strong> Todo o percurso \u00e9 vigiado por caiaqueiros experientes para sua confian\u00e7a e tranquilidade.<\/li>\n<\/ul>\n<h3 class=\"ai-optimize-15\">Fatos a considerar<\/h3>\n<ul>\n<li class=\"ai-optimize-16\"><strong>Sugest\u00f5es:<\/strong> \u00c9 aconselh\u00e1vel levar uma toalha e uma muda de roupa para depois do rio.<\/li>\n<li class=\"ai-optimize-17\"><strong>Limite de idade:<\/strong> A atividade \u00e9 para pessoas com mais de 14 anos de idade.<\/li>\n<\/ul>\n<h3 class=\"ai-optimize-18\">Hor\u00e1rios<\/h3>\n<p class=\"ai-optimize-19\">A aventura come\u00e7a \u00e0s 8:00 horas e termina por volta das 18:00 horas.<\/p>\n<h3 class=\"ai-optimize-20\">Inclui<\/h3>\n<ul>\n<li class=\"ai-optimize-21\">Rafting de dia inteiro.<\/li>\n<li class=\"ai-optimize-23\">Kit completo: roupa de mergulho, colete salva-vidas, jaqueta imperme\u00e1vel, botas de neoprene, remos e capacete.<\/li>\n<\/ul>\n<h3 class=\"ai-optimize-24\">Perguntas frequentes<\/h3>\n<h4 class=\"ai-optimize-25\">Posso dirigir at\u00e9 l\u00e1 por conta pr\u00f3pria?<\/h4>\n<p class=\"ai-optimize-26\">Se preferir ir em seu pr\u00f3prio ve\u00edculo, voc\u00ea deve estar em nossa parada de excurs\u00e3o de rafting na Base Villegas Ruta 83 Km 1. N\u00e3o se esque\u00e7a de trazer uma toalha, uma muda de roupa e cal\u00e7ados que possam ser molhados.<\/p>\n<p class=\"ai-optimize-7\"><a class=\"theme markdown__link\" href=\"https:\/\/maps.app.goo.gl\/NqbsUN6VB5Fnt7hVA\" target=\"_blank\" rel=\"noopener noreferrer\">https:\/\/maps.app.goo.gl\/NqbsUN6VB5Fnt7hVA<\/a> este \u00e9 o link para a localiza\u00e7\u00e3o do parador.<\/p>\n<h4 class=\"ai-optimize-27\">Posso ir sozinho como acompanhante sem fazer rafting?<\/h4>\n<p class=\"ai-optimize-28\">\u00c9 claro que os acompanhantes podem passar o dia na margem do rio pagando apenas o 50% e n\u00e3o s\u00e3o obrigados a realizar a atividade.<\/p>","protected":false},"excerpt":{"rendered":"<p class=\"ai-optimize-6\">Eu vivi uma <strong>experi\u00eancia \u00fanica de rafting<\/strong> na fronteira com o Chile. Atreva-se a percorrer as emocionantes corredeiras do <strong>Rio Manso, <\/strong>com tudo inclu\u00eddo, juntamente com o equipamento obrigat\u00f3rio e a tranquilidade de ter guias profissionais de caiaque. Ideal para quem deseja um mergulho profundo na natureza.<\/p>","protected":false},"featured_media":378379,"comment_status":"open","ping_status":"closed","template":"","meta":[],"product_brand":[],"product_cat":[52,54,56,57,64,66,68,73],"product_tag":[],"class_list":{"0":"post-378034","1":"product","2":"type-product","3":"status-publish","4":"has-post-thumbnail","6":"product_cat-adultos","7":"product_cat-aventura","8":"product_cat-con-traslado","9":"product_cat-familia","10":"product_cat-otono","11":"product_cat-primavera","12":"product_cat-sin-comida","13":"product_cat-verano","15":"first","16":"instock","17":"virtual","18":"sold-individually","19":"purchasable","20":"product-type-booking"},"booking_location":"","booking_location_type":"","booking_duration":1,"booking_duration_unit":"hour","booking_buffer":0,"booking_cost":0,"booking_resources":[],"exclude_global_add_ons":false,"addons":[{"name":"ADU: Adulto","type":"input_multiplier","position":0,"required":false,"title_format":"label","default":"","description_enable":false,"description":"","placeholder_enable":false,"placeholder":"","display":"select","restrictions_type":"any_text","adjust_price":true,"price":"155400","price_type":"quantity_based","restrictions":false,"min":"0","max":"0","options":[],"id":1773236614},{"name":"EXTRA: acompanhante","type":"input_multiplier","position":1,"required":false,"title_format":"label","default":"","description_enable":false,"description":"","placeholder_enable":false,"placeholder":"","display":"select","restrictions_type":"any_text","adjust_price":true,"price":"77700","price_type":"quantity_based","restrictions":false,"min":"0","max":"0","options":[],"id":1773236615},{"name":"MEN1418 | de 14 a 18","type":"input_multiplier","position":2,"required":false,"title_format":"label","default":"","description_enable":false,"description":"","placeholder_enable":false,"placeholder":"","display":"select","restrictions_type":"any_text","adjust_price":true,"price":"155400","price_type":"quantity_based","restrictions":false,"min":"0","max":"0","options":[],"id":1773236616}],"yoast_head":"<!-- This site is optimized with the Yoast SEO Premium plugin v25.2 (Yoast SEO v25.2) - https:\/\/yoast.com\/wordpress\/plugins\/seo\/ -->\n<title>Rafting al l\u00edmite con Chile con traslado - Rafting Adventure<\/title>\n<meta name=\"description\" content=\"Viv\u00ed la experiencia de rafting en Bariloche hasta la frontera con Chile. R\u00e1pidos grado III y IV, gu\u00edas expertos y pura adrenalina en la Patagonia.\" \/>\n<meta name=\"robots\" content=\"index, follow, max-snippet:-1, max-image-preview:large, max-video-preview:-1\" \/>\n<link rel=\"canonical\" href=\"https:\/\/raftingadventure.com\/pt\/product\/rafting-ate-a-fronteira-do-chile-com-traslado\/\" \/>\n<meta property=\"og:locale\" content=\"pt_BR\" \/>\n<meta property=\"og:type\" content=\"article\" \/>\n<meta property=\"og:title\" content=\"Rafting al l\u00edmite con Chile con traslado\" \/>\n<meta property=\"og:description\" content=\"Viv\u00ed la experiencia de rafting en Bariloche hasta la frontera con Chile. R\u00e1pidos grado III y IV, gu\u00edas expertos y pura adrenalina en la Patagonia.\" \/>\n<meta property=\"og:url\" content=\"https:\/\/raftingadventure.com\/pt\/product\/rafting-ate-a-fronteira-do-chile-com-traslado\/\" \/>\n<meta property=\"og:site_name\" content=\"Rafting Adventure\" \/>\n<meta property=\"article:modified_time\" content=\"2026-03-31T15:16:10+00:00\" \/>\n<meta property=\"og:image\" content=\"https:\/\/raftingadventure.com\/wp-content\/uploads\/sites\/4\/2025\/08\/9-A-el-neoprene-permite-disipar.jpg\" \/>\n\t<meta property=\"og:image:width\" content=\"850\" \/>\n\t<meta property=\"og:image:height\" content=\"1133\" \/>\n\t<meta property=\"og:image:type\" content=\"image\/jpeg\" \/>\n<meta name=\"twitter:card\" content=\"summary_large_image\" \/>\n<meta name=\"twitter:label1\" content=\"Pre\u00e7o\" \/>\n\t<meta name=\"twitter:data1\" content=\"&#036;155,400.00\" \/>\n\t<meta name=\"twitter:label2\" content=\"Disponibilidade\" \/>\n\t<meta name=\"twitter:data2\" content=\"Em Estoque\" \/>\n<script type=\"application\/ld+json\" class=\"yoast-schema-graph\">{\"@context\":\"https:\/\/schema.org\",\"@graph\":[{\"@type\":\"WebPage\",\"@id\":\"https:\/\/raftingadventure.com\/product\/rafting-al-limite-con-chile-con-traslado\/\",\"url\":\"https:\/\/raftingadventure.com\/product\/rafting-al-limite-con-chile-con-traslado\/\",\"name\":\"Rafting al l\u00edmite con Chile con traslado - Rafting Adventure\",\"isPartOf\":{\"@id\":\"https:\/\/raftingadventure.com\/#website\"},\"primaryImageOfPage\":{\"@id\":\"https:\/\/raftingadventure.com\/product\/rafting-al-limite-con-chile-con-traslado\/#primaryimage\"},\"image\":{\"@id\":\"https:\/\/raftingadventure.com\/product\/rafting-al-limite-con-chile-con-traslado\/#primaryimage\"},\"thumbnailUrl\":\"https:\/\/raftingadventure.com\/wp-content\/uploads\/sites\/4\/2025\/10\/9-B-vlcsnap-00033-scaled.jpg\",\"datePublished\":\"2025-08-18T14:02:16+00:00\",\"dateModified\":\"2026-03-31T15:16:10+00:00\",\"description\":\"Viv\u00ed la experiencia de rafting en Bariloche hasta la frontera con Chile. R\u00e1pidos grado III y IV, gu\u00edas expertos y pura adrenalina en la Patagonia.\",\"breadcrumb\":{\"@id\":\"https:\/\/raftingadventure.com\/product\/rafting-al-limite-con-chile-con-traslado\/#breadcrumb\"},\"inLanguage\":\"pt-BR\",\"potentialAction\":[{\"@type\":\"ReadAction\",\"target\":[\"https:\/\/raftingadventure.com\/product\/rafting-al-limite-con-chile-con-traslado\/\"]}]},{\"@type\":\"ImageObject\",\"inLanguage\":\"pt-BR\",\"@id\":\"https:\/\/raftingadventure.com\/product\/rafting-al-limite-con-chile-con-traslado\/#primaryimage\",\"url\":\"https:\/\/raftingadventure.com\/wp-content\/uploads\/sites\/4\/2025\/10\/9-B-vlcsnap-00033-scaled.jpg\",\"contentUrl\":\"https:\/\/raftingadventure.com\/wp-content\/uploads\/sites\/4\/2025\/10\/9-B-vlcsnap-00033-scaled.jpg\",\"width\":1920,\"height\":2560},{\"@type\":\"BreadcrumbList\",\"@id\":\"https:\/\/raftingadventure.com\/product\/rafting-al-limite-con-chile-con-traslado\/#breadcrumb\",\"itemListElement\":[{\"@type\":\"ListItem\",\"position\":1,\"name\":\"Inicio\",\"item\":\"https:\/\/raftingadventure.com\/\"},{\"@type\":\"ListItem\",\"position\":2,\"name\":\"Rafting Adventure desde 1993 pioneros en aventura.\",\"item\":\"https:\/\/raftingadventure.com\/shop\/\"},{\"@type\":\"ListItem\",\"position\":3,\"name\":\"Rafting al l\u00edmite con Chile con traslado\"}]},{\"@type\":\"WebSite\",\"@id\":\"https:\/\/raftingadventure.com\/#website\",\"url\":\"https:\/\/raftingadventure.com\/\",\"name\":\"Rafting Adventure\",\"description\":\"Desde 1993 lideres en Rafting\",\"publisher\":{\"@id\":\"https:\/\/raftingadventure.com\/#organization\"},\"potentialAction\":[{\"@type\":\"SearchAction\",\"target\":{\"@type\":\"EntryPoint\",\"urlTemplate\":\"https:\/\/raftingadventure.com\/?s={search_term_string}\"},\"query-input\":{\"@type\":\"PropertyValueSpecification\",\"valueRequired\":true,\"valueName\":\"search_term_string\"}}],\"inLanguage\":\"pt-BR\"},{\"@type\":\"Organization\",\"@id\":\"https:\/\/raftingadventure.com\/#organization\",\"name\":\"Rafting Adventure\",\"url\":\"https:\/\/raftingadventure.com\/\",\"logo\":{\"@type\":\"ImageObject\",\"inLanguage\":\"pt-BR\",\"@id\":\"https:\/\/raftingadventure.com\/#\/schema\/logo\/image\/\",\"url\":\"https:\/\/raftingadventure.com\/wp-content\/uploads\/sites\/4\/2025\/08\/512-x-512-rafting-adventure-out-color-1.svg\",\"contentUrl\":\"https:\/\/raftingadventure.com\/wp-content\/uploads\/sites\/4\/2025\/08\/512-x-512-rafting-adventure-out-color-1.svg\",\"width\":512,\"height\":512,\"caption\":\"Rafting Adventure\"},\"image\":{\"@id\":\"https:\/\/raftingadventure.com\/#\/schema\/logo\/image\/\"}}]}<\/script>\n<meta property=\"product:price:amount\" content=\"155400.00\" \/>\n<meta property=\"product:price:currency\" content=\"ARS\" \/>\n<meta property=\"og:availability\" content=\"instock\" \/>\n<meta property=\"product:availability\" content=\"instock\" \/>\n<meta property=\"product:retailer_item_id\" content=\"ADV2025RAALL\u00cd7HIR\" \/>\n<meta property=\"product:condition\" content=\"new\" \/>\n<!-- \/ Yoast SEO Premium plugin. -->","yoast_head_json":{"title":"Rafting at\u00e9 a fronteira com o Chile com traslado - Rafting Adventure","description":"Experimente o rafting em Bariloche at\u00e9 a fronteira com o Chile. Corredeiras de grau III e IV, guias especializados e pura adrenalina na Patag\u00f4nia.","robots":{"index":"index","follow":"follow","max-snippet":"max-snippet:-1","max-image-preview":"max-image-preview:large","max-video-preview":"max-video-preview:-1"},"canonical":"https:\/\/raftingadventure.com\/pt\/product\/rafting-ate-a-fronteira-do-chile-com-traslado\/","og_locale":"pt_BR","og_type":"article","og_title":"Rafting al l\u00edmite con Chile con traslado","og_description":"Viv\u00ed la experiencia de rafting en Bariloche hasta la frontera con Chile. R\u00e1pidos grado III y IV, gu\u00edas expertos y pura adrenalina en la Patagonia.","og_url":"https:\/\/raftingadventure.com\/pt\/product\/rafting-ate-a-fronteira-do-chile-com-traslado\/","og_site_name":"Rafting Adventure","article_modified_time":"2026-03-31T15:16:10+00:00","og_image":[{"width":850,"height":1133,"url":"https:\/\/raftingadventure.com\/wp-content\/uploads\/sites\/4\/2025\/08\/9-A-el-neoprene-permite-disipar.jpg","type":"image\/jpeg"}],"twitter_card":"summary_large_image","twitter_misc":{"Pre\u00e7o":"&#36;155,400.00","Disponibilidade":"Em Estoque"},"schema":{"@context":"https:\/\/schema.org","@graph":[{"@type":"WebPage","@id":"https:\/\/raftingadventure.com\/product\/rafting-al-limite-con-chile-con-traslado\/","url":"https:\/\/raftingadventure.com\/product\/rafting-al-limite-con-chile-con-traslado\/","name":"Rafting at\u00e9 a fronteira com o Chile com traslado - Rafting Adventure","isPartOf":{"@id":"https:\/\/raftingadventure.com\/#website"},"primaryImageOfPage":{"@id":"https:\/\/raftingadventure.com\/product\/rafting-al-limite-con-chile-con-traslado\/#primaryimage"},"image":{"@id":"https:\/\/raftingadventure.com\/product\/rafting-al-limite-con-chile-con-traslado\/#primaryimage"},"thumbnailUrl":"https:\/\/raftingadventure.com\/wp-content\/uploads\/sites\/4\/2025\/10\/9-B-vlcsnap-00033-scaled.jpg","datePublished":"2025-08-18T14:02:16+00:00","dateModified":"2026-03-31T15:16:10+00:00","description":"Experimente o rafting em Bariloche at\u00e9 a fronteira com o Chile. Corredeiras de grau III e IV, guias especializados e pura adrenalina na Patag\u00f4nia.","breadcrumb":{"@id":"https:\/\/raftingadventure.com\/product\/rafting-al-limite-con-chile-con-traslado\/#breadcrumb"},"inLanguage":"pt-BR","potentialAction":[{"@type":"ReadAction","target":["https:\/\/raftingadventure.com\/product\/rafting-al-limite-con-chile-con-traslado\/"]}]},{"@type":"ImageObject","inLanguage":"pt-BR","@id":"https:\/\/raftingadventure.com\/product\/rafting-al-limite-con-chile-con-traslado\/#primaryimage","url":"https:\/\/raftingadventure.com\/wp-content\/uploads\/sites\/4\/2025\/10\/9-B-vlcsnap-00033-scaled.jpg","contentUrl":"https:\/\/raftingadventure.com\/wp-content\/uploads\/sites\/4\/2025\/10\/9-B-vlcsnap-00033-scaled.jpg","width":1920,"height":2560},{"@type":"BreadcrumbList","@id":"https:\/\/raftingadventure.com\/product\/rafting-al-limite-con-chile-con-traslado\/#breadcrumb","itemListElement":[{"@type":"ListItem","position":1,"name":"Inicio","item":"https:\/\/raftingadventure.com\/"},{"@type":"ListItem","position":2,"name":"Rafting Adventure desde 1993 pioneros en aventura.","item":"https:\/\/raftingadventure.com\/shop\/"},{"@type":"ListItem","position":3,"name":"Rafting al l\u00edmite con Chile con traslado"}]},{"@type":"WebSite","@id":"https:\/\/raftingadventure.com\/#website","url":"https:\/\/raftingadventure.com\/","name":"Aventura de Rafting","description":"L\u00edderes em Rafting desde 1993","publisher":{"@id":"https:\/\/raftingadventure.com\/#organization"},"potentialAction":[{"@type":"SearchAction","target":{"@type":"EntryPoint","urlTemplate":"https:\/\/raftingadventure.com\/?s={search_term_string}"},"query-input":{"@type":"PropertyValueSpecification","valueRequired":true,"valueName":"search_term_string"}}],"inLanguage":"pt-BR"},{"@type":"Organization","@id":"https:\/\/raftingadventure.com\/#organization","name":"Aventura de Rafting","url":"https:\/\/raftingadventure.com\/","logo":{"@type":"ImageObject","inLanguage":"pt-BR","@id":"https:\/\/raftingadventure.com\/#\/schema\/logo\/image\/","url":"https:\/\/raftingadventure.com\/wp-content\/uploads\/sites\/4\/2025\/08\/512-x-512-rafting-adventure-out-color-1.svg","contentUrl":"https:\/\/raftingadventure.com\/wp-content\/uploads\/sites\/4\/2025\/08\/512-x-512-rafting-adventure-out-color-1.svg","width":512,"height":512,"caption":"Rafting Adventure"},"image":{"@id":"https:\/\/raftingadventure.com\/#\/schema\/logo\/image\/"}}]},"product_price_amount":"155400.00","product_price_currency":"ARS","og_availability":"instock","product_availability":"instock","product_retailer_item_id":"ADV2025RAALL\u00cd7HIR","product_condition":"new"},"_links":{"self":[{"href":"https:\/\/raftingadventure.com\/pt\/wp-json\/wp\/v2\/product\/378034","targetHints":{"allow":["GET"]}}],"collection":[{"href":"https:\/\/raftingadventure.com\/pt\/wp-json\/wp\/v2\/product"}],"about":[{"href":"https:\/\/raftingadventure.com\/pt\/wp-json\/wp\/v2\/types\/product"}],"replies":[{"embeddable":true,"href":"https:\/\/raftingadventure.com\/pt\/wp-json\/wp\/v2\/comments?post=378034"}],"wp:featuredmedia":[{"embeddable":true,"href":"https:\/\/raftingadventure.com\/pt\/wp-json\/wp\/v2\/media\/378379"}],"wp:attachment":[{"href":"https:\/\/raftingadventure.com\/pt\/wp-json\/wp\/v2\/media?parent=378034"}],"wp:term":[{"taxonomy":"product_brand","embeddable":true,"href":"https:\/\/raftingadventure.com\/pt\/wp-json\/wp\/v2\/product_brand?post=378034"},{"taxonomy":"product_cat","embeddable":true,"href":"https:\/\/raftingadventure.com\/pt\/wp-json\/wp\/v2\/product_cat?post=378034"},{"taxonomy":"product_tag","embeddable":true,"href":"https:\/\/raftingadventure.com\/pt\/wp-json\/wp\/v2\/product_tag?post=378034"}],"curies":[{"name":"wp","href":"https:\/\/api.w.org\/{rel}","templated":true}]}}