{"id":378035,"date":"2025-08-18T11:02:36","date_gmt":"2025-08-18T14:02:36","guid":{"rendered":"https:\/\/raftingadventure.com\/product\/rafting-al-limite-con-chile-sin-traslado\/"},"modified":"2026-03-31T12:16:09","modified_gmt":"2026-03-31T15:16:09","slug":"rafting-al-limite-chile","status":"publish","type":"product","link":"https:\/\/raftingadventure.com\/pt\/product\/rafting-ate-o-limite-no-chile\/","title":{"rendered":"Rafting at\u00e9 a fronteira com o Chile Sem traslado"},"content":{"rendered":"<h2 class=\"ai-optimize-6\">Travessia do rio Manso: fronteira andina com o Chile<\/h2>\n<p class=\"ai-optimize-7 ai-optimize-introduction\">Incentive-se a sentir uma <strong>experi\u00eancia \u00fanica de rafting<\/strong> que o mergulha na natureza selvagem da Patag\u00f4nia como nunca antes. Essa viagem traz \u00e0 tona a imensid\u00e3o do rio Manso, com corredeiras vertiginosas do mais alto n\u00edvel. <strong>3 y 4<\/strong>, A aventura ser\u00e1 guiada at\u00e9 o cruzamento da fronteira com o Chile.<\/p>\n<h3 class=\"ai-optimize-8\">In\u00edcio da aventura<\/h3>\n<p class=\"ai-optimize-9\">O dia come\u00e7a em nosso ponto de encontro habitual. Nossos guias profissionais lhe fornecer\u00e3o o equipamento necess\u00e1rio: roupas de mergulho, capacetes e coletes, garantindo prote\u00e7\u00e3o em todos os momentos.<\/p>\n<h3 class=\"ai-optimize-10\">Remando no Manso<\/h3>\n<ul>\n<li class=\"ai-optimize-11\"><strong>Rota:<\/strong> Um passeio aqu\u00e1tico por <strong>10 km<\/strong> navegando pelo Manso, com um tempo estimado de <strong>2 horas<\/strong>.<\/li>\n<li class=\"ai-optimize-12\"><strong>Desafio:<\/strong> Des\u00e7a por corredeiras de classe emocionante <strong>III\/IV<\/strong>.<\/li>\n<li class=\"ai-optimize-13\">Quando estivermos na fronteira com o Chile, coordenaremos o traslado seguro de volta ao ponto de partida.<\/li>\n<\/ul>\n<h3 class=\"ai-optimize-14\">Op\u00e7\u00f5es de almo\u00e7o<\/h3>\n<p class=\"ai-optimize-15\">No final da viagem, voc\u00ea tem a possibilidade de almo\u00e7ar em nosso parador. O almo\u00e7o n\u00e3o est\u00e1 inclu\u00eddo no pre\u00e7o, mas voc\u00ea pode escolher entre <strong>churrasco<\/strong>, <strong>massa<\/strong> o <strong>salada<\/strong>, por um custo adicional.<\/p>\n<h3 class=\"ai-optimize-16\">Recomenda\u00e7\u00f5es para os participantes<\/h3>\n<ul>\n<li class=\"ai-optimize-17\">Atividade desenvolvida para <strong>jovens e adultos<\/strong> de <strong>14 anos<\/strong> em diante.<\/li>\n<li class=\"ai-optimize-18\">\u00c9 aconselh\u00e1vel trazer <strong>toalha<\/strong> e mudas de roupa para seu conforto no retorno.<\/li>\n<\/ul>\n<h3 class=\"ai-optimize-19\">Fatos sobre a op\u00e7\u00e3o de n\u00e3o realoca\u00e7\u00e3o<\/h3>\n<p class=\"ai-optimize-20\">Se preferir a op\u00e7\u00e3o sem traslado, voc\u00ea nos encontrar\u00e1 diretamente em nosso Parador, localizado na <strong data-start=\"372\" data-end=\"389\">Base Villegas<\/strong>, no <strong data-start=\"400\" data-end=\"417\">Ruta 83, Km 1, San Carlos de Bariloche, R\u00edo Negro.\u00a0<\/strong>.<br data-start=\"418\" data-end=\"421\" \/>Localiza\u00e7\u00e3o exata no Google Maps: <a class=\"\" href=\"https:\/\/maps.app.goo.gl\/NqbsUN6VB5Fnt7hVA\" target=\"_new\" rel=\"noopener\" data-start=\"449\" data-end=\"535\">https:\/\/maps.app.goo.gl\/NqbsUN6VB5Fnt7hVA<\/a><\/p>\n<h3 class=\"ai-optimize-21\">Fatos importantes para decidir<\/h3>\n<ul>\n<li class=\"ai-optimize-22\"><strong>Dura\u00e7\u00e3o total:<\/strong> De <strong>9:00 a.m. \u00e0s 6:00 p.m.<\/strong> aproximadamente.<\/li>\n<li class=\"ai-optimize-23\"><strong>Incluindo:<\/strong> Rafting, caf\u00e9 da manh\u00e3 completo e equipamento (neoprene, colete, jaqueta imperme\u00e1vel, sapatos de neoprene, remo e capacete).<\/li>\n<li class=\"ai-optimize-24\"><strong>N\u00e3o inclu\u00eddo:<\/strong> Traslados, busca de acomoda\u00e7\u00e3o, almo\u00e7o e caf\u00e9 da manh\u00e3.<\/li>\n<\/ul>\n<h2 class=\"ai-optimize-25\">Consultas comuns<\/h2>\n<ul>\n<li class=\"ai-optimize-26\"><strong>Qual \u00e9 a idade m\u00ednima para participar?<\/strong><br \/>\nA atividade foi projetada para pessoas com mais de 14 anos de idade.<\/li>\n<li class=\"ai-optimize-27\"><strong>Quais equipamentos s\u00e3o fornecidos?<\/strong><br \/>\nFornecemos equipamentos completos: roupas de mergulho, coletes salva-vidas, capacetes, botas e remos.<\/li>\n<li class=\"ai-optimize-28\"><strong>O almo\u00e7o faz parte da tarifa?<\/strong><br \/>\nN\u00e3o, o almo\u00e7o n\u00e3o est\u00e1 inclu\u00eddo; no entanto, voc\u00ea pode escolher seu card\u00e1pio favorito por uma taxa extra.<\/li>\n<li class=\"ai-optimize-29\"><strong>Onde estamos exatamente?<\/strong><br \/>\nSe voc\u00ea selecionar a op\u00e7\u00e3o sem transfer\u00eancia, dever\u00e1 ir para a se\u00e7\u00e3o <strong data-start=\"372\" data-end=\"389\">Base Villegas<\/strong>, localizado no <strong data-start=\"400\" data-end=\"417\">Ruta 83, Km 1, San Carlos de Bariloche, R\u00edo Negro.<br \/>\nLink de localiza\u00e7\u00e3o no Google Maps: <a class=\"\" href=\"https:\/\/maps.app.goo.gl\/NqbsUN6VB5Fnt7hVA\" target=\"_new\" rel=\"noopener\" data-start=\"449\" data-end=\"535\">https:\/\/maps.app.goo.gl\/NqbsUN6VB5Fnt7hVA<\/a><br \/>\n<\/strong><\/li>\n<\/ul>","protected":false},"excerpt":{"rendered":"<p class=\"ai-optimize-6\">Descubra a aventura de correr o Rio Manso sem se preocupar com traslados. Perfeito para maiores de 14 anos, essa experi\u00eancia combina emo\u00e7\u00e3o, paisagens incr\u00edveis e pura adrenalina.<\/p>","protected":false},"featured_media":378384,"comment_status":"open","ping_status":"closed","template":"","meta":[],"product_brand":[],"product_cat":[52,54,57,66,68,69,73],"product_tag":[],"class_list":{"0":"post-378035","1":"product","2":"type-product","3":"status-publish","4":"has-post-thumbnail","6":"product_cat-adultos","7":"product_cat-aventura","8":"product_cat-familia","9":"product_cat-primavera","10":"product_cat-sin-comida","11":"product_cat-sin-traslado","12":"product_cat-verano","14":"first","15":"instock","16":"virtual","17":"sold-individually","18":"purchasable","19":"product-type-booking"},"booking_location":"","booking_location_type":"","booking_duration":1,"booking_duration_unit":"hour","booking_buffer":0,"booking_cost":0,"booking_resources":[],"exclude_global_add_ons":false,"addons":[{"name":"ADU: Adulto","type":"input_multiplier","position":0,"required":false,"title_format":"label","default":"","description_enable":false,"description":"","placeholder_enable":false,"placeholder":"","display":"select","restrictions_type":"any_text","adjust_price":true,"price":"140400","price_type":"quantity_based","restrictions":false,"min":"0","max":"0","options":[],"id":1773236380},{"name":"EXTRA: acompanhante","type":"input_multiplier","position":1,"required":false,"title_format":"label","default":"","description_enable":false,"description":"","placeholder_enable":false,"placeholder":"","display":"select","restrictions_type":"any_text","adjust_price":true,"price":"70200","price_type":"quantity_based","restrictions":false,"min":"0","max":"0","options":[],"id":1773236381},{"name":"MEN1418 | de 14 a 18","type":"input_multiplier","position":2,"required":false,"title_format":"label","default":"","description_enable":false,"description":"","placeholder_enable":false,"placeholder":"","display":"select","restrictions_type":"any_text","adjust_price":true,"price":"140400","price_type":"quantity_based","restrictions":false,"min":"0","max":"0","options":[],"id":1773236382}],"yoast_head":"<!-- This site is optimized with the Yoast SEO Premium plugin v25.2 (Yoast SEO v25.2) - https:\/\/yoast.com\/wordpress\/plugins\/seo\/ -->\n<title>Rafting al l\u00edmite en Chile - Bariloche - Rafting Adventure<\/title>\n<meta name=\"description\" content=\"Viv\u00ed la adrenalina del rafting al l\u00edmite con Chile sin traslado. Aventura \u00fanica desde Bariloche entre r\u00e1pidos, naturaleza y pura emoci\u00f3n.\" \/>\n<meta name=\"robots\" content=\"index, follow, max-snippet:-1, max-image-preview:large, max-video-preview:-1\" \/>\n<link rel=\"canonical\" href=\"https:\/\/raftingadventure.com\/pt\/product\/rafting-ate-o-limite-no-chile\/\" \/>\n<meta property=\"og:locale\" content=\"pt_BR\" \/>\n<meta property=\"og:type\" content=\"article\" \/>\n<meta property=\"og:title\" content=\"Rafting al l\u00edmite con Chile Sin traslado\" \/>\n<meta property=\"og:description\" content=\"Viv\u00ed la adrenalina del rafting al l\u00edmite con Chile sin traslado. Aventura \u00fanica desde Bariloche entre r\u00e1pidos, naturaleza y pura emoci\u00f3n.\" \/>\n<meta property=\"og:url\" content=\"https:\/\/raftingadventure.com\/pt\/product\/rafting-ate-o-limite-no-chile\/\" \/>\n<meta property=\"og:site_name\" content=\"Rafting Adventure\" \/>\n<meta property=\"article:modified_time\" content=\"2026-03-31T15:16:09+00:00\" \/>\n<meta property=\"og:image\" content=\"https:\/\/raftingadventure.com\/wp-content\/uploads\/sites\/4\/2025\/08\/9-B-animate-a-hacer-rafting.jpg\" \/>\n\t<meta property=\"og:image:width\" content=\"850\" \/>\n\t<meta property=\"og:image:height\" content=\"1133\" \/>\n\t<meta property=\"og:image:type\" content=\"image\/jpeg\" \/>\n<meta name=\"twitter:card\" content=\"summary_large_image\" \/>\n<meta name=\"twitter:label1\" content=\"Pre\u00e7o\" \/>\n\t<meta name=\"twitter:data1\" content=\"&#036;140,400.00\" \/>\n\t<meta name=\"twitter:label2\" content=\"Disponibilidade\" \/>\n\t<meta name=\"twitter:data2\" content=\"Em Estoque\" \/>\n<script type=\"application\/ld+json\" class=\"yoast-schema-graph\">{\"@context\":\"https:\/\/schema.org\",\"@graph\":[{\"@type\":\"WebPage\",\"@id\":\"https:\/\/raftingadventure.com\/product\/rafting-al-limite-chile\/\",\"url\":\"https:\/\/raftingadventure.com\/product\/rafting-al-limite-chile\/\",\"name\":\"Rafting al l\u00edmite en Chile - Bariloche - Rafting Adventure\",\"isPartOf\":{\"@id\":\"https:\/\/raftingadventure.com\/#website\"},\"primaryImageOfPage\":{\"@id\":\"https:\/\/raftingadventure.com\/product\/rafting-al-limite-chile\/#primaryimage\"},\"image\":{\"@id\":\"https:\/\/raftingadventure.com\/product\/rafting-al-limite-chile\/#primaryimage\"},\"thumbnailUrl\":\"https:\/\/raftingadventure.com\/wp-content\/uploads\/sites\/4\/2025\/08\/9-D-GOPR1043-1-scaled.jpg\",\"datePublished\":\"2025-08-18T14:02:36+00:00\",\"dateModified\":\"2026-03-31T15:16:09+00:00\",\"description\":\"Viv\u00ed la adrenalina del rafting al l\u00edmite con Chile sin traslado. Aventura \u00fanica desde Bariloche entre r\u00e1pidos, naturaleza y pura emoci\u00f3n.\",\"breadcrumb\":{\"@id\":\"https:\/\/raftingadventure.com\/product\/rafting-al-limite-chile\/#breadcrumb\"},\"inLanguage\":\"pt-BR\",\"potentialAction\":[{\"@type\":\"ReadAction\",\"target\":[\"https:\/\/raftingadventure.com\/product\/rafting-al-limite-chile\/\"]}]},{\"@type\":\"ImageObject\",\"inLanguage\":\"pt-BR\",\"@id\":\"https:\/\/raftingadventure.com\/product\/rafting-al-limite-chile\/#primaryimage\",\"url\":\"https:\/\/raftingadventure.com\/wp-content\/uploads\/sites\/4\/2025\/08\/9-D-GOPR1043-1-scaled.jpg\",\"contentUrl\":\"https:\/\/raftingadventure.com\/wp-content\/uploads\/sites\/4\/2025\/08\/9-D-GOPR1043-1-scaled.jpg\",\"width\":1920,\"height\":2560},{\"@type\":\"BreadcrumbList\",\"@id\":\"https:\/\/raftingadventure.com\/product\/rafting-al-limite-chile\/#breadcrumb\",\"itemListElement\":[{\"@type\":\"ListItem\",\"position\":1,\"name\":\"Inicio\",\"item\":\"https:\/\/raftingadventure.com\/\"},{\"@type\":\"ListItem\",\"position\":2,\"name\":\"Rafting Adventure desde 1993 pioneros en aventura.\",\"item\":\"https:\/\/raftingadventure.com\/shop\/\"},{\"@type\":\"ListItem\",\"position\":3,\"name\":\"Rafting al l\u00edmite con Chile Sin traslado\"}]},{\"@type\":\"WebSite\",\"@id\":\"https:\/\/raftingadventure.com\/#website\",\"url\":\"https:\/\/raftingadventure.com\/\",\"name\":\"Rafting Adventure\",\"description\":\"Desde 1993 lideres en Rafting\",\"publisher\":{\"@id\":\"https:\/\/raftingadventure.com\/#organization\"},\"potentialAction\":[{\"@type\":\"SearchAction\",\"target\":{\"@type\":\"EntryPoint\",\"urlTemplate\":\"https:\/\/raftingadventure.com\/?s={search_term_string}\"},\"query-input\":{\"@type\":\"PropertyValueSpecification\",\"valueRequired\":true,\"valueName\":\"search_term_string\"}}],\"inLanguage\":\"pt-BR\"},{\"@type\":\"Organization\",\"@id\":\"https:\/\/raftingadventure.com\/#organization\",\"name\":\"Rafting Adventure\",\"url\":\"https:\/\/raftingadventure.com\/\",\"logo\":{\"@type\":\"ImageObject\",\"inLanguage\":\"pt-BR\",\"@id\":\"https:\/\/raftingadventure.com\/#\/schema\/logo\/image\/\",\"url\":\"https:\/\/raftingadventure.com\/wp-content\/uploads\/sites\/4\/2025\/08\/512-x-512-rafting-adventure-out-color-1.svg\",\"contentUrl\":\"https:\/\/raftingadventure.com\/wp-content\/uploads\/sites\/4\/2025\/08\/512-x-512-rafting-adventure-out-color-1.svg\",\"width\":512,\"height\":512,\"caption\":\"Rafting Adventure\"},\"image\":{\"@id\":\"https:\/\/raftingadventure.com\/#\/schema\/logo\/image\/\"}}]}<\/script>\n<meta property=\"product:price:amount\" content=\"140400.00\" \/>\n<meta property=\"product:price:currency\" content=\"ARS\" \/>\n<meta property=\"og:availability\" content=\"instock\" \/>\n<meta property=\"product:availability\" content=\"instock\" \/>\n<meta property=\"product:retailer_item_id\" content=\"ADV2025RAALL\u00cd530P\" \/>\n<meta property=\"product:condition\" content=\"new\" \/>\n<!-- \/ Yoast SEO Premium plugin. -->","yoast_head_json":{"title":"Rafting at\u00e9 o limite no Chile - Bariloche - Aventura de Rafting","description":"Experimente a adrenalina do rafting na fronteira com o Chile sem traslado. Uma aventura \u00fanica a partir de Bariloche entre corredeiras, natureza e pura emo\u00e7\u00e3o.","robots":{"index":"index","follow":"follow","max-snippet":"max-snippet:-1","max-image-preview":"max-image-preview:large","max-video-preview":"max-video-preview:-1"},"canonical":"https:\/\/raftingadventure.com\/pt\/product\/rafting-ate-o-limite-no-chile\/","og_locale":"pt_BR","og_type":"article","og_title":"Rafting al l\u00edmite con Chile Sin traslado","og_description":"Viv\u00ed la adrenalina del rafting al l\u00edmite con Chile sin traslado. Aventura \u00fanica desde Bariloche entre r\u00e1pidos, naturaleza y pura emoci\u00f3n.","og_url":"https:\/\/raftingadventure.com\/pt\/product\/rafting-ate-o-limite-no-chile\/","og_site_name":"Rafting Adventure","article_modified_time":"2026-03-31T15:16:09+00:00","og_image":[{"width":850,"height":1133,"url":"https:\/\/raftingadventure.com\/wp-content\/uploads\/sites\/4\/2025\/08\/9-B-animate-a-hacer-rafting.jpg","type":"image\/jpeg"}],"twitter_card":"summary_large_image","twitter_misc":{"Pre\u00e7o":"&#36;140,400.00","Disponibilidade":"Em Estoque"},"schema":{"@context":"https:\/\/schema.org","@graph":[{"@type":"WebPage","@id":"https:\/\/raftingadventure.com\/product\/rafting-al-limite-chile\/","url":"https:\/\/raftingadventure.com\/product\/rafting-al-limite-chile\/","name":"Rafting at\u00e9 o limite no Chile - Bariloche - Aventura de Rafting","isPartOf":{"@id":"https:\/\/raftingadventure.com\/#website"},"primaryImageOfPage":{"@id":"https:\/\/raftingadventure.com\/product\/rafting-al-limite-chile\/#primaryimage"},"image":{"@id":"https:\/\/raftingadventure.com\/product\/rafting-al-limite-chile\/#primaryimage"},"thumbnailUrl":"https:\/\/raftingadventure.com\/wp-content\/uploads\/sites\/4\/2025\/08\/9-D-GOPR1043-1-scaled.jpg","datePublished":"2025-08-18T14:02:36+00:00","dateModified":"2026-03-31T15:16:09+00:00","description":"Experimente a adrenalina do rafting na fronteira com o Chile sem traslado. Uma aventura \u00fanica a partir de Bariloche entre corredeiras, natureza e pura emo\u00e7\u00e3o.","breadcrumb":{"@id":"https:\/\/raftingadventure.com\/product\/rafting-al-limite-chile\/#breadcrumb"},"inLanguage":"pt-BR","potentialAction":[{"@type":"ReadAction","target":["https:\/\/raftingadventure.com\/product\/rafting-al-limite-chile\/"]}]},{"@type":"ImageObject","inLanguage":"pt-BR","@id":"https:\/\/raftingadventure.com\/product\/rafting-al-limite-chile\/#primaryimage","url":"https:\/\/raftingadventure.com\/wp-content\/uploads\/sites\/4\/2025\/08\/9-D-GOPR1043-1-scaled.jpg","contentUrl":"https:\/\/raftingadventure.com\/wp-content\/uploads\/sites\/4\/2025\/08\/9-D-GOPR1043-1-scaled.jpg","width":1920,"height":2560},{"@type":"BreadcrumbList","@id":"https:\/\/raftingadventure.com\/product\/rafting-al-limite-chile\/#breadcrumb","itemListElement":[{"@type":"ListItem","position":1,"name":"Inicio","item":"https:\/\/raftingadventure.com\/"},{"@type":"ListItem","position":2,"name":"Rafting Adventure desde 1993 pioneros en aventura.","item":"https:\/\/raftingadventure.com\/shop\/"},{"@type":"ListItem","position":3,"name":"Rafting al l\u00edmite con Chile Sin traslado"}]},{"@type":"WebSite","@id":"https:\/\/raftingadventure.com\/#website","url":"https:\/\/raftingadventure.com\/","name":"Aventura de Rafting","description":"L\u00edderes em Rafting desde 1993","publisher":{"@id":"https:\/\/raftingadventure.com\/#organization"},"potentialAction":[{"@type":"SearchAction","target":{"@type":"EntryPoint","urlTemplate":"https:\/\/raftingadventure.com\/?s={search_term_string}"},"query-input":{"@type":"PropertyValueSpecification","valueRequired":true,"valueName":"search_term_string"}}],"inLanguage":"pt-BR"},{"@type":"Organization","@id":"https:\/\/raftingadventure.com\/#organization","name":"Aventura de Rafting","url":"https:\/\/raftingadventure.com\/","logo":{"@type":"ImageObject","inLanguage":"pt-BR","@id":"https:\/\/raftingadventure.com\/#\/schema\/logo\/image\/","url":"https:\/\/raftingadventure.com\/wp-content\/uploads\/sites\/4\/2025\/08\/512-x-512-rafting-adventure-out-color-1.svg","contentUrl":"https:\/\/raftingadventure.com\/wp-content\/uploads\/sites\/4\/2025\/08\/512-x-512-rafting-adventure-out-color-1.svg","width":512,"height":512,"caption":"Rafting Adventure"},"image":{"@id":"https:\/\/raftingadventure.com\/#\/schema\/logo\/image\/"}}]},"product_price_amount":"140400.00","product_price_currency":"ARS","og_availability":"instock","product_availability":"instock","product_retailer_item_id":"ADV2025RAALL\u00cd530P","product_condition":"new"},"_links":{"self":[{"href":"https:\/\/raftingadventure.com\/pt\/wp-json\/wp\/v2\/product\/378035","targetHints":{"allow":["GET"]}}],"collection":[{"href":"https:\/\/raftingadventure.com\/pt\/wp-json\/wp\/v2\/product"}],"about":[{"href":"https:\/\/raftingadventure.com\/pt\/wp-json\/wp\/v2\/types\/product"}],"replies":[{"embeddable":true,"href":"https:\/\/raftingadventure.com\/pt\/wp-json\/wp\/v2\/comments?post=378035"}],"wp:featuredmedia":[{"embeddable":true,"href":"https:\/\/raftingadventure.com\/pt\/wp-json\/wp\/v2\/media\/378384"}],"wp:attachment":[{"href":"https:\/\/raftingadventure.com\/pt\/wp-json\/wp\/v2\/media?parent=378035"}],"wp:term":[{"taxonomy":"product_brand","embeddable":true,"href":"https:\/\/raftingadventure.com\/pt\/wp-json\/wp\/v2\/product_brand?post=378035"},{"taxonomy":"product_cat","embeddable":true,"href":"https:\/\/raftingadventure.com\/pt\/wp-json\/wp\/v2\/product_cat?post=378035"},{"taxonomy":"product_tag","embeddable":true,"href":"https:\/\/raftingadventure.com\/pt\/wp-json\/wp\/v2\/product_tag?post=378035"}],"curies":[{"name":"wp","href":"https:\/\/api.w.org\/{rel}","templated":true}]}}