{"id":378036,"date":"2025-08-18T11:03:01","date_gmt":"2025-08-18T14:03:01","guid":{"rendered":"https:\/\/raftingadventure.com\/product\/excursion-en-kayak-por-el-lago-gutierrez-desde-bariloche-con-traslado-incluido\/"},"modified":"2026-03-31T12:16:09","modified_gmt":"2026-03-31T15:16:09","slug":"kayak-lago-gutierrez-bariloche","status":"publish","type":"product","link":"https:\/\/raftingadventure.com\/pt\/product\/caiaque-no-lago-gutierrez-bariloche\/","title":{"rendered":"Caiaque no Lago Moreno"},"content":{"rendered":"<h2 class=\"ai-optimize-24\" data-start=\"454\" data-end=\"507\"><strong data-start=\"454\" data-end=\"505\">Aventura de caiaque no cora\u00e7\u00e3o da Patag\u00f4nia<\/strong><\/h2>\n<p class=\"ai-optimize-25 ai-optimize-introduction\" data-start=\"509\" data-end=\"774\">Se voc\u00ea est\u00e1 procurando uma experi\u00eancia aut\u00eantica ao ar livre, esse passeio de caiaque no Lago Moreno \u00e9 uma das atividades obrigat\u00f3rias em Bariloche.<br data-start=\"647\" data-end=\"650\" \/>Uma proposta que combina esporte, natureza e a energia das montanhas, ideal para quem gosta de turismo ativo.<\/p>\n<p class=\"ai-optimize-26\" data-start=\"776\" data-end=\"1021\">Remar nas \u00e1guas do Lago Moreno, cercado por florestas e montanhas, \u00e9 vivenciar a Patag\u00f4nia de uma perspectiva \u00fanica.<br data-start=\"896\" data-end=\"899\" \/>N\u00e3o \u00e9 necess\u00e1rio ter experi\u00eancia pr\u00e9via: nossos guias profissionais garantem seguran\u00e7a, t\u00e9cnica e divers\u00e3o em todos os momentos.<\/p>\n<h3 class=\"ai-optimize-27\" data-start=\"1028\" data-end=\"1045\"><strong data-start=\"1032\" data-end=\"1045\">Passeio<\/strong><\/h3>\n<p class=\"ai-optimize-28\" data-start=\"1047\" data-end=\"1344\">Hor\u00e1rio de funcionamento: 11:00 \u00e0s 15:00 aprox. \/ 13:00 \u00e0s 17:00 aprox.<br data-start=\"1100\" data-end=\"1103\" \/>Sa\u00edda do centro de Bariloche at\u00e9 o Circuito Chico, onde come\u00e7a o passeio de caiaque.<br data-start=\"1200\" data-end=\"1203\" \/>Durante a viagem, voc\u00ea navega por \u00e1guas calmas, com momentos para apreciar a paisagem e se conectar com o ambiente natural.<\/p>\n<h3 class=\"ai-optimize-29\" data-start=\"1351\" data-end=\"1377\"><strong data-start=\"1355\" data-end=\"1377\">Local da reuni\u00e3o<\/strong><\/h3>\n<p class=\"ai-optimize-30\" data-start=\"1379\" data-end=\"1558\">Hot\u00e9is e pontos de encontro localizados desde o centro de Bariloche at\u00e9 o km 8 da Av. Bustillo ou Av. Pioneros.<br data-start=\"1493\" data-end=\"1496\" \/>Outros pontos de partida, favor consultar no momento da reserva.<\/p>\n<h3 class=\"ai-optimize-31\" data-start=\"1565\" data-end=\"1580\"><strong data-start=\"1569\" data-end=\"1580\">Inclui<\/strong><\/h3>\n<ul data-start=\"1582\" data-end=\"1809\">\n<li class=\"ai-optimize-32\" data-start=\"1582\" data-end=\"1640\">\n<p class=\"ai-optimize-33\" data-start=\"1584\" data-end=\"1640\">Caiaque Adventure Sit On Top (est\u00e1vel e resistente).<\/p>\n<\/li>\n<li class=\"ai-optimize-34\" data-start=\"1641\" data-end=\"1710\">\n<p class=\"ai-optimize-35\" data-start=\"1643\" data-end=\"1710\">Equipamento t\u00e9cnico de seguran\u00e7a: colete, p\u00e1, jaqueta imperme\u00e1vel.<\/p>\n<\/li>\n<li class=\"ai-optimize-36\" data-start=\"1711\" data-end=\"1758\">\n<p class=\"ai-optimize-37\" data-start=\"1713\" data-end=\"1758\">Guias certificados em atividades n\u00e1uticas.<\/p>\n<\/li>\n<li class=\"ai-optimize-38\" data-start=\"1759\" data-end=\"1809\">\n<p class=\"ai-optimize-39\" data-start=\"1761\" data-end=\"1809\">Traslados de e para o ponto de encontro.<\/p>\n<\/li>\n<\/ul>\n<h3 class=\"ai-optimize-40\" data-start=\"1816\" data-end=\"1834\"><strong data-start=\"1820\" data-end=\"1834\">N\u00e3o inclui<\/strong><\/h3>\n<ul data-start=\"1836\" data-end=\"1919\">\n<li class=\"ai-optimize-41\" data-start=\"1836\" data-end=\"1859\">\n<p class=\"ai-optimize-42\" data-start=\"1838\" data-end=\"1859\">Sem alimentos ou bebidas.<\/p>\n<\/li>\n<li class=\"ai-optimize-43\" data-start=\"1860\" data-end=\"1919\">\n<p class=\"ai-optimize-44\" data-start=\"1862\" data-end=\"1919\">Roupas pessoais (recomenda-se levar um casaco e uma muda de roupa seca).<\/p>\n<\/li>\n<\/ul>\n<h3 class=\"ai-optimize-50\" data-start=\"2063\" data-end=\"2086\"><strong data-start=\"2067\" data-end=\"2086\">Recomenda\u00e7\u00f5es<\/strong><\/h3>\n<ul data-start=\"2088\" data-end=\"2252\">\n<li class=\"ai-optimize-51\" data-start=\"2088\" data-end=\"2146\">\n<p class=\"ai-optimize-52\" data-start=\"2090\" data-end=\"2146\">Roupas esportivas ou t\u00e9cnicas, cal\u00e7ados fechados ou ajust\u00e1veis.<\/p>\n<\/li>\n<li class=\"ai-optimize-53\" data-start=\"2147\" data-end=\"2178\">\n<p class=\"ai-optimize-54\" data-start=\"2149\" data-end=\"2178\">Troca de roupas secas e agasalhos.<\/p>\n<\/li>\n<li class=\"ai-optimize-55\" data-start=\"2179\" data-end=\"2224\">\n<p class=\"ai-optimize-56\" data-start=\"2181\" data-end=\"2224\">Protetor solar, bon\u00e9 e \u00f3culos de sol.<\/p>\n<\/li>\n<li class=\"ai-optimize-57\" data-start=\"2225\" data-end=\"2252\">\n<p class=\"ai-optimize-58\" data-start=\"2227\" data-end=\"2252\">Carteira de identidade.<\/p>\n<\/li>\n<\/ul>\n<p class=\"ai-optimize-59\" data-start=\"2254\" data-end=\"2347\">Atividade adequada para todas as idades a partir de 4 anos. N\u00e3o \u00e9 necess\u00e1rio ter experi\u00eancia anterior.<\/p>\n<h3 class=\"ai-optimize-60\" data-start=\"2354\" data-end=\"2382\"><strong data-start=\"2358\" data-end=\"2382\">Perguntas frequentes<\/strong><\/h3>\n<p class=\"ai-optimize-61\" data-start=\"2384\" data-end=\"2501\"><strong data-start=\"2384\" data-end=\"2418\">Que tipo de caiaque \u00e9 usado?<\/strong><br data-start=\"2418\" data-end=\"2421\" \/>Caiaques Sit On Top, ideais para viagens seguras e confort\u00e1veis em \u00e1guas abertas.<\/p>\n<p class=\"ai-optimize-62\" data-start=\"2503\" data-end=\"2636\"><strong data-start=\"2503\" data-end=\"2538\">Qual \u00e9 o n\u00edvel de dificuldade?<\/strong><br data-start=\"2538\" data-end=\"2541\" \/>Baixa. \u00c9 uma atividade recreativa com foco no prazer e no contato com a natureza.<\/p>\n<p class=\"ai-optimize-63\" data-start=\"2638\" data-end=\"2748\"><strong data-start=\"2638\" data-end=\"2678\">A atividade \u00e9 realizada na chuva?<\/strong><br data-start=\"2678\" data-end=\"2681\" \/>Sim, exceto em caso de tempestades ou condi\u00e7\u00f5es extremas.<\/p>\n<p class=\"ai-optimize-64\" data-start=\"2750\" data-end=\"2859\"><strong data-start=\"2750\" data-end=\"2780\">\u00c9 necess\u00e1rio saber nadar?<\/strong><br data-start=\"2780\" data-end=\"2783\" \/>N\u00e3o \u00e9 obrigat\u00f3rio, mas \u00e9 recomend\u00e1vel ter no\u00e7\u00f5es b\u00e1sicas de flutuabilidade.<\/p>","protected":false},"excerpt":{"rendered":"<p class=\"ai-optimize-6\">Experimente a aventura de andar de caiaque no Lago Moreno com a Rafting Adventure.<br data-start=\"3756\" data-end=\"3759\" \/>Natureza, a\u00e7\u00e3o e adrenalina em uma experi\u00eancia \u00fanica ao ar livre em Bariloche.<\/p>","protected":false},"featured_media":378148,"comment_status":"open","ping_status":"closed","template":"","meta":[],"product_brand":[],"product_cat":[52,54,56,57,61,63,68,72],"product_tag":[],"class_list":{"0":"post-378036","1":"product","2":"type-product","3":"status-publish","4":"has-post-thumbnail","6":"product_cat-adultos","7":"product_cat-aventura","8":"product_cat-con-traslado","9":"product_cat-familia","10":"product_cat-lacustre","11":"product_cat-ninos","12":"product_cat-sin-comida","13":"product_cat-todo-el-ano","15":"first","16":"instock","17":"virtual","18":"sold-individually","19":"purchasable","20":"product-type-booking"},"booking_location":"","booking_location_type":"","booking_duration":1,"booking_duration_unit":"hour","booking_buffer":0,"booking_cost":0,"booking_resources":[],"exclude_global_add_ons":false,"addons":[{"name":"ADU: Adulto","type":"input_multiplier","position":0,"required":false,"title_format":"label","default":"","description_enable":false,"description":"","placeholder_enable":false,"placeholder":"","display":"select","restrictions_type":"any_text","adjust_price":true,"price":"107400","price_type":"quantity_based","restrictions":false,"min":"0","max":"0","options":[],"id":1773074737},{"name":"MEN512 | 5 a 12","type":"input_multiplier","position":1,"required":false,"title_format":"label","default":"","description_enable":false,"description":"","placeholder_enable":false,"placeholder":"","display":"select","restrictions_type":"any_text","adjust_price":true,"price":"107400","price_type":"quantity_based","restrictions":false,"min":"0","max":"0","options":[],"id":1773075048}],"yoast_head":"<!-- This site is optimized with the Yoast SEO Premium plugin v25.2 (Yoast SEO v25.2) - https:\/\/yoast.com\/wordpress\/plugins\/seo\/ -->\n<title>Kayak por el Lago Moreno en Bariloche | Rafting Adventure<\/title>\n<meta name=\"description\" content=\"Viv\u00ed la aventura del kayak en Bariloche. Naturaleza, acci\u00f3n y paisajes incre\u00edbles del Lago Moreno en una experiencia outdoor imperdible.\" \/>\n<meta name=\"robots\" content=\"index, follow, max-snippet:-1, max-image-preview:large, max-video-preview:-1\" \/>\n<link rel=\"canonical\" href=\"https:\/\/raftingadventure.com\/pt\/product\/caiaque-no-lago-gutierrez-bariloche\/\" \/>\n<meta property=\"og:locale\" content=\"pt_BR\" \/>\n<meta property=\"og:type\" content=\"article\" \/>\n<meta property=\"og:title\" content=\"Kayak por el Lago Moreno\" \/>\n<meta property=\"og:description\" content=\"Viv\u00ed la aventura del kayak en Bariloche. Naturaleza, acci\u00f3n y paisajes incre\u00edbles del Lago Moreno en una experiencia outdoor imperdible.\" \/>\n<meta property=\"og:url\" content=\"https:\/\/raftingadventure.com\/pt\/product\/caiaque-no-lago-gutierrez-bariloche\/\" \/>\n<meta property=\"og:site_name\" content=\"Rafting Adventure\" \/>\n<meta property=\"article:modified_time\" content=\"2026-03-31T15:16:09+00:00\" \/>\n<meta property=\"og:image\" content=\"https:\/\/raftingadventure.com\/wp-content\/uploads\/sites\/4\/2025\/08\/9-D-GOPR1091.jpg\" \/>\n\t<meta property=\"og:image:width\" content=\"850\" \/>\n\t<meta property=\"og:image:height\" content=\"1133\" \/>\n\t<meta property=\"og:image:type\" content=\"image\/jpeg\" \/>\n<meta name=\"twitter:card\" content=\"summary_large_image\" \/>\n<meta name=\"twitter:label1\" content=\"Pre\u00e7o\" \/>\n\t<meta name=\"twitter:data1\" content=\"&#036;107,400.00\" \/>\n\t<meta name=\"twitter:label2\" content=\"Disponibilidade\" \/>\n\t<meta name=\"twitter:data2\" content=\"Em Estoque\" \/>\n<script type=\"application\/ld+json\" class=\"yoast-schema-graph\">{\"@context\":\"https:\/\/schema.org\",\"@graph\":[{\"@type\":\"WebPage\",\"@id\":\"https:\/\/raftingadventure.com\/product\/kayak-lago-gutierrez-bariloche\/\",\"url\":\"https:\/\/raftingadventure.com\/product\/kayak-lago-gutierrez-bariloche\/\",\"name\":\"Kayak por el Lago Moreno en Bariloche | Rafting Adventure\",\"isPartOf\":{\"@id\":\"https:\/\/raftingadventure.com\/#website\"},\"primaryImageOfPage\":{\"@id\":\"https:\/\/raftingadventure.com\/product\/kayak-lago-gutierrez-bariloche\/#primaryimage\"},\"image\":{\"@id\":\"https:\/\/raftingadventure.com\/product\/kayak-lago-gutierrez-bariloche\/#primaryimage\"},\"thumbnailUrl\":\"https:\/\/raftingadventure.com\/wp-content\/uploads\/sites\/4\/2025\/08\/9-D-GOPR1091.jpg\",\"datePublished\":\"2025-08-18T14:03:01+00:00\",\"dateModified\":\"2026-03-31T15:16:09+00:00\",\"description\":\"Viv\u00ed la aventura del kayak en Bariloche. Naturaleza, acci\u00f3n y paisajes incre\u00edbles del Lago Moreno en una experiencia outdoor imperdible.\",\"breadcrumb\":{\"@id\":\"https:\/\/raftingadventure.com\/product\/kayak-lago-gutierrez-bariloche\/#breadcrumb\"},\"inLanguage\":\"pt-BR\",\"potentialAction\":[{\"@type\":\"ReadAction\",\"target\":[\"https:\/\/raftingadventure.com\/product\/kayak-lago-gutierrez-bariloche\/\"]}]},{\"@type\":\"ImageObject\",\"inLanguage\":\"pt-BR\",\"@id\":\"https:\/\/raftingadventure.com\/product\/kayak-lago-gutierrez-bariloche\/#primaryimage\",\"url\":\"https:\/\/raftingadventure.com\/wp-content\/uploads\/sites\/4\/2025\/08\/9-D-GOPR1091.jpg\",\"contentUrl\":\"https:\/\/raftingadventure.com\/wp-content\/uploads\/sites\/4\/2025\/08\/9-D-GOPR1091.jpg\",\"width\":850,\"height\":1133,\"caption\":\"DCIM100GOPROGOPR1091.JPG\"},{\"@type\":\"BreadcrumbList\",\"@id\":\"https:\/\/raftingadventure.com\/product\/kayak-lago-gutierrez-bariloche\/#breadcrumb\",\"itemListElement\":[{\"@type\":\"ListItem\",\"position\":1,\"name\":\"Inicio\",\"item\":\"https:\/\/raftingadventure.com\/\"},{\"@type\":\"ListItem\",\"position\":2,\"name\":\"Rafting Adventure desde 1993 pioneros en aventura.\",\"item\":\"https:\/\/raftingadventure.com\/shop\/\"},{\"@type\":\"ListItem\",\"position\":3,\"name\":\"Kayak por el Lago Moreno\"}]},{\"@type\":\"WebSite\",\"@id\":\"https:\/\/raftingadventure.com\/#website\",\"url\":\"https:\/\/raftingadventure.com\/\",\"name\":\"Rafting Adventure\",\"description\":\"Desde 1993 lideres en Rafting\",\"publisher\":{\"@id\":\"https:\/\/raftingadventure.com\/#organization\"},\"potentialAction\":[{\"@type\":\"SearchAction\",\"target\":{\"@type\":\"EntryPoint\",\"urlTemplate\":\"https:\/\/raftingadventure.com\/?s={search_term_string}\"},\"query-input\":{\"@type\":\"PropertyValueSpecification\",\"valueRequired\":true,\"valueName\":\"search_term_string\"}}],\"inLanguage\":\"pt-BR\"},{\"@type\":\"Organization\",\"@id\":\"https:\/\/raftingadventure.com\/#organization\",\"name\":\"Rafting Adventure\",\"url\":\"https:\/\/raftingadventure.com\/\",\"logo\":{\"@type\":\"ImageObject\",\"inLanguage\":\"pt-BR\",\"@id\":\"https:\/\/raftingadventure.com\/#\/schema\/logo\/image\/\",\"url\":\"https:\/\/raftingadventure.com\/wp-content\/uploads\/sites\/4\/2025\/08\/512-x-512-rafting-adventure-out-color-1.svg\",\"contentUrl\":\"https:\/\/raftingadventure.com\/wp-content\/uploads\/sites\/4\/2025\/08\/512-x-512-rafting-adventure-out-color-1.svg\",\"width\":512,\"height\":512,\"caption\":\"Rafting Adventure\"},\"image\":{\"@id\":\"https:\/\/raftingadventure.com\/#\/schema\/logo\/image\/\"}}]}<\/script>\n<meta property=\"product:price:amount\" content=\"107400.00\" \/>\n<meta property=\"product:price:currency\" content=\"ARS\" \/>\n<meta property=\"og:availability\" content=\"instock\" \/>\n<meta property=\"product:availability\" content=\"instock\" \/>\n<meta property=\"product:retailer_item_id\" content=\"ADV2025TRENKAH9J5\" \/>\n<meta property=\"product:condition\" content=\"new\" \/>\n<!-- \/ Yoast SEO Premium plugin. -->","yoast_head_json":{"title":"Caiaque no Lago Moreno em Bariloche | Aventura de Rafting","description":"Viva a aventura de andar de caiaque em Bariloche. Natureza, a\u00e7\u00e3o e paisagens incr\u00edveis do Lago Moreno em uma experi\u00eancia imperd\u00edvel ao ar livre.","robots":{"index":"index","follow":"follow","max-snippet":"max-snippet:-1","max-image-preview":"max-image-preview:large","max-video-preview":"max-video-preview:-1"},"canonical":"https:\/\/raftingadventure.com\/pt\/product\/caiaque-no-lago-gutierrez-bariloche\/","og_locale":"pt_BR","og_type":"article","og_title":"Kayak por el Lago Moreno","og_description":"Viv\u00ed la aventura del kayak en Bariloche. Naturaleza, acci\u00f3n y paisajes incre\u00edbles del Lago Moreno en una experiencia outdoor imperdible.","og_url":"https:\/\/raftingadventure.com\/pt\/product\/caiaque-no-lago-gutierrez-bariloche\/","og_site_name":"Rafting Adventure","article_modified_time":"2026-03-31T15:16:09+00:00","og_image":[{"width":850,"height":1133,"url":"https:\/\/raftingadventure.com\/wp-content\/uploads\/sites\/4\/2025\/08\/9-D-GOPR1091.jpg","type":"image\/jpeg"}],"twitter_card":"summary_large_image","twitter_misc":{"Pre\u00e7o":"&#36;107,400.00","Disponibilidade":"Em Estoque"},"schema":{"@context":"https:\/\/schema.org","@graph":[{"@type":"WebPage","@id":"https:\/\/raftingadventure.com\/product\/kayak-lago-gutierrez-bariloche\/","url":"https:\/\/raftingadventure.com\/product\/kayak-lago-gutierrez-bariloche\/","name":"Caiaque no Lago Moreno em Bariloche | Aventura de Rafting","isPartOf":{"@id":"https:\/\/raftingadventure.com\/#website"},"primaryImageOfPage":{"@id":"https:\/\/raftingadventure.com\/product\/kayak-lago-gutierrez-bariloche\/#primaryimage"},"image":{"@id":"https:\/\/raftingadventure.com\/product\/kayak-lago-gutierrez-bariloche\/#primaryimage"},"thumbnailUrl":"https:\/\/raftingadventure.com\/wp-content\/uploads\/sites\/4\/2025\/08\/9-D-GOPR1091.jpg","datePublished":"2025-08-18T14:03:01+00:00","dateModified":"2026-03-31T15:16:09+00:00","description":"Viva a aventura de andar de caiaque em Bariloche. Natureza, a\u00e7\u00e3o e paisagens incr\u00edveis do Lago Moreno em uma experi\u00eancia imperd\u00edvel ao ar livre.","breadcrumb":{"@id":"https:\/\/raftingadventure.com\/product\/kayak-lago-gutierrez-bariloche\/#breadcrumb"},"inLanguage":"pt-BR","potentialAction":[{"@type":"ReadAction","target":["https:\/\/raftingadventure.com\/product\/kayak-lago-gutierrez-bariloche\/"]}]},{"@type":"ImageObject","inLanguage":"pt-BR","@id":"https:\/\/raftingadventure.com\/product\/kayak-lago-gutierrez-bariloche\/#primaryimage","url":"https:\/\/raftingadventure.com\/wp-content\/uploads\/sites\/4\/2025\/08\/9-D-GOPR1091.jpg","contentUrl":"https:\/\/raftingadventure.com\/wp-content\/uploads\/sites\/4\/2025\/08\/9-D-GOPR1091.jpg","width":850,"height":1133,"caption":"DCIM100GOPROGOPR1091.JPG"},{"@type":"BreadcrumbList","@id":"https:\/\/raftingadventure.com\/product\/kayak-lago-gutierrez-bariloche\/#breadcrumb","itemListElement":[{"@type":"ListItem","position":1,"name":"Inicio","item":"https:\/\/raftingadventure.com\/"},{"@type":"ListItem","position":2,"name":"Rafting Adventure desde 1993 pioneros en aventura.","item":"https:\/\/raftingadventure.com\/shop\/"},{"@type":"ListItem","position":3,"name":"Kayak por el Lago Moreno"}]},{"@type":"WebSite","@id":"https:\/\/raftingadventure.com\/#website","url":"https:\/\/raftingadventure.com\/","name":"Aventura de Rafting","description":"L\u00edderes em Rafting desde 1993","publisher":{"@id":"https:\/\/raftingadventure.com\/#organization"},"potentialAction":[{"@type":"SearchAction","target":{"@type":"EntryPoint","urlTemplate":"https:\/\/raftingadventure.com\/?s={search_term_string}"},"query-input":{"@type":"PropertyValueSpecification","valueRequired":true,"valueName":"search_term_string"}}],"inLanguage":"pt-BR"},{"@type":"Organization","@id":"https:\/\/raftingadventure.com\/#organization","name":"Aventura de Rafting","url":"https:\/\/raftingadventure.com\/","logo":{"@type":"ImageObject","inLanguage":"pt-BR","@id":"https:\/\/raftingadventure.com\/#\/schema\/logo\/image\/","url":"https:\/\/raftingadventure.com\/wp-content\/uploads\/sites\/4\/2025\/08\/512-x-512-rafting-adventure-out-color-1.svg","contentUrl":"https:\/\/raftingadventure.com\/wp-content\/uploads\/sites\/4\/2025\/08\/512-x-512-rafting-adventure-out-color-1.svg","width":512,"height":512,"caption":"Rafting Adventure"},"image":{"@id":"https:\/\/raftingadventure.com\/#\/schema\/logo\/image\/"}}]},"product_price_amount":"107400.00","product_price_currency":"ARS","og_availability":"instock","product_availability":"instock","product_retailer_item_id":"ADV2025TRENKAH9J5","product_condition":"new"},"_links":{"self":[{"href":"https:\/\/raftingadventure.com\/pt\/wp-json\/wp\/v2\/product\/378036","targetHints":{"allow":["GET"]}}],"collection":[{"href":"https:\/\/raftingadventure.com\/pt\/wp-json\/wp\/v2\/product"}],"about":[{"href":"https:\/\/raftingadventure.com\/pt\/wp-json\/wp\/v2\/types\/product"}],"replies":[{"embeddable":true,"href":"https:\/\/raftingadventure.com\/pt\/wp-json\/wp\/v2\/comments?post=378036"}],"wp:featuredmedia":[{"embeddable":true,"href":"https:\/\/raftingadventure.com\/pt\/wp-json\/wp\/v2\/media\/378148"}],"wp:attachment":[{"href":"https:\/\/raftingadventure.com\/pt\/wp-json\/wp\/v2\/media?parent=378036"}],"wp:term":[{"taxonomy":"product_brand","embeddable":true,"href":"https:\/\/raftingadventure.com\/pt\/wp-json\/wp\/v2\/product_brand?post=378036"},{"taxonomy":"product_cat","embeddable":true,"href":"https:\/\/raftingadventure.com\/pt\/wp-json\/wp\/v2\/product_cat?post=378036"},{"taxonomy":"product_tag","embeddable":true,"href":"https:\/\/raftingadventure.com\/pt\/wp-json\/wp\/v2\/product_tag?post=378036"}],"curies":[{"name":"wp","href":"https:\/\/api.w.org\/{rel}","templated":true}]}}