{"id":378042,"date":"2025-08-18T11:04:58","date_gmt":"2025-08-18T14:04:58","guid":{"rendered":"https:\/\/raftingadventure.com\/product\/isla-victoria-y-bosque-de-arrayanes-con-traslado\/"},"modified":"2026-04-06T09:54:24","modified_gmt":"2026-04-06T12:54:24","slug":"isla-victoria-bosque-arrayanes-traslado","status":"publish","type":"product","link":"https:\/\/raftingadventure.com\/pt\/product\/victoria-island-myrtle-forest-transfer\/","title":{"rendered":"Isla Victoria e Bosque de Arrayanes com traslado"},"content":{"rendered":"<h2 class=\"ai-optimize-6\">Conhe\u00e7a a Isla Victoria e a Magic Myrtle Forest<\/h2>\n<p class=\"ai-optimize-7 ai-optimize-introduction\">Mergulhe na ess\u00eancia da Patag\u00f4nia com esta cativante escapada que o transporta da bela Bariloche para as incompar\u00e1veis paisagens do Parque Nacional da Patag\u00f4nia. <strong>Ilha Victoria<\/strong> e o <strong>Floresta Myrtle<\/strong>. A partida \u00e9 de <strong>Puerto Pa\u00f1uelo<\/strong>, O ponto de partida de uma viagem memor\u00e1vel sobre espelhos d'\u00e1gua cristalinos.<\/p>\n<h3 class=\"ai-optimize-8\">Surpreenda-se com nosso tour<\/h3>\n<p class=\"ai-optimize-9\">Comece o passeio com uma navega\u00e7\u00e3o de uma hora at\u00e9 a enigm\u00e1tica pen\u00ednsula. <strong>Quetrihu\u00e9<\/strong>, onde se encontra a \u00fanica floresta de murta existente. Esse local, envolto em hist\u00f3rias e charme, foi a musa do famoso filme <em>Bambi<\/em> Disney.<\/p>\n<p class=\"ai-optimize-10\">Em seguida, o barco o levar\u00e1 para <strong>Porto de Anchorena<\/strong> em <strong>Ilha Victoria<\/strong>, convidando-o a explorar circuitos repletos de esp\u00e9cies nativas e a descobrir a m\u00edtica <strong>Praia de El Toro<\/strong>, \u00c9 famosa por suas pinturas rupestres milenares e sua areia vulc\u00e2nica especial.<\/p>\n<h3 class=\"ai-optimize-11\">Fatos essenciais para sua viagem<\/h3>\n<ul>\n<li class=\"ai-optimize-12\"><strong>Modalidade:<\/strong> Passeios guiados de barco e caminhadas por florestas centen\u00e1rias.<\/li>\n<li class=\"ai-optimize-13\"><strong>Hor\u00e1rios:<\/strong> Das 13:00 hs \u00e0s 19:00 hs.<\/li>\n<li class=\"ai-optimize-14\"><strong>Ele inclui:<\/strong> Traslado de ida e volta, guias especializados na natureza patag\u00f4nica.<\/li>\n<li class=\"ai-optimize-15\"><strong>A ser levado em conta:<\/strong> As refei\u00e7\u00f5es n\u00e3o est\u00e3o inclu\u00eddas, embora haja restaurantes dispon\u00edveis; as taxas do parque e de embarque devem ser pagas no local.<\/li>\n<\/ul>\n<p class=\"ai-optimize-16\">\u00c9 uma experi\u00eancia dif\u00edcil de igualar, projetada para fazer voc\u00ea se apaixonar pela natureza mais pura. N\u00e3o perca a oportunidade de desfrutar dessa aventura \u00fanica.<\/p>\n<h3 class=\"ai-optimize-17\">Perguntas frequentes sobre a partida<\/h3>\n<ul>\n<li class=\"ai-optimize-18\"><strong>Onde posso pagar as taxas de entrada e de embarque?<\/strong><br \/>\nAs taxas devem ser pagas em dinheiro no dia da chegada a Puerto Pa\u00f1uelo. H\u00e1 exce\u00e7\u00f5es para residentes locais e grupos espec\u00edficos.<\/li>\n<li class=\"ai-optimize-19\"><strong>H\u00e1 algum desconto para estrangeiros aposentados?<\/strong><br \/>\nPor enquanto, os benef\u00edcios s\u00e3o apenas para aposentados argentinos. \u00c9 necess\u00e1rio apresentar a documenta\u00e7\u00e3o antes do embarque.<\/li>\n<li class=\"ai-optimize-20\"><strong>\u00c9 poss\u00edvel comprar refei\u00e7\u00f5es durante a viagem?<\/strong><br \/>\n\u00c9 claro que voc\u00ea ter\u00e1 alternativas tanto no navio quanto nos paradores do circuito. Tamb\u00e9m \u00e9 permitido levar sua pr\u00f3pria comida.<\/li>\n<li class=\"ai-optimize-21\"><strong>Qual barco \u00e9 usado para a excurs\u00e3o?<\/strong><br \/>\nA travessia geralmente ocorre no inconfund\u00edvel <strong>Modesta Victoria<\/strong>, sujeito \u00e0 disponibilidade operacional.<\/li>\n<\/ul>","protected":false},"excerpt":{"rendered":"<p class=\"ai-optimize-6\">Desfrute de uma aventura \u00fanica na Patag\u00f4nia com nossa visita \u00e0 Ilha Victoria e \u00e0 Floresta de Arrayanes. A excurs\u00e3o inclui traslado e permite que voc\u00ea visite paisagens incr\u00edveis e trilhas naturais em uma caminhada encantadora ao longo do lago. Reserve seu lugar e surpreenda-se com a beleza \u00fanica desses destinos imperd\u00edveis.<\/p>","protected":false},"featured_media":378191,"comment_status":"open","ping_status":"closed","template":"","meta":[],"product_brand":[],"product_cat":[52,56,57,60,61,63,68,72],"product_tag":[],"class_list":{"0":"post-378042","1":"product","2":"type-product","3":"status-publish","4":"has-post-thumbnail","6":"product_cat-adultos","7":"product_cat-con-traslado","8":"product_cat-familia","9":"product_cat-jubilados","10":"product_cat-lacustre","11":"product_cat-ninos","12":"product_cat-sin-comida","13":"product_cat-todo-el-ano","15":"first","16":"instock","17":"virtual","18":"sold-individually","19":"purchasable","20":"product-type-booking"},"booking_location":"","booking_location_type":"","booking_duration":60,"booking_duration_unit":"minute","booking_buffer":0,"booking_cost":0,"booking_resources":[],"exclude_global_add_ons":false,"addons":[{"name":"ADU: Adulto","type":"input_multiplier","position":0,"required":false,"title_format":"label","default":"","description_enable":false,"description":"","placeholder_enable":false,"placeholder":"","display":"select","restrictions_type":"any_text","adjust_price":true,"price":"158000","price_type":"quantity_based","restrictions":false,"min":"0","max":"0","options":[],"id":1773234582},{"name":"MEN512 | 5 a 12","type":"input_multiplier","position":1,"required":false,"title_format":"label","default":"","description_enable":false,"description":"","placeholder_enable":false,"placeholder":"","display":"select","restrictions_type":"any_text","adjust_price":true,"price":"92000","price_type":"quantity_based","restrictions":false,"min":"0","max":"0","options":[],"id":1773234583},{"name":"ADUJ : Aposentado","type":"input_multiplier","position":2,"required":false,"title_format":"label","default":"","description_enable":false,"description":"","placeholder_enable":false,"placeholder":"","display":"select","restrictions_type":"any_text","adjust_price":true,"price":"92000","price_type":"quantity_based","restrictions":false,"min":"0","max":"0","options":[],"id":1773234584}],"yoast_head":"<!-- This site is optimized with the Yoast SEO Premium plugin v25.2 (Yoast SEO v25.2) - https:\/\/yoast.com\/wordpress\/plugins\/seo\/ -->\n<title>Isla Victoria y Bosque de Arrayanes con traslado - Bariloche - Rafting Adventure<\/title>\n<meta name=\"description\" content=\"Descubr\u00ed Isla Victoria y el Bosque de Arrayanes con traslado desde Bariloche. Naturaleza, senderos \u00fanicos y una experiencia inolvidable.\" \/>\n<meta name=\"robots\" content=\"index, follow, max-snippet:-1, max-image-preview:large, max-video-preview:-1\" \/>\n<link rel=\"canonical\" href=\"https:\/\/raftingadventure.com\/pt\/product\/victoria-island-myrtle-forest-transfer\/\" \/>\n<meta property=\"og:locale\" content=\"pt_BR\" \/>\n<meta property=\"og:type\" content=\"article\" \/>\n<meta property=\"og:title\" content=\"Isla Victoria y Bosque de Arrayanes con Traslado\" \/>\n<meta property=\"og:description\" content=\"Descubr\u00ed Isla Victoria y el Bosque de Arrayanes con traslado desde Bariloche. Naturaleza, senderos \u00fanicos y una experiencia inolvidable.\" \/>\n<meta property=\"og:url\" content=\"https:\/\/raftingadventure.com\/pt\/product\/victoria-island-myrtle-forest-transfer\/\" \/>\n<meta property=\"og:site_name\" content=\"Rafting Adventure\" \/>\n<meta property=\"article:modified_time\" content=\"2026-04-06T12:54:24+00:00\" \/>\n<meta property=\"og:image\" content=\"https:\/\/raftingadventure.com\/wp-content\/uploads\/sites\/4\/2025\/08\/9-C-491441650_18502509538055567_2320313303320689402_n.jpg\" \/>\n\t<meta property=\"og:image:width\" content=\"850\" \/>\n\t<meta property=\"og:image:height\" content=\"1133\" \/>\n\t<meta property=\"og:image:type\" content=\"image\/jpeg\" \/>\n<meta name=\"twitter:card\" content=\"summary_large_image\" \/>\n<meta name=\"twitter:label1\" content=\"Pre\u00e7o\" \/>\n\t<meta name=\"twitter:data1\" content=\"&#036;158,000.00\" \/>\n\t<meta name=\"twitter:label2\" content=\"Disponibilidade\" \/>\n\t<meta name=\"twitter:data2\" content=\"Em Estoque\" \/>\n<script type=\"application\/ld+json\" class=\"yoast-schema-graph\">{\"@context\":\"https:\/\/schema.org\",\"@graph\":[{\"@type\":\"WebPage\",\"@id\":\"https:\/\/raftingadventure.com\/product\/isla-victoria-bosque-arrayanes-traslado\/\",\"url\":\"https:\/\/raftingadventure.com\/product\/isla-victoria-bosque-arrayanes-traslado\/\",\"name\":\"Isla Victoria y Bosque de Arrayanes con traslado - Bariloche - Rafting Adventure\",\"isPartOf\":{\"@id\":\"https:\/\/raftingadventure.com\/#website\"},\"primaryImageOfPage\":{\"@id\":\"https:\/\/raftingadventure.com\/product\/isla-victoria-bosque-arrayanes-traslado\/#primaryimage\"},\"image\":{\"@id\":\"https:\/\/raftingadventure.com\/product\/isla-victoria-bosque-arrayanes-traslado\/#primaryimage\"},\"thumbnailUrl\":\"https:\/\/raftingadventure.com\/wp-content\/uploads\/sites\/4\/2025\/08\/9-C-491441650_18502509538055567_2320313303320689402_n.jpg\",\"datePublished\":\"2025-08-18T14:04:58+00:00\",\"dateModified\":\"2026-04-06T12:54:24+00:00\",\"description\":\"Descubr\u00ed Isla Victoria y el Bosque de Arrayanes con traslado desde Bariloche. Naturaleza, senderos \u00fanicos y una experiencia inolvidable.\",\"breadcrumb\":{\"@id\":\"https:\/\/raftingadventure.com\/product\/isla-victoria-bosque-arrayanes-traslado\/#breadcrumb\"},\"inLanguage\":\"pt-BR\",\"potentialAction\":[{\"@type\":\"ReadAction\",\"target\":[\"https:\/\/raftingadventure.com\/product\/isla-victoria-bosque-arrayanes-traslado\/\"]}]},{\"@type\":\"ImageObject\",\"inLanguage\":\"pt-BR\",\"@id\":\"https:\/\/raftingadventure.com\/product\/isla-victoria-bosque-arrayanes-traslado\/#primaryimage\",\"url\":\"https:\/\/raftingadventure.com\/wp-content\/uploads\/sites\/4\/2025\/08\/9-C-491441650_18502509538055567_2320313303320689402_n.jpg\",\"contentUrl\":\"https:\/\/raftingadventure.com\/wp-content\/uploads\/sites\/4\/2025\/08\/9-C-491441650_18502509538055567_2320313303320689402_n.jpg\",\"width\":850,\"height\":1133},{\"@type\":\"BreadcrumbList\",\"@id\":\"https:\/\/raftingadventure.com\/product\/isla-victoria-bosque-arrayanes-traslado\/#breadcrumb\",\"itemListElement\":[{\"@type\":\"ListItem\",\"position\":1,\"name\":\"Inicio\",\"item\":\"https:\/\/raftingadventure.com\/\"},{\"@type\":\"ListItem\",\"position\":2,\"name\":\"Rafting Adventure desde 1993 pioneros en aventura.\",\"item\":\"https:\/\/raftingadventure.com\/shop\/\"},{\"@type\":\"ListItem\",\"position\":3,\"name\":\"Isla Victoria y Bosque de Arrayanes con Traslado\"}]},{\"@type\":\"WebSite\",\"@id\":\"https:\/\/raftingadventure.com\/#website\",\"url\":\"https:\/\/raftingadventure.com\/\",\"name\":\"Rafting Adventure\",\"description\":\"Desde 1993 lideres en Rafting\",\"publisher\":{\"@id\":\"https:\/\/raftingadventure.com\/#organization\"},\"potentialAction\":[{\"@type\":\"SearchAction\",\"target\":{\"@type\":\"EntryPoint\",\"urlTemplate\":\"https:\/\/raftingadventure.com\/?s={search_term_string}\"},\"query-input\":{\"@type\":\"PropertyValueSpecification\",\"valueRequired\":true,\"valueName\":\"search_term_string\"}}],\"inLanguage\":\"pt-BR\"},{\"@type\":\"Organization\",\"@id\":\"https:\/\/raftingadventure.com\/#organization\",\"name\":\"Rafting Adventure\",\"url\":\"https:\/\/raftingadventure.com\/\",\"logo\":{\"@type\":\"ImageObject\",\"inLanguage\":\"pt-BR\",\"@id\":\"https:\/\/raftingadventure.com\/#\/schema\/logo\/image\/\",\"url\":\"https:\/\/raftingadventure.com\/wp-content\/uploads\/sites\/4\/2025\/08\/512-x-512-rafting-adventure-out-color-1.svg\",\"contentUrl\":\"https:\/\/raftingadventure.com\/wp-content\/uploads\/sites\/4\/2025\/08\/512-x-512-rafting-adventure-out-color-1.svg\",\"width\":512,\"height\":512,\"caption\":\"Rafting Adventure\"},\"image\":{\"@id\":\"https:\/\/raftingadventure.com\/#\/schema\/logo\/image\/\"}}]}<\/script>\n<meta property=\"product:price:amount\" content=\"158000.00\" \/>\n<meta property=\"product:price:currency\" content=\"ARS\" \/>\n<meta property=\"og:availability\" content=\"instock\" \/>\n<meta property=\"product:availability\" content=\"instock\" \/>\n<meta property=\"product:retailer_item_id\" content=\"ADV2025ISVIYBMX11\" \/>\n<meta property=\"product:condition\" content=\"new\" \/>\n<!-- \/ Yoast SEO Premium plugin. -->","yoast_head_json":{"title":"Ilha Victoria e Bosque de Arrayanes com traslado - Bariloche - Aventura de Rafting","description":"Descubra a Ilha Victoria e a Floresta de Arrayanes com traslado de Bariloche. Natureza, trilhas \u00fanicas e uma experi\u00eancia inesquec\u00edvel.","robots":{"index":"index","follow":"follow","max-snippet":"max-snippet:-1","max-image-preview":"max-image-preview:large","max-video-preview":"max-video-preview:-1"},"canonical":"https:\/\/raftingadventure.com\/pt\/product\/victoria-island-myrtle-forest-transfer\/","og_locale":"pt_BR","og_type":"article","og_title":"Isla Victoria y Bosque de Arrayanes con Traslado","og_description":"Descubr\u00ed Isla Victoria y el Bosque de Arrayanes con traslado desde Bariloche. Naturaleza, senderos \u00fanicos y una experiencia inolvidable.","og_url":"https:\/\/raftingadventure.com\/pt\/product\/victoria-island-myrtle-forest-transfer\/","og_site_name":"Rafting Adventure","article_modified_time":"2026-04-06T12:54:24+00:00","og_image":[{"width":850,"height":1133,"url":"https:\/\/raftingadventure.com\/wp-content\/uploads\/sites\/4\/2025\/08\/9-C-491441650_18502509538055567_2320313303320689402_n.jpg","type":"image\/jpeg"}],"twitter_card":"summary_large_image","twitter_misc":{"Pre\u00e7o":"&#36;158,000.00","Disponibilidade":"Em Estoque"},"schema":{"@context":"https:\/\/schema.org","@graph":[{"@type":"WebPage","@id":"https:\/\/raftingadventure.com\/product\/isla-victoria-bosque-arrayanes-traslado\/","url":"https:\/\/raftingadventure.com\/product\/isla-victoria-bosque-arrayanes-traslado\/","name":"Ilha Victoria e Bosque de Arrayanes com traslado - Bariloche - Aventura de Rafting","isPartOf":{"@id":"https:\/\/raftingadventure.com\/#website"},"primaryImageOfPage":{"@id":"https:\/\/raftingadventure.com\/product\/isla-victoria-bosque-arrayanes-traslado\/#primaryimage"},"image":{"@id":"https:\/\/raftingadventure.com\/product\/isla-victoria-bosque-arrayanes-traslado\/#primaryimage"},"thumbnailUrl":"https:\/\/raftingadventure.com\/wp-content\/uploads\/sites\/4\/2025\/08\/9-C-491441650_18502509538055567_2320313303320689402_n.jpg","datePublished":"2025-08-18T14:04:58+00:00","dateModified":"2026-04-06T12:54:24+00:00","description":"Descubra a Ilha Victoria e a Floresta de Arrayanes com traslado de Bariloche. Natureza, trilhas \u00fanicas e uma experi\u00eancia inesquec\u00edvel.","breadcrumb":{"@id":"https:\/\/raftingadventure.com\/product\/isla-victoria-bosque-arrayanes-traslado\/#breadcrumb"},"inLanguage":"pt-BR","potentialAction":[{"@type":"ReadAction","target":["https:\/\/raftingadventure.com\/product\/isla-victoria-bosque-arrayanes-traslado\/"]}]},{"@type":"ImageObject","inLanguage":"pt-BR","@id":"https:\/\/raftingadventure.com\/product\/isla-victoria-bosque-arrayanes-traslado\/#primaryimage","url":"https:\/\/raftingadventure.com\/wp-content\/uploads\/sites\/4\/2025\/08\/9-C-491441650_18502509538055567_2320313303320689402_n.jpg","contentUrl":"https:\/\/raftingadventure.com\/wp-content\/uploads\/sites\/4\/2025\/08\/9-C-491441650_18502509538055567_2320313303320689402_n.jpg","width":850,"height":1133},{"@type":"BreadcrumbList","@id":"https:\/\/raftingadventure.com\/product\/isla-victoria-bosque-arrayanes-traslado\/#breadcrumb","itemListElement":[{"@type":"ListItem","position":1,"name":"Inicio","item":"https:\/\/raftingadventure.com\/"},{"@type":"ListItem","position":2,"name":"Rafting Adventure desde 1993 pioneros en aventura.","item":"https:\/\/raftingadventure.com\/shop\/"},{"@type":"ListItem","position":3,"name":"Isla Victoria y Bosque de Arrayanes con Traslado"}]},{"@type":"WebSite","@id":"https:\/\/raftingadventure.com\/#website","url":"https:\/\/raftingadventure.com\/","name":"Aventura de Rafting","description":"L\u00edderes em Rafting desde 1993","publisher":{"@id":"https:\/\/raftingadventure.com\/#organization"},"potentialAction":[{"@type":"SearchAction","target":{"@type":"EntryPoint","urlTemplate":"https:\/\/raftingadventure.com\/?s={search_term_string}"},"query-input":{"@type":"PropertyValueSpecification","valueRequired":true,"valueName":"search_term_string"}}],"inLanguage":"pt-BR"},{"@type":"Organization","@id":"https:\/\/raftingadventure.com\/#organization","name":"Aventura de Rafting","url":"https:\/\/raftingadventure.com\/","logo":{"@type":"ImageObject","inLanguage":"pt-BR","@id":"https:\/\/raftingadventure.com\/#\/schema\/logo\/image\/","url":"https:\/\/raftingadventure.com\/wp-content\/uploads\/sites\/4\/2025\/08\/512-x-512-rafting-adventure-out-color-1.svg","contentUrl":"https:\/\/raftingadventure.com\/wp-content\/uploads\/sites\/4\/2025\/08\/512-x-512-rafting-adventure-out-color-1.svg","width":512,"height":512,"caption":"Rafting Adventure"},"image":{"@id":"https:\/\/raftingadventure.com\/#\/schema\/logo\/image\/"}}]},"product_price_amount":"158000.00","product_price_currency":"ARS","og_availability":"instock","product_availability":"instock","product_retailer_item_id":"ADV2025ISVIYBMX11","product_condition":"new"},"_links":{"self":[{"href":"https:\/\/raftingadventure.com\/pt\/wp-json\/wp\/v2\/product\/378042","targetHints":{"allow":["GET"]}}],"collection":[{"href":"https:\/\/raftingadventure.com\/pt\/wp-json\/wp\/v2\/product"}],"about":[{"href":"https:\/\/raftingadventure.com\/pt\/wp-json\/wp\/v2\/types\/product"}],"replies":[{"embeddable":true,"href":"https:\/\/raftingadventure.com\/pt\/wp-json\/wp\/v2\/comments?post=378042"}],"wp:featuredmedia":[{"embeddable":true,"href":"https:\/\/raftingadventure.com\/pt\/wp-json\/wp\/v2\/media\/378191"}],"wp:attachment":[{"href":"https:\/\/raftingadventure.com\/pt\/wp-json\/wp\/v2\/media?parent=378042"}],"wp:term":[{"taxonomy":"product_brand","embeddable":true,"href":"https:\/\/raftingadventure.com\/pt\/wp-json\/wp\/v2\/product_brand?post=378042"},{"taxonomy":"product_cat","embeddable":true,"href":"https:\/\/raftingadventure.com\/pt\/wp-json\/wp\/v2\/product_cat?post=378042"},{"taxonomy":"product_tag","embeddable":true,"href":"https:\/\/raftingadventure.com\/pt\/wp-json\/wp\/v2\/product_tag?post=378042"}],"curies":[{"name":"wp","href":"https:\/\/api.w.org\/{rel}","templated":true}]}}