{"id":378043,"date":"2025-08-18T11:05:19","date_gmt":"2025-08-18T14:05:19","guid":{"rendered":"https:\/\/raftingadventure.com\/product\/puerto-blest-y-cascada-los-cantaros-con-traslado\/"},"modified":"2026-04-06T09:54:17","modified_gmt":"2026-04-06T12:54:17","slug":"puerto-blest-cascada-los-cantaros-traslado","status":"publish","type":"product","link":"https:\/\/raftingadventure.com\/pt\/product\/puerto-blest-waterfall-los-cantaros-transfer\/","title":{"rendered":"Puerto Blest e Cachoeira \u201cLos Cantaros\u201d com traslado"},"content":{"rendered":"<h2 class=\"ai-optimize-6\">Viva a experi\u00eancia \u00fanica de Puerto Blest e da cachoeira \u201cLos C\u00e1ntaros\u201d.\u201d<\/h2>\n<p class=\"ai-optimize-7 ai-optimize-introduction\">Deixe-se surpreender por uma aventura diferente na Patag\u00f4nia Argentina. Ao escolher seu traslado, voc\u00ea partir\u00e1 do cora\u00e7\u00e3o de Bariloche em dire\u00e7\u00e3o ao emblem\u00e1tico Puerto Pa\u00f1uelo, a apenas 25 km do centro. Ao longo do caminho, maravilhe-se com a beleza surpreendente da paisagem andina e com a calma dos lagos do sul.<\/p>\n<h3 class=\"ai-optimize-8\">Uma viagem que fica na mem\u00f3ria<\/h3>\n<p class=\"ai-optimize-9\">Embarque em um catamar\u00e3 e prepare-se para uma navega\u00e7\u00e3o de aproximadamente uma hora, ideal para relaxar e se conectar com a natureza. Conhe\u00e7a a ilhota Centinela, um local hist\u00f3rico onde repousam os restos mortais do amado Perito Moreno. A viagem termina nas passarelas em dire\u00e7\u00e3o \u00e0 impressionante <strong>Cachoeira Los C\u00e1ntaros<\/strong>, emoldurado por majestosas paredes de granito esculpidas por geleiras antigas, mostrando a for\u00e7a pura do ambiente.<\/p>\n<h3 class=\"ai-optimize-10\">Puerto Blest e suas maravilhas<\/h3>\n<ul>\n<li class=\"ai-optimize-11\"><strong>Bah\u00eda de Ensue\u00f1o:<\/strong> Deleite-se com a paisagem de tirar o f\u00f4lego da ba\u00eda e a cor verde \u00fanica do Lago Frias, alimentado pelo degelo do imponente Cerro Tronador.<\/li>\n<li class=\"ai-optimize-12\"><strong>Trilhas na floresta tropical de Vald\u00edvia:<\/strong> Ao caminhar por suas picadas, voc\u00ea estar\u00e1 imerso no cora\u00e7\u00e3o de uma biodiversidade incompar\u00e1vel.<\/li>\n<\/ul>\n<h3 class=\"ai-optimize-13\">Um passeio para lembrar para sempre<\/h3>\n<p class=\"ai-optimize-14\">A excurs\u00e3o se encerra com a viagem de volta pelo Bra\u00e7o Blest, enquanto o Cerro Tronador se despede com os raios do p\u00f4r do sol e lhe d\u00e1 cart\u00f5es postais inesquec\u00edveis.<\/p>\n<h3 class=\"ai-optimize-15\">Informa\u00e7\u00f5es relevantes<\/h3>\n<ul>\n<li class=\"ai-optimize-16\"><strong>Hor\u00e1rio:<\/strong> Das 9:00 \u00e0s 17:00 horas, aproximadamente.<\/li>\n<li class=\"ai-optimize-17\"><strong>Ele inclui:<\/strong> Traslado de ida e volta, passeio guiado de catamar\u00e3 e caminhadas guiadas pela floresta.<\/li>\n<li class=\"ai-optimize-18\"><strong>N\u00e3o inclu\u00eddo:<\/strong> Refei\u00e7\u00f5es (h\u00e1 uma variedade de op\u00e7\u00f5es durante o dia), taxas de entrada nos Parques Nacionais e taxas de embarque.<\/li>\n<\/ul>\n<h3 class=\"ai-optimize-19\">Preocupa\u00e7\u00f5es comuns<\/h3>\n<h4 class=\"ai-optimize-20\">A excurs\u00e3o \u00e9 adequada para crian\u00e7as e adultos?<\/h4>\n<p class=\"ai-optimize-21\">\u00c9 claro que se trata de uma proposta criada para aqueles que querem se divertir sem limite de idade.<\/p>\n<h4 class=\"ai-optimize-22\">Que roupas devo usar?<\/h4>\n<p class=\"ai-optimize-23\">O ideal \u00e9 vestir-se confortavelmente, usar cal\u00e7ados seguros para caminhar e um casaco para estar preparado para qualquer clima.<\/p>\n<h4 class=\"ai-optimize-24\">O acesso \u00e0 cachoeira \u201cLos C\u00e1ntaros\u201d est\u00e1 dispon\u00edvel durante todo o ano?<\/h4>\n<p class=\"ai-optimize-25\">Em geral, o passeio funciona durante os doze meses, embora no inverno seja aconselh\u00e1vel verificar a disponibilidade com anteced\u00eancia.<\/p>","protected":false},"excerpt":{"rendered":"<p class=\"ai-optimize-6\">Conhe\u00e7a Puerto Blest e a Cascata Los C\u00e1ntaros com navega\u00e7\u00e3o de catamar\u00e3 e trilhas na floresta tropical valdiviana. Uma experi\u00eancia \u00fanica na Patag\u00f4nia.<\/p>","protected":false},"featured_media":378182,"comment_status":"open","ping_status":"closed","template":"","meta":[],"product_brand":[],"product_cat":[52,56,57,60,61,63,68,72],"product_tag":[],"class_list":{"0":"post-378043","1":"product","2":"type-product","3":"status-publish","4":"has-post-thumbnail","6":"product_cat-adultos","7":"product_cat-con-traslado","8":"product_cat-familia","9":"product_cat-jubilados","10":"product_cat-lacustre","11":"product_cat-ninos","12":"product_cat-sin-comida","13":"product_cat-todo-el-ano","15":"first","16":"instock","17":"virtual","18":"sold-individually","19":"purchasable","20":"product-type-booking"},"booking_location":"","booking_location_type":"","booking_duration":60,"booking_duration_unit":"minute","booking_buffer":0,"booking_cost":0,"booking_resources":[],"exclude_global_add_ons":false,"addons":[{"name":"ADU: Adulto","type":"input_multiplier","position":0,"required":false,"title_format":"label","default":"","description_enable":false,"description":"","placeholder_enable":false,"placeholder":"","display":"select","restrictions_type":"any_text","adjust_price":true,"price":"158000","price_type":"quantity_based","restrictions":false,"min":"0","max":"0","options":[],"id":1773234438},{"name":"MEN512 | 5 a 12","type":"input_multiplier","position":1,"required":false,"title_format":"label","default":"","description_enable":false,"description":"","placeholder_enable":false,"placeholder":"","display":"select","restrictions_type":"any_text","adjust_price":true,"price":"92000","price_type":"quantity_based","restrictions":false,"min":"0","max":"0","options":[],"id":1773234439},{"name":"ADUJ : Aposentado","type":"input_multiplier","position":2,"required":false,"title_format":"label","default":"","description_enable":false,"description":"","placeholder_enable":false,"placeholder":"","display":"select","restrictions_type":"any_text","adjust_price":true,"price":"92000","price_type":"quantity_based","restrictions":false,"min":"0","max":"0","options":[],"id":1773234440}],"yoast_head":"<!-- This site is optimized with the Yoast SEO Premium plugin v25.2 (Yoast SEO v25.2) - https:\/\/yoast.com\/wordpress\/plugins\/seo\/ -->\n<title>Puerto Blest y Cascada Los C\u00e1ntaros con traslado \u2013 Bariloche - Rafting Adventure<\/title>\n<meta name=\"description\" content=\"Excursi\u00f3n a Puerto Blest y Cascada Los C\u00e1ntaros. Navegaci\u00f3n y caminata en la selva valdiviana, una experiencia patag\u00f3nica inolvidable.\" \/>\n<meta name=\"robots\" content=\"index, follow, max-snippet:-1, max-image-preview:large, max-video-preview:-1\" \/>\n<link rel=\"canonical\" href=\"https:\/\/raftingadventure.com\/pt\/product\/puerto-blest-waterfall-los-cantaros-transfer\/\" \/>\n<meta property=\"og:locale\" content=\"pt_BR\" \/>\n<meta property=\"og:type\" content=\"article\" \/>\n<meta property=\"og:title\" content=\"Puerto Blest y Cascada &quot;Los Cantaros&quot; con traslado\" \/>\n<meta property=\"og:description\" content=\"Excursi\u00f3n a Puerto Blest y Cascada Los C\u00e1ntaros. Navegaci\u00f3n y caminata en la selva valdiviana, una experiencia patag\u00f3nica inolvidable.\" \/>\n<meta property=\"og:url\" content=\"https:\/\/raftingadventure.com\/pt\/product\/puerto-blest-waterfall-los-cantaros-transfer\/\" \/>\n<meta property=\"og:site_name\" content=\"Rafting Adventure\" \/>\n<meta property=\"article:modified_time\" content=\"2026-04-06T12:54:17+00:00\" \/>\n<meta property=\"og:image\" content=\"https:\/\/raftingadventure.com\/wp-content\/uploads\/sites\/4\/2025\/08\/9-B-cascada-de-los-cantaros-scaled-1.jpg\" \/>\n\t<meta property=\"og:image:width\" content=\"850\" \/>\n\t<meta property=\"og:image:height\" content=\"1133\" \/>\n\t<meta property=\"og:image:type\" content=\"image\/jpeg\" \/>\n<meta name=\"twitter:card\" content=\"summary_large_image\" \/>\n<meta name=\"twitter:label1\" content=\"Pre\u00e7o\" \/>\n\t<meta name=\"twitter:data1\" content=\"&#036;158,000.00\" \/>\n\t<meta name=\"twitter:label2\" content=\"Disponibilidade\" \/>\n\t<meta name=\"twitter:data2\" content=\"Em Estoque\" \/>\n<script type=\"application\/ld+json\" class=\"yoast-schema-graph\">{\"@context\":\"https:\/\/schema.org\",\"@graph\":[{\"@type\":\"WebPage\",\"@id\":\"https:\/\/raftingadventure.com\/product\/puerto-blest-cascada-los-cantaros-traslado\/\",\"url\":\"https:\/\/raftingadventure.com\/product\/puerto-blest-cascada-los-cantaros-traslado\/\",\"name\":\"Puerto Blest y Cascada Los C\u00e1ntaros con traslado \u2013 Bariloche - Rafting Adventure\",\"isPartOf\":{\"@id\":\"https:\/\/raftingadventure.com\/#website\"},\"primaryImageOfPage\":{\"@id\":\"https:\/\/raftingadventure.com\/product\/puerto-blest-cascada-los-cantaros-traslado\/#primaryimage\"},\"image\":{\"@id\":\"https:\/\/raftingadventure.com\/product\/puerto-blest-cascada-los-cantaros-traslado\/#primaryimage\"},\"thumbnailUrl\":\"https:\/\/raftingadventure.com\/wp-content\/uploads\/sites\/4\/2025\/08\/9-B-cascada-de-los-cantaros-scaled-1.jpg\",\"datePublished\":\"2025-08-18T14:05:19+00:00\",\"dateModified\":\"2026-04-06T12:54:17+00:00\",\"description\":\"Excursi\u00f3n a Puerto Blest y Cascada Los C\u00e1ntaros. Navegaci\u00f3n y caminata en la selva valdiviana, una experiencia patag\u00f3nica inolvidable.\",\"breadcrumb\":{\"@id\":\"https:\/\/raftingadventure.com\/product\/puerto-blest-cascada-los-cantaros-traslado\/#breadcrumb\"},\"inLanguage\":\"pt-BR\",\"potentialAction\":[{\"@type\":\"ReadAction\",\"target\":[\"https:\/\/raftingadventure.com\/product\/puerto-blest-cascada-los-cantaros-traslado\/\"]}]},{\"@type\":\"ImageObject\",\"inLanguage\":\"pt-BR\",\"@id\":\"https:\/\/raftingadventure.com\/product\/puerto-blest-cascada-los-cantaros-traslado\/#primaryimage\",\"url\":\"https:\/\/raftingadventure.com\/wp-content\/uploads\/sites\/4\/2025\/08\/9-B-cascada-de-los-cantaros-scaled-1.jpg\",\"contentUrl\":\"https:\/\/raftingadventure.com\/wp-content\/uploads\/sites\/4\/2025\/08\/9-B-cascada-de-los-cantaros-scaled-1.jpg\",\"width\":850,\"height\":1133},{\"@type\":\"BreadcrumbList\",\"@id\":\"https:\/\/raftingadventure.com\/product\/puerto-blest-cascada-los-cantaros-traslado\/#breadcrumb\",\"itemListElement\":[{\"@type\":\"ListItem\",\"position\":1,\"name\":\"Inicio\",\"item\":\"https:\/\/raftingadventure.com\/\"},{\"@type\":\"ListItem\",\"position\":2,\"name\":\"Rafting Adventure desde 1993 pioneros en aventura.\",\"item\":\"https:\/\/raftingadventure.com\/shop\/\"},{\"@type\":\"ListItem\",\"position\":3,\"name\":\"Puerto Blest y Cascada \u00abLos Cantaros\u00bb con traslado\"}]},{\"@type\":\"WebSite\",\"@id\":\"https:\/\/raftingadventure.com\/#website\",\"url\":\"https:\/\/raftingadventure.com\/\",\"name\":\"Rafting Adventure\",\"description\":\"Desde 1993 lideres en Rafting\",\"publisher\":{\"@id\":\"https:\/\/raftingadventure.com\/#organization\"},\"potentialAction\":[{\"@type\":\"SearchAction\",\"target\":{\"@type\":\"EntryPoint\",\"urlTemplate\":\"https:\/\/raftingadventure.com\/?s={search_term_string}\"},\"query-input\":{\"@type\":\"PropertyValueSpecification\",\"valueRequired\":true,\"valueName\":\"search_term_string\"}}],\"inLanguage\":\"pt-BR\"},{\"@type\":\"Organization\",\"@id\":\"https:\/\/raftingadventure.com\/#organization\",\"name\":\"Rafting Adventure\",\"url\":\"https:\/\/raftingadventure.com\/\",\"logo\":{\"@type\":\"ImageObject\",\"inLanguage\":\"pt-BR\",\"@id\":\"https:\/\/raftingadventure.com\/#\/schema\/logo\/image\/\",\"url\":\"https:\/\/raftingadventure.com\/wp-content\/uploads\/sites\/4\/2025\/08\/512-x-512-rafting-adventure-out-color-1.svg\",\"contentUrl\":\"https:\/\/raftingadventure.com\/wp-content\/uploads\/sites\/4\/2025\/08\/512-x-512-rafting-adventure-out-color-1.svg\",\"width\":512,\"height\":512,\"caption\":\"Rafting Adventure\"},\"image\":{\"@id\":\"https:\/\/raftingadventure.com\/#\/schema\/logo\/image\/\"}}]}<\/script>\n<meta property=\"product:price:amount\" content=\"158000.00\" \/>\n<meta property=\"product:price:currency\" content=\"ARS\" \/>\n<meta property=\"og:availability\" content=\"instock\" \/>\n<meta property=\"product:availability\" content=\"instock\" \/>\n<meta property=\"product:retailer_item_id\" content=\"ADV2025PUBLYCO2Q8\" \/>\n<meta property=\"product:condition\" content=\"new\" \/>\n<!-- \/ Yoast SEO Premium plugin. -->","yoast_head_json":{"title":"Puerto Blest e Cachoeira Los C\u00e1ntaros com traslado - Bariloche - Aventura de Rafting","description":"Excurs\u00e3o a Puerto Blest e \u00e0 cachoeira Los C\u00e1ntaros. Navega\u00e7\u00e3o e caminhadas na floresta tropical valdiviana, uma experi\u00eancia patag\u00f4nica inesquec\u00edvel.","robots":{"index":"index","follow":"follow","max-snippet":"max-snippet:-1","max-image-preview":"max-image-preview:large","max-video-preview":"max-video-preview:-1"},"canonical":"https:\/\/raftingadventure.com\/pt\/product\/puerto-blest-waterfall-los-cantaros-transfer\/","og_locale":"pt_BR","og_type":"article","og_title":"Puerto Blest y Cascada \"Los Cantaros\" con traslado","og_description":"Excursi\u00f3n a Puerto Blest y Cascada Los C\u00e1ntaros. Navegaci\u00f3n y caminata en la selva valdiviana, una experiencia patag\u00f3nica inolvidable.","og_url":"https:\/\/raftingadventure.com\/pt\/product\/puerto-blest-waterfall-los-cantaros-transfer\/","og_site_name":"Rafting Adventure","article_modified_time":"2026-04-06T12:54:17+00:00","og_image":[{"width":850,"height":1133,"url":"https:\/\/raftingadventure.com\/wp-content\/uploads\/sites\/4\/2025\/08\/9-B-cascada-de-los-cantaros-scaled-1.jpg","type":"image\/jpeg"}],"twitter_card":"summary_large_image","twitter_misc":{"Pre\u00e7o":"&#36;158,000.00","Disponibilidade":"Em Estoque"},"schema":{"@context":"https:\/\/schema.org","@graph":[{"@type":"WebPage","@id":"https:\/\/raftingadventure.com\/product\/puerto-blest-cascada-los-cantaros-traslado\/","url":"https:\/\/raftingadventure.com\/product\/puerto-blest-cascada-los-cantaros-traslado\/","name":"Puerto Blest e Cachoeira Los C\u00e1ntaros com traslado - Bariloche - Aventura de Rafting","isPartOf":{"@id":"https:\/\/raftingadventure.com\/#website"},"primaryImageOfPage":{"@id":"https:\/\/raftingadventure.com\/product\/puerto-blest-cascada-los-cantaros-traslado\/#primaryimage"},"image":{"@id":"https:\/\/raftingadventure.com\/product\/puerto-blest-cascada-los-cantaros-traslado\/#primaryimage"},"thumbnailUrl":"https:\/\/raftingadventure.com\/wp-content\/uploads\/sites\/4\/2025\/08\/9-B-cascada-de-los-cantaros-scaled-1.jpg","datePublished":"2025-08-18T14:05:19+00:00","dateModified":"2026-04-06T12:54:17+00:00","description":"Excurs\u00e3o a Puerto Blest e \u00e0 cachoeira Los C\u00e1ntaros. Navega\u00e7\u00e3o e caminhadas na floresta tropical valdiviana, uma experi\u00eancia patag\u00f4nica inesquec\u00edvel.","breadcrumb":{"@id":"https:\/\/raftingadventure.com\/product\/puerto-blest-cascada-los-cantaros-traslado\/#breadcrumb"},"inLanguage":"pt-BR","potentialAction":[{"@type":"ReadAction","target":["https:\/\/raftingadventure.com\/product\/puerto-blest-cascada-los-cantaros-traslado\/"]}]},{"@type":"ImageObject","inLanguage":"pt-BR","@id":"https:\/\/raftingadventure.com\/product\/puerto-blest-cascada-los-cantaros-traslado\/#primaryimage","url":"https:\/\/raftingadventure.com\/wp-content\/uploads\/sites\/4\/2025\/08\/9-B-cascada-de-los-cantaros-scaled-1.jpg","contentUrl":"https:\/\/raftingadventure.com\/wp-content\/uploads\/sites\/4\/2025\/08\/9-B-cascada-de-los-cantaros-scaled-1.jpg","width":850,"height":1133},{"@type":"BreadcrumbList","@id":"https:\/\/raftingadventure.com\/product\/puerto-blest-cascada-los-cantaros-traslado\/#breadcrumb","itemListElement":[{"@type":"ListItem","position":1,"name":"Inicio","item":"https:\/\/raftingadventure.com\/"},{"@type":"ListItem","position":2,"name":"Rafting Adventure desde 1993 pioneros en aventura.","item":"https:\/\/raftingadventure.com\/shop\/"},{"@type":"ListItem","position":3,"name":"Puerto Blest y Cascada \u00abLos Cantaros\u00bb con traslado"}]},{"@type":"WebSite","@id":"https:\/\/raftingadventure.com\/#website","url":"https:\/\/raftingadventure.com\/","name":"Aventura de Rafting","description":"L\u00edderes em Rafting desde 1993","publisher":{"@id":"https:\/\/raftingadventure.com\/#organization"},"potentialAction":[{"@type":"SearchAction","target":{"@type":"EntryPoint","urlTemplate":"https:\/\/raftingadventure.com\/?s={search_term_string}"},"query-input":{"@type":"PropertyValueSpecification","valueRequired":true,"valueName":"search_term_string"}}],"inLanguage":"pt-BR"},{"@type":"Organization","@id":"https:\/\/raftingadventure.com\/#organization","name":"Aventura de Rafting","url":"https:\/\/raftingadventure.com\/","logo":{"@type":"ImageObject","inLanguage":"pt-BR","@id":"https:\/\/raftingadventure.com\/#\/schema\/logo\/image\/","url":"https:\/\/raftingadventure.com\/wp-content\/uploads\/sites\/4\/2025\/08\/512-x-512-rafting-adventure-out-color-1.svg","contentUrl":"https:\/\/raftingadventure.com\/wp-content\/uploads\/sites\/4\/2025\/08\/512-x-512-rafting-adventure-out-color-1.svg","width":512,"height":512,"caption":"Rafting Adventure"},"image":{"@id":"https:\/\/raftingadventure.com\/#\/schema\/logo\/image\/"}}]},"product_price_amount":"158000.00","product_price_currency":"ARS","og_availability":"instock","product_availability":"instock","product_retailer_item_id":"ADV2025PUBLYCO2Q8","product_condition":"new"},"_links":{"self":[{"href":"https:\/\/raftingadventure.com\/pt\/wp-json\/wp\/v2\/product\/378043","targetHints":{"allow":["GET"]}}],"collection":[{"href":"https:\/\/raftingadventure.com\/pt\/wp-json\/wp\/v2\/product"}],"about":[{"href":"https:\/\/raftingadventure.com\/pt\/wp-json\/wp\/v2\/types\/product"}],"replies":[{"embeddable":true,"href":"https:\/\/raftingadventure.com\/pt\/wp-json\/wp\/v2\/comments?post=378043"}],"wp:featuredmedia":[{"embeddable":true,"href":"https:\/\/raftingadventure.com\/pt\/wp-json\/wp\/v2\/media\/378182"}],"wp:attachment":[{"href":"https:\/\/raftingadventure.com\/pt\/wp-json\/wp\/v2\/media?parent=378043"}],"wp:term":[{"taxonomy":"product_brand","embeddable":true,"href":"https:\/\/raftingadventure.com\/pt\/wp-json\/wp\/v2\/product_brand?post=378043"},{"taxonomy":"product_cat","embeddable":true,"href":"https:\/\/raftingadventure.com\/pt\/wp-json\/wp\/v2\/product_cat?post=378043"},{"taxonomy":"product_tag","embeddable":true,"href":"https:\/\/raftingadventure.com\/pt\/wp-json\/wp\/v2\/product_tag?post=378043"}],"curies":[{"name":"wp","href":"https:\/\/api.w.org\/{rel}","templated":true}]}}