{"id":378044,"date":"2025-08-18T11:05:50","date_gmt":"2025-08-18T14:05:50","guid":{"rendered":"https:\/\/raftingadventure.com\/product\/excursion-a-puerto-blest-y-lago-frias-con-traslado\/"},"modified":"2026-03-31T12:16:08","modified_gmt":"2026-03-31T15:16:08","slug":"puerto-blest-lago-frias-con-traslado","status":"publish","type":"product","link":"https:\/\/raftingadventure.com\/pt\/product\/puerto-blest-lago-frias-com-traslado\/","title":{"rendered":"Excurs\u00e3o a Puerto Blest e Lago Frias com traslado"},"content":{"rendered":"<h2 class=\"ai-optimize-22\">Conhe\u00e7a a grandeza de Puerto Blest e a cachoeira \u201cLos C\u00e1ntaros\u201d.\u201d<\/h2>\n<p class=\"ai-optimize-23 ai-optimize-introduction\">Venha e descubra uma experi\u00eancia \u00fanica come\u00e7ando pelo encantador <strong>Puerto Pa\u00f1uelo<\/strong>, localizado a poucos passos do centro de San Carlos de Bariloche. Em um passeio de barco que dura cerca de sessenta minutos, voc\u00ea ter\u00e1 acesso ao famoso <strong>Ilhota Sentinela<\/strong>, onde se encontra o renomado Perito Moreno, uma figura importante em nossa hist\u00f3ria.<\/p>\n<p class=\"ai-optimize-24\">Em seguida, seguiremos para uma rede de passarelas que lhe permitir\u00e1 desfrutar de uma perspectiva \u00fanica sobre a imponente <strong>Cachoeira Los C\u00e1ntaros<\/strong>. Esse espet\u00e1culo natural \u00e9 cercado por imponentes forma\u00e7\u00f5es rochosas e esconde um lari\u00e7o milenar, uma testemunha silenciosa de mais de 1.500 anos.<\/p>\n<h3 class=\"ai-optimize-25\">Navega\u00e7\u00e3o panor\u00e2mica no lago<\/h3>\n<p class=\"ai-optimize-26\">Suba a bordo de um catamar\u00e3 de \u00faltima gera\u00e7\u00e3o e delicie-se com <strong>vistas \u00fanicas do lago Nahuel Huapi<\/strong> ao lado dos formid\u00e1veis picos do <strong>Cordilheira dos Andes<\/strong>. Sinta a magia das ilhas e o cen\u00e1rio \u00fanico que o convida a sonhar acordado.<\/p>\n<h2 class=\"ai-optimize-27\">Venha e descubra o Lago Frias: um tesouro escondido<\/h2>\n<p class=\"ai-optimize-28\">Ao chegar a Puerto Blest, escolhido por viajantes de todo o mundo, voc\u00ea se surpreender\u00e1 com a beleza enigm\u00e1tica do <strong>Lago Frias<\/strong>, com sua cor verde-esmeralda, resultado dos sedimentos arrastados pela geleira do Cerro Tronador.<\/p>\n<p class=\"ai-optimize-29\">Se quiser prolongar a aventura, uma curta viagem de \u00f4nibus de 3 km o levar\u00e1 a <strong>Porto Alegre<\/strong>, onde voc\u00ea embarcar\u00e1 para se aproximar ainda mais de suas \u00e1guas hipn\u00f3ticas.<\/p>\n<h3 class=\"ai-optimize-30\">Diversas op\u00e7\u00f5es para sua divers\u00e3o<\/h3>\n<ul>\n<li class=\"ai-optimize-31\">Passeios guiados a p\u00e9 pela floresta tropical de Vald\u00edvia: um para\u00edso de natureza viva e diversidade deslumbrante.<\/li>\n<li class=\"ai-optimize-32\">Passeios de catamar\u00e3 no tranquilo Lago Frias, descobrindo cart\u00f5es postais incr\u00edveis a cada momento.<\/li>\n<\/ul>\n<h2 class=\"ai-optimize-33\">Principais detalhes da excurs\u00e3o<\/h2>\n<ul>\n<li class=\"ai-optimize-34\"><strong>Dura\u00e7\u00e3o:<\/strong> Das 9:00 \u00e0s 17:00 horas, aproximadamente.<\/li>\n<li class=\"ai-optimize-35\"><strong>Ele inclui:<\/strong> Traslados de ida e volta, guias especializados em navega\u00e7\u00e3o e trekking.<\/li>\n<li class=\"ai-optimize-36\"><strong>N\u00e3o inclu\u00eddo:<\/strong> Refei\u00e7\u00f5es (dispon\u00edveis em paradores locais) e entrada nos Parques Nacionais.<\/li>\n<\/ul>\n<h2 class=\"ai-optimize-37\">Perguntas frequentes<\/h2>\n<ul>\n<li class=\"ai-optimize-38\"><strong>Como fa\u00e7o para pagar pelo acesso aos Parques Nacionais?<\/strong><br \/>\nO custo deve ser pago no dia da excurs\u00e3o em Puerto Pa\u00f1uelo, somente em dinheiro e pesos argentinos. Moradores locais e crian\u00e7as com menos de cinco anos de idade s\u00e3o eleg\u00edveis aos benef\u00edcios.<\/li>\n<li class=\"ai-optimize-39\"><strong>H\u00e1 b\u00f4nus para aposentados estrangeiros?<\/strong><br \/>\nN\u00e3o, os descontos s\u00e3o concedidos apenas a aposentados argentinos com uma carteira de identidade v\u00e1lida no momento do embarque.<\/li>\n<li class=\"ai-optimize-40\"><strong>\u00c9 poss\u00edvel levar comida de casa?<\/strong><br \/>\nSim, voc\u00ea pode levar sua pr\u00f3pria comida ou comprar comida a bordo e nos destinos que visitar.<\/li>\n<li class=\"ai-optimize-41\"><strong>Em qual navio a viagem \u00e9 realizada?<\/strong><br \/>\nO hist\u00f3rico Modesta Victoria \u00e9 geralmente usado, mas pode ser alterado sem aviso pr\u00e9vio, dependendo da disponibilidade ou das condi\u00e7\u00f5es.<\/li>\n<li class=\"ai-optimize-42\"><strong>\u00c9 poss\u00edvel adicionar outras excurs\u00f5es?<\/strong><br \/>\nSim, especialmente se voc\u00ea reservar \u00e0 tarde. \u00c9 altamente recomend\u00e1vel complement\u00e1-lo com o Circuito Chico e aproveitar ao m\u00e1ximo o dia.<\/li>\n<\/ul>","protected":false},"excerpt":{"rendered":"<p class=\"ai-optimize-6\">Desfrute de uma experi\u00eancia \u00fanica em Puerto Blest e na cachoeira \u201cLos C\u00e1ntaros\u201d. Fa\u00e7a uma excurs\u00e3o n\u00e1utica e maravilhe-se com a paisagem \u00fanica do Lago Frias. Adquira seu ingresso agora e conecte-se com a natureza em sua melhor forma.<\/p>","protected":false},"featured_media":378186,"comment_status":"open","ping_status":"closed","template":"","meta":[],"product_brand":[],"product_cat":[52,56,57,60,61,63,68,72],"product_tag":[],"class_list":{"0":"post-378044","1":"product","2":"type-product","3":"status-publish","4":"has-post-thumbnail","6":"product_cat-adultos","7":"product_cat-con-traslado","8":"product_cat-familia","9":"product_cat-jubilados","10":"product_cat-lacustre","11":"product_cat-ninos","12":"product_cat-sin-comida","13":"product_cat-todo-el-ano","15":"first","16":"instock","17":"virtual","18":"sold-individually","19":"purchasable","20":"product-type-booking"},"booking_location":"","booking_location_type":"","booking_duration":60,"booking_duration_unit":"minute","booking_buffer":0,"booking_cost":0,"booking_resources":[],"exclude_global_add_ons":false,"addons":[{"name":"ADU: Adulto","type":"input_multiplier","position":0,"required":true,"title_format":"label","default":"","description_enable":false,"description":"","placeholder_enable":false,"placeholder":"","display":"select","restrictions_type":"any_text","adjust_price":true,"price":"212000","price_type":"quantity_based","restrictions":false,"min":"0","max":"0","options":[],"id":1773233993},{"name":"MEN512 | 5 a 12","type":"input_multiplier","position":1,"required":false,"title_format":"label","default":"","description_enable":false,"description":"","placeholder_enable":false,"placeholder":"","display":"select","restrictions_type":"any_text","adjust_price":true,"price":"119000","price_type":"quantity_based","restrictions":false,"min":"0","max":"0","options":[],"id":1773233994},{"name":"ADUJ : Aposentado","type":"input_multiplier","position":2,"required":false,"title_format":"label","default":"","description_enable":false,"description":"","placeholder_enable":false,"placeholder":"","display":"select","restrictions_type":"any_text","adjust_price":true,"price":"119000","price_type":"quantity_based","restrictions":false,"min":"0","max":"0","options":[],"id":1773233995}],"yoast_head":"<!-- This site is optimized with the Yoast SEO Premium plugin v25.2 (Yoast SEO v25.2) - https:\/\/yoast.com\/wordpress\/plugins\/seo\/ -->\n<title>Excursi\u00f3n a Puerto Blest y Lago Fr\u00edas con traslado - Rafting Adventure<\/title>\n<meta name=\"description\" content=\"Excursi\u00f3n a Puerto Blest y Lago Fr\u00edas con traslado desde Bariloche. Incluye navegaci\u00f3n, gu\u00eda y paisajes \u00fanicos de la Patagonia. \u00a1Reserv\u00e1 hoy!\" \/>\n<meta name=\"robots\" content=\"index, follow, max-snippet:-1, max-image-preview:large, max-video-preview:-1\" \/>\n<link rel=\"canonical\" href=\"https:\/\/raftingadventure.com\/pt\/product\/puerto-blest-lago-frias-com-traslado\/\" \/>\n<meta property=\"og:locale\" content=\"pt_BR\" \/>\n<meta property=\"og:type\" content=\"article\" \/>\n<meta property=\"og:title\" content=\"Excursi\u00f3n a Puerto Blest y Lago Fr\u00edas con traslado\" \/>\n<meta property=\"og:description\" content=\"Excursi\u00f3n a Puerto Blest y Lago Fr\u00edas con traslado desde Bariloche. Incluye navegaci\u00f3n, gu\u00eda y paisajes \u00fanicos de la Patagonia. \u00a1Reserv\u00e1 hoy!\" \/>\n<meta property=\"og:url\" content=\"https:\/\/raftingadventure.com\/pt\/product\/puerto-blest-lago-frias-com-traslado\/\" \/>\n<meta property=\"og:site_name\" content=\"Rafting Adventure\" \/>\n<meta property=\"article:modified_time\" content=\"2026-03-31T15:16:08+00:00\" \/>\n<meta property=\"og:image\" content=\"https:\/\/raftingadventure.com\/wp-content\/uploads\/sites\/4\/2025\/08\/9-C-489276124_1119847133506473_8724781286453759920_n.jpg\" \/>\n\t<meta property=\"og:image:width\" content=\"850\" \/>\n\t<meta property=\"og:image:height\" content=\"1133\" \/>\n\t<meta property=\"og:image:type\" content=\"image\/jpeg\" \/>\n<meta name=\"twitter:card\" content=\"summary_large_image\" \/>\n<meta name=\"twitter:label1\" content=\"Pre\u00e7o\" \/>\n\t<meta name=\"twitter:data1\" content=\"&#036;212,000.00\" \/>\n\t<meta name=\"twitter:label2\" content=\"Disponibilidade\" \/>\n\t<meta name=\"twitter:data2\" content=\"Em Estoque\" \/>\n<script type=\"application\/ld+json\" class=\"yoast-schema-graph\">{\"@context\":\"https:\/\/schema.org\",\"@graph\":[{\"@type\":\"WebPage\",\"@id\":\"https:\/\/raftingadventure.com\/product\/puerto-blest-lago-frias-con-traslado\/\",\"url\":\"https:\/\/raftingadventure.com\/product\/puerto-blest-lago-frias-con-traslado\/\",\"name\":\"Excursi\u00f3n a Puerto Blest y Lago Fr\u00edas con traslado - Rafting Adventure\",\"isPartOf\":{\"@id\":\"https:\/\/raftingadventure.com\/#website\"},\"primaryImageOfPage\":{\"@id\":\"https:\/\/raftingadventure.com\/product\/puerto-blest-lago-frias-con-traslado\/#primaryimage\"},\"image\":{\"@id\":\"https:\/\/raftingadventure.com\/product\/puerto-blest-lago-frias-con-traslado\/#primaryimage\"},\"thumbnailUrl\":\"https:\/\/raftingadventure.com\/wp-content\/uploads\/sites\/4\/2025\/08\/9-C-489276124_1119847133506473_8724781286453759920_n.jpg\",\"datePublished\":\"2025-08-18T14:05:50+00:00\",\"dateModified\":\"2026-03-31T15:16:08+00:00\",\"description\":\"Excursi\u00f3n a Puerto Blest y Lago Fr\u00edas con traslado desde Bariloche. Incluye navegaci\u00f3n, gu\u00eda y paisajes \u00fanicos de la Patagonia. \u00a1Reserv\u00e1 hoy!\",\"breadcrumb\":{\"@id\":\"https:\/\/raftingadventure.com\/product\/puerto-blest-lago-frias-con-traslado\/#breadcrumb\"},\"inLanguage\":\"pt-BR\",\"potentialAction\":[{\"@type\":\"ReadAction\",\"target\":[\"https:\/\/raftingadventure.com\/product\/puerto-blest-lago-frias-con-traslado\/\"]}]},{\"@type\":\"ImageObject\",\"inLanguage\":\"pt-BR\",\"@id\":\"https:\/\/raftingadventure.com\/product\/puerto-blest-lago-frias-con-traslado\/#primaryimage\",\"url\":\"https:\/\/raftingadventure.com\/wp-content\/uploads\/sites\/4\/2025\/08\/9-C-489276124_1119847133506473_8724781286453759920_n.jpg\",\"contentUrl\":\"https:\/\/raftingadventure.com\/wp-content\/uploads\/sites\/4\/2025\/08\/9-C-489276124_1119847133506473_8724781286453759920_n.jpg\",\"width\":850,\"height\":1133},{\"@type\":\"BreadcrumbList\",\"@id\":\"https:\/\/raftingadventure.com\/product\/puerto-blest-lago-frias-con-traslado\/#breadcrumb\",\"itemListElement\":[{\"@type\":\"ListItem\",\"position\":1,\"name\":\"Inicio\",\"item\":\"https:\/\/raftingadventure.com\/\"},{\"@type\":\"ListItem\",\"position\":2,\"name\":\"Rafting Adventure desde 1993 pioneros en aventura.\",\"item\":\"https:\/\/raftingadventure.com\/shop\/\"},{\"@type\":\"ListItem\",\"position\":3,\"name\":\"Excursi\u00f3n a Puerto Blest y Lago Fr\u00edas con traslado\"}]},{\"@type\":\"WebSite\",\"@id\":\"https:\/\/raftingadventure.com\/#website\",\"url\":\"https:\/\/raftingadventure.com\/\",\"name\":\"Rafting Adventure\",\"description\":\"Desde 1993 lideres en Rafting\",\"publisher\":{\"@id\":\"https:\/\/raftingadventure.com\/#organization\"},\"potentialAction\":[{\"@type\":\"SearchAction\",\"target\":{\"@type\":\"EntryPoint\",\"urlTemplate\":\"https:\/\/raftingadventure.com\/?s={search_term_string}\"},\"query-input\":{\"@type\":\"PropertyValueSpecification\",\"valueRequired\":true,\"valueName\":\"search_term_string\"}}],\"inLanguage\":\"pt-BR\"},{\"@type\":\"Organization\",\"@id\":\"https:\/\/raftingadventure.com\/#organization\",\"name\":\"Rafting Adventure\",\"url\":\"https:\/\/raftingadventure.com\/\",\"logo\":{\"@type\":\"ImageObject\",\"inLanguage\":\"pt-BR\",\"@id\":\"https:\/\/raftingadventure.com\/#\/schema\/logo\/image\/\",\"url\":\"https:\/\/raftingadventure.com\/wp-content\/uploads\/sites\/4\/2025\/08\/512-x-512-rafting-adventure-out-color-1.svg\",\"contentUrl\":\"https:\/\/raftingadventure.com\/wp-content\/uploads\/sites\/4\/2025\/08\/512-x-512-rafting-adventure-out-color-1.svg\",\"width\":512,\"height\":512,\"caption\":\"Rafting Adventure\"},\"image\":{\"@id\":\"https:\/\/raftingadventure.com\/#\/schema\/logo\/image\/\"}}]}<\/script>\n<meta property=\"product:price:amount\" content=\"212000.00\" \/>\n<meta property=\"product:price:currency\" content=\"ARS\" \/>\n<meta property=\"og:availability\" content=\"instock\" \/>\n<meta property=\"product:availability\" content=\"instock\" \/>\n<meta property=\"product:retailer_item_id\" content=\"ADV2025PUBLYC9CR1\" \/>\n<meta property=\"product:condition\" content=\"new\" \/>\n<!-- \/ Yoast SEO Premium plugin. -->","yoast_head_json":{"title":"Excurs\u00e3o a Puerto Blest e Lago Frias com traslado - Aventura de Rafting","description":"Excurs\u00e3o a Puerto Blest e Lago Frias com traslado de Bariloche. Inclui navega\u00e7\u00e3o, guia e paisagens \u00fanicas da Patag\u00f4nia, reserve hoje mesmo!","robots":{"index":"index","follow":"follow","max-snippet":"max-snippet:-1","max-image-preview":"max-image-preview:large","max-video-preview":"max-video-preview:-1"},"canonical":"https:\/\/raftingadventure.com\/pt\/product\/puerto-blest-lago-frias-com-traslado\/","og_locale":"pt_BR","og_type":"article","og_title":"Excursi\u00f3n a Puerto Blest y Lago Fr\u00edas con traslado","og_description":"Excursi\u00f3n a Puerto Blest y Lago Fr\u00edas con traslado desde Bariloche. Incluye navegaci\u00f3n, gu\u00eda y paisajes \u00fanicos de la Patagonia. \u00a1Reserv\u00e1 hoy!","og_url":"https:\/\/raftingadventure.com\/pt\/product\/puerto-blest-lago-frias-com-traslado\/","og_site_name":"Rafting Adventure","article_modified_time":"2026-03-31T15:16:08+00:00","og_image":[{"width":850,"height":1133,"url":"https:\/\/raftingadventure.com\/wp-content\/uploads\/sites\/4\/2025\/08\/9-C-489276124_1119847133506473_8724781286453759920_n.jpg","type":"image\/jpeg"}],"twitter_card":"summary_large_image","twitter_misc":{"Pre\u00e7o":"&#36;212,000.00","Disponibilidade":"Em Estoque"},"schema":{"@context":"https:\/\/schema.org","@graph":[{"@type":"WebPage","@id":"https:\/\/raftingadventure.com\/product\/puerto-blest-lago-frias-con-traslado\/","url":"https:\/\/raftingadventure.com\/product\/puerto-blest-lago-frias-con-traslado\/","name":"Excurs\u00e3o a Puerto Blest e Lago Frias com traslado - Aventura de Rafting","isPartOf":{"@id":"https:\/\/raftingadventure.com\/#website"},"primaryImageOfPage":{"@id":"https:\/\/raftingadventure.com\/product\/puerto-blest-lago-frias-con-traslado\/#primaryimage"},"image":{"@id":"https:\/\/raftingadventure.com\/product\/puerto-blest-lago-frias-con-traslado\/#primaryimage"},"thumbnailUrl":"https:\/\/raftingadventure.com\/wp-content\/uploads\/sites\/4\/2025\/08\/9-C-489276124_1119847133506473_8724781286453759920_n.jpg","datePublished":"2025-08-18T14:05:50+00:00","dateModified":"2026-03-31T15:16:08+00:00","description":"Excurs\u00e3o a Puerto Blest e Lago Frias com traslado de Bariloche. Inclui navega\u00e7\u00e3o, guia e paisagens \u00fanicas da Patag\u00f4nia, reserve hoje mesmo!","breadcrumb":{"@id":"https:\/\/raftingadventure.com\/product\/puerto-blest-lago-frias-con-traslado\/#breadcrumb"},"inLanguage":"pt-BR","potentialAction":[{"@type":"ReadAction","target":["https:\/\/raftingadventure.com\/product\/puerto-blest-lago-frias-con-traslado\/"]}]},{"@type":"ImageObject","inLanguage":"pt-BR","@id":"https:\/\/raftingadventure.com\/product\/puerto-blest-lago-frias-con-traslado\/#primaryimage","url":"https:\/\/raftingadventure.com\/wp-content\/uploads\/sites\/4\/2025\/08\/9-C-489276124_1119847133506473_8724781286453759920_n.jpg","contentUrl":"https:\/\/raftingadventure.com\/wp-content\/uploads\/sites\/4\/2025\/08\/9-C-489276124_1119847133506473_8724781286453759920_n.jpg","width":850,"height":1133},{"@type":"BreadcrumbList","@id":"https:\/\/raftingadventure.com\/product\/puerto-blest-lago-frias-con-traslado\/#breadcrumb","itemListElement":[{"@type":"ListItem","position":1,"name":"Inicio","item":"https:\/\/raftingadventure.com\/"},{"@type":"ListItem","position":2,"name":"Rafting Adventure desde 1993 pioneros en aventura.","item":"https:\/\/raftingadventure.com\/shop\/"},{"@type":"ListItem","position":3,"name":"Excursi\u00f3n a Puerto Blest y Lago Fr\u00edas con traslado"}]},{"@type":"WebSite","@id":"https:\/\/raftingadventure.com\/#website","url":"https:\/\/raftingadventure.com\/","name":"Aventura de Rafting","description":"L\u00edderes em Rafting desde 1993","publisher":{"@id":"https:\/\/raftingadventure.com\/#organization"},"potentialAction":[{"@type":"SearchAction","target":{"@type":"EntryPoint","urlTemplate":"https:\/\/raftingadventure.com\/?s={search_term_string}"},"query-input":{"@type":"PropertyValueSpecification","valueRequired":true,"valueName":"search_term_string"}}],"inLanguage":"pt-BR"},{"@type":"Organization","@id":"https:\/\/raftingadventure.com\/#organization","name":"Aventura de Rafting","url":"https:\/\/raftingadventure.com\/","logo":{"@type":"ImageObject","inLanguage":"pt-BR","@id":"https:\/\/raftingadventure.com\/#\/schema\/logo\/image\/","url":"https:\/\/raftingadventure.com\/wp-content\/uploads\/sites\/4\/2025\/08\/512-x-512-rafting-adventure-out-color-1.svg","contentUrl":"https:\/\/raftingadventure.com\/wp-content\/uploads\/sites\/4\/2025\/08\/512-x-512-rafting-adventure-out-color-1.svg","width":512,"height":512,"caption":"Rafting Adventure"},"image":{"@id":"https:\/\/raftingadventure.com\/#\/schema\/logo\/image\/"}}]},"product_price_amount":"212000.00","product_price_currency":"ARS","og_availability":"instock","product_availability":"instock","product_retailer_item_id":"ADV2025PUBLYC9CR1","product_condition":"new"},"_links":{"self":[{"href":"https:\/\/raftingadventure.com\/pt\/wp-json\/wp\/v2\/product\/378044","targetHints":{"allow":["GET"]}}],"collection":[{"href":"https:\/\/raftingadventure.com\/pt\/wp-json\/wp\/v2\/product"}],"about":[{"href":"https:\/\/raftingadventure.com\/pt\/wp-json\/wp\/v2\/types\/product"}],"replies":[{"embeddable":true,"href":"https:\/\/raftingadventure.com\/pt\/wp-json\/wp\/v2\/comments?post=378044"}],"wp:featuredmedia":[{"embeddable":true,"href":"https:\/\/raftingadventure.com\/pt\/wp-json\/wp\/v2\/media\/378186"}],"wp:attachment":[{"href":"https:\/\/raftingadventure.com\/pt\/wp-json\/wp\/v2\/media?parent=378044"}],"wp:term":[{"taxonomy":"product_brand","embeddable":true,"href":"https:\/\/raftingadventure.com\/pt\/wp-json\/wp\/v2\/product_brand?post=378044"},{"taxonomy":"product_cat","embeddable":true,"href":"https:\/\/raftingadventure.com\/pt\/wp-json\/wp\/v2\/product_cat?post=378044"},{"taxonomy":"product_tag","embeddable":true,"href":"https:\/\/raftingadventure.com\/pt\/wp-json\/wp\/v2\/product_tag?post=378044"}],"curies":[{"name":"wp","href":"https:\/\/api.w.org\/{rel}","templated":true}]}}