{"id":378045,"date":"2025-08-18T11:06:13","date_gmt":"2025-08-18T14:06:13","guid":{"rendered":"https:\/\/raftingadventure.com\/product\/navegacion-por-nahuel-huapi-isla-victoria-y-bosque-de-arrayanes-sin-traslado\/"},"modified":"2026-04-06T09:54:07","modified_gmt":"2026-04-06T12:54:07","slug":"isla-victoria-bosque-arrayanes-bariloche","status":"publish","type":"product","link":"https:\/\/raftingadventure.com\/pt\/product\/victoria-island-myrtle-forest-bariloche\/","title":{"rendered":"Navega\u00e7\u00e3o Nahuel Huapi: Isla Victoria e Bosque de Arrayanes sem traslado"},"content":{"rendered":"<h3 class=\"ai-optimize-22\" data-start=\"304\" data-end=\"381\">Uma visita obrigat\u00f3ria \u00e0 Patag\u00f4nia, com a garantia da Bariloche Excursiones<\/h3>\n<p class=\"ai-optimize-23 ai-optimize-introduction\" data-start=\"383\" data-end=\"761\">Navegue pelas \u00e1guas do Nahuel Huapi e surpreenda-se com duas paradas ic\u00f4nicas: a espetacular Ilha Victoria e a lend\u00e1ria Floresta de Arrayanes. Escolha esta alternativa se j\u00e1 estiver instalado em Bariloche e preferir chegar de forma independente a Puerto Pa\u00f1uelo; voc\u00ea ter\u00e1 a certeza de viver a experi\u00eancia em seu pr\u00f3prio ritmo e com o apoio de nossa experiente equipe.<\/p>\n<h3 class=\"ai-optimize-24\" data-start=\"763\" data-end=\"808\">Itiner\u00e1rio e destaques<\/h3>\n<p class=\"ai-optimize-25\" data-start=\"810\" data-end=\"1136\">O ponto de partida \u00e9 <strong data-start=\"832\" data-end=\"850\">Puerto Pa\u00f1uelo<\/strong>, no quil\u00f4metro 25 da Avenida Bustillo. L\u00e1, voc\u00ea embarca em um catamar\u00e3 com vistas amplas e come\u00e7a sua aventura no lago. Primeiro, voc\u00ea visitar\u00e1 o <strong data-start=\"1006\" data-end=\"1032\">Pen\u00ednsula de Quetrihu\u00e9<\/strong>, onde voc\u00ea caminha por trilhas bem cuidadas na \u00fanica floresta de murtas que existe no planeta.<\/p>\n<p class=\"ai-optimize-26\" data-start=\"1138\" data-end=\"1365\">A jornada continua <strong data-start=\"1166\" data-end=\"1183\">Ilha Victoria<\/strong>, Os arredores incompar\u00e1veis com trilhas que levam ao <strong data-start=\"1246\" data-end=\"1264\">Praia de El Toro<\/strong>, Um lugar diferente, com areia vulc\u00e2nica e vest\u00edgios de culturas antigas, como pinturas rupestres.<\/p>\n<h3 class=\"ai-optimize-27\" data-start=\"1367\" data-end=\"1387\">Principais fatos<\/h3>\n<ul data-start=\"1389\" data-end=\"1663\">\n<li class=\"ai-optimize-28\" data-start=\"1389\" data-end=\"1435\">\n<p class=\"ai-optimize-29\" data-start=\"1391\" data-end=\"1435\"><strong data-start=\"1391\" data-end=\"1412\">Tempo estimado<\/strong>: das 13:00 \u00e0s 19:00 hs<\/p>\n<\/li>\n<li class=\"ai-optimize-30\" data-start=\"1436\" data-end=\"1521\">\n<p class=\"ai-optimize-31\" data-start=\"1438\" data-end=\"1521\"><strong data-start=\"1438\" data-end=\"1449\">Inclui<\/strong>Passeio de catamar\u00e3 e acompanhamento de guia especializado durante todo o dia.<\/p>\n<\/li>\n<li class=\"ai-optimize-32\" data-start=\"1522\" data-end=\"1663\">\n<p class=\"ai-optimize-33\" data-start=\"1524\" data-end=\"1663\"><strong data-start=\"1524\" data-end=\"1538\">N\u00e3o inclui<\/strong>: traslado para Puerto Pa\u00f1uelo, taxas portu\u00e1rias e acesso ao Parque Nacional, alimenta\u00e7\u00e3o (h\u00e1 alternativas dispon\u00edveis a bordo e na ilha)<\/p>\n<\/li>\n<\/ul>\n<h3 class=\"ai-optimize-34\" data-start=\"1665\" data-end=\"1694\">Chegue l\u00e1 facilmente por conta pr\u00f3pria<\/h3>\n<p class=\"ai-optimize-35\" data-start=\"1696\" data-end=\"1943\">Puerto Pa\u00f1uelo fica a apenas meia hora do centro de Bariloche, no 25\u00ba quil\u00f4metro da Avenida Bustillo. Voc\u00ea pode chegar de carro, pedir um t\u00e1xi ou pegar um \u00f4nibus local. Ao fazer sua reserva, forneceremos todas as instru\u00e7\u00f5es para que voc\u00ea possa chegar l\u00e1 facilmente e sem problemas.<\/p>\n<h3 class=\"ai-optimize-36\" data-start=\"1950\" data-end=\"1974\">Perguntas frequentes<\/h3>\n<p class=\"ai-optimize-37\" data-start=\"1976\" data-end=\"2212\"><strong data-start=\"1976\" data-end=\"2028\">Como e onde posso pagar as taxas de embarque e do parque?<\/strong><br data-start=\"2028\" data-end=\"2031\" \/>Pagamento em dinheiro no mesmo dia em que voc\u00ea chegar a Puerto Pa\u00f1uelo. Moradores de Bariloche, pessoas com defici\u00eancia, crian\u00e7as com menos de 6 anos de idade e aposentados nacionais n\u00e3o pagam.<\/p>\n<p class=\"ai-optimize-38\" data-start=\"2214\" data-end=\"2368\"><strong data-start=\"2214\" data-end=\"2260\">H\u00e1 algum desconto para turistas estrangeiros?<\/strong><br data-start=\"2260\" data-end=\"2263\" \/>N\u00e3o. As redu\u00e7\u00f5es de taxas se aplicam apenas a residentes argentinos com comprovante de resid\u00eancia.<\/p>\n<p class=\"ai-optimize-39\" data-start=\"2370\" data-end=\"2524\"><strong data-start=\"2370\" data-end=\"2402\">Que tipo de vaso \u00e9 usado?<\/strong><br data-start=\"2402\" data-end=\"2405\" \/>Voc\u00ea quase sempre navega no emblem\u00e1tico <strong data-start=\"2457\" data-end=\"2477\">Modesta Victoria<\/strong>, O n\u00famero de passageiros est\u00e1 sujeito a altera\u00e7\u00f5es, dependendo da disponibilidade operacional.<\/p>\n<p class=\"ai-optimize-40\" data-start=\"2526\" data-end=\"2689\"><strong data-start=\"2526\" data-end=\"2587\">\u00c9 permitido levar comida com voc\u00ea ou h\u00e1 op\u00e7\u00f5es durante a viagem?<\/strong><br data-start=\"2587\" data-end=\"2590\" \/>Voc\u00ea pode levar seu pr\u00f3prio almo\u00e7o ou comprar alimentos e bebidas no catamar\u00e3 ou na Ilha Victoria.<\/p>","protected":false},"excerpt":{"rendered":"<p class=\"ai-optimize-6\">Vivi uma experi\u00eancia incompar\u00e1vel viajando pelo mundo. <strong>Ilha Victoria<\/strong> e o <strong>Floresta Myrtle<\/strong>, localizado no cora\u00e7\u00e3o da imponente Patag\u00f4nia. Aprecie a imensid\u00e3o da <strong>Lago Nahuel Huapi<\/strong> enquanto voc\u00ea caminha por trilhas cercadas de vegeta\u00e7\u00e3o nativa e descobre vest\u00edgios de culturas antigas. Uma caminhada imperd\u00edvel em um ambiente fascinante.<\/p>","protected":false},"featured_media":378190,"comment_status":"open","ping_status":"closed","template":"","meta":[],"product_brand":[],"product_cat":[52,57,60,61,63,68,69,72],"product_tag":[],"class_list":{"0":"post-378045","1":"product","2":"type-product","3":"status-publish","4":"has-post-thumbnail","6":"product_cat-adultos","7":"product_cat-familia","8":"product_cat-jubilados","9":"product_cat-lacustre","10":"product_cat-ninos","11":"product_cat-sin-comida","12":"product_cat-sin-traslado","13":"product_cat-todo-el-ano","15":"first","16":"instock","17":"virtual","18":"sold-individually","19":"purchasable","20":"product-type-booking"},"booking_location":"","booking_location_type":"","booking_duration":60,"booking_duration_unit":"minute","booking_buffer":0,"booking_cost":0,"booking_resources":[],"exclude_global_add_ons":false,"addons":[{"name":"ADU: Adulto","type":"input_multiplier","position":0,"required":false,"title_format":"label","default":"","description_enable":false,"description":"","placeholder_enable":false,"placeholder":"","display":"select","restrictions_type":"any_text","adjust_price":true,"price":"136000","price_type":"quantity_based","restrictions":false,"min":"0","max":"0","options":[],"id":1773233738},{"name":"MEN512 | 5 a 12","type":"input_multiplier","position":1,"required":false,"title_format":"label","default":"","description_enable":false,"description":"","placeholder_enable":false,"placeholder":"","display":"select","restrictions_type":"any_text","adjust_price":true,"price":"70000","price_type":"quantity_based","restrictions":false,"min":"0","max":"0","options":[],"id":1773233739},{"name":"ADUJ : Aposentado","type":"input_multiplier","position":2,"required":false,"title_format":"label","default":"","description_enable":false,"description":"","placeholder_enable":false,"placeholder":"","display":"select","restrictions_type":"any_text","adjust_price":true,"price":"70000","price_type":"quantity_based","restrictions":false,"min":"0","max":"0","options":[],"id":1773233740}],"yoast_head":"<!-- This site is optimized with the Yoast SEO Premium plugin v25.2 (Yoast SEO v25.2) - https:\/\/yoast.com\/wordpress\/plugins\/seo\/ -->\n<title>Isla Victoria y Bosque Arrayanes desde Bariloche - Rafting Adventure<\/title>\n<meta name=\"description\" content=\"Excursi\u00f3n a Isla Victoria y Bosque de Arrayanes sin traslado desde Bariloche. Navegaci\u00f3n y senderos \u00fanicos en plena Patagonia. \u00a1Reserv\u00e1 ahora!\" \/>\n<meta name=\"robots\" content=\"index, follow, max-snippet:-1, max-image-preview:large, max-video-preview:-1\" \/>\n<link rel=\"canonical\" href=\"https:\/\/raftingadventure.com\/pt\/product\/victoria-island-myrtle-forest-bariloche\/\" \/>\n<meta property=\"og:locale\" content=\"pt_BR\" \/>\n<meta property=\"og:type\" content=\"article\" \/>\n<meta property=\"og:title\" content=\"Navegaci\u00f3n por Nahuel Huapi: Isla Victoria y Bosque de Arrayanes sin traslado\" \/>\n<meta property=\"og:description\" content=\"Excursi\u00f3n a Isla Victoria y Bosque de Arrayanes sin traslado desde Bariloche. Navegaci\u00f3n y senderos \u00fanicos en plena Patagonia. \u00a1Reserv\u00e1 ahora!\" \/>\n<meta property=\"og:url\" content=\"https:\/\/raftingadventure.com\/pt\/product\/victoria-island-myrtle-forest-bariloche\/\" \/>\n<meta property=\"og:site_name\" content=\"Rafting Adventure\" \/>\n<meta property=\"article:modified_time\" content=\"2026-04-06T12:54:07+00:00\" \/>\n<meta property=\"og:image\" content=\"https:\/\/raftingadventure.com\/wp-content\/uploads\/sites\/4\/2025\/08\/9-B-489048470_1119847023506484_2989099910789193877_n.jpg\" \/>\n\t<meta property=\"og:image:width\" content=\"850\" \/>\n\t<meta property=\"og:image:height\" content=\"1133\" \/>\n\t<meta property=\"og:image:type\" content=\"image\/jpeg\" \/>\n<meta name=\"twitter:card\" content=\"summary_large_image\" \/>\n<meta name=\"twitter:label1\" content=\"Pre\u00e7o\" \/>\n\t<meta name=\"twitter:data1\" content=\"&#036;163,200.00\" \/>\n\t<meta name=\"twitter:label2\" content=\"Disponibilidade\" \/>\n\t<meta name=\"twitter:data2\" content=\"Em Estoque\" \/>\n<script type=\"application\/ld+json\" class=\"yoast-schema-graph\">{\"@context\":\"https:\/\/schema.org\",\"@graph\":[{\"@type\":\"WebPage\",\"@id\":\"https:\/\/raftingadventure.com\/product\/isla-victoria-bosque-arrayanes-bariloche\/\",\"url\":\"https:\/\/raftingadventure.com\/product\/isla-victoria-bosque-arrayanes-bariloche\/\",\"name\":\"Isla Victoria y Bosque Arrayanes desde Bariloche - Rafting Adventure\",\"isPartOf\":{\"@id\":\"https:\/\/raftingadventure.com\/#website\"},\"primaryImageOfPage\":{\"@id\":\"https:\/\/raftingadventure.com\/product\/isla-victoria-bosque-arrayanes-bariloche\/#primaryimage\"},\"image\":{\"@id\":\"https:\/\/raftingadventure.com\/product\/isla-victoria-bosque-arrayanes-bariloche\/#primaryimage\"},\"thumbnailUrl\":\"https:\/\/raftingadventure.com\/wp-content\/uploads\/sites\/4\/2025\/08\/9-B-489048470_1119847023506484_2989099910789193877_n.jpg\",\"datePublished\":\"2025-08-18T14:06:13+00:00\",\"dateModified\":\"2026-04-06T12:54:07+00:00\",\"description\":\"Excursi\u00f3n a Isla Victoria y Bosque de Arrayanes sin traslado desde Bariloche. Navegaci\u00f3n y senderos \u00fanicos en plena Patagonia. \u00a1Reserv\u00e1 ahora!\",\"breadcrumb\":{\"@id\":\"https:\/\/raftingadventure.com\/product\/isla-victoria-bosque-arrayanes-bariloche\/#breadcrumb\"},\"inLanguage\":\"pt-BR\",\"potentialAction\":[{\"@type\":\"ReadAction\",\"target\":[\"https:\/\/raftingadventure.com\/product\/isla-victoria-bosque-arrayanes-bariloche\/\"]}]},{\"@type\":\"ImageObject\",\"inLanguage\":\"pt-BR\",\"@id\":\"https:\/\/raftingadventure.com\/product\/isla-victoria-bosque-arrayanes-bariloche\/#primaryimage\",\"url\":\"https:\/\/raftingadventure.com\/wp-content\/uploads\/sites\/4\/2025\/08\/9-B-489048470_1119847023506484_2989099910789193877_n.jpg\",\"contentUrl\":\"https:\/\/raftingadventure.com\/wp-content\/uploads\/sites\/4\/2025\/08\/9-B-489048470_1119847023506484_2989099910789193877_n.jpg\",\"width\":850,\"height\":1133},{\"@type\":\"BreadcrumbList\",\"@id\":\"https:\/\/raftingadventure.com\/product\/isla-victoria-bosque-arrayanes-bariloche\/#breadcrumb\",\"itemListElement\":[{\"@type\":\"ListItem\",\"position\":1,\"name\":\"Inicio\",\"item\":\"https:\/\/raftingadventure.com\/\"},{\"@type\":\"ListItem\",\"position\":2,\"name\":\"Rafting Adventure desde 1993 pioneros en aventura.\",\"item\":\"https:\/\/raftingadventure.com\/shop\/\"},{\"@type\":\"ListItem\",\"position\":3,\"name\":\"Navegaci\u00f3n por Nahuel Huapi: Isla Victoria y Bosque de Arrayanes sin traslado\"}]},{\"@type\":\"WebSite\",\"@id\":\"https:\/\/raftingadventure.com\/#website\",\"url\":\"https:\/\/raftingadventure.com\/\",\"name\":\"Rafting Adventure\",\"description\":\"Desde 1993 lideres en Rafting\",\"publisher\":{\"@id\":\"https:\/\/raftingadventure.com\/#organization\"},\"potentialAction\":[{\"@type\":\"SearchAction\",\"target\":{\"@type\":\"EntryPoint\",\"urlTemplate\":\"https:\/\/raftingadventure.com\/?s={search_term_string}\"},\"query-input\":{\"@type\":\"PropertyValueSpecification\",\"valueRequired\":true,\"valueName\":\"search_term_string\"}}],\"inLanguage\":\"pt-BR\"},{\"@type\":\"Organization\",\"@id\":\"https:\/\/raftingadventure.com\/#organization\",\"name\":\"Rafting Adventure\",\"url\":\"https:\/\/raftingadventure.com\/\",\"logo\":{\"@type\":\"ImageObject\",\"inLanguage\":\"pt-BR\",\"@id\":\"https:\/\/raftingadventure.com\/#\/schema\/logo\/image\/\",\"url\":\"https:\/\/raftingadventure.com\/wp-content\/uploads\/sites\/4\/2025\/08\/512-x-512-rafting-adventure-out-color-1.svg\",\"contentUrl\":\"https:\/\/raftingadventure.com\/wp-content\/uploads\/sites\/4\/2025\/08\/512-x-512-rafting-adventure-out-color-1.svg\",\"width\":512,\"height\":512,\"caption\":\"Rafting Adventure\"},\"image\":{\"@id\":\"https:\/\/raftingadventure.com\/#\/schema\/logo\/image\/\"}}]}<\/script>\n<meta property=\"product:price:amount\" content=\"163200.00\" \/>\n<meta property=\"product:price:currency\" content=\"ARS\" \/>\n<meta property=\"og:availability\" content=\"instock\" \/>\n<meta property=\"product:availability\" content=\"instock\" \/>\n<meta property=\"product:retailer_item_id\" content=\"ADV2025ISVIYB4A10\" \/>\n<meta property=\"product:condition\" content=\"new\" \/>\n<!-- \/ Yoast SEO Premium plugin. -->","yoast_head_json":{"title":"Ilha Victoria e Bosque de Arrayanes desde Bariloche - Aventura de Rafting","description":"Excurs\u00e3o \u00e0 Ilha Victoria e ao Bosque de Arrayanes sem traslado de Bariloche. Navega\u00e7\u00e3o e trilhas \u00fanicas no cora\u00e7\u00e3o da Patag\u00f4nia - reserve agora!","robots":{"index":"index","follow":"follow","max-snippet":"max-snippet:-1","max-image-preview":"max-image-preview:large","max-video-preview":"max-video-preview:-1"},"canonical":"https:\/\/raftingadventure.com\/pt\/product\/victoria-island-myrtle-forest-bariloche\/","og_locale":"pt_BR","og_type":"article","og_title":"Navegaci\u00f3n por Nahuel Huapi: Isla Victoria y Bosque de Arrayanes sin traslado","og_description":"Excursi\u00f3n a Isla Victoria y Bosque de Arrayanes sin traslado desde Bariloche. Navegaci\u00f3n y senderos \u00fanicos en plena Patagonia. \u00a1Reserv\u00e1 ahora!","og_url":"https:\/\/raftingadventure.com\/pt\/product\/victoria-island-myrtle-forest-bariloche\/","og_site_name":"Rafting Adventure","article_modified_time":"2026-04-06T12:54:07+00:00","og_image":[{"width":850,"height":1133,"url":"https:\/\/raftingadventure.com\/wp-content\/uploads\/sites\/4\/2025\/08\/9-B-489048470_1119847023506484_2989099910789193877_n.jpg","type":"image\/jpeg"}],"twitter_card":"summary_large_image","twitter_misc":{"Pre\u00e7o":"&#36;163,200.00","Disponibilidade":"Em Estoque"},"schema":{"@context":"https:\/\/schema.org","@graph":[{"@type":"WebPage","@id":"https:\/\/raftingadventure.com\/product\/isla-victoria-bosque-arrayanes-bariloche\/","url":"https:\/\/raftingadventure.com\/product\/isla-victoria-bosque-arrayanes-bariloche\/","name":"Ilha Victoria e Bosque de Arrayanes desde Bariloche - Aventura de Rafting","isPartOf":{"@id":"https:\/\/raftingadventure.com\/#website"},"primaryImageOfPage":{"@id":"https:\/\/raftingadventure.com\/product\/isla-victoria-bosque-arrayanes-bariloche\/#primaryimage"},"image":{"@id":"https:\/\/raftingadventure.com\/product\/isla-victoria-bosque-arrayanes-bariloche\/#primaryimage"},"thumbnailUrl":"https:\/\/raftingadventure.com\/wp-content\/uploads\/sites\/4\/2025\/08\/9-B-489048470_1119847023506484_2989099910789193877_n.jpg","datePublished":"2025-08-18T14:06:13+00:00","dateModified":"2026-04-06T12:54:07+00:00","description":"Excurs\u00e3o \u00e0 Ilha Victoria e ao Bosque de Arrayanes sem traslado de Bariloche. Navega\u00e7\u00e3o e trilhas \u00fanicas no cora\u00e7\u00e3o da Patag\u00f4nia - reserve agora!","breadcrumb":{"@id":"https:\/\/raftingadventure.com\/product\/isla-victoria-bosque-arrayanes-bariloche\/#breadcrumb"},"inLanguage":"pt-BR","potentialAction":[{"@type":"ReadAction","target":["https:\/\/raftingadventure.com\/product\/isla-victoria-bosque-arrayanes-bariloche\/"]}]},{"@type":"ImageObject","inLanguage":"pt-BR","@id":"https:\/\/raftingadventure.com\/product\/isla-victoria-bosque-arrayanes-bariloche\/#primaryimage","url":"https:\/\/raftingadventure.com\/wp-content\/uploads\/sites\/4\/2025\/08\/9-B-489048470_1119847023506484_2989099910789193877_n.jpg","contentUrl":"https:\/\/raftingadventure.com\/wp-content\/uploads\/sites\/4\/2025\/08\/9-B-489048470_1119847023506484_2989099910789193877_n.jpg","width":850,"height":1133},{"@type":"BreadcrumbList","@id":"https:\/\/raftingadventure.com\/product\/isla-victoria-bosque-arrayanes-bariloche\/#breadcrumb","itemListElement":[{"@type":"ListItem","position":1,"name":"Inicio","item":"https:\/\/raftingadventure.com\/"},{"@type":"ListItem","position":2,"name":"Rafting Adventure desde 1993 pioneros en aventura.","item":"https:\/\/raftingadventure.com\/shop\/"},{"@type":"ListItem","position":3,"name":"Navegaci\u00f3n por Nahuel Huapi: Isla Victoria y Bosque de Arrayanes sin traslado"}]},{"@type":"WebSite","@id":"https:\/\/raftingadventure.com\/#website","url":"https:\/\/raftingadventure.com\/","name":"Aventura de Rafting","description":"L\u00edderes em Rafting desde 1993","publisher":{"@id":"https:\/\/raftingadventure.com\/#organization"},"potentialAction":[{"@type":"SearchAction","target":{"@type":"EntryPoint","urlTemplate":"https:\/\/raftingadventure.com\/?s={search_term_string}"},"query-input":{"@type":"PropertyValueSpecification","valueRequired":true,"valueName":"search_term_string"}}],"inLanguage":"pt-BR"},{"@type":"Organization","@id":"https:\/\/raftingadventure.com\/#organization","name":"Aventura de Rafting","url":"https:\/\/raftingadventure.com\/","logo":{"@type":"ImageObject","inLanguage":"pt-BR","@id":"https:\/\/raftingadventure.com\/#\/schema\/logo\/image\/","url":"https:\/\/raftingadventure.com\/wp-content\/uploads\/sites\/4\/2025\/08\/512-x-512-rafting-adventure-out-color-1.svg","contentUrl":"https:\/\/raftingadventure.com\/wp-content\/uploads\/sites\/4\/2025\/08\/512-x-512-rafting-adventure-out-color-1.svg","width":512,"height":512,"caption":"Rafting Adventure"},"image":{"@id":"https:\/\/raftingadventure.com\/#\/schema\/logo\/image\/"}}]},"product_price_amount":"163200.00","product_price_currency":"ARS","og_availability":"instock","product_availability":"instock","product_retailer_item_id":"ADV2025ISVIYB4A10","product_condition":"new"},"_links":{"self":[{"href":"https:\/\/raftingadventure.com\/pt\/wp-json\/wp\/v2\/product\/378045","targetHints":{"allow":["GET"]}}],"collection":[{"href":"https:\/\/raftingadventure.com\/pt\/wp-json\/wp\/v2\/product"}],"about":[{"href":"https:\/\/raftingadventure.com\/pt\/wp-json\/wp\/v2\/types\/product"}],"replies":[{"embeddable":true,"href":"https:\/\/raftingadventure.com\/pt\/wp-json\/wp\/v2\/comments?post=378045"}],"wp:featuredmedia":[{"embeddable":true,"href":"https:\/\/raftingadventure.com\/pt\/wp-json\/wp\/v2\/media\/378190"}],"wp:attachment":[{"href":"https:\/\/raftingadventure.com\/pt\/wp-json\/wp\/v2\/media?parent=378045"}],"wp:term":[{"taxonomy":"product_brand","embeddable":true,"href":"https:\/\/raftingadventure.com\/pt\/wp-json\/wp\/v2\/product_brand?post=378045"},{"taxonomy":"product_cat","embeddable":true,"href":"https:\/\/raftingadventure.com\/pt\/wp-json\/wp\/v2\/product_cat?post=378045"},{"taxonomy":"product_tag","embeddable":true,"href":"https:\/\/raftingadventure.com\/pt\/wp-json\/wp\/v2\/product_tag?post=378045"}],"curies":[{"name":"wp","href":"https:\/\/api.w.org\/{rel}","templated":true}]}}