{"id":378047,"date":"2025-08-18T11:07:00","date_gmt":"2025-08-18T14:07:00","guid":{"rendered":"https:\/\/raftingadventure.com\/product\/puerto-blest-y-cascada-los-cantaros-lago-frias-sin-traslado\/"},"modified":"2026-04-06T09:53:53","modified_gmt":"2026-04-06T12:53:53","slug":"puerto-blest-cascada-cantaros-lago-frias","status":"publish","type":"product","link":"https:\/\/raftingadventure.com\/pt\/product\/puerto-blest-cachoeira-cantaros-lago-frias\/","title":{"rendered":"Puerto Blest e Cachoeira \u201cLos Cantaros\u201d + Lago Frias sem traslado"},"content":{"rendered":"<h2 class=\"ai-optimize-22\">Deixe-se levar pela tranquilidade de Puerto Blest e da Cascada de los C\u00e1ntaros (cachoeira).<\/h2>\n<p class=\"ai-optimize-23 ai-optimize-introduction\">Sa\u00ed de <strong>Puerto Pa\u00f1uelo<\/strong>, localizado a apenas 25 km de <strong>San Carlos de Bariloche<\/strong>, e descubra o charme \u00fanico que lhe d\u00e1 o dom da <strong>Lago Nahuel Huapi<\/strong>. Durante a travessia, maravilhe-se com o <strong>Ilhota Sentinela<\/strong>, onde o lend\u00e1rio <strong>Perito Moreno<\/strong>, e caminhe por passarelas encantadoras at\u00e9 chegar ao impressionante <strong>Cachoeira Los C\u00e1ntaros<\/strong>, cercado por majestosas paredes de granito.<\/p>\n<h3 class=\"ai-optimize-24\">Explore a natureza e sinta a aventura<\/h3>\n<p class=\"ai-optimize-25\">Enquanto navega, satisfa\u00e7a seus sentidos com os cart\u00f5es postais de tirar o f\u00f4lego da <strong>Cordilheira dos Andes<\/strong> e ilhas da regi\u00e3o. Em <strong>Puerto Blest<\/strong>, Mergulhe na tranquilidade do <strong>Ba\u00eda<\/strong> e admirar o verde intenso do <strong>Lago Frias<\/strong>, colorido pelo gelo milenar do <strong>Serra do Tronador<\/strong>.<\/p>\n<h3 class=\"ai-optimize-26\">Experi\u00eancias memor\u00e1veis<\/h3>\n<ul>\n<li class=\"ai-optimize-27\"><strong>Caminhadas guiadas<\/strong> pela incr\u00edvel floresta tropical de Vald\u00edvia, um para\u00edso de natureza e vida selvagem.<\/li>\n<li class=\"ai-optimize-28\"><strong>Trilhas<\/strong> que s\u00e3o ajustados para diferentes n\u00edveis, para que voc\u00ea possa explorar em seu pr\u00f3prio ritmo e sem pressa.<\/li>\n<\/ul>\n<h2 class=\"ai-optimize-29\">Op\u00e7\u00f5es e servi\u00e7os para caminhadas<\/h2>\n<p class=\"ai-optimize-30\">O retorno ao <strong>Puerto Pa\u00f1uelo<\/strong> convida voc\u00ea a navegar pelo <strong>Bra\u00e7o aben\u00e7oado<\/strong>, enquanto o <strong>Serra do Tronador<\/strong> oferece um p\u00f4r do sol imperd\u00edvel. Se voc\u00ea escolher a extens\u00e3o para o <strong>Lago Frias<\/strong>, voc\u00ea far\u00e1 uma curta viagem de \u00f4nibus de 3 km at\u00e9 <strong>Porto Alegre<\/strong>, onde voc\u00ea segue em um moderno navio para desfrutar desse lago imperd\u00edvel.<\/p>\n<h3 class=\"ai-optimize-31\">Informa\u00e7\u00f5es importantes<\/h3>\n<ul>\n<li class=\"ai-optimize-32\"><strong>Hor\u00e1rio:<\/strong> Das 9:00 \u00e0s 17:00 horas.<\/li>\n<li class=\"ai-optimize-33\"><strong>Ele inclui:<\/strong> Passeio de barco guiado, caminhadas na floresta, navega\u00e7\u00e3o no Lago Frias.<\/li>\n<li class=\"ai-optimize-34\"><strong>N\u00e3o inclu\u00eddo:<\/strong> Transfer\u00eancia para <strong>Puerto Pa\u00f1uelo<\/strong>, alimenta\u00e7\u00e3o (paradors est\u00e3o dispon\u00edveis) e taxas de entrada no Parque Nacional.<\/li>\n<\/ul>\n<h2 class=\"ai-optimize-35\">Perguntas frequentes<\/h2>\n<ul>\n<li class=\"ai-optimize-36\"><strong>Onde posso pagar a taxa de entrada e de embarque no Parque Nacional?<\/strong><br \/>\nAmbas as tarifas s\u00e3o pagas diretamente no <strong>Puerto Pa\u00f1uelo<\/strong>, O pre\u00e7o \u00e9 em dinheiro e em pesos argentinos no dia do passeio. Os residentes dos seguintes pa\u00edses est\u00e3o isentos <strong>San Carlos de Bariloche<\/strong>, pessoas com defici\u00eancia, crian\u00e7as com menos de cinco anos de idade e aposentados.<\/li>\n<li class=\"ai-optimize-37\"><strong>O benef\u00edcio para aposentados \u00e9 apenas para argentinos?<\/strong><br \/>\nIsso mesmo, a tarifa reduzida \u00e9 apenas para aposentados argentinos, que devem apresentar sua carteira de identidade ao embarcar.<\/li>\n<li class=\"ai-optimize-38\"><strong>Qual \u00e9 a dura\u00e7\u00e3o das caminhadas?<\/strong><br \/>\nAs rotas em <strong>Puerto Blest<\/strong> t\u00eam diferentes n\u00edveis de requisitos. A visita ao <strong>Cachoeira Los C\u00e1ntaros<\/strong> tem cerca de 700 degraus, mirantes e paradas que s\u00e3o perfeitos para recuperar o f\u00f4lego e continuar a aproveitar a caminhada sem pressa.<\/li>\n<\/ul>\n<p>&nbsp;<\/p>","protected":false},"excerpt":{"rendered":"<h2 class=\"ai-optimize-6\"><\/h2>\n<p class=\"ai-optimize-22\">Tour de Puerto Blest e Cachoeira Los C\u00e1ntaros<\/p>\n<p class=\"ai-optimize-7\">Comece sua jornada a partir de <strong>Puerto Pa\u00f1uelo<\/strong> desfrutando de uma excurs\u00e3o inesquec\u00edvel ao <strong>Cachoeira Los C\u00e1ntaros<\/strong>, navegando nas \u00e1guas calmas do <strong>Lago Nahuel Huapi<\/strong>. Maravilhe-se com o misterioso <strong>Lago Frias<\/strong> e explorar os caminhos de <strong>Floresta Valdiviana<\/strong> ao p\u00e9 do espetacular <strong>Cordilheira dos Andes<\/strong>.<\/p>","protected":false},"featured_media":378187,"comment_status":"open","ping_status":"closed","template":"","meta":[],"product_brand":[],"product_cat":[52,57,60,61,63,68,69,72],"product_tag":[],"class_list":{"0":"post-378047","1":"product","2":"type-product","3":"status-publish","4":"has-post-thumbnail","6":"product_cat-adultos","7":"product_cat-familia","8":"product_cat-jubilados","9":"product_cat-lacustre","10":"product_cat-ninos","11":"product_cat-sin-comida","12":"product_cat-sin-traslado","13":"product_cat-todo-el-ano","15":"first","16":"instock","17":"virtual","18":"sold-individually","19":"purchasable","20":"product-type-booking"},"booking_location":"","booking_location_type":"","booking_duration":60,"booking_duration_unit":"minute","booking_buffer":0,"booking_cost":0,"booking_resources":[],"exclude_global_add_ons":false,"addons":[{"name":"ADU: Adulto","type":"input_multiplier","position":0,"required":false,"title_format":"label","default":"","description_enable":false,"description":"","placeholder_enable":false,"placeholder":"","display":"select","restrictions_type":"any_text","adjust_price":true,"price":"190000","price_type":"quantity_based","restrictions":false,"min":"0","max":"0","options":[],"id":1773233364},{"name":"MEN512 | 5 a 12","type":"input_multiplier","position":1,"required":false,"title_format":"label","default":"","description_enable":false,"description":"","placeholder_enable":false,"placeholder":"","display":"select","restrictions_type":"any_text","adjust_price":true,"price":"97000","price_type":"quantity_based","restrictions":false,"min":"0","max":"0","options":[],"id":1773233365},{"name":"ADUJ : Aposentado","type":"input_multiplier","position":2,"required":false,"title_format":"label","default":"","description_enable":false,"description":"","placeholder_enable":false,"placeholder":"","display":"select","restrictions_type":"any_text","adjust_price":true,"price":"97000","price_type":"quantity_based","restrictions":false,"min":"0","max":"0","options":[],"id":1773233366}],"yoast_head":"<!-- This site is optimized with the Yoast SEO Premium plugin v25.2 (Yoast SEO v25.2) - https:\/\/yoast.com\/wordpress\/plugins\/seo\/ -->\n<title>Puerto Blest, Cascada Los C\u00e1ntaros y Lago Fr\u00edas - Rafting Adventure<\/title>\n<meta name=\"description\" content=\"Excursi\u00f3n a Puerto Blest, Cascada Los C\u00e1ntaros y Lago Fr\u00edas sin traslado. Navegaci\u00f3n y paisajes \u00fanicos desde Bariloche. \u00a1Reserva tu lugar hoy!\" \/>\n<meta name=\"robots\" content=\"index, follow, max-snippet:-1, max-image-preview:large, max-video-preview:-1\" \/>\n<link rel=\"canonical\" href=\"https:\/\/raftingadventure.com\/pt\/product\/puerto-blest-cachoeira-cantaros-lago-frias\/\" \/>\n<meta property=\"og:locale\" content=\"pt_BR\" \/>\n<meta property=\"og:type\" content=\"article\" \/>\n<meta property=\"og:title\" content=\"Puerto Blest y Cascada \u201cLos Cantaros\u201d + Lago Frias sin Traslado\" \/>\n<meta property=\"og:description\" content=\"Excursi\u00f3n a Puerto Blest, Cascada Los C\u00e1ntaros y Lago Fr\u00edas sin traslado. Navegaci\u00f3n y paisajes \u00fanicos desde Bariloche. \u00a1Reserva tu lugar hoy!\" \/>\n<meta property=\"og:url\" content=\"https:\/\/raftingadventure.com\/pt\/product\/puerto-blest-cachoeira-cantaros-lago-frias\/\" \/>\n<meta property=\"og:site_name\" content=\"Rafting Adventure\" \/>\n<meta property=\"article:modified_time\" content=\"2026-04-06T12:53:53+00:00\" \/>\n<meta property=\"og:image\" content=\"https:\/\/raftingadventure.com\/wp-content\/uploads\/sites\/4\/2025\/08\/9-D-489420160_1343774833574760_6698911191477701960_n.jpg\" \/>\n\t<meta property=\"og:image:width\" content=\"850\" \/>\n\t<meta property=\"og:image:height\" content=\"1133\" \/>\n\t<meta property=\"og:image:type\" content=\"image\/jpeg\" \/>\n<meta name=\"twitter:card\" content=\"summary_large_image\" \/>\n<meta name=\"twitter:label1\" content=\"Pre\u00e7o\" \/>\n\t<meta name=\"twitter:data1\" content=\"&#036;190,000.00\" \/>\n\t<meta name=\"twitter:label2\" content=\"Disponibilidade\" \/>\n\t<meta name=\"twitter:data2\" content=\"Em Estoque\" \/>\n<script type=\"application\/ld+json\" class=\"yoast-schema-graph\">{\"@context\":\"https:\/\/schema.org\",\"@graph\":[{\"@type\":\"WebPage\",\"@id\":\"https:\/\/raftingadventure.com\/product\/puerto-blest-cascada-cantaros-lago-frias\/\",\"url\":\"https:\/\/raftingadventure.com\/product\/puerto-blest-cascada-cantaros-lago-frias\/\",\"name\":\"Puerto Blest, Cascada Los C\u00e1ntaros y Lago Fr\u00edas - Rafting Adventure\",\"isPartOf\":{\"@id\":\"https:\/\/raftingadventure.com\/#website\"},\"primaryImageOfPage\":{\"@id\":\"https:\/\/raftingadventure.com\/product\/puerto-blest-cascada-cantaros-lago-frias\/#primaryimage\"},\"image\":{\"@id\":\"https:\/\/raftingadventure.com\/product\/puerto-blest-cascada-cantaros-lago-frias\/#primaryimage\"},\"thumbnailUrl\":\"https:\/\/raftingadventure.com\/wp-content\/uploads\/sites\/4\/2025\/08\/9-D-489420160_1343774833574760_6698911191477701960_n.jpg\",\"datePublished\":\"2025-08-18T14:07:00+00:00\",\"dateModified\":\"2026-04-06T12:53:53+00:00\",\"description\":\"Excursi\u00f3n a Puerto Blest, Cascada Los C\u00e1ntaros y Lago Fr\u00edas sin traslado. Navegaci\u00f3n y paisajes \u00fanicos desde Bariloche. \u00a1Reserva tu lugar hoy!\",\"breadcrumb\":{\"@id\":\"https:\/\/raftingadventure.com\/product\/puerto-blest-cascada-cantaros-lago-frias\/#breadcrumb\"},\"inLanguage\":\"pt-BR\",\"potentialAction\":[{\"@type\":\"ReadAction\",\"target\":[\"https:\/\/raftingadventure.com\/product\/puerto-blest-cascada-cantaros-lago-frias\/\"]}]},{\"@type\":\"ImageObject\",\"inLanguage\":\"pt-BR\",\"@id\":\"https:\/\/raftingadventure.com\/product\/puerto-blest-cascada-cantaros-lago-frias\/#primaryimage\",\"url\":\"https:\/\/raftingadventure.com\/wp-content\/uploads\/sites\/4\/2025\/08\/9-D-489420160_1343774833574760_6698911191477701960_n.jpg\",\"contentUrl\":\"https:\/\/raftingadventure.com\/wp-content\/uploads\/sites\/4\/2025\/08\/9-D-489420160_1343774833574760_6698911191477701960_n.jpg\",\"width\":850,\"height\":1133},{\"@type\":\"BreadcrumbList\",\"@id\":\"https:\/\/raftingadventure.com\/product\/puerto-blest-cascada-cantaros-lago-frias\/#breadcrumb\",\"itemListElement\":[{\"@type\":\"ListItem\",\"position\":1,\"name\":\"Inicio\",\"item\":\"https:\/\/raftingadventure.com\/\"},{\"@type\":\"ListItem\",\"position\":2,\"name\":\"Rafting Adventure desde 1993 pioneros en aventura.\",\"item\":\"https:\/\/raftingadventure.com\/shop\/\"},{\"@type\":\"ListItem\",\"position\":3,\"name\":\"Puerto Blest y Cascada \u201cLos Cantaros\u201d + Lago Frias sin Traslado\"}]},{\"@type\":\"WebSite\",\"@id\":\"https:\/\/raftingadventure.com\/#website\",\"url\":\"https:\/\/raftingadventure.com\/\",\"name\":\"Rafting Adventure\",\"description\":\"Desde 1993 lideres en Rafting\",\"publisher\":{\"@id\":\"https:\/\/raftingadventure.com\/#organization\"},\"potentialAction\":[{\"@type\":\"SearchAction\",\"target\":{\"@type\":\"EntryPoint\",\"urlTemplate\":\"https:\/\/raftingadventure.com\/?s={search_term_string}\"},\"query-input\":{\"@type\":\"PropertyValueSpecification\",\"valueRequired\":true,\"valueName\":\"search_term_string\"}}],\"inLanguage\":\"pt-BR\"},{\"@type\":\"Organization\",\"@id\":\"https:\/\/raftingadventure.com\/#organization\",\"name\":\"Rafting Adventure\",\"url\":\"https:\/\/raftingadventure.com\/\",\"logo\":{\"@type\":\"ImageObject\",\"inLanguage\":\"pt-BR\",\"@id\":\"https:\/\/raftingadventure.com\/#\/schema\/logo\/image\/\",\"url\":\"https:\/\/raftingadventure.com\/wp-content\/uploads\/sites\/4\/2025\/08\/512-x-512-rafting-adventure-out-color-1.svg\",\"contentUrl\":\"https:\/\/raftingadventure.com\/wp-content\/uploads\/sites\/4\/2025\/08\/512-x-512-rafting-adventure-out-color-1.svg\",\"width\":512,\"height\":512,\"caption\":\"Rafting Adventure\"},\"image\":{\"@id\":\"https:\/\/raftingadventure.com\/#\/schema\/logo\/image\/\"}}]}<\/script>\n<meta property=\"product:price:amount\" content=\"190000.00\" \/>\n<meta property=\"product:price:currency\" content=\"ARS\" \/>\n<meta property=\"og:availability\" content=\"instock\" \/>\n<meta property=\"product:availability\" content=\"instock\" \/>\n<meta property=\"product:retailer_item_id\" content=\"ADV2025PUBLYC33V7\" \/>\n<meta property=\"product:condition\" content=\"new\" \/>\n<!-- \/ Yoast SEO Premium plugin. -->","yoast_head_json":{"title":"Puerto Blest, Cachoeira Los C\u00e1ntaros e Lago Frias - Aventura de Rafting","description":"Excurs\u00e3o a Puerto Blest, Cachoeira Los C\u00e1ntaros e Lago Fr\u00edas sem traslado. Navega\u00e7\u00e3o e paisagens exclusivas de Bariloche - reserve seu lugar hoje mesmo!","robots":{"index":"index","follow":"follow","max-snippet":"max-snippet:-1","max-image-preview":"max-image-preview:large","max-video-preview":"max-video-preview:-1"},"canonical":"https:\/\/raftingadventure.com\/pt\/product\/puerto-blest-cachoeira-cantaros-lago-frias\/","og_locale":"pt_BR","og_type":"article","og_title":"Puerto Blest y Cascada \u201cLos Cantaros\u201d + Lago Frias sin Traslado","og_description":"Excursi\u00f3n a Puerto Blest, Cascada Los C\u00e1ntaros y Lago Fr\u00edas sin traslado. Navegaci\u00f3n y paisajes \u00fanicos desde Bariloche. \u00a1Reserva tu lugar hoy!","og_url":"https:\/\/raftingadventure.com\/pt\/product\/puerto-blest-cachoeira-cantaros-lago-frias\/","og_site_name":"Rafting Adventure","article_modified_time":"2026-04-06T12:53:53+00:00","og_image":[{"width":850,"height":1133,"url":"https:\/\/raftingadventure.com\/wp-content\/uploads\/sites\/4\/2025\/08\/9-D-489420160_1343774833574760_6698911191477701960_n.jpg","type":"image\/jpeg"}],"twitter_card":"summary_large_image","twitter_misc":{"Pre\u00e7o":"&#36;190,000.00","Disponibilidade":"Em Estoque"},"schema":{"@context":"https:\/\/schema.org","@graph":[{"@type":"WebPage","@id":"https:\/\/raftingadventure.com\/product\/puerto-blest-cascada-cantaros-lago-frias\/","url":"https:\/\/raftingadventure.com\/product\/puerto-blest-cascada-cantaros-lago-frias\/","name":"Puerto Blest, Cachoeira Los C\u00e1ntaros e Lago Frias - Aventura de Rafting","isPartOf":{"@id":"https:\/\/raftingadventure.com\/#website"},"primaryImageOfPage":{"@id":"https:\/\/raftingadventure.com\/product\/puerto-blest-cascada-cantaros-lago-frias\/#primaryimage"},"image":{"@id":"https:\/\/raftingadventure.com\/product\/puerto-blest-cascada-cantaros-lago-frias\/#primaryimage"},"thumbnailUrl":"https:\/\/raftingadventure.com\/wp-content\/uploads\/sites\/4\/2025\/08\/9-D-489420160_1343774833574760_6698911191477701960_n.jpg","datePublished":"2025-08-18T14:07:00+00:00","dateModified":"2026-04-06T12:53:53+00:00","description":"Excurs\u00e3o a Puerto Blest, Cachoeira Los C\u00e1ntaros e Lago Fr\u00edas sem traslado. Navega\u00e7\u00e3o e paisagens exclusivas de Bariloche - reserve seu lugar hoje mesmo!","breadcrumb":{"@id":"https:\/\/raftingadventure.com\/product\/puerto-blest-cascada-cantaros-lago-frias\/#breadcrumb"},"inLanguage":"pt-BR","potentialAction":[{"@type":"ReadAction","target":["https:\/\/raftingadventure.com\/product\/puerto-blest-cascada-cantaros-lago-frias\/"]}]},{"@type":"ImageObject","inLanguage":"pt-BR","@id":"https:\/\/raftingadventure.com\/product\/puerto-blest-cascada-cantaros-lago-frias\/#primaryimage","url":"https:\/\/raftingadventure.com\/wp-content\/uploads\/sites\/4\/2025\/08\/9-D-489420160_1343774833574760_6698911191477701960_n.jpg","contentUrl":"https:\/\/raftingadventure.com\/wp-content\/uploads\/sites\/4\/2025\/08\/9-D-489420160_1343774833574760_6698911191477701960_n.jpg","width":850,"height":1133},{"@type":"BreadcrumbList","@id":"https:\/\/raftingadventure.com\/product\/puerto-blest-cascada-cantaros-lago-frias\/#breadcrumb","itemListElement":[{"@type":"ListItem","position":1,"name":"Inicio","item":"https:\/\/raftingadventure.com\/"},{"@type":"ListItem","position":2,"name":"Rafting Adventure desde 1993 pioneros en aventura.","item":"https:\/\/raftingadventure.com\/shop\/"},{"@type":"ListItem","position":3,"name":"Puerto Blest y Cascada \u201cLos Cantaros\u201d + Lago Frias sin Traslado"}]},{"@type":"WebSite","@id":"https:\/\/raftingadventure.com\/#website","url":"https:\/\/raftingadventure.com\/","name":"Aventura de Rafting","description":"L\u00edderes em Rafting desde 1993","publisher":{"@id":"https:\/\/raftingadventure.com\/#organization"},"potentialAction":[{"@type":"SearchAction","target":{"@type":"EntryPoint","urlTemplate":"https:\/\/raftingadventure.com\/?s={search_term_string}"},"query-input":{"@type":"PropertyValueSpecification","valueRequired":true,"valueName":"search_term_string"}}],"inLanguage":"pt-BR"},{"@type":"Organization","@id":"https:\/\/raftingadventure.com\/#organization","name":"Aventura de Rafting","url":"https:\/\/raftingadventure.com\/","logo":{"@type":"ImageObject","inLanguage":"pt-BR","@id":"https:\/\/raftingadventure.com\/#\/schema\/logo\/image\/","url":"https:\/\/raftingadventure.com\/wp-content\/uploads\/sites\/4\/2025\/08\/512-x-512-rafting-adventure-out-color-1.svg","contentUrl":"https:\/\/raftingadventure.com\/wp-content\/uploads\/sites\/4\/2025\/08\/512-x-512-rafting-adventure-out-color-1.svg","width":512,"height":512,"caption":"Rafting Adventure"},"image":{"@id":"https:\/\/raftingadventure.com\/#\/schema\/logo\/image\/"}}]},"product_price_amount":"190000.00","product_price_currency":"ARS","og_availability":"instock","product_availability":"instock","product_retailer_item_id":"ADV2025PUBLYC33V7","product_condition":"new"},"_links":{"self":[{"href":"https:\/\/raftingadventure.com\/pt\/wp-json\/wp\/v2\/product\/378047","targetHints":{"allow":["GET"]}}],"collection":[{"href":"https:\/\/raftingadventure.com\/pt\/wp-json\/wp\/v2\/product"}],"about":[{"href":"https:\/\/raftingadventure.com\/pt\/wp-json\/wp\/v2\/types\/product"}],"replies":[{"embeddable":true,"href":"https:\/\/raftingadventure.com\/pt\/wp-json\/wp\/v2\/comments?post=378047"}],"wp:featuredmedia":[{"embeddable":true,"href":"https:\/\/raftingadventure.com\/pt\/wp-json\/wp\/v2\/media\/378187"}],"wp:attachment":[{"href":"https:\/\/raftingadventure.com\/pt\/wp-json\/wp\/v2\/media?parent=378047"}],"wp:term":[{"taxonomy":"product_brand","embeddable":true,"href":"https:\/\/raftingadventure.com\/pt\/wp-json\/wp\/v2\/product_brand?post=378047"},{"taxonomy":"product_cat","embeddable":true,"href":"https:\/\/raftingadventure.com\/pt\/wp-json\/wp\/v2\/product_cat?post=378047"},{"taxonomy":"product_tag","embeddable":true,"href":"https:\/\/raftingadventure.com\/pt\/wp-json\/wp\/v2\/product_tag?post=378047"}],"curies":[{"name":"wp","href":"https:\/\/api.w.org\/{rel}","templated":true}]}}