{"id":378937,"date":"2026-01-28T14:19:42","date_gmt":"2026-01-28T17:19:42","guid":{"rendered":"https:\/\/raftingadventure.com\/?post_type=product&#038;p=378937"},"modified":"2026-03-31T12:16:05","modified_gmt":"2026-03-31T15:16:05","slug":"buceo-bautismo-en-bariloche","status":"publish","type":"product","link":"https:\/\/raftingadventure.com\/pt\/product\/batismo-de-mergulho-em-bariloche\/","title":{"rendered":"Descubra o mergulho em Bariloche"},"content":{"rendered":"<h2 class=\"ai-optimize-22\">Mergulhe no Lago Moreno e viva uma experi\u00eancia diferente, repleta de natureza e descobertas.<\/h2>\n<p class=\"ai-optimize-63 ai-optimize-introduction\" data-start=\"812\" data-end=\"1130\">O <em data-start=\"815\" data-end=\"844\">Descubra o mergulho em Bariloche<\/em> convida-o a descobrir um novo mundo sob as \u00e1guas da Patag\u00f4nia.<br data-start=\"913\" data-end=\"916\" \/>Acompanhado por nossos instrutores certificados, voc\u00ea far\u00e1 seu primeiro mergulho no Lago Moreno, cercado por montanhas, florestas e um ambiente natural que transmite calma e energia ao mesmo tempo.<\/p>\n<p class=\"ai-optimize-64\" data-start=\"1132\" data-end=\"1414\">Durante duas horas - incluindo 20 a 30 minutos de mergulho real - voc\u00ea ter\u00e1 a sensa\u00e7\u00e3o de flutuar debaixo d'\u00e1gua e ver\u00e1 a luz se filtrar pelos troncos e rochas no fundo.<br data-start=\"1322\" data-end=\"1325\" \/>Uma experi\u00eancia curta, intensa e perfeita para acrescentar ao seu dia de aventura em Bariloche.<\/p>\n<h3 class=\"ai-optimize-65\" data-start=\"1421\" data-end=\"1463\"><strong data-start=\"1428\" data-end=\"1463\">Por que escolher essa experi\u00eancia<\/strong><\/h3>\n<ul data-start=\"1465\" data-end=\"1800\">\n<li class=\"ai-optimize-66\" data-start=\"1465\" data-end=\"1533\">\n<p class=\"ai-optimize-67\" data-start=\"1467\" data-end=\"1533\">Ideal para aqueles que querem experimentar algo diferente na natureza.<\/p>\n<\/li>\n<li class=\"ai-optimize-68\" data-start=\"1534\" data-end=\"1592\">\n<p class=\"ai-optimize-69\" data-start=\"1536\" data-end=\"1592\">Instrutores certificados e equipamento completo inclu\u00eddos.<\/p>\n<\/li>\n<li class=\"ai-optimize-70\" data-start=\"1593\" data-end=\"1668\">\n<p class=\"ai-optimize-71\" data-start=\"1595\" data-end=\"1668\">Essa atividade \u00e9 adequada para iniciantes, sem necessidade de experi\u00eancia pr\u00e9via.<\/p>\n<\/li>\n<li class=\"ai-optimize-72\" data-start=\"1669\" data-end=\"1754\">\n<p class=\"ai-optimize-73\" data-start=\"1671\" data-end=\"1754\">Cen\u00e1rio natural espetacular: Lago Moreno, no cora\u00e7\u00e3o da Patag\u00f4nia.<\/p>\n<\/li>\n<li class=\"ai-optimize-74\" data-start=\"1755\" data-end=\"1800\">\n<p class=\"ai-optimize-75\" data-start=\"1757\" data-end=\"1800\">Pode ser combinado com outras atividades ao ar livre.<\/p>\n<\/li>\n<\/ul>\n<h3 class=\"ai-optimize-76\" data-start=\"1807\" data-end=\"1834\"><strong data-start=\"1814\" data-end=\"1834\">Como ser\u00e1 seu dia<\/strong><\/h3>\n<p class=\"ai-optimize-77\" data-start=\"1836\" data-end=\"2080\">A viagem come\u00e7a no ponto de encontro combinado, do centro de Bariloche at\u00e9 o km 8 da Avenida Bustillo. L\u00e1, a equipe de <em data-start=\"1980\" data-end=\"1999\">Aventura de Rafting<\/em>, com todo o equipamento pronto e toda a energia para viver uma experi\u00eancia \u00fanica.<\/p>\n<p class=\"ai-optimize-78\" data-start=\"2082\" data-end=\"2331\">Primeiro, voc\u00ea far\u00e1 uma breve pr\u00e1tica de superf\u00edcie para se familiarizar com o equipamento e a respira\u00e7\u00e3o.<br data-start=\"2180\" data-end=\"2183\" \/>Depois, \u00e9 hora de mergulhar: o Lago Moreno lhe d\u00e1 as boas-vindas com sua clareza, seus reflexos e a tranquilidade absoluta da paisagem patag\u00f4nica.<\/p>\n<p class=\"ai-optimize-79\" data-start=\"2333\" data-end=\"2542\">Durante 20 a 30 minutos, voc\u00ea experimentar\u00e1 um mergulho inesquec\u00edvel, acompanhado o tempo todo por um instrutor.<br data-start=\"2441\" data-end=\"2444\" \/>A atividade completa dura cerca de duas horas e inclui traslado, equipamento e assist\u00eancia pessoal.<\/p>\n<h3 class=\"ai-optimize-80\" data-start=\"2549\" data-end=\"2580\"><strong data-start=\"2556\" data-end=\"2580\">Informa\u00e7\u00f5es pr\u00e1ticas<\/strong><\/h3>\n<ul data-start=\"2582\" data-end=\"3112\">\n<li class=\"ai-optimize-81\" data-start=\"2582\" data-end=\"2658\">\n<p class=\"ai-optimize-82\" data-start=\"2584\" data-end=\"2658\"><strong data-start=\"2584\" data-end=\"2597\">Hor\u00e1rios:<\/strong> 11:00 \u00e0s 15:00 \/ 13:00 \u00e0s 17:00 (segunda, quarta e domingo).<\/p>\n<\/li>\n<li class=\"ai-optimize-83\" data-start=\"2659\" data-end=\"2716\">\n<p class=\"ai-optimize-84\" data-start=\"2661\" data-end=\"2716\"><strong data-start=\"2661\" data-end=\"2674\">Dura\u00e7\u00e3o:<\/strong> Aproximadamente 2 horas (20 a 30 minutos de imers\u00e3o).<\/p>\n<\/li>\n<li class=\"ai-optimize-85\" data-start=\"2717\" data-end=\"2744\">\n<p class=\"ai-optimize-86\" data-start=\"2719\" data-end=\"2744\"><strong data-start=\"2719\" data-end=\"2735\">Idade m\u00ednima:<\/strong> 8 anos.<\/p>\n<\/li>\n<li class=\"ai-optimize-87\" data-start=\"2745\" data-end=\"2832\">\n<p class=\"ai-optimize-88\" data-start=\"2747\" data-end=\"2832\"><strong data-start=\"2747\" data-end=\"2770\">Ponto de encontro:<\/strong> do centro de Bariloche at\u00e9 o km 8 da Av. Bustillo.<\/p>\n<\/li>\n<li class=\"ai-optimize-89\" data-start=\"2833\" data-end=\"2909\">\n<p class=\"ai-optimize-90\" data-start=\"2835\" data-end=\"2909\"><strong data-start=\"2835\" data-end=\"2847\">Ele inclui:<\/strong> instrutores certificados, equipamento completo e traslado.<\/p>\n<\/li>\n<li class=\"ai-optimize-91\" data-start=\"2910\" data-end=\"2948\">\n<p class=\"ai-optimize-92\" data-start=\"2912\" data-end=\"2948\"><strong data-start=\"2912\" data-end=\"2927\">N\u00e3o inclu\u00eddo:<\/strong> alimentos e bebidas.<\/p>\n<\/li>\n<li class=\"ai-optimize-93\" data-start=\"2949\" data-end=\"3027\">\n<p class=\"ai-optimize-94\" data-start=\"2951\" data-end=\"3027\"><strong data-start=\"2951\" data-end=\"2969\">Recomenda\u00e7\u00e3o:<\/strong> realizar a atividade pelo menos 12 horas antes do voo.<\/p>\n<\/li>\n<\/ul>\n<h3 class=\"ai-optimize-97\" data-start=\"3119\" data-end=\"3149\"><strong data-start=\"3125\" data-end=\"3149\">Perguntas frequentes<\/strong><\/h3>\n<p class=\"ai-optimize-98\" data-start=\"3151\" data-end=\"3265\"><strong data-start=\"3151\" data-end=\"3194\">\u00c9 necess\u00e1rio ter experi\u00eancia anterior?<\/strong><br data-start=\"3194\" data-end=\"3197\" \/>N\u00e3o, \u00e9 uma experi\u00eancia de mergulho introdut\u00f3ria guiada passo a passo.<\/p>\n<p class=\"ai-optimize-99\" data-start=\"3267\" data-end=\"3345\"><strong data-start=\"3267\" data-end=\"3288\">O que devo levar?<\/strong><br data-start=\"3288\" data-end=\"3291\" \/>Roupas confort\u00e1veis, traje de banho, toalha e casaco leve.<\/p>\n<p class=\"ai-optimize-100\" data-start=\"3347\" data-end=\"3433\"><strong data-start=\"3347\" data-end=\"3369\">Onde isso ocorre?<\/strong><br data-start=\"3369\" data-end=\"3372\" \/>No Lago Moreno, a poucos minutos do centro de Bariloche.<\/p>\n<p class=\"ai-optimize-101\" data-start=\"3435\" data-end=\"3543\"><strong data-start=\"3435\" data-end=\"3464\">\u00c9 uma atividade em grupo?<\/strong><br data-start=\"3464\" data-end=\"3467\" \/>Sim, \u00e9 feito em pequenos grupos para uma experi\u00eancia mais personalizada.<\/p>","protected":false},"excerpt":{"rendered":"<p class=\"ai-optimize-102\">Viva sua primeira experi\u00eancia de mergulho no Lago Moreno com o Rafting Adventure. Atividade ao ar livre para iniciantes, com equipamento completo e traslado inclu\u00eddos.<\/p>","protected":false},"featured_media":378938,"comment_status":"open","ping_status":"closed","template":"","meta":[],"product_brand":[],"product_cat":[52,54,56,57,63,68,73],"product_tag":[],"class_list":{"0":"post-378937","1":"product","2":"type-product","3":"status-publish","4":"has-post-thumbnail","6":"product_cat-adultos","7":"product_cat-aventura","8":"product_cat-con-traslado","9":"product_cat-familia","10":"product_cat-ninos","11":"product_cat-sin-comida","12":"product_cat-verano","14":"first","15":"instock","16":"virtual","17":"sold-individually","18":"purchasable","19":"product-type-booking"},"booking_location":"","booking_location_type":"","booking_duration":1,"booking_duration_unit":"hour","booking_buffer":0,"booking_cost":0,"booking_resources":[],"exclude_global_add_ons":false,"addons":[{"name":"STD: Passageiros","type":"input_multiplier","position":0,"required":false,"title_format":"label","default":"","description_enable":false,"description":"","placeholder_enable":false,"placeholder":"","display":"select","restrictions_type":"any_text","adjust_price":true,"price":"132000","price_type":"quantity_based","restrictions":false,"min":"0","max":"0","options":[],"id":1773231509}],"yoast_head":"<!-- This site is optimized with the Yoast SEO Premium plugin v25.2 (Yoast SEO v25.2) - https:\/\/yoast.com\/wordpress\/plugins\/seo\/ -->\n<title>Buceo Bautismo en Bariloche - Rafting Adventure<\/title>\n<meta name=\"description\" content=\"Descubr\u00ed el Lago Moreno desde otra perspectiva. Viv\u00ed tu primer buceo en Bariloche con Rafting Adventure, equipo completo e instructores certificados.\" \/>\n<meta name=\"robots\" content=\"index, follow, max-snippet:-1, max-image-preview:large, max-video-preview:-1\" \/>\n<link rel=\"canonical\" href=\"https:\/\/raftingadventure.com\/pt\/product\/batismo-de-mergulho-em-bariloche\/\" \/>\n<meta property=\"og:locale\" content=\"pt_BR\" \/>\n<meta property=\"og:type\" content=\"article\" \/>\n<meta property=\"og:title\" content=\"Buceo Bautismo en Bariloche\" \/>\n<meta property=\"og:description\" content=\"Descubr\u00ed el Lago Moreno desde otra perspectiva. Viv\u00ed tu primer buceo en Bariloche con Rafting Adventure, equipo completo e instructores certificados.\" \/>\n<meta property=\"og:url\" content=\"https:\/\/raftingadventure.com\/pt\/product\/batismo-de-mergulho-em-bariloche\/\" \/>\n<meta property=\"og:site_name\" content=\"Rafting Adventure\" \/>\n<meta property=\"article:modified_time\" content=\"2026-03-31T15:16:05+00:00\" \/>\n<meta property=\"og:image\" content=\"https:\/\/raftingadventure.com\/wp-content\/uploads\/sites\/4\/2026\/01\/tikiprincipal.jpeg\" \/>\n\t<meta property=\"og:image:width\" content=\"1120\" \/>\n\t<meta property=\"og:image:height\" content=\"1280\" \/>\n\t<meta property=\"og:image:type\" content=\"image\/jpeg\" \/>\n<meta name=\"twitter:card\" content=\"summary_large_image\" \/>\n<meta name=\"twitter:label1\" content=\"Pre\u00e7o\" \/>\n\t<meta name=\"twitter:data1\" content=\"&#036;132,000.00\" \/>\n\t<meta name=\"twitter:label2\" content=\"Disponibilidade\" \/>\n\t<meta name=\"twitter:data2\" content=\"Em Estoque\" \/>\n<script type=\"application\/ld+json\" class=\"yoast-schema-graph\">{\"@context\":\"https:\/\/schema.org\",\"@graph\":[{\"@type\":\"WebPage\",\"@id\":\"https:\/\/raftingadventure.com\/product\/buceo-bautismo-en-bariloche\/\",\"url\":\"https:\/\/raftingadventure.com\/product\/buceo-bautismo-en-bariloche\/\",\"name\":\"Buceo Bautismo en Bariloche - Rafting Adventure\",\"isPartOf\":{\"@id\":\"https:\/\/raftingadventure.com\/#website\"},\"primaryImageOfPage\":{\"@id\":\"https:\/\/raftingadventure.com\/product\/buceo-bautismo-en-bariloche\/#primaryimage\"},\"image\":{\"@id\":\"https:\/\/raftingadventure.com\/product\/buceo-bautismo-en-bariloche\/#primaryimage\"},\"thumbnailUrl\":\"https:\/\/raftingadventure.com\/wp-content\/uploads\/sites\/4\/2026\/01\/tikiprincipal.jpeg\",\"datePublished\":\"2026-01-28T17:19:42+00:00\",\"dateModified\":\"2026-03-31T15:16:05+00:00\",\"description\":\"Descubr\u00ed el Lago Moreno desde otra perspectiva. Viv\u00ed tu primer buceo en Bariloche con Rafting Adventure, equipo completo e instructores certificados.\",\"breadcrumb\":{\"@id\":\"https:\/\/raftingadventure.com\/product\/buceo-bautismo-en-bariloche\/#breadcrumb\"},\"inLanguage\":\"pt-BR\",\"potentialAction\":[{\"@type\":\"ReadAction\",\"target\":[\"https:\/\/raftingadventure.com\/product\/buceo-bautismo-en-bariloche\/\"]}]},{\"@type\":\"ImageObject\",\"inLanguage\":\"pt-BR\",\"@id\":\"https:\/\/raftingadventure.com\/product\/buceo-bautismo-en-bariloche\/#primaryimage\",\"url\":\"https:\/\/raftingadventure.com\/wp-content\/uploads\/sites\/4\/2026\/01\/tikiprincipal.jpeg\",\"contentUrl\":\"https:\/\/raftingadventure.com\/wp-content\/uploads\/sites\/4\/2026\/01\/tikiprincipal.jpeg\",\"width\":1120,\"height\":1280},{\"@type\":\"BreadcrumbList\",\"@id\":\"https:\/\/raftingadventure.com\/product\/buceo-bautismo-en-bariloche\/#breadcrumb\",\"itemListElement\":[{\"@type\":\"ListItem\",\"position\":1,\"name\":\"Inicio\",\"item\":\"https:\/\/raftingadventure.com\/\"},{\"@type\":\"ListItem\",\"position\":2,\"name\":\"Rafting Adventure desde 1993 pioneros en aventura.\",\"item\":\"https:\/\/raftingadventure.com\/shop\/\"},{\"@type\":\"ListItem\",\"position\":3,\"name\":\"Buceo Bautismo en Bariloche\"}]},{\"@type\":\"WebSite\",\"@id\":\"https:\/\/raftingadventure.com\/#website\",\"url\":\"https:\/\/raftingadventure.com\/\",\"name\":\"Rafting Adventure\",\"description\":\"Desde 1993 lideres en Rafting\",\"publisher\":{\"@id\":\"https:\/\/raftingadventure.com\/#organization\"},\"potentialAction\":[{\"@type\":\"SearchAction\",\"target\":{\"@type\":\"EntryPoint\",\"urlTemplate\":\"https:\/\/raftingadventure.com\/?s={search_term_string}\"},\"query-input\":{\"@type\":\"PropertyValueSpecification\",\"valueRequired\":true,\"valueName\":\"search_term_string\"}}],\"inLanguage\":\"pt-BR\"},{\"@type\":\"Organization\",\"@id\":\"https:\/\/raftingadventure.com\/#organization\",\"name\":\"Rafting Adventure\",\"url\":\"https:\/\/raftingadventure.com\/\",\"logo\":{\"@type\":\"ImageObject\",\"inLanguage\":\"pt-BR\",\"@id\":\"https:\/\/raftingadventure.com\/#\/schema\/logo\/image\/\",\"url\":\"https:\/\/raftingadventure.com\/wp-content\/uploads\/sites\/4\/2025\/08\/512-x-512-rafting-adventure-out-color-1.svg\",\"contentUrl\":\"https:\/\/raftingadventure.com\/wp-content\/uploads\/sites\/4\/2025\/08\/512-x-512-rafting-adventure-out-color-1.svg\",\"width\":512,\"height\":512,\"caption\":\"Rafting Adventure\"},\"image\":{\"@id\":\"https:\/\/raftingadventure.com\/#\/schema\/logo\/image\/\"}}]}<\/script>\n<meta property=\"product:price:amount\" content=\"132000.00\" \/>\n<meta property=\"product:price:currency\" content=\"ARS\" \/>\n<meta property=\"og:availability\" content=\"instock\" \/>\n<meta property=\"product:availability\" content=\"instock\" \/>\n<meta property=\"product:retailer_item_id\" content=\"ADV2026BABU9T4K\" \/>\n<meta property=\"product:condition\" content=\"new\" \/>\n<!-- \/ Yoast SEO Premium plugin. -->","yoast_head_json":{"title":"Descubra o mergulho em Bariloche - Aventura de Rafting","description":"Descubra o Lago Moreno de outra perspectiva. Experimente seu primeiro mergulho em Bariloche com a Rafting Adventure, com equipamento completo e instrutores certificados.","robots":{"index":"index","follow":"follow","max-snippet":"max-snippet:-1","max-image-preview":"max-image-preview:large","max-video-preview":"max-video-preview:-1"},"canonical":"https:\/\/raftingadventure.com\/pt\/product\/batismo-de-mergulho-em-bariloche\/","og_locale":"pt_BR","og_type":"article","og_title":"Buceo Bautismo en Bariloche","og_description":"Descubr\u00ed el Lago Moreno desde otra perspectiva. Viv\u00ed tu primer buceo en Bariloche con Rafting Adventure, equipo completo e instructores certificados.","og_url":"https:\/\/raftingadventure.com\/pt\/product\/batismo-de-mergulho-em-bariloche\/","og_site_name":"Rafting Adventure","article_modified_time":"2026-03-31T15:16:05+00:00","og_image":[{"width":1120,"height":1280,"url":"https:\/\/raftingadventure.com\/wp-content\/uploads\/sites\/4\/2026\/01\/tikiprincipal.jpeg","type":"image\/jpeg"}],"twitter_card":"summary_large_image","twitter_misc":{"Pre\u00e7o":"&#36;132,000.00","Disponibilidade":"Em Estoque"},"schema":{"@context":"https:\/\/schema.org","@graph":[{"@type":"WebPage","@id":"https:\/\/raftingadventure.com\/product\/buceo-bautismo-en-bariloche\/","url":"https:\/\/raftingadventure.com\/product\/buceo-bautismo-en-bariloche\/","name":"Descubra o mergulho em Bariloche - Aventura de Rafting","isPartOf":{"@id":"https:\/\/raftingadventure.com\/#website"},"primaryImageOfPage":{"@id":"https:\/\/raftingadventure.com\/product\/buceo-bautismo-en-bariloche\/#primaryimage"},"image":{"@id":"https:\/\/raftingadventure.com\/product\/buceo-bautismo-en-bariloche\/#primaryimage"},"thumbnailUrl":"https:\/\/raftingadventure.com\/wp-content\/uploads\/sites\/4\/2026\/01\/tikiprincipal.jpeg","datePublished":"2026-01-28T17:19:42+00:00","dateModified":"2026-03-31T15:16:05+00:00","description":"Descubra o Lago Moreno de outra perspectiva. Experimente seu primeiro mergulho em Bariloche com a Rafting Adventure, com equipamento completo e instrutores certificados.","breadcrumb":{"@id":"https:\/\/raftingadventure.com\/product\/buceo-bautismo-en-bariloche\/#breadcrumb"},"inLanguage":"pt-BR","potentialAction":[{"@type":"ReadAction","target":["https:\/\/raftingadventure.com\/product\/buceo-bautismo-en-bariloche\/"]}]},{"@type":"ImageObject","inLanguage":"pt-BR","@id":"https:\/\/raftingadventure.com\/product\/buceo-bautismo-en-bariloche\/#primaryimage","url":"https:\/\/raftingadventure.com\/wp-content\/uploads\/sites\/4\/2026\/01\/tikiprincipal.jpeg","contentUrl":"https:\/\/raftingadventure.com\/wp-content\/uploads\/sites\/4\/2026\/01\/tikiprincipal.jpeg","width":1120,"height":1280},{"@type":"BreadcrumbList","@id":"https:\/\/raftingadventure.com\/product\/buceo-bautismo-en-bariloche\/#breadcrumb","itemListElement":[{"@type":"ListItem","position":1,"name":"Inicio","item":"https:\/\/raftingadventure.com\/"},{"@type":"ListItem","position":2,"name":"Rafting Adventure desde 1993 pioneros en aventura.","item":"https:\/\/raftingadventure.com\/shop\/"},{"@type":"ListItem","position":3,"name":"Buceo Bautismo en Bariloche"}]},{"@type":"WebSite","@id":"https:\/\/raftingadventure.com\/#website","url":"https:\/\/raftingadventure.com\/","name":"Aventura de Rafting","description":"L\u00edderes em Rafting desde 1993","publisher":{"@id":"https:\/\/raftingadventure.com\/#organization"},"potentialAction":[{"@type":"SearchAction","target":{"@type":"EntryPoint","urlTemplate":"https:\/\/raftingadventure.com\/?s={search_term_string}"},"query-input":{"@type":"PropertyValueSpecification","valueRequired":true,"valueName":"search_term_string"}}],"inLanguage":"pt-BR"},{"@type":"Organization","@id":"https:\/\/raftingadventure.com\/#organization","name":"Aventura de Rafting","url":"https:\/\/raftingadventure.com\/","logo":{"@type":"ImageObject","inLanguage":"pt-BR","@id":"https:\/\/raftingadventure.com\/#\/schema\/logo\/image\/","url":"https:\/\/raftingadventure.com\/wp-content\/uploads\/sites\/4\/2025\/08\/512-x-512-rafting-adventure-out-color-1.svg","contentUrl":"https:\/\/raftingadventure.com\/wp-content\/uploads\/sites\/4\/2025\/08\/512-x-512-rafting-adventure-out-color-1.svg","width":512,"height":512,"caption":"Rafting Adventure"},"image":{"@id":"https:\/\/raftingadventure.com\/#\/schema\/logo\/image\/"}}]},"product_price_amount":"132000.00","product_price_currency":"ARS","og_availability":"instock","product_availability":"instock","product_retailer_item_id":"ADV2026BABU9T4K","product_condition":"new"},"_links":{"self":[{"href":"https:\/\/raftingadventure.com\/pt\/wp-json\/wp\/v2\/product\/378937","targetHints":{"allow":["GET"]}}],"collection":[{"href":"https:\/\/raftingadventure.com\/pt\/wp-json\/wp\/v2\/product"}],"about":[{"href":"https:\/\/raftingadventure.com\/pt\/wp-json\/wp\/v2\/types\/product"}],"replies":[{"embeddable":true,"href":"https:\/\/raftingadventure.com\/pt\/wp-json\/wp\/v2\/comments?post=378937"}],"wp:featuredmedia":[{"embeddable":true,"href":"https:\/\/raftingadventure.com\/pt\/wp-json\/wp\/v2\/media\/378938"}],"wp:attachment":[{"href":"https:\/\/raftingadventure.com\/pt\/wp-json\/wp\/v2\/media?parent=378937"}],"wp:term":[{"taxonomy":"product_brand","embeddable":true,"href":"https:\/\/raftingadventure.com\/pt\/wp-json\/wp\/v2\/product_brand?post=378937"},{"taxonomy":"product_cat","embeddable":true,"href":"https:\/\/raftingadventure.com\/pt\/wp-json\/wp\/v2\/product_cat?post=378937"},{"taxonomy":"product_tag","embeddable":true,"href":"https:\/\/raftingadventure.com\/pt\/wp-json\/wp\/v2\/product_tag?post=378937"}],"curies":[{"name":"wp","href":"https:\/\/api.w.org\/{rel}","templated":true}]}}